{"id":38523,"date":"2025-07-07T09:28:39","date_gmt":"2025-07-07T09:28:39","guid":{"rendered":"https:\/\/stage.jrfer.com\/product\/uwin-randm-tornado-beat-35k-35-000-fujas-zenevezerelt-tomeges-eldobhato-vape\/"},"modified":"2026-04-07T12:28:54","modified_gmt":"2026-04-07T12:28:54","slug":"uwin-randm-tornado-beat-35k","status":"publish","type":"product","link":"https:\/\/stage.jrfer.com\/hu\/termek\/uwin-randm-tornado-beat-35k\/","title":{"rendered":"Uwin Randm Tornado Beat 35K | 35 000 f\u00faj\u00e1s zenevez\u00e9relt t\u00f6meges eldobhat\u00f3 vape"},"content":{"rendered":"<h2>Mi\u00e9rt v\u00e1lassza az Uwin Randm Tornado Beat 35K-t?<\/h2>\n<ul>\n<li><strong>Nagy sz\u00edv\u00e1s:<\/strong> Ak\u00e1r 35 000 f\u00faj\u00e1s a hosszan tart\u00f3 \u00e9lvezet\u00e9rt \ud83d\udd25<\/li>\n<li><strong>Zen\u00e9vel szinkroniz\u00e1lt LED-l\u00e1mp\u00e1k:<\/strong> Adjon vid\u00e1ms\u00e1got \u00e9s st\u00edlust minden f\u00faj\u00e1shoz \ud83c\udfb5\u2728<\/li>\n<li><strong>Nikotinbe\u00e1ll\u00edt\u00e1sok:<\/strong> V\u00e1lasszon a 0%, 2%, 3% vagy 5% k\u00f6z\u00fcl, hogy megfeleljen ig\u00e9nyeinek \ud83d\udca8<\/li>\n<li><strong>1,0\u03a9 h\u00e1l\u00f3s tekercs:<\/strong> Sima \u00e9s egyenletes g\u0151z fokozott \u00edzzel \ud83d\ude0b<\/li>\n<li><strong>\u00dajrat\u00f6lthet\u0151 k\u00e9nyelem:<\/strong> Gyors Type-C t\u00f6lt\u00e9s nagy teljes\u00edtm\u00e9ny\u0171, 850 mAh-s akkumul\u00e1torral \u26a1<\/li>\n<li><strong>Hordozhat\u00f3 kialak\u00edt\u00e1s:<\/strong> K\u00f6nny\u0171 \u00e9s k\u00f6nnyen hordozhat\u00f3 \u00fatk\u00f6zben \ud83d\udc5c<\/li>\n<li><strong>Minden v\u00e1s\u00e1rl\u00f3 sz\u00e1m\u00e1ra t\u00f6k\u00e9letes:<\/strong> Kiv\u00e1l\u00f3 szem\u00e9lyes haszn\u00e1latra, vape boltokhoz \u00e9s t\u00f6meges terjeszt\u00e9shez \ud83c\udfea<\/li>\n<\/ul>\n<h3>M\u0171szaki adatok<\/h3>\n<tbody>\n<tr>\n<td><strong>Puff kapacit\u00e1s:<\/strong><\/td>\n<td>Ak\u00e1r 35 000 f\u00faj\u00e1s<\/td>\n<\/tr>\n<tr>\n<td><strong>Akkumul\u00e1tor:<\/strong><\/td>\n<td>600 mAh + 850 mAh (C t\u00edpus\u00fa \u00fajrat\u00f6lthet\u0151)<\/td>\n<\/tr>\n<tr>\n<td><strong>Tekercs t\u00edpusa:<\/strong><\/td>\n<td>1,0\u03a9 h\u00e1l\u00f3s tekercs<\/td>\n<\/tr>\n<tr>\n<td><strong>Nikotin opci\u00f3k:<\/strong><\/td>\n<td>0%, 2%, 3%, 5%<\/td>\n<\/tr>\n<tr>\n<td><strong>Kijelz\u0151:<\/strong><\/td>\n<td>Zen\u00e9vel szinkroniz\u00e1lt LED-l\u00e1mp\u00e1k<\/td>\n<\/tr>\n<tr>\n<td><strong>Tervez\u00e9s:<\/strong><\/td>\n<td>K\u00f6nny\u0171, hordozhat\u00f3, st\u00edlusos<\/td>\n<\/tr>\n<\/tbody>\n<\/table>\n<h3>\u00cdzv\u00e1laszt\u00e1s<\/h3>\n<p>Az Uwin Randm Tornado Beat 35K sz\u00e1mos \u00edzletes \u00e9s friss\u00edt\u0151 \u00edzben kaphat\u00f3, hogy minden \u00edzl\u00e9st kiel\u00e9g\u00edtsen:<\/p>\n<ul>\n<li><strong>\u00c1fonya M\u00e1lna:<\/strong> \u00c9des \u00e9s cs\u00edp\u0151s bogy\u00f3s du\u00f3 \ud83e\uded0\ud83c\udf53<\/li>\n<li><strong>Epres g\u00f6r\u00f6gdinnye:<\/strong> Zamatos ny\u00e1ri kever\u00e9k \ud83c\udf53\ud83c\udf49<\/li>\n<li><strong>\u00c1fonya J\u00e9gen:<\/strong> h\u0171v\u00f6s \u00e9s fagyos bogy\u00f3s \u00fct\u00e9s \u2744\ufe0f\ud83e\uded0<\/li>\n<li><strong>G\u00f6r\u00f6gdinnye j\u00e9g:<\/strong> Friss, h\u0171t\u00f6tt g\u00f6r\u00f6gdinnye \ud83c\udf49\u2744\ufe0f<\/li>\n<li><strong>Ny\u00e1ri barackj\u00e9g:<\/strong> \u00c9des \u0151szibarack jeges csavarral \ud83c\udf51\u2744\ufe0f<\/li>\n<li><strong>Cseresznye J\u00e9g:<\/strong> Friss\u00edt\u0151 cseresznye h\u0171v\u00f6s befejez\u00e9ssel \ud83c\udf52\u2744\ufe0f<\/li>\n<li><strong>Epres m\u00e1lna cseresznyej\u00e9g:<\/strong> Bogy\u00f3-robban\u00e1s vegyes jeges friss\u00edt\u0151vel \ud83c\udf53\ud83c\udf52\u2744\ufe0f<\/li>\n<li><strong>Kiwi Szenved\u00e9ly Gy\u00fcm\u00f6lcs Guj\u00e1vafa:<\/strong> Egzotikus tr\u00f3pusi vegyes \ud83e\udd5d\ud83e\udd6d<\/li>\n<li><strong>Eperj\u00e9g:<\/strong> \u00c9des eper fagyos sz\u00e9llel \ud83c\udf53\u2744\ufe0f<\/li>\n<li><strong>Cseresznye K\u00f3la:<\/strong> Klasszikus \u00fcd\u00edt\u0151s pezsg\u0151 cseresznyecsavarral \ud83e\udd64\ud83c\udf52<\/li>\n<li><strong>Kevert bogy\u00f3k:<\/strong> \u00c9des \u00e9s fanyar bogy\u00f3s gy\u00fcm\u00f6lcs\u00f6k \ud83c\udf53\ud83e\uded0<\/li>\n<li><strong>\u00dar K\u00e9k:<\/strong> Rejt\u00e9lyes bogy\u00f3kever\u00e9k a kalandos g\u0151z\u00f6kh\u00f6z \ud83c\udf0c<\/li>\n<\/ul>\n<h3>T\u00f6k\u00e9letes az er\u0151s felhaszn\u00e1l\u00f3k, az \u00edzek szerelmesei \u00e9s a nagykeresked\u00e9sek sz\u00e1m\u00e1ra<\/h3>\n<p>Az Uwin Randm Tornado Beat 35K azoknak k\u00e9sz\u00fclt, akik er\u0151re, \u00edzre \u00e9s st\u00edlusra v\u00e1gynak. Hatalmas puffad\u00e1si sz\u00e1m\u00e1val, szem\u00e9lyre szabhat\u00f3 nikotinszintj\u00e9vel \u00e9s LED-es partihangulat\u00e1val t\u00f6k\u00e9letes v\u00e1laszt\u00e1s a neh\u00e9z felhaszn\u00e1l\u00f3knak, az \u00edzek kedvel\u0151inek, a vape boltoknak \u00e9s a t\u00f6meges forgalmaz\u00f3knak. \ud83d\ude80<\/p>\n<h3>GYIK<\/h3>\n<ul>\n<li><strong>Mennyi ideig tart?<\/strong><br \/>\nAz ak\u00e1r 35 000 f\u00faj\u00e1ssal rendelkez\u0151 eszk\u00f6zt \u00fagy tervezt\u00e9k, hogy a haszn\u00e1latt\u00f3l f\u00fcgg\u0151en hetekig b\u00edrja.<\/li>\n<li><strong>T\u00f6lthetem?<\/strong><br \/>\nIgen! C t\u00edpus\u00fa gyorst\u00f6lt\u00e9ssel \u00e9s 850 mAh-s akkumul\u00e1torral rendelkezik a hossz\u00fa munkamenetek \u00e9rdek\u00e9ben.<\/li>\n<li><strong>Nikotinmentes opci\u00f3kat is tartalmaz?<\/strong><br \/>\nIgen, a nikotin er\u0151ss\u00e9gei k\u00f6z\u00e9 tartozik a 0%, 2%, 3% \u00e9s 5%.<\/li>\n<li><strong>Nagykereskedelmi terjeszt\u00e9sre alkalmas?<\/strong><br \/>\nAbszol\u00fat! A Tornado Beat 35K vil\u00e1gszerte a legkeresettebb vape boltok \u00e9s forgalmaz\u00f3k k\u00f6r\u00e9ben.<\/li>\n<\/ul>\n","protected":false},"excerpt":{"rendered":"<p> \u00c9lvezze az ak\u00e1r 35 000 f\u00faj\u00e1st az Uwin Randm Tornado Beat 35K-val! \ud83c\udfb6 A zen\u00e9vel szinkroniz\u00e1lt LED-l\u00e1mp\u00e1kkal, gazdag \u00edzekkel \u00e9s mesh tekercs technol\u00f3gi\u00e1val ez a t\u00f6k\u00e9letes eldobhat\u00f3 vape szem\u00e9lyes haszn\u00e1latra \u00e9s nagykereskedelmi v\u00e1s\u00e1rl\u00f3k sz\u00e1m\u00e1ra egyar\u00e1nt.<\/p>\n","protected":false},"featured_media":3885,"comment_status":"open","ping_status":"closed","template":"","meta":[],"product_brand":[],"product_cat":[380],"product_tag":[],"class_list":{"0":"post-38523","1":"product","2":"type-product","3":"status-publish","4":"has-post-thumbnail","6":"product_cat-uwin","8":"first","9":"instock","10":"shipping-taxable","11":"purchasable","12":"product-type-variable","13":"has-default-attributes"},"tiered_pricing_type":"fixed","tiered_pricing_fixed_rules":{"30":7.589999999999999857891452847979962825775146484375,"50":5.7400000000000002131628207280300557613372802734375,"100":5.12000000000000010658141036401502788066864013671875,"200":4.75,"400":4.32000000000000028421709430404007434844970703125},"tiered_pricing_product_settings":{"layout":"default","base_unit_name":{"singular":null,"plural":null},"default_variation":null},"tiered_pricing_minimum_quantity":10,"tiered_pricing_roles_data":[],"tiered_pricing_percentage_rules":[],"tiered_pricing_maximum_quantity":null,"tiered_pricing_quantity_step":"10","_links":{"self":[{"href":"https:\/\/stage.jrfer.com\/hu\/wp-json\/wp\/v2\/product\/38523","targetHints":{"allow":["GET"]}}],"collection":[{"href":"https:\/\/stage.jrfer.com\/hu\/wp-json\/wp\/v2\/product"}],"about":[{"href":"https:\/\/stage.jrfer.com\/hu\/wp-json\/wp\/v2\/types\/product"}],"replies":[{"embeddable":true,"href":"https:\/\/stage.jrfer.com\/hu\/wp-json\/wp\/v2\/comments?post=38523"}],"wp:featuredmedia":[{"embeddable":true,"href":"https:\/\/stage.jrfer.com\/hu\/wp-json\/wp\/v2\/media\/3885"}],"wp:attachment":[{"href":"https:\/\/stage.jrfer.com\/hu\/wp-json\/wp\/v2\/media?parent=38523"}],"wp:term":[{"taxonomy":"product_brand","embeddable":true,"href":"https:\/\/stage.jrfer.com\/hu\/wp-json\/wp\/v2\/product_brand?post=38523"},{"taxonomy":"product_cat","embeddable":true,"href":"https:\/\/stage.jrfer.com\/hu\/wp-json\/wp\/v2\/product_cat?post=38523"},{"taxonomy":"product_tag","embeddable":true,"href":"https:\/\/stage.jrfer.com\/hu\/wp-json\/wp\/v2\/product_tag?post=38523"}],"curies":[{"name":"wp","href":"https:\/\/api.w.org\/{rel}","templated":true}]}}