{"id":42576,"date":"2025-07-07T09:28:39","date_gmt":"2025-07-07T09:28:39","guid":{"rendered":"https:\/\/stage.jrfer.com\/product\/bang-king-85k-3-az-1-ben-85-000-puff-harom-izu-omlesztett-eldobhato-vape\/"},"modified":"2026-04-07T08:54:58","modified_gmt":"2026-04-07T08:54:58","slug":"bang-king-85k","status":"publish","type":"product","link":"https:\/\/stage.jrfer.com\/hu\/termek\/bang-king-85k\/","title":{"rendered":"Bang King 85K 3 az 1-ben | 85 000 puff h\u00e1rom \u00edz\u0171, \u00f6mlesztett eldobhat\u00f3 vape"},"content":{"rendered":"<h2>Mi\u00e9rt v\u00e1lassza a Bang King 85K 3 az 1-ben?<\/h2>\n<ul>\n<li><strong>85 000 bef\u00faj\u00e1s:<\/strong> \u00c9lvezze az ak\u00e1r 85 000 puffan\u00e1st a tiszta el\u00e9gedetts\u00e9gb\u0151l, amely t\u00f6k\u00e9letes hossz\u00fa t\u00e1v\u00fa g\u0151z\u00f6l\u0151knek \u00e9s er\u0151s felhaszn\u00e1l\u00f3knak \ud83d\udd25\ud83d\udca8<\/li>\n<li><strong>H\u00e1rmas \u00edzbe\u00e1ll\u00edt\u00e1s:<\/strong> V\u00e1ltson h\u00e1rom csod\u00e1latos \u00edz k\u00f6z\u00f6tt egy eszk\u00f6zben, hogy minden alkalommal egyedi \u00e9lm\u00e9nyben legyen r\u00e9sze \ud83c\udf53\ud83c\udf4d\ud83c\udf49<\/li>\n<li><strong>Triple mesh tekercs:<\/strong> 1,0 \u03a9-os tripla mesh tekercssel van felszerelve, amely rendk\u00edv\u00fcl sima \u00fct\u00e9seket \u00e9s fokozott \u00edzkiad\u00e1st biztos\u00edt \ud83d\udd25<\/li>\n<li><strong>B\u0151s\u00e9ges E-folyad\u00e9k-kapacit\u00e1s:<\/strong> A hatalmas, 63 ml-es e-folyad\u00e9k kapacit\u00e1s (21 ml x 3) kevesebb ut\u00e1nt\u00f6lt\u00e9st biztos\u00edt a megszak\u00edt\u00e1s n\u00e9lk\u00fcli g\u0151z\u00f6l\u00e9s \u00e9rdek\u00e9ben \u26fd<\/li>\n<li><strong>\u00dajrat\u00f6lthet\u0151 \u00e9s k\u00e9nyelmes:<\/strong> 600 mAh-s \u00fajrat\u00f6lthet\u0151 akkumul\u00e1torral, C t\u00edpus\u00fa t\u00f6lt\u00e9ssel a gyors bekapcsol\u00e1shoz \u26a1\ud83d\udd0b<\/li>\n<li><strong>LED-s kijelz\u0151:<\/strong> Legyen naprak\u00e9sz az eszk\u00f6z LED-k\u00e9perny\u0151j\u00e9n, amely megjelen\u00edti az akkumul\u00e1tor t\u00f6lt\u00f6tts\u00e9gi szintj\u00e9t \u00e9s az \u00edzek \u00e1llapot\u00e1t \ud83d\udcca\u2728<\/li>\n<li><strong>T\u00f6meges kiszerel\u00e9s:<\/strong> 10 db-os kiszerel\u00e9sben kaphat\u00f3, t\u00f6k\u00e9letes vape boltokhoz \u00e9s nagykereskedelmi forgalmaz\u00e1shoz \ud83d\udce6\ud83d\udcbc<\/li>\n<\/ul>\n<h3>M\u0171szaki adatok<\/h3>\n<tbody>\n<tr>\n<td><strong>Puffok sz\u00e1ma:<\/strong><\/td>\n<td>Ak\u00e1r 85 000 sz\u00edv\u00e1s<\/td>\n<\/tr>\n<tr>\n<td><strong>Nikotin er\u0151ss\u00e9ge:<\/strong><\/td>\n<td>0%, 2%, 3%, 5%<\/td>\n<\/tr>\n<tr>\n<td><strong>E-folyad\u00e9k kapacit\u00e1sa:<\/strong><\/td>\n<td>63 ml (21 ml \u00d7 3 \u00edz)<\/td>\n<\/tr>\n<tr>\n<td><strong>Tekercs t\u00edpusa:<\/strong><\/td>\n<td>Triple Mesh tekercs (1,0\u03a9)<\/td>\n<\/tr>\n<tr>\n<td><strong>Akkumul\u00e1torkapacit\u00e1s:<\/strong><\/td>\n<td>600 mAh \u00fajrat\u00f6lthet\u0151<\/td>\n<\/tr>\n<tr>\n<td><strong>T\u00f6lt\u00e9s:<\/strong><\/td>\n<td>C t\u00edpus\u00fa<\/td>\n<\/tr>\n<tr>\n<td><strong>Kijelz\u0151:<\/strong><\/td>\n<td>LED-k\u00e9perny\u0151<\/td>\n<\/tr>\n<tr>\n<td><strong>Csomagol\u00e1s:<\/strong><\/td>\n<td>10 db csomagonk\u00e9nt<\/td>\n<\/tr>\n<\/tbody>\n<\/table>\n<h3>\u00cdzgy\u0171jtem\u00e9ny<\/h3>\n<p>A 16 izgalmas h\u00e1rmas \u00edzkombin\u00e1ci\u00f3val minden egyes vape egyedi, vibr\u00e1l\u00f3 \u00e9lm\u00e9nyt ny\u00fajt. \u00cdme n\u00e9h\u00e1ny a legn\u00e9pszer\u0171bb lehet\u0151s\u00e9gek k\u00f6z\u00fcl:<\/p>\n<ul>\n<li><strong>G\u00f6r\u00f6gdinnye j\u00e9g &amp; Red Bull &amp; Strawberry Kiwi:<\/strong> Friss\u00edt\u0151 g\u00f6r\u00f6gdinnye \u00e9s h\u0171s j\u00e9g, egy csipetnyi energiz\u00e1l\u00f3 Red Bull \u00e9s \u00e9des eper kivivel \ud83c\udf49\ud83e\udd5d<\/li>\n<li><strong>Eper van\u00edlia k\u00f3la \u00e9s fekete s\u00e1rk\u00e1ny j\u00e9g \u00e9s \u0151szibarack j\u00e9g:<\/strong> kr\u00e9mes van\u00edlia k\u00f3la fekete s\u00e1rk\u00e1ny j\u00e9ggel \u00e9s l\u00e9d\u00fas barackkal \ud83c\udf53\ud83e\udd64<\/li>\n<li><strong>Blueberry Ice &amp; Lemon Lime &amp; Strawberry G\u00f6r\u00f6gdinnye:<\/strong> fanyar citrom lime, \u00e9des eper g\u00f6r\u00f6gdinnye \u00e9s jeges \u00e1fonya a t\u00f6k\u00e9letes egyens\u00faly \u00e9rdek\u00e9ben \ud83e\uded0\ud83c\udf53\ud83c\udf4b<\/li>\n<li><strong>Kiwi Passion Fruit Guava &amp; Lush Ice &amp; Straw Mango:<\/strong> Tr\u00f3pusi maracuja \u00e9s guava, friss\u00edt\u0151 jeges \u00fct\u00e9ssel p\u00e1ros\u00edtva \ud83e\udd5d\ud83c\udf53<\/li>\n<li><strong>Eper ban\u00e1n \u00e9s r\u00f3zsasz\u00edn limon\u00e1d\u00e9 \u00e9s m\u00e1lna g\u00f6r\u00f6gdinnye:<\/strong> eper ban\u00e1n \u00e9s friss\u00edt\u0151 r\u00f3zsasz\u00edn limon\u00e1d\u00e9 \u00e9des kombin\u00e1ci\u00f3ja \ud83c\udf53\ud83c\udf4c\ud83c\udf49<\/li>\n<li><strong>Blue Razz Ice &amp; Strawberry G\u00f6r\u00f6gdinnye \u00e9s G\u00f6r\u00f6gdinnye j\u00e9g:<\/strong> Az \u00e1fony\u00e1s razz mer\u00e9sz kever\u00e9ke l\u00e9d\u00fas g\u00f6r\u00f6gdinny\u00e9vel \u00e9s fagyos befejez\u00e9ssel \ud83c\udf47\ud83c\udf49\u2744\ufe0f<\/li>\n<li><strong>Peach Mango &amp; Blue Razz Cherry &amp; Cool Mint:<\/strong> \u00c9des \u0151szibarack \u00e9s mang\u00f3, fanyar k\u00e9k razz csereszny\u00e9vel \u00e9s h\u0171s\u00edt\u0151 ment\u00e1val kombin\u00e1lva \ud83c\udf51\ud83e\udd6d\ud83c\udf52<\/li>\n<li><strong>Berry Limon\u00e1d\u00e9 &amp; Strawberry Red Bull &amp; Strawberry Pomp:<\/strong> Zamatos bogy\u00f3s limon\u00e1d\u00e9 energetiz\u00e1l\u00f3 Red Bull eperrel keverve \ud83c\udf53\ud83c\udf4b\u26a1<\/li>\n<li><strong>Tr\u00f3pusi gy\u00fcm\u00f6lcs \u00e9s citrom \u0151szibarack \u00e9s eper g\u00f6r\u00f6gdinnye:<\/strong> \u00c9l\u00e9nk tr\u00f3pusi gy\u00fcm\u00f6lcskever\u00e9k friss\u00edt\u0151 citromos barackkal \u00e9s eper g\u00f6r\u00f6gdinny\u00e9vel \ud83c\udf4d\ud83c\udf53\ud83c\udf51<\/li>\n<li><strong>Dupla alma \u00e9s anan\u00e1sz j\u00e9g \u00e9s gy\u00fcm\u00f6lcs f\u00fazi\u00f3:<\/strong> \u00e9des alma \u00e9s tr\u00f3pusi anan\u00e1sz h\u0171v\u00f6s, jeges befejez\u00e9ssel \ud83c\udf4f\ud83c\udf4d\u2744\ufe0f<\/li>\n<li><strong>Pineapple Coconut &amp; Blue Razz &amp; Strawberry Banana:<\/strong> Az anan\u00e1sz k\u00f3kuszdi\u00f3, a k\u00e9k razz \u00e9s az eper ban\u00e1n tr\u00f3pusi robban\u00e1sa \ud83e\udd65\ud83c\udf4d\ud83c\udf53<\/li>\n<li><strong>Cola Ice &amp; Cherry Cola &amp; Mr Blue:<\/strong> A k\u00f3la j\u00e9g, a cseresznye k\u00f3la \u00e9s egy friss\u00edt\u0151 Mr Blue csavar sz\u00f3rakoztat\u00f3 kever\u00e9ke \ud83e\udd64\ud83c\udf52\ud83d\udc99<\/li>\n<li><strong>Epres g\u00f6r\u00f6gdinnye \u00e9s h\u00e1rmas dinnye \u00e9s eper j\u00e9g:<\/strong> g\u00f6r\u00f6gdinnye, dinnye \u00e9s eper \u00ednycsikland\u00f3 kever\u00e9ke jeges kil\u00e9gz\u00e9ssel \ud83c\udf53\ud83c\udf49\ud83c\udf48<\/li>\n<li><strong>Strawberry Donut &amp; Love 66 &amp; Banana Ice:<\/strong> \u00c9des \u00e9s kr\u00e9mes epres f\u00e1nk \u00edz, szerelem 66 \u00e9s ban\u00e1n j\u00e9ggel \ud83c\udf69\ud83c\udf4c\ud83c\udf53<\/li>\n<li><strong>Kevert bogy\u00f3k \u00e9s mang\u00f3 \u0151szibarack \u00e9s sz\u0151l\u0151j\u00e9g:<\/strong> vegyes bogy\u00f3k, \u00e9des mang\u00f3s \u0151szibarack \u00e9s h\u0171v\u00f6s sz\u0151l\u0151j\u00e9g gazdag kever\u00e9ke \ud83c\udf47\ud83e\udd6d\ud83c\udf51<\/li>\n<li><strong>J\u00e9gtea Lemon Ice &amp; Lichee Ice &amp; Mango On Ice:<\/strong> Friss\u00edt\u0151 jeges tea citrommal, licsivel \u00e9s tr\u00f3pusi mang\u00f3val \ud83c\udf4b\ud83c\udf53\ud83e\udd6d\u2744\ufe0f<\/li>\n<\/ul>\n<h3>T\u00f6k\u00e9letes neh\u00e9z felhaszn\u00e1l\u00f3k, \u00edzkeres\u0151k \u00e9s nagykereskedelmi v\u00e1s\u00e1rl\u00f3k sz\u00e1m\u00e1ra<\/h3>\n<p>A Bang King 85K-t az \u00edzek kedvel\u0151inek \u00e9s a neh\u00e9z felhaszn\u00e1l\u00f3knak tervezt\u00e9k, akiknek tart\u00f3s teljes\u00edtm\u00e9nyre van sz\u00fcks\u00e9g\u00fck. Hatalmas, 85 000 felf\u00faj\u00e1ssal, h\u00e1rom \u00edzben \u00e1ll\u00edthat\u00f3 be\u00e1ll\u00edt\u00e1sokkal \u00e9s pr\u00e9mium e-folyad\u00e9kkapacit\u00e1ssal t\u00f6k\u00e9letes v\u00e1laszt\u00e1s a vape boltok \u00e9s a nagykereskedelmi forgalmaz\u00f3k sz\u00e1m\u00e1ra, akik cs\u00facsmin\u0151s\u00e9g\u0171 \u00e9lm\u00e9nyt szeretn\u00e9nek k\u00edn\u00e1lni \u00fcgyfeleiknek. K\u00e9sz\u00edtsen k\u00e9szletet, \u00e9s n\u00f6velje elad\u00e1sait m\u00e9g ma! \ud83d\udce6\ud83d\ude80<\/p>\n<h3>GYIK<\/h3>\n<ul>\n<li><strong>Mennyi ideig b\u00edrja a Bang King 85K?<\/strong><br \/>\nA k\u00e9sz\u00fcl\u00e9k haszn\u00e1latt\u00f3l f\u00fcgg\u0151en ak\u00e1r 85 000 f\u00faj\u00e1st tesz lehet\u0151v\u00e9, \u00edgy hosszan tart\u00f3 el\u00e9gedetts\u00e9get biztos\u00edt.<\/li>\n<li><strong>Milyen er\u0151ss\u00e9g\u0171 nikotin \u00e9rhet\u0151 el?<\/strong><br \/>\n0%, 2%, 3% vagy 5% nikotiner\u0151ss\u00e9g k\u00f6z\u00fcl v\u00e1laszthat, hogy megfeleljen az \u00d6n ig\u00e9nyeinek.<\/li>\n<li><strong>Hogyan t\u00f6lthetem fel az eszk\u00f6zt?<\/strong><br \/>\nA Bang King 85K Type-C gyorst\u00f6lt\u00e9ssel \u00e9rkezik, \u00edgy gyorsan \u00fajrat\u00f6ltheti a k\u00e9sz\u00fcl\u00e9ket a folyamatos haszn\u00e1lathoz.<\/li>\n<li><strong>Milyen \u00edzeket tartalmaz?<\/strong><br \/>\nA Bang King 85K 16 h\u00e1rmas \u00edz\u0171 komb\u00f3t tartalmaz, amelyek minden alkalommal egyedi \u00e9s izgalmas vaping \u00e9lm\u00e9nyt k\u00edn\u00e1lnak.<\/li>\n<li><strong>Megv\u00e1s\u00e1rolhatom ezt \u00f6mlesztve a vape boltomba?<\/strong><br \/>\nIgen, a Bang King 85K 10 db-os kiszerel\u00e9sben ker\u00fcl forgalomba, \u00edgy ide\u00e1lis vape boltokhoz \u00e9s nagykereskedelmi forgalmaz\u00e1shoz.<\/li>\n<\/ul>\n","protected":false},"excerpt":{"rendered":"<p>Fedezze fel a Bang King 85K-t ak\u00e1r 85 000 f\u00faj\u00e1ssal, \u00e1ll\u00edthat\u00f3 h\u00e1rmas \u00edzkombin\u00e1ci\u00f3kkal \u00e9s \u00fajrat\u00f6lthet\u0151 600 mAh-s akkumul\u00e1torral. T\u00f6k\u00e9letes a vape \u00fczletek, nagykeresked\u0151k \u00e9s neh\u00e9z felhaszn\u00e1l\u00f3k sz\u00e1m\u00e1ra, akik szem\u00e9lyre szabhat\u00f3 \u00e9s hosszan tart\u00f3 vape-\u00e9lm\u00e9nyt keresnek. \ud83d\udca8\ud83c\udf53\ud83c\udf49<\/p>\n","protected":false},"featured_media":4002,"comment_status":"open","ping_status":"closed","template":"","meta":[],"product_brand":[],"product_cat":[346],"product_tag":[],"class_list":{"0":"post-42576","1":"product","2":"type-product","3":"status-publish","4":"has-post-thumbnail","6":"product_cat-bang","8":"first","9":"instock","10":"shipping-taxable","11":"purchasable","12":"product-type-variable","13":"has-default-attributes"},"tiered_pricing_type":"fixed","tiered_pricing_fixed_rules":{"30":7.9000000000000003552713678800500929355621337890625,"50":6.1699999999999999289457264239899814128875732421875,"100":5.54999999999999982236431605997495353221893310546875,"200":5.17999999999999971578290569595992565155029296875,"400":4.75},"tiered_pricing_product_settings":{"layout":"default","base_unit_name":{"singular":null,"plural":null},"default_variation":null},"tiered_pricing_minimum_quantity":10,"tiered_pricing_roles_data":[],"tiered_pricing_percentage_rules":[],"tiered_pricing_maximum_quantity":null,"tiered_pricing_quantity_step":"10","_links":{"self":[{"href":"https:\/\/stage.jrfer.com\/hu\/wp-json\/wp\/v2\/product\/42576","targetHints":{"allow":["GET"]}}],"collection":[{"href":"https:\/\/stage.jrfer.com\/hu\/wp-json\/wp\/v2\/product"}],"about":[{"href":"https:\/\/stage.jrfer.com\/hu\/wp-json\/wp\/v2\/types\/product"}],"replies":[{"embeddable":true,"href":"https:\/\/stage.jrfer.com\/hu\/wp-json\/wp\/v2\/comments?post=42576"}],"wp:featuredmedia":[{"embeddable":true,"href":"https:\/\/stage.jrfer.com\/hu\/wp-json\/wp\/v2\/media\/4002"}],"wp:attachment":[{"href":"https:\/\/stage.jrfer.com\/hu\/wp-json\/wp\/v2\/media?parent=42576"}],"wp:term":[{"taxonomy":"product_brand","embeddable":true,"href":"https:\/\/stage.jrfer.com\/hu\/wp-json\/wp\/v2\/product_brand?post=42576"},{"taxonomy":"product_cat","embeddable":true,"href":"https:\/\/stage.jrfer.com\/hu\/wp-json\/wp\/v2\/product_cat?post=42576"},{"taxonomy":"product_tag","embeddable":true,"href":"https:\/\/stage.jrfer.com\/hu\/wp-json\/wp\/v2\/product_tag?post=42576"}],"curies":[{"name":"wp","href":"https:\/\/api.w.org\/{rel}","templated":true}]}}