{"id":47999,"date":"2025-06-28T05:43:28","date_gmt":"2025-06-28T05:43:28","guid":{"rendered":"https:\/\/stage.jrfer.com\/product\/waspe-60k-3-az-1-ben-60000-puff-tripla-izu-omlesztett-eldobhato-vape\/"},"modified":"2026-04-07T14:32:14","modified_gmt":"2026-04-07T14:32:14","slug":"waspe-60k-3-in-1-60000-puffs","status":"publish","type":"product","link":"https:\/\/stage.jrfer.com\/hu\/termek\/waspe-60k-3-in-1-60000-puffs\/","title":{"rendered":"WASPE 60K 3 az 1-ben 60000 Puff | tripla \u00edz\u0171 \u00f6mlesztett eldobhat\u00f3 vape"},"content":{"rendered":"<h2>Mi\u00e9rt v\u00e1lassza a WASPE 60K 3 az 1-ben k\u00e9sz\u00fcl\u00e9ket?<\/h2>\n<ul>\n<li><strong>P\u00e1ratlan bef\u00faj\u00e1ssz\u00e1m:<\/strong> Ak\u00e1r 60 000 besz\u00edv\u00e1s az ultrahossz\u00fa g\u0151z\u00f6l\u00e9s sor\u00e1n \ud83d\udd25<\/li>\n<li><strong>3 az 1-ben \u00edzrendszer:<\/strong> Azonnal v\u00e1lthat h\u00e1rom be\u00e9p\u00edtett \u00edz k\u00f6z\u00f6tt \ud83c\udf53\ud83c\udf49\ud83c\udf47<\/li>\n<li><strong>Rugalmas nikotin opci\u00f3k:<\/strong> 0%, 2% vagy 5% nikotintartalommal kaphat\u00f3 \u2705<\/li>\n<li><strong>Hatalmas E-folyad\u00e9k kapacit\u00e1s:<\/strong> Az 54 ml-es tart\u00e1ly folyamatos \u00e9lvezetet biztos\u00edt \ud83d\udca7<\/li>\n<li><strong>Triple Mesh Coil:<\/strong> Sima, egyenletes felh\u0151k gazdag \u00edzzel \ud83c\udf2c\ufe0f<\/li>\n<li><strong>LED-k\u00e9perny\u0151:<\/strong> Tiszta akkumul\u00e1tor- \u00e9s e-folyad\u00e9k-figyel\u00e9s \ud83d\udd0b<\/li>\n<li><strong>Gyors t\u00f6lt\u00e9s:<\/strong> Type-C \u00fajrat\u00f6lthet\u0151 a gyors bekapcsol\u00e1shoz \u26a1<\/li>\n<li><strong>Hordozhat\u00f3 \u00e9s st\u00edlusos:<\/strong> A kompakt, 47x47x116 mm-es kialak\u00edt\u00e1s k\u00f6nnyen elf\u00e9r a k\u00e9zben vagy a zsebben \u2728<\/li>\n<li><strong>B2B-bar\u00e1t:<\/strong> T\u00f6k\u00e9letes Hollandia, N\u00e9metorsz\u00e1g, Belgium \u00e9s Spanyolorsz\u00e1g nagykereskedelmi piacaihoz \ud83d\udce6<\/li>\n<\/ul>\n<h3>M\u0171szaki adatok<\/h3>\n<tbody>\n<tr>\n<td><strong>Puffok sz\u00e1ma:<\/strong><\/td>\n<td>Ak\u00e1r 60 000 f\u00faj\u00e1s<\/td>\n<\/tr>\n<tr>\n<td><strong>\u00cdzlehet\u0151s\u00e9gek:<\/strong><\/td>\n<td>3 az 1-ben v\u00e1lthat\u00f3 \u00edzek<\/td>\n<\/tr>\n<tr>\n<td><strong>A nikotin er\u0151ss\u00e9gei:<\/strong><\/td>\n<td>0%, 2% vagy 5%<\/td>\n<\/tr>\n<tr>\n<td><strong>E-folyad\u00e9k kapacit\u00e1sa:<\/strong><\/td>\n<td>54 ml<\/td>\n<\/tr>\n<tr>\n<td><strong>Kijelz\u0151:<\/strong><\/td>\n<td>LED k\u00e9perny\u0151 (akkumul\u00e1tor \u00e9s e-liquid)<\/td>\n<\/tr>\n<tr>\n<td><strong>Tekercsek:<\/strong><\/td>\n<td>H\u00e1romh\u00e1l\u00f3s tekercsek<\/td>\n<\/tr>\n<tr>\n<td><strong>T\u00f6lt\u00e9s:<\/strong><\/td>\n<td>C t\u00edpus\u00fa \u00fajrat\u00f6lthet\u0151<\/td>\n<\/tr>\n<tr>\n<td><strong>Hordozhat\u00f3s\u00e1g:<\/strong><\/td>\n<td>47 mm x 47 mm x 116 mm<\/td>\n<\/tr>\n<\/tbody>\n<\/table>\n<h3>\u00cdzv\u00e1laszt\u00e1s<\/h3>\n<p>A <strong>WASPE 60K 3 az 1-ben<\/strong> <strong>30+ izgalmas \u00edzt<\/strong> tartalmaz h\u00e1rmas k\u00e9szletekbe csoportos\u00edtva, \u00edgy h\u00e1rom \u00edzt \u00e9lvezhetsz egy eszk\u00f6z\u00f6n \ud83c\udf89:<\/p>\n<ul>\n<li><strong>G\u00f6r\u00f6gdinnye j\u00e9g, epres kivi, citromos lime<\/strong> \u2013 friss, gy\u00fcm\u00f6lcs\u00f6s klasszikusok \ud83c\udf49\ud83c\udf53\ud83c\udf4b<\/li>\n<li><strong>Epres g\u00f6r\u00f6gdinnye, epres m\u00e1lnacukorka, sz\u0151l\u0151j\u00e9g<\/strong> \u2013 \u00e9des \u00e9s jeges egyens\u00faly \ud83c\udf53\ud83c\udf6c\ud83c\udf47<\/li>\n<li><strong>Blueberry Ice, Black Dragon Ice, Fizzy Cherry Ice<\/strong> \u2013 Mer\u00e9sz, h\u0171v\u00f6s \u00e9s sz\u00e9nsavas \ud83e\uded0\ud83d\udc09\ud83c\udf52<\/li>\n<li><strong>Epres m\u00e1lna cseresznye, Love 666, Cherry Candy Ice<\/strong> \u2013 egzotikus v\u00edzipip\u00e1val ihletett kever\u00e9kek \u2764\ufe0f\ud83c\udf52<\/li>\n<li><strong>\u0150szibarack j\u00e9g, anan\u00e1sz mang\u00f3 \u0151szibarack, \u00e1fony\u00e1s citrom<\/strong> \u2013 l\u00e9d\u00fas \u00e9s zamatos \ud83c\udf51\ud83c\udf4d\ud83c\udf4b<\/li>\n<li><strong>Red Bull Ice, epres mang\u00f3, epres g\u00f6r\u00f6gdinnye r\u00e1g\u00f3gumi<\/strong> \u2013 energia \u00e9s \u00e9dess\u00e9g \u26a1\ud83c\udf53\ud83c\udf49<\/li>\n<li><strong>Vegyes bogy\u00f3s gy\u00fcm\u00f6lcs\u00f6k, ny\u00fal\u00f3s medve, vegyes gy\u00fcm\u00f6lcs<\/strong> \u2013 vid\u00e1m, cukorka-szer\u0171 fajta \ud83c\udf53\ud83e\uddf8\ud83c\udf47<\/li>\n<li><strong>Triple dinnye j\u00e9g, sziv\u00e1rv\u00e1nycukor, \u00e1fony\u00e1s cukorka<\/strong> \u2013 j\u00e1t\u00e9kos, gy\u00fcm\u00f6lcs\u00f6s cukorka \u00edzek \ud83c\udf48\ud83c\udf08\ud83c\udf6c<\/li>\n<li><strong>Sz\u0151l\u0151j\u00e9g, epercukorka, epres m\u00e1lnacseresznye<\/strong> \u2013 \u00e9des bogy\u00f3-sz\u0151l\u0151 f\u00fazi\u00f3 \ud83c\udf47\ud83c\udf53<\/li>\n<li><strong>Eper-ban\u00e1n, anan\u00e1szos k\u00f3kusz j\u00e9g, mang\u00f3j\u00e9g<\/strong> \u2013 sima tr\u00f3pusi kever\u00e9kek \ud83c\udf4c\ud83e\udd6d\ud83e\udd65<\/li>\n<li><strong>Cherry Cola Ice, Strawberry Cola, Cola Ice<\/strong> \u2013 Fizzy sz\u00f3da ihlette tri\u00f3 \ud83e\udd64\ud83c\udf52<\/li>\n<li><strong>\u00c1fonya m\u00e1lna, \u00e1fony\u00e1s vattacukor, dupla almaj\u00e9g<\/strong> \u2013 \u00e9des, m\u00e9gis friss\u00edt\u0151 \ud83e\uded0\ud83c\udf4f\ud83c\udf6d<\/li>\n<\/ul>\n<h3>T\u00f6k\u00e9letes neh\u00e9z felhaszn\u00e1l\u00f3k \u00e9s nagykeresked\u00e9sek sz\u00e1m\u00e1ra<\/h3>\n<p>A <strong>WASPE 60K 3 az 1-ben<\/strong> verhetetlen v\u00e1laszt\u00e1s <strong>neh\u00e9z g\u0151z\u00f6l\u0151knek, \u00edzkeres\u0151knek, vape boltoknak \u00e9s forgalmaz\u00f3knak<\/strong>. <strong>T\u00f6meges puffad\u00e1si sz\u00e1m\u00e1val, v\u00e1lthat\u00f3 \u00edzeivel \u00e9s t\u00f6megbar\u00e1t kialak\u00edt\u00e1s\u00e1val<\/strong> az eur\u00f3pai B2B piacokra szabt\u00e1k.<\/p>\n<h3>GYIK<\/h3>\n<ul>\n<li><strong>H\u00e1ny \u00edzt tartalmaz?<\/strong><br \/>\nMinden eszk\u00f6z 3 be\u00e9p\u00edtett \u00edzzel rendelkezik, amelyek v\u00e1ltozatoss\u00e1got k\u00edn\u00e1lnak egy egys\u00e9gben.<\/li>\n<li><strong>\u00dajrat\u00f6lthet\u0151?<\/strong><br \/>\nIgen, rendelkezik C t\u00edpus\u00fa gyorst\u00f6lt\u00e9ssel.<\/li>\n<li><strong>Milyen er\u0151ss\u00e9g\u0171 nikotin \u00e9rhet\u0151 el?<\/strong><br \/>\nV\u00e1lasszon a 0%, 2% vagy 5% k\u00f6z\u00fcl az ig\u00e9nyeinek megfelel\u0151en.<\/li>\n<li><strong>Van kijelz\u0151je?<\/strong><br \/>\nIgen, a LED-k\u00e9perny\u0151 az akkumul\u00e1tor t\u00f6lt\u00f6tts\u00e9gi szintj\u00e9t \u00e9s az e-liquid \u00e1llapot\u00e1t is mutatja.<\/li>\n<li><strong>Ki v\u00e1s\u00e1rolja meg ezt?<\/strong><br \/>\nT\u00f6k\u00e9letes <strong>nagy felhaszn\u00e1l\u00f3k, \u00fczletek \u00e9s nagykeresked\u0151k sz\u00e1m\u00e1ra<\/strong> Hollandi\u00e1ban, N\u00e9metorsz\u00e1gban, Belgiumban, Spanyolorsz\u00e1gban \u00e9s azon k\u00edv\u00fcl.<\/li>\n<\/ul>\n","protected":false},"excerpt":{"rendered":"<p>A <strong>WASPE 60K 3 az 1-ben<\/strong> \ud83d\udca8 egy j\u00e1t\u00e9kot megv\u00e1ltoztat\u00f3 eldobhat\u00f3 vape, amely <strong>60 000 f\u00faj\u00e1st<\/strong>, <strong>3 v\u00e1lthat\u00f3 \u00edzt egy eszk\u00f6zben<\/strong> \u00e9s hatalmas <strong>54 ml-es e-folyad\u00e9k kapacit\u00e1st<\/strong> k\u00edn\u00e1l. T\u00f6k\u00e9letes a forgalmaz\u00f3k, nagykeresked\u0151k \u00e9s nagy felhaszn\u00e1l\u00f3k sz\u00e1m\u00e1ra Eur\u00f3pa-szerte.<\/p>\n","protected":false},"featured_media":753,"comment_status":"open","ping_status":"closed","template":"","meta":[],"product_brand":[],"product_cat":[391],"product_tag":[],"class_list":{"0":"post-47999","1":"product","2":"type-product","3":"status-publish","4":"has-post-thumbnail","6":"product_cat-waspe","8":"first","9":"instock","10":"shipping-taxable","11":"purchasable","12":"product-type-variable","13":"has-default-attributes"},"tiered_pricing_type":"fixed","tiered_pricing_fixed_rules":{"30":8.269999999999999573674358543939888477325439453125,"50":7.160000000000000142108547152020037174224853515625,"100":6.660000000000000142108547152020037174224853515625,"200":6.04999999999999982236431605997495353221893310546875,"400":5.7400000000000002131628207280300557613372802734375},"tiered_pricing_product_settings":{"layout":"default","base_unit_name":{"singular":null,"plural":null},"default_variation":null},"tiered_pricing_minimum_quantity":10,"tiered_pricing_roles_data":[],"tiered_pricing_percentage_rules":[],"tiered_pricing_maximum_quantity":null,"tiered_pricing_quantity_step":"10","_links":{"self":[{"href":"https:\/\/stage.jrfer.com\/hu\/wp-json\/wp\/v2\/product\/47999","targetHints":{"allow":["GET"]}}],"collection":[{"href":"https:\/\/stage.jrfer.com\/hu\/wp-json\/wp\/v2\/product"}],"about":[{"href":"https:\/\/stage.jrfer.com\/hu\/wp-json\/wp\/v2\/types\/product"}],"replies":[{"embeddable":true,"href":"https:\/\/stage.jrfer.com\/hu\/wp-json\/wp\/v2\/comments?post=47999"}],"wp:featuredmedia":[{"embeddable":true,"href":"https:\/\/stage.jrfer.com\/hu\/wp-json\/wp\/v2\/media\/753"}],"wp:attachment":[{"href":"https:\/\/stage.jrfer.com\/hu\/wp-json\/wp\/v2\/media?parent=47999"}],"wp:term":[{"taxonomy":"product_brand","embeddable":true,"href":"https:\/\/stage.jrfer.com\/hu\/wp-json\/wp\/v2\/product_brand?post=47999"},{"taxonomy":"product_cat","embeddable":true,"href":"https:\/\/stage.jrfer.com\/hu\/wp-json\/wp\/v2\/product_cat?post=47999"},{"taxonomy":"product_tag","embeddable":true,"href":"https:\/\/stage.jrfer.com\/hu\/wp-json\/wp\/v2\/product_tag?post=47999"}],"curies":[{"name":"wp","href":"https:\/\/api.w.org\/{rel}","templated":true}]}}