{"id":48928,"date":"2025-06-28T05:36:53","date_gmt":"2025-06-28T05:36:53","guid":{"rendered":"https:\/\/stage.jrfer.com\/product\/waspe-crystal-40k-dupla-izu-40000-puff-omlesztett-eldobhato-vape-kettos-halos-tekercsekkel\/"},"modified":"2026-04-07T14:36:57","modified_gmt":"2026-04-07T14:36:57","slug":"waspe-crystal-40k-40000-puffs","status":"publish","type":"product","link":"https:\/\/stage.jrfer.com\/hu\/termek\/waspe-crystal-40k-40000-puffs\/","title":{"rendered":"WASPE Crystal 40K Dupla \u00edz\u0171 40000 Puff | \u00f6mlesztett eldobhat\u00f3 vape kett\u0151s h\u00e1l\u00f3s tekercsekkel"},"content":{"rendered":"<h2>Mi\u00e9rt v\u00e1lassza a WASPE Crystal 40K-t?<\/h2>\n<ul>\n<li><strong>Nagy sz\u00edv\u00e1s:<\/strong> Ak\u00e1r 40 000 f\u00faj\u00e1s a hosszan tart\u00f3 \u00e9lvezet\u00e9rt \ud83d\udd25<\/li>\n<li><strong>Kett\u0151s \u00edzkombin\u00e1ci\u00f3k:<\/strong> 2 \u00edz 1 k\u00e9sz\u00fcl\u00e9kben a v\u00e1ltozatoss\u00e1g \u00e9rdek\u00e9ben minden felf\u00faj\u00e1ssal \ud83c\udf53\ud83c\udf47<\/li>\n<li><strong>Hatalmas E-folyad\u00e9ktart\u00e1ly:<\/strong> A 32 ml-es \u0171rtartalom hosszabb ideig tart a g\u0151z\u00f6l\u00e9sben \ud83d\udca7<\/li>\n<li><strong>Kett\u0151s h\u00e1l\u00f3s tekercsek:<\/strong> 0,9\u03a9 + 0,9\u03a9 tekercsek sima g\u0151zt \u00e9s gazdag \u00edzt biztos\u00edtanak \ud83c\udf2c\ufe0f<\/li>\n<li><strong>Nikotin opci\u00f3k:<\/strong> 0%, 2% vagy 5% nikotin, hogy minden \u00edzl\u00e9snek megfeleljen \u2705<\/li>\n<li><strong>\u00dajrat\u00f6lthet\u0151:<\/strong> 850 mAh-s akkumul\u00e1tor C-t\u00edpus\u00fa gyorst\u00f6lt\u00e9ssel \u26a1<\/li>\n<li><strong>Pr\u00e9mium diz\u00e1jn:<\/strong> Eleg\u00e1ns krist\u00e1ly megjelen\u00e9s, tart\u00f3s \u00e9s k\u00f6nnyen hordozhat\u00f3 \u2728<\/li>\n<li><strong>B2B-bar\u00e1t:<\/strong> T\u00f6k\u00e9letes t\u00f6meges rendel\u00e9sekhez, nagykereskedelemhez \u00e9s vape bolti viszontelad\u00e1shoz \ud83d\udce6<\/li>\n<\/ul>\n<h3>M\u0171szaki adatok<\/h3>\n<tbody>\n<tr>\n<td><strong>Puffok sz\u00e1ma:<\/strong><\/td>\n<td>Ak\u00e1r 40 000 f\u00faj\u00e1s<\/td>\n<\/tr>\n<tr>\n<td><strong>E-folyad\u00e9k kapacit\u00e1sa:<\/strong><\/td>\n<td>32 ml<\/td>\n<\/tr>\n<tr>\n<td><strong>Akkumul\u00e1tor:<\/strong><\/td>\n<td>850 mAh \u00fajrat\u00f6lthet\u0151<\/td>\n<\/tr>\n<tr>\n<td><strong>Tekercsek:<\/strong><\/td>\n<td>Kett\u0151s h\u00e1l\u00f3s tekercs (0,9\u03a9 + 0,9\u03a9)<\/td>\n<\/tr>\n<tr>\n<td><strong>A nikotin er\u0151ss\u00e9gei:<\/strong><\/td>\n<td>0%, 2%, 5%<\/td>\n<\/tr>\n<tr>\n<td><strong>T\u00f6lt\u00e9s:<\/strong><\/td>\n<td>C t\u00edpus\u00fa gyorst\u00f6lt\u00e9s<\/td>\n<\/tr>\n<tr>\n<td><strong>K\u00fcl\u00f6nleges szolg\u00e1ltat\u00e1s:<\/strong><\/td>\n<td>Kett\u0151s \u00edzkombin\u00e1ci\u00f3k egy eszk\u00f6zben<\/td>\n<\/tr>\n<\/tbody>\n<\/table>\n<h3>\u00cdzkombin\u00e1ci\u00f3k<\/h3>\n<p>A <strong>WASPE Crystal 40K<\/strong> <strong>12+ izgalmas, kett\u0151s \u00edz\u0171 f\u00fazi\u00f3t<\/strong> mutat be, hogy \u00edzlel\u0151bimb\u00f3it sz\u00f3rakoztass\u00e1k \ud83c\udf89:<\/p>\n<ul>\n<li><strong>G\u00f6r\u00f6gdinnye j\u00e9g \u00e9s citrom M\u00e9sz<\/strong> \u2013 friss\u00edt\u0151, \u00e9des \u00e9s cs\u00edp\u0151s \ud83c\udf49\ud83c\udf4b<\/li>\n<li><strong>Red Bull Ice &amp; Strawberry Mango<\/strong> \u2013 Energia ihlette tr\u00f3pusi \u00e9dess\u00e9ggel \u26a1\ud83c\udf53\ud83e\udd6d<\/li>\n<li><strong>Eper Red Bull &amp; Blueberry Cherry<\/strong> \u2013 Mer\u00e9sz \u00e9s gy\u00fcm\u00f6lcs\u00f6s kever\u00e9k \ud83d\udca5\ud83e\uded0\ud83c\udf52<\/li>\n<li><strong>Blueberry Candy &amp; Strawberry G\u00f6r\u00f6gdinnye<\/strong> \u2013 Cukor\u00e9des \u00e9s l\u00e9d\u00fas \ud83c\udf6d\ud83c\udf53\ud83c\udf49<\/li>\n<li><strong>Epres kiwi \u00e9s epercseresznye<\/strong> \u2013 dupla bogy\u00f3s gy\u00f6ny\u00f6r \ud83c\udf53\ud83e\udd5d\ud83c\udf52<\/li>\n<li><strong>\u00c1fonya m\u00e1lna \u00e9s \u0151szibarack bogy\u00f3 j\u00e9g<\/strong> \u2013 \u00e9des, h\u0171v\u00f6s lecseng\u00e9ssel \ud83e\uded0\ud83c\udf51\u2744\ufe0f<\/li>\n<li><strong>Eper m\u00e1lna cseresznye \u00e9s szerelem 666<\/strong> \u2013 egzotikus v\u00edzipip\u00e1val ihletett kever\u00e9k \u2764\ufe0f\ud83c\udf52<\/li>\n<li><strong>\u0150szibarack j\u00e9g \u00e9s g\u00f6r\u00f6gdinnye mang\u00f3 \u0151szibarack<\/strong> \u2013 tr\u00f3pusi hideg, gy\u00fcm\u00f6lcs\u00f6s gazdags\u00e1g \ud83c\udf51\ud83c\udf49\ud83e\udd6d<\/li>\n<li><strong>Eper ban\u00e1n \u00e9s anan\u00e1sz k\u00f3kusz j\u00e9g<\/strong> \u2013 sima, kr\u00e9mes tr\u00f3pusi kever\u00e9k \ud83c\udf53\ud83c\udf4c\ud83e\udd65<\/li>\n<li><strong>Grape Ice &amp; Black Dragon Ice<\/strong> \u2013 Mer\u00e9sz, men\u0151 \u00e9s er\u0151teljes \ud83c\udf47\ud83d\udc09\u2744\ufe0f<\/li>\n<li><strong>Vegyes bogy\u00f3s \u00e9s m\u00e1ln\u00e1s limon\u00e1d\u00e9<\/strong> \u2013 \u00c9des-f\u00e1jdalmas friss\u00edt\u0151 \ud83c\udf53\ud83c\udf4b<\/li>\n<li><strong>Blueberry Ice &amp; Cherry Cola Ice<\/strong> \u2013 Pezsg\u0151, h\u0171v\u00f6s \u00e9s sz\u00f3rakoztat\u00f3 \ud83e\uded0\ud83e\udd64\ud83c\udf52<\/li>\n<\/ul>\n<h3>T\u00f6k\u00e9letes neh\u00e9z felhaszn\u00e1l\u00f3k \u00e9s nagykereskedelmi v\u00e1s\u00e1rl\u00f3k sz\u00e1m\u00e1ra<\/h3>\n<p>A <strong>WASPE Crystal 40K<\/strong> az <strong>er\u0151s felhaszn\u00e1l\u00f3knak, \u00edzkeres\u0151knek, vape boltoknak \u00e9s forgalmaz\u00f3knak<\/strong> k\u00e9sz\u00fclt. A <strong>t\u00f6meges puffad\u00e1ssz\u00e1m, az \u00fajrat\u00f6lthet\u0151 kialak\u00edt\u00e1s \u00e9s az \u00edzekben gazdag komb\u00f3i<\/strong> miatt a legjobb v\u00e1laszt\u00e1s a <strong>B2B \u00e9rt\u00e9kes\u00edt\u00e9si \u00e9s kiskereskedelmi polcokon<\/strong> Eur\u00f3p\u00e1ban \u00e9s azon t\u00fal.<\/p>\n<h3>GYIK<\/h3>\n<ul>\n<li><strong>H\u00e1ny \u00edz van benne?<\/strong><br \/>\nMinden eszk\u00f6z 2 be\u00e9p\u00edtett \u00edzzel rendelkezik, 12+ komb\u00f3val.<\/li>\n<li><strong>\u00dajrat\u00f6lthet\u0151?<\/strong><br \/>\nIgen, 850 mAh-s akkumul\u00e1torral \u00e9s Type-C gyorst\u00f6lt\u00e9ssel rendelkezik.<\/li>\n<li><strong>Milyen er\u0151ss\u00e9g\u0171 nikotin \u00e9rhet\u0151 el?<\/strong><br \/>\nV\u00e1lasszon a 0% (nikotinmentes), 2% vagy 5% nikotin k\u00f6z\u00fcl.<\/li>\n<li><strong>Hogyan hasonl\u00edt a hagyom\u00e1nyos eldobhat\u00f3 term\u00e9kekhez?<\/strong><br \/>\nSokkal tov\u00e1bb b\u00edrja 40 000 f\u00faj\u00e1ssal, \u00e9s egyed\u00fcl\u00e1ll\u00f3, kett\u0151s \u00edz\u0171 kombin\u00e1ci\u00f3kat k\u00edn\u00e1l.<\/li>\n<li><strong>Ki v\u00e1s\u00e1rolja meg ezt?<\/strong><br \/>\nT\u00f6k\u00e9letes azoknak a <strong>nagykeresked\u0151knek, kiskeresked\u0151knek, v\u00edzipipa-szalonoknak \u00e9s neh\u00e9z g\u0151z\u00f6s\u00f6knek<\/strong>, akik pr\u00e9mium eldobhat\u00f3 teljes\u00edtm\u00e9nyre v\u00e1gynak.<\/li>\n<\/ul>\n","protected":false},"excerpt":{"rendered":"<p>A <strong>WASPE Crystal 40K<\/strong> \ud83d\udc8e egy k\u00f6vetkez\u0151 szint\u0171 <strong>40 000 puffad\u00e1s\u00fa eldobhat\u00f3 vape<\/strong> <strong>dupla \u00edz\u0171 komb\u00f3kkal<\/strong>, <strong>32 ml e-folyad\u00e9kkal<\/strong> \u00e9s <strong>k\u00e9th\u00e1l\u00f3s tekercsekkel<\/strong>. A teljes\u00edtm\u00e9nyre, az el\u00e9gedetts\u00e9gre \u00e9s a t\u00f6meges terjeszt\u00e9sre k\u00e9sz\u00fclt, \u00edgy t\u00f6k\u00e9letes a vape boltok, a nagykeresked\u0151k \u00e9s a neh\u00e9z felhaszn\u00e1l\u00f3k sz\u00e1m\u00e1ra.<\/p>\n","protected":false},"featured_media":702,"comment_status":"open","ping_status":"closed","template":"","meta":[],"product_brand":[],"product_cat":[391],"product_tag":[],"class_list":{"0":"post-48928","1":"product","2":"type-product","3":"status-publish","4":"has-post-thumbnail","6":"product_cat-waspe","8":"first","9":"instock","10":"shipping-taxable","11":"purchasable","12":"product-type-variable","13":"has-default-attributes"},"tiered_pricing_type":"fixed","tiered_pricing_fixed_rules":{"30":6.96999999999999975131004248396493494510650634765625,"50":5.589999999999999857891452847979962825775146484375,"100":5.339999999999999857891452847979962825775146484375,"200":4.96999999999999975131004248396493494510650634765625,"400":4.4199999999999999289457264239899814128875732421875},"tiered_pricing_product_settings":{"layout":"default","base_unit_name":{"singular":null,"plural":null},"default_variation":null},"tiered_pricing_minimum_quantity":10,"tiered_pricing_roles_data":[],"tiered_pricing_percentage_rules":[],"tiered_pricing_maximum_quantity":null,"tiered_pricing_quantity_step":"10","_links":{"self":[{"href":"https:\/\/stage.jrfer.com\/hu\/wp-json\/wp\/v2\/product\/48928","targetHints":{"allow":["GET"]}}],"collection":[{"href":"https:\/\/stage.jrfer.com\/hu\/wp-json\/wp\/v2\/product"}],"about":[{"href":"https:\/\/stage.jrfer.com\/hu\/wp-json\/wp\/v2\/types\/product"}],"replies":[{"embeddable":true,"href":"https:\/\/stage.jrfer.com\/hu\/wp-json\/wp\/v2\/comments?post=48928"}],"wp:featuredmedia":[{"embeddable":true,"href":"https:\/\/stage.jrfer.com\/hu\/wp-json\/wp\/v2\/media\/702"}],"wp:attachment":[{"href":"https:\/\/stage.jrfer.com\/hu\/wp-json\/wp\/v2\/media?parent=48928"}],"wp:term":[{"taxonomy":"product_brand","embeddable":true,"href":"https:\/\/stage.jrfer.com\/hu\/wp-json\/wp\/v2\/product_brand?post=48928"},{"taxonomy":"product_cat","embeddable":true,"href":"https:\/\/stage.jrfer.com\/hu\/wp-json\/wp\/v2\/product_cat?post=48928"},{"taxonomy":"product_tag","embeddable":true,"href":"https:\/\/stage.jrfer.com\/hu\/wp-json\/wp\/v2\/product_tag?post=48928"}],"curies":[{"name":"wp","href":"https:\/\/api.w.org\/{rel}","templated":true}]}}