{"id":52922,"date":"2025-06-28T04:29:19","date_gmt":"2025-06-28T04:29:19","guid":{"rendered":"https:\/\/stage.jrfer.com\/product\/bang-blaze-40k-dual-flavor-40000-puff-atcsusztathato-tomeges-eldobhato-vape\/"},"modified":"2026-04-07T14:48:56","modified_gmt":"2026-04-07T14:48:56","slug":"bang-blaze-40k-40000-puffs","status":"publish","type":"product","link":"https:\/\/stage.jrfer.com\/hu\/termek\/bang-blaze-40k-40000-puffs\/","title":{"rendered":"Bang Blaze 40K Dual Flavor 40000 Puff | \u00e1tcs\u00fasztathat\u00f3 t\u00f6meges eldobhat\u00f3 vape"},"content":{"rendered":"<h2>Mi\u00e9rt v\u00e1lassza a Bang Blaze 40K-t?<\/h2>\n<ul>\n<li><strong>T\u00f6meges besz\u00edv\u00e1s:<\/strong> Ak\u00e1r 40 000 f\u00faj\u00e1s a hetekig tart\u00f3 megszak\u00edt\u00e1s n\u00e9lk\u00fcli g\u0151z\u00f6l\u00e9s\u00e9rt \ud83d\ude80<\/li>\n<li><strong>Kett\u0151s \u00edz kapcsol\u00f3:<\/strong> Cs\u00fasztat\u00e1ssal azonnal v\u00e1lthat k\u00e9t \u00edz k\u00f6z\u00f6tt \ud83c\udf49\ud83c\udf47<\/li>\n<li><strong>Nagy tart\u00e1ly:<\/strong> 40 ml el\u0151ret\u00f6lt\u00f6tt e-liquid a maxim\u00e1lis k\u00e9nyelem \u00e9rdek\u00e9ben \ud83d\udca7<\/li>\n<li><strong>Nikotin opci\u00f3k:<\/strong> V\u00e1lasszon a 0%, 2%, 3% vagy 5% k\u00f6z\u00fcl a rugalmass\u00e1g \u00e9rdek\u00e9ben \u2705<\/li>\n<li><strong>Kett\u0151s h\u00e1l\u00f3s tekercs:<\/strong> Sima \u00fct\u00e9sek, mer\u00e9sz \u00edzek \u00e9s vastag felh\u0151k \ud83c\udf2c\ufe0f<\/li>\n<li><strong>\u00dajrat\u00f6lthet\u0151 teljes\u00edtm\u00e9ny:<\/strong> 650 mAh-s akkumul\u00e1tor C-t\u00edpus\u00fa gyorst\u00f6lt\u00e9ssel \u26a1<\/li>\n<li><strong>T\u00f6k\u00e9letes B2B sz\u00e1m\u00e1ra:<\/strong> Nagy kereslet\u0171 \u00f6mlesztett term\u00e9k nagy- \u00e9s kiskeresked\u0151k sz\u00e1m\u00e1ra \ud83d\udce6<\/li>\n<\/ul>\n<h3>M\u0171szaki adatok<\/h3>\n<tbody>\n<tr>\n<td><strong>Puffok sz\u00e1ma:<\/strong><\/td>\n<td>Ak\u00e1r 40 000 f\u00faj\u00e1s<\/td>\n<\/tr>\n<tr>\n<td><strong>E-folyad\u00e9k kapacit\u00e1sa:<\/strong><\/td>\n<td>40 ml el\u0151ret\u00f6lt\u00f6tt<\/td>\n<\/tr>\n<tr>\n<td><strong>Akkumul\u00e1tor:<\/strong><\/td>\n<td>650 mAh \u00fajrat\u00f6lthet\u0151<\/td>\n<\/tr>\n<tr>\n<td><strong>A nikotin er\u0151ss\u00e9gei:<\/strong><\/td>\n<td>0%, 2%, 3%, 5%<\/td>\n<\/tr>\n<tr>\n<td><strong>Tekercs t\u00edpusa:<\/strong><\/td>\n<td>Kett\u0151s h\u00e1l\u00f3s tekercs (1,2\u03a9)<\/td>\n<\/tr>\n<tr>\n<td><strong>T\u00f6lt\u00e9s:<\/strong><\/td>\n<td>C t\u00edpus\u00fa gyorst\u00f6lt\u00e9s<\/td>\n<\/tr>\n<tr>\n<td><strong>K\u00fcl\u00f6nleges szolg\u00e1ltat\u00e1s:<\/strong><\/td>\n<td>Kett\u0151s \u00edz\u0171 cs\u00fasztathat\u00f3 kapcsol\u00f3<\/td>\n<\/tr>\n<\/tbody>\n<\/table>\n<h3>\u00cdzkombin\u00e1ci\u00f3k<\/h3>\n<p>A <strong>Bang Blaze 40K<\/strong> <strong>30 izgalmas, kett\u0151s \u00edz\u0171 lehet\u0151s\u00e9get<\/strong> k\u00edn\u00e1l, \u00edgy soha nem fog unatkozni \ud83c\udf89:<\/p>\n<ul>\n<li><strong>G\u00f6r\u00f6gdinnye \/ Strawberry G\u00f6r\u00f6gdinnye<\/strong> \u2013 l\u00e9d\u00fas \u00e9s friss\u00edt\u0151 \ud83c\udf49\ud83c\udf53<\/li>\n<li><strong>\u00c1fonya j\u00e9g \/ \u00c1fonya M\u00e1lna<\/strong> \u2013 Cool bogy\u00f3s illat \ud83e\uded0\u2744\ufe0f<\/li>\n<li><strong>Mang\u00f3j\u00e9g \/ Epres mang\u00f3<\/strong> \u2013 tr\u00f3pusi \u00e9dess\u00e9g \ud83e\udd6d\ud83c\udf53<\/li>\n<li><strong>G\u00f6r\u00f6gdinnye \/ G\u00f6r\u00f6gdinnye r\u00e1g\u00f3gumi<\/strong> \u2013 klasszikus gy\u00fcm\u00f6lcs\u00f6s cukorka \ud83c\udf49\ud83c\udf6c<\/li>\n<li><strong>Anan\u00e1sz j\u00e9g\/Anan\u00e1sz k\u00f3kusz<\/strong> \u2013 egzotikus \u00e9s sima \ud83c\udf4d\ud83e\udd65<\/li>\n<li><strong>Gy\u00fcm\u00f6lcskever\u00e9k \/ h\u00e1rmas bogy\u00f3<\/strong> \u2013 l\u00e9d\u00fas gy\u00fcm\u00f6lcskever\u00e9k \ud83c\udf47\ud83c\udf53<\/li>\n<li><strong>Barack j\u00e9g \/ Mang\u00f3 \u0151szibarack<\/strong> \u2013 \u00e9des \u00e9s h\u0171t\u00f6tt \ud83c\udf51\u2744\ufe0f<\/li>\n<li><strong>Cseresznye\/Cseresznye k\u00f3la<\/strong> \u2013 Mer\u00e9sz \u00e9s pezsg\u0151 \ud83c\udf52\ud83e\udd64<\/li>\n<li><strong>Sz\u0151l\u0151 \/ \u00c1fonya sz\u0151l\u0151<\/strong> \u2013 Mer\u00e9sz sz\u0151l\u0151f\u00fazi\u00f3 \ud83c\udf47\ud83e\uded0<\/li>\n<li><strong>menta \/ \u00e1fony\u00e1s menta<\/strong> \u2013 h\u0171s\u00edt\u0151 \u00e9s friss\u00edt\u0151 \ud83c\udf3f\ud83e\uded0<\/li>\n<li><strong>Fekete s\u00e1rk\u00e1ny j\u00e9g \/ Red Bull<\/strong> \u2013 intenz\u00edv \u00e9s energiz\u00e1l\u00f3 \ud83d\udc09\u26a1<\/li>\n<li><strong>Eperj\u00e9g \/ Epres Kiwi<\/strong> \u2013 Gy\u00fcm\u00f6lcs\u00f6s bogy\u00f3s \u00e9lvezet \ud83c\udf53\ud83e\udd5d<\/li>\n<li><strong>Tr\u00f3pusi gy\u00fcm\u00f6lcs\u00f6k \/ h\u00e1rmas g\u00f6r\u00f6gdinnye<\/strong> \u2013 l\u00e9d\u00fas paradicsom \ud83c\udfdd\ufe0f\ud83c\udf49<\/li>\n<li><strong>Savany\u00fa mang\u00f3 anan\u00e1sz \/ citromos lime<\/strong> \u2013 cs\u00edp\u0151s \u00e9s zamatos \ud83e\udd6d\ud83c\udf4b<\/li>\n<li><strong>Ny\u00e1ri id\u0151\/Alma J\u00e9g<\/strong> \u2013 ropog\u00f3s \u00e9s friss\u00edt\u0151 \ud83c\udf4e\u2744\ufe0f<\/li>\n<li><strong>Sziv\u00e1rv\u00e1ny Cukorka \/ Sarkvid\u00e9ki fagy\u00e1s<\/strong> \u2013 \u00e9des \u00e9s jeges \ud83c\udf08\u2744\ufe0f<\/li>\n<li><strong>M\u00e1lna g\u00f6r\u00f6gdinnye \/ Jieshuang<\/strong> \u2013 egzotikus \u00e9s friss\u00edt\u0151 \ud83c\udf53\ud83c\udf49<\/li>\n<li><strong>Citromos romantika \/ Kaliforniai cseresznye<\/strong> \u2013 \u00c9des citrusos szerelem \ud83c\udf4b\ud83c\udf52<\/li>\n<li><strong>Mang\u00f3s \u0151szibarack s\u00e1rgabarack \/ feh\u00e9r gumicukor<\/strong> \u2013 gy\u00fcm\u00f6lcs\u00f6s cukorka boldogs\u00e1g \ud83c\udf51\ud83c\udf6c<\/li>\n<li><strong>M\u00e1ria \u00e1lma \/ Alo\u00e9 Mang\u00f3 dinnye j\u00e9g<\/strong> \u2013 Sima \u00e9s h\u0171s\u00edt\u0151 \ud83c\udf48\ud83e\udd6d<\/li>\n<li><strong>Kiwi passi\u00f3gy\u00fcm\u00f6lcs guava \/ \u00e1fony\u00e1s cseresznye<\/strong> \u2013 egzotikus tr\u00f3pusi f\u00fazi\u00f3 \ud83e\udd5d\ud83c\udf52<\/li>\n<li><strong>Anan\u00e1sz mang\u00f3\/Anan\u00e1sz k\u00f3kusz j\u00e9g<\/strong> \u2013 Dupla tr\u00f3pusi robban\u00e1s \ud83c\udf4d\ud83e\udd6d<\/li>\n<li><strong>M\u00e1lna g\u00f6r\u00f6gdinnye\/Alo\u00e9 Vera sz\u0151l\u0151<\/strong> \u2013 \u00e9des \u00e9s friss\u00edt\u0151 \ud83e\uded0\ud83c\udf47<\/li>\n<li><strong>Licsi j\u00e9g \/ eper licsi<\/strong> \u2013 egzotikus \u00e9dess\u00e9g \ud83c\udf38\ud83c\udf53<\/li>\n<li><strong>Tengerparti szex \/ M\u00e1lna g\u00f6r\u00f6gdinnye<\/strong> \u2013 Vid\u00e1m \u00e9s gy\u00fcm\u00f6lcs\u00f6s tengerparti hangulat \ud83c\udfd6\ufe0f\ud83c\udf49<\/li>\n<li><strong>Gumimaci \/ m\u00e1lnafekete csillog\u00e1s<\/strong> \u2013 cukorka-st\u00edlus\u00fa \u00e9lvezet \ud83c\udf6c\ud83e\uded0<\/li>\n<li><strong>Bogy\u00f3k, hideg g\u00f6r\u00f6gdinnye \/ savany\u00fa barack<\/strong> \u2013 \u00e9des \u00e9s cs\u00edp\u0151s \ud83c\udf53\ud83c\udf51<\/li>\n<li><strong>Eperban\u00e1n \/ Passi\u00f3gy\u00fcm\u00f6lcs Kiwi<\/strong> \u2013 Sima tr\u00f3pusi kever\u00e9k \ud83c\udf4c\ud83e\udd5d<\/li>\n<li><strong>Acai Vihar J\u00e9g \/ Szerelem 66<\/strong> \u2013 Mer\u00e9sz egzotikus kaland \ud83c\udf2a\ufe0f\u2764\ufe0f<\/li>\n<li><strong>R\u00f3zsasz\u00edn limon\u00e1d\u00e9 \/ \u00c1fonya-cseresznye citrom<\/strong> \u2013 zamatos \u00e9s gy\u00fcm\u00f6lcs\u00f6s \ud83c\udf4b\ud83e\uded0<\/li>\n<li><strong>Eperfagylalt \/ epres van\u00edlia<\/strong> \u2013 kr\u00e9mesen \u00e9des \ud83c\udf66\ud83c\udf53<\/li>\n<li><strong>\u00c1fonya \u00e1fonya cseresznye \/ g\u00f6r\u00f6gdinnye cseresznye<\/strong> \u2013 Bogy\u00f3s cseresznye robban\u00e1s \ud83c\udf52\ud83e\uded0<\/li>\n<\/ul>\n<h3>T\u00f6k\u00e9letes neh\u00e9z felhaszn\u00e1l\u00f3k \u00e9s nagykereskedelmi v\u00e1s\u00e1rl\u00f3k sz\u00e1m\u00e1ra<\/h3>\n<p>A <strong>Bang Blaze 40K<\/strong> a <strong>er\u0151s g\u0151z\u00f6l\u0151knek, az \u00edzek szerelmeseinek \u00e9s a B2B terjeszt\u00e9snek<\/strong> k\u00e9sz\u00fclt. <strong>Kett\u0151s \u00edzvil\u00e1g\u00e1val, hatalmas puffan\u00e1ssz\u00e1m\u00e1val \u00e9s \u00fajrat\u00f6lthet\u0151 k\u00e9nyelm\u00e9vel<\/strong> ez egy nagy kereslet\u0171 term\u00e9k, amely maximaliz\u00e1lja az el\u00e9gedetts\u00e9get \u00e9s a kiskereskedelmi nyeres\u00e9get.<\/p>\n<h3>GYIK<\/h3>\n<ul>\n<li><strong>H\u00e1ny \u00edz egy eszk\u00f6z\u00f6n?<\/strong><br \/>\nMinden eszk\u00f6zh\u00f6z 2 \u00edz tartozik, amelyek k\u00f6z\u00f6tt v\u00e1lthat.<\/li>\n<li><strong>\u00dajrat\u00f6lthet\u0151?<\/strong><br \/>\nIgen, 650 mAh-s akkumul\u00e1torral \u00e9s Type-C t\u00f6lt\u00e9ssel.<\/li>\n<li><strong>Milyen nikotinszintek \u00e1llnak rendelkez\u00e9sre?<\/strong><br \/>\n0%, 2%, 3% \u00e9s 5% opci\u00f3k \u00e1llnak rendelkez\u00e9sre.<\/li>\n<li><strong>Fel kell t\u00f6lteni?<\/strong><br \/>\nNincs sz\u00fcks\u00e9g ut\u00e1nt\u00f6lt\u00e9sre \u2013 40 ml e-folyad\u00e9kkal el\u0151re megt\u00f6ltve \u00e9rkezik.<\/li>\n<li><strong>Ki v\u00e1s\u00e1rolja meg ezt a term\u00e9ket?<\/strong><br \/>\nT\u00f6k\u00e9letes azoknak a <strong>vape \u00fczleteknek, forgalmaz\u00f3knak \u00e9s nagy felhaszn\u00e1l\u00f3knak<\/strong>, akik hosszan tart\u00f3 el\u00e9gedetts\u00e9gre v\u00e1gynak.<\/li>\n<\/ul>\n","protected":false},"excerpt":{"rendered":"<p>A <strong>Bang Blaze 40K<\/strong> \u26a1 egy pr\u00e9mium, <strong>k\u00e9t \u00edz\u0171, eldobhat\u00f3 vape<\/strong>, amely ak\u00e1r <strong>40 000 f\u00faj\u00e1st<\/strong>, hatalmas <strong>40 ml-es tart\u00e1lyt<\/strong> \u00e9s sima, kett\u0151s h\u00e1l\u00f3s tekercsrendszert k\u00edn\u00e1l. V\u00e1ltozatos \u00edzekre, hosszan tart\u00f3 alkalmakra \u00e9s nagykereskedelmi forgalmaz\u00e1sra tervezt\u00e9k, \u00edgy t\u00f6k\u00e9letes a vape boltok, a forgalmaz\u00f3k \u00e9s a neh\u00e9z vaperek sz\u00e1m\u00e1ra.<\/p>\n","protected":false},"featured_media":531,"comment_status":"open","ping_status":"closed","template":"","meta":[],"product_brand":[],"product_cat":[346],"product_tag":[],"class_list":{"0":"post-52922","1":"product","2":"type-product","3":"status-publish","4":"has-post-thumbnail","6":"product_cat-bang","8":"first","9":"instock","10":"shipping-taxable","11":"purchasable","12":"product-type-variable","13":"has-default-attributes"},"tiered_pricing_type":"fixed","tiered_pricing_fixed_rules":{"30":6.79000000000000003552713678800500929355621337890625,"50":5.67999999999999971578290569595992565155029296875,"100":4.80999999999999960920149533194489777088165283203125,"200":4.44000000000000039079850466805510222911834716796875,"400":3.890000000000000124344978758017532527446746826171875},"tiered_pricing_product_settings":{"layout":"default","base_unit_name":{"singular":null,"plural":null},"default_variation":null},"tiered_pricing_minimum_quantity":10,"tiered_pricing_roles_data":[],"tiered_pricing_percentage_rules":[],"tiered_pricing_maximum_quantity":null,"tiered_pricing_quantity_step":"10","_links":{"self":[{"href":"https:\/\/stage.jrfer.com\/hu\/wp-json\/wp\/v2\/product\/52922","targetHints":{"allow":["GET"]}}],"collection":[{"href":"https:\/\/stage.jrfer.com\/hu\/wp-json\/wp\/v2\/product"}],"about":[{"href":"https:\/\/stage.jrfer.com\/hu\/wp-json\/wp\/v2\/types\/product"}],"replies":[{"embeddable":true,"href":"https:\/\/stage.jrfer.com\/hu\/wp-json\/wp\/v2\/comments?post=52922"}],"wp:featuredmedia":[{"embeddable":true,"href":"https:\/\/stage.jrfer.com\/hu\/wp-json\/wp\/v2\/media\/531"}],"wp:attachment":[{"href":"https:\/\/stage.jrfer.com\/hu\/wp-json\/wp\/v2\/media?parent=52922"}],"wp:term":[{"taxonomy":"product_brand","embeddable":true,"href":"https:\/\/stage.jrfer.com\/hu\/wp-json\/wp\/v2\/product_brand?post=52922"},{"taxonomy":"product_cat","embeddable":true,"href":"https:\/\/stage.jrfer.com\/hu\/wp-json\/wp\/v2\/product_cat?post=52922"},{"taxonomy":"product_tag","embeddable":true,"href":"https:\/\/stage.jrfer.com\/hu\/wp-json\/wp\/v2\/product_tag?post=52922"}],"curies":[{"name":"wp","href":"https:\/\/api.w.org\/{rel}","templated":true}]}}