{"id":54570,"date":"2025-06-28T04:24:43","date_gmt":"2025-06-28T04:24:43","guid":{"rendered":"https:\/\/stage.jrfer.com\/product\/bang-leader-80k-3-az-1-ben-80000-puff-tripla-izu-omlesztett-eldobhato-vape\/"},"modified":"2026-04-07T15:01:11","modified_gmt":"2026-04-07T15:01:11","slug":"bang-leader-80k-puffs","status":"publish","type":"product","link":"https:\/\/stage.jrfer.com\/hu\/termek\/bang-leader-80k-puffs\/","title":{"rendered":"Bang Leader 80K 3 az 1-ben 80000 Puff | tripla \u00edz\u0171 \u00f6mlesztett eldobhat\u00f3 vape"},"content":{"rendered":"<h2>Mi\u00e9rt v\u00e1lassza a Bang Leader 80K-t?<\/h2>\n<ul>\n<li><strong>Triple Flavor System:<\/strong> Azonnal v\u00e1lthat 3 be\u00e9p\u00edtett \u00edz k\u00f6z\u00f6tt 1 eszk\u00f6zben \ud83c\udf49\ud83e\udd6d\ud83c\udf4c<\/li>\n<li><strong>Ultra-nagy bef\u00faj\u00e1ssz\u00e1m:<\/strong> Ak\u00e1r 80 000 bef\u00faj\u00e1s a p\u00e1ratlan hossz\u00fa \u00e9lettartam\u00e9rt \ud83d\ude80<\/li>\n<li><strong>Nikotin opci\u00f3k:<\/strong> 0%, 2%, 3% vagy 5% \u2013 minden ig\u00e9nyt kiel\u00e9g\u00edt \u2705<\/li>\n<li><strong>Kett\u0151s h\u00e1l\u00f3s tekercs:<\/strong> Gazdagabb \u00edz, l\u00e1gyabb g\u0151z \u00e9s gyorsabb felmeleged\u00e9s \ud83c\udf2c\ufe0f<\/li>\n<li><strong>\u00dajrat\u00f6lthet\u0151 teljes\u00edtm\u00e9ny:<\/strong> 850 mAh-s akkumul\u00e1tor C-t\u00edpus\u00fa gyorst\u00f6lt\u00e9ssel \u26a1<\/li>\n<li><strong>Nagykereskedelmi k\u00e9szen \u00e1ll:<\/strong> Minden doboz 10 egys\u00e9get tartalmaz \u2013 t\u00f6k\u00e9letes a viszontelad\u00f3knak \ud83d\udce6<\/li>\n<\/ul>\n<h3>M\u0171szaki adatok<\/h3>\n<tbody>\n<tr>\n<td><strong>Puffok sz\u00e1ma:<\/strong><\/td>\n<td>Ak\u00e1r 80 000 f\u00faj\u00e1s<\/td>\n<\/tr>\n<tr>\n<td><strong>\u00cdzrendszer:<\/strong><\/td>\n<td>3 az 1-ben h\u00e1rmas \u00edzv\u00e1lt\u00e1s<\/td>\n<\/tr>\n<tr>\n<td><strong>A nikotin er\u0151ss\u00e9gei:<\/strong><\/td>\n<td>0%, 2%, 3%, 5%<\/td>\n<\/tr>\n<tr>\n<td><strong>Tekercs:<\/strong><\/td>\n<td>Kett\u0151s h\u00e1l\u00f3s tekercs<\/td>\n<\/tr>\n<tr>\n<td><strong>Akkumul\u00e1tor:<\/strong><\/td>\n<td>850 mAh \u00fajrat\u00f6lthet\u0151<\/td>\n<\/tr>\n<tr>\n<td><strong>T\u00f6lt\u00e9s:<\/strong><\/td>\n<td>C t\u00edpus\u00fa gyorst\u00f6lt\u00e9s<\/td>\n<\/tr>\n<tr>\n<td><strong>Csomagol\u00e1s dobozban:<\/strong><\/td>\n<td>10 egys\u00e9g dobozonk\u00e9nt (B2B-bar\u00e1t)<\/td>\n<\/tr>\n<\/tbody>\n<\/table>\n<h3>\u00cdz\u00e9lm\u00e9ny<\/h3>\n<p>A <strong>Bang Leader 80K<\/strong> seg\u00edts\u00e9g\u00e9vel <strong>3 \u00edzt kap minden eszk\u00f6zben<\/strong> \u2013 t\u00f6k\u00e9letes kever\u00e9k a v\u00e9gtelen v\u00e1ltozatoss\u00e1ghoz \ud83d\ude0d:<\/p>\n<ul>\n<li><strong>G\u00f6r\u00f6gdinnye j\u00e9g + eper mang\u00f3 + ban\u00e1n<\/strong> \u2013 egy friss\u00edt\u0151 gy\u00fcm\u00f6lcs\u00f6s tri\u00f3 \ud83c\udf49\ud83c\udf53\ud83c\udf4c<\/li>\n<li><strong>M\u00e1lna Mojito \u0151szibarack j\u00e9g + eper g\u00f6r\u00f6gdinnye + kivi maracuja guava<\/strong> \u2013 egzotikus \u00e9s men\u0151 \ud83e\udd5d\ud83c\udf51<\/li>\n<li><strong>Epres g\u00f6r\u00f6gdinnye + sz\u0151l\u0151j\u00e9g + sziv\u00e1rv\u00e1nycukor<\/strong> \u2013 \u00e9des, jeges \u00e9s sz\u00ednes \ud83c\udf53\ud83c\udf6c<\/li>\n<li><strong>Cola Ice + \u00c1fonya M\u00e1lna + \u0150szibarack Mang\u00f3 G\u00f6r\u00f6gdinnye<\/strong> \u2013 Pezsg\u0151, cs\u00edp\u0151s \u00e9s tr\u00f3pusi \ud83e\udd64\ud83c\udf47<\/li>\n<li><strong>\u00c1fonya g\u00f6r\u00f6gdinnye + eper mang\u00f3 + fekete ribizli<\/strong> \u2013 mer\u00e9sz gy\u00fcm\u00f6lcsrobban\u00e1s \ud83e\uded0\ud83c\udf49<\/li>\n<li><strong>Blueberry Ice + Black Dragon Ice + Mango Peach<\/strong> \u2013 Jeges \u00e9s er\u0151teljes \ud83d\udc09\ud83e\udd6d<\/li>\n<li><strong>\u00c1fonya j\u00e9g + eper ban\u00e1n + vegyes bogy\u00f3k<\/strong> \u2013 kr\u00e9mes \u00e9s gy\u00fcm\u00f6lcs\u00f6s kever\u00e9k \ud83c\udf4c\ud83e\uded0<\/li>\n<li><strong>Red Bull + \u00c1fonya G\u00f6r\u00f6gdinnye + Almak\u00f6rte<\/strong> \u2013 Energian\u00f6vel\u0151 gy\u00fcm\u00f6lcs\u00f6s \u00fct\u00e9ssel \u26a1\ud83c\udf4f<\/li>\n<li><strong>Red Bull + g\u00f6r\u00f6gdinnye bubor\u00e9kcukor + eperfagylalt<\/strong> \u2013 sz\u00f3rakoztat\u00f3 \u00e9s desszertszer\u0171 \ud83c\udf6c\ud83c\udf66<\/li>\n<li><strong>Epres kiwi + \u0151szibarack j\u00e9g + cseresznye k\u00f3la<\/strong> \u2013 \u00e9des, cs\u00edp\u0151s \u00e9s pezsg\u0151 \ud83c\udf52\ud83e\udd64<\/li>\n<li><strong>Kiwi guava + licsi j\u00e9g + mang\u00f3 \u0151szibarack anan\u00e1sz<\/strong> \u2013 egzotikus tr\u00f3pusi paradicsom \ud83e\udd6d\ud83c\udf4d<\/li>\n<li><strong>Avok\u00e1d\u00f3 j\u00e9g + citrom lime + g\u00f6r\u00f6gdinnye m\u00e1lna<\/strong> \u2013 egyedi, zamatos \u00e9s friss\u00edt\u0151 \ud83e\udd51\ud83c\udf4b<\/li>\n<\/ul>\n<h3>T\u00f6k\u00e9letes neh\u00e9z felhaszn\u00e1l\u00f3k \u00e9s nagykeresked\u0151k sz\u00e1m\u00e1ra<\/h3>\n<p>A <strong>Bang Leader 80K<\/strong> a <strong>er\u0151s g\u0151z\u00f6s\u00f6k, az \u00edzek kedvel\u0151i \u00e9s a t\u00f6meges v\u00e1s\u00e1rl\u00f3k<\/strong> sz\u00e1m\u00e1ra k\u00e9sz\u00fclt. <strong>80 000 puffad\u00e1sa, h\u00e1rom \u00edzes\u00edt\u00e9s\u0171 rendszere \u00e9s B2B-bar\u00e1t csomagol\u00e1sa<\/strong> elengedhetetlen kell\u00e9ke a nagy kereslet\u0171 term\u00e9ket keres\u0151 vape boltoknak, forgalmaz\u00f3knak \u00e9s t\u00e1rsalg\u00f3knak.<\/p>\n<h3>GYIK<\/h3>\n<ul>\n<li><strong>H\u00e1ny \u00edz tal\u00e1lhat\u00f3 az egyes eszk\u00f6z\u00f6kben?<\/strong><br \/>\nMinden eszk\u00f6zh\u00f6z 3 be\u00e9p\u00edtett \u00edz tartozik, amelyek k\u00f6z\u00f6tt v\u00e1lthat.<\/li>\n<li><strong>\u00dajrat\u00f6lthet\u0151?<\/strong><br \/>\nIgen, tartalmaz egy Type-C t\u00f6lt\u0151portot 850 mAh-s akkumul\u00e1torral.<\/li>\n<li><strong>Milyen nikotinszintek \u00e1llnak rendelkez\u00e9sre?<\/strong><br \/>\n0%, 2%, 3% \u00e9s 5% v\u00e1ltozatban \u00e9rhet\u0151 el, hogy megfeleljen a k\u00fcl\u00f6nb\u00f6z\u0151 felhaszn\u00e1l\u00f3knak.<\/li>\n<li><strong>Hogyan van csomagolva?<\/strong><br \/>\nMinden nagykereskedelmi doboz 10 egys\u00e9get tartalmaz, ide\u00e1lis a B2B v\u00e1s\u00e1rl\u00f3k sz\u00e1m\u00e1ra.<\/li>\n<li><strong>Ki v\u00e1s\u00e1rolja meg ezt a term\u00e9ket?<\/strong><br \/>\nT\u00f6k\u00e9letes a <strong>nagy felhaszn\u00e1l\u00f3k, az \u00edzek szerelmesei, a vape \u00fczletek \u00e9s a forgalmaz\u00f3k sz\u00e1m\u00e1ra<\/strong>, akik pr\u00e9mium t\u00f6meges opci\u00f3kat keresnek.<\/li>\n<\/ul>\n","protected":false},"excerpt":{"rendered":"<p>A <strong>Bang Leader 80K<\/strong> \ud83d\udd25 \u00fajradefini\u00e1lja az eldobhat\u00f3 g\u0151z\u00f6l\u00e9st <strong>3 az 1-ben \u00edzv\u00e1lt\u00e1ssal<\/strong>, hatalmas <strong>80 000 puffad\u00e1ssz\u00e1mmal<\/strong> \u00e9s <strong>k\u00e9th\u00e1l\u00f3s tekercstechnol\u00f3gi\u00e1val<\/strong>. A hosszan tart\u00f3 \u00e9lvezetre \u00e9s a nagykereskedelmi forgalmaz\u00e1sra tervezt\u00e9k, t\u00f6k\u00e9letes v\u00e1laszt\u00e1s vape boltok, forgalmaz\u00f3k \u00e9s \u00edzkeres\u0151k sz\u00e1m\u00e1ra.<\/p>\n","protected":false},"featured_media":818,"comment_status":"open","ping_status":"closed","template":"","meta":[],"product_brand":[],"product_cat":[346],"product_tag":[],"class_list":{"0":"post-54570","1":"product","2":"type-product","3":"status-publish","4":"has-post-thumbnail","6":"product_cat-bang","8":"first","9":"instock","10":"shipping-taxable","11":"purchasable","12":"product-type-variable","13":"has-default-attributes"},"tiered_pricing_type":"fixed","tiered_pricing_fixed_rules":{"30":7.4000000000000003552713678800500929355621337890625,"50":6.29000000000000003552713678800500929355621337890625,"100":5.42999999999999971578290569595992565155029296875,"200":5.05999999999999960920149533194489777088165283203125,"400":4.5},"tiered_pricing_product_settings":{"layout":"default","base_unit_name":{"singular":null,"plural":null},"default_variation":null},"tiered_pricing_minimum_quantity":10,"tiered_pricing_roles_data":[],"tiered_pricing_percentage_rules":[],"tiered_pricing_maximum_quantity":null,"tiered_pricing_quantity_step":"10","_links":{"self":[{"href":"https:\/\/stage.jrfer.com\/hu\/wp-json\/wp\/v2\/product\/54570","targetHints":{"allow":["GET"]}}],"collection":[{"href":"https:\/\/stage.jrfer.com\/hu\/wp-json\/wp\/v2\/product"}],"about":[{"href":"https:\/\/stage.jrfer.com\/hu\/wp-json\/wp\/v2\/types\/product"}],"replies":[{"embeddable":true,"href":"https:\/\/stage.jrfer.com\/hu\/wp-json\/wp\/v2\/comments?post=54570"}],"wp:featuredmedia":[{"embeddable":true,"href":"https:\/\/stage.jrfer.com\/hu\/wp-json\/wp\/v2\/media\/818"}],"wp:attachment":[{"href":"https:\/\/stage.jrfer.com\/hu\/wp-json\/wp\/v2\/media?parent=54570"}],"wp:term":[{"taxonomy":"product_brand","embeddable":true,"href":"https:\/\/stage.jrfer.com\/hu\/wp-json\/wp\/v2\/product_brand?post=54570"},{"taxonomy":"product_cat","embeddable":true,"href":"https:\/\/stage.jrfer.com\/hu\/wp-json\/wp\/v2\/product_cat?post=54570"},{"taxonomy":"product_tag","embeddable":true,"href":"https:\/\/stage.jrfer.com\/hu\/wp-json\/wp\/v2\/product_tag?post=54570"}],"curies":[{"name":"wp","href":"https:\/\/api.w.org\/{rel}","templated":true}]}}