{"id":55895,"date":"2025-06-28T04:16:25","date_gmt":"2025-06-28T04:16:25","guid":{"rendered":"https:\/\/stage.jrfer.com\/product\/fumot-randm-tornado-30k-30000-puffs-led-konnyuzene-vape-omlesztett-eldobhato\/"},"modified":"2026-04-07T15:05:53","modified_gmt":"2026-04-07T15:05:53","slug":"fumot-randm-tornado-30000-puffs","status":"publish","type":"product","link":"https:\/\/stage.jrfer.com\/hu\/termek\/fumot-randm-tornado-30000-puffs\/","title":{"rendered":"Fumot RandM Tornado 30K 30000 Puffs | led k\u00f6nny\u0171zene vape \u00f6mlesztett eldobhat\u00f3"},"content":{"rendered":"<h2>Mi\u00e9rt v\u00e1lassza a Fumot RandM Tornado 30K-t?<\/h2>\n<ul>\n<li><strong>30 000 bef\u00faj\u00e1s:<\/strong> \u00c9lvezze a hosszan tart\u00f3 g\u0151z\u00f6l\u00e9st folyamatos csere n\u00e9lk\u00fcl \ud83d\udd0b<\/li>\n<li><strong>Nikotin rugalmass\u00e1g:<\/strong> V\u00e1lasszon 2% vagy 5% nikotint az ig\u00e9nyeinek megfelel\u0151en \u2705<\/li>\n<li><strong>30 ml-es E-folyad\u00e9k tart\u00e1ly:<\/strong> Meghosszabb\u00edtott \u00edzell\u00e1totts\u00e1g hetekig \ud83c\udf53\ud83c\udf4d<\/li>\n<li><strong>Advanced Mesh Coil:<\/strong> 1,0 \u03a9-os tekercs a finomabb \u00fct\u00e9sek \u00e9s az er\u0151sebb \u00edz \u00e9rdek\u00e9ben \ud83c\udf2c\ufe0f<\/li>\n<li><strong>\u00dajrat\u00f6lthet\u0151 \u00e9s k\u00f6rnyezetbar\u00e1t:<\/strong> 600 mAh-s akkumul\u00e1tor C t\u00edpus\u00fa t\u00f6lt\u00e9ssel \ud83d\udd0c<\/li>\n<li><strong>Zene LED l\u00e1mp\u00e1k:<\/strong> Hanggal vil\u00e1g\u00edt a mulats\u00e1gos bulihangulat\u00e9rt \ud83c\udf89<\/li>\n<li><strong>Nagykereskedelmi k\u00e9sz:<\/strong> T\u00f6meges \u00e9rt\u00e9kes\u00edt\u00e9sre \u00e9s kiskereskedelmi keresletre tervezve \ud83d\udce6<\/li>\n<\/ul>\n<h3>M\u0171szaki adatok<\/h3>\n<tbody>\n<tr>\n<td><strong>Puffok sz\u00e1ma:<\/strong><\/td>\n<td>Ak\u00e1r 30 000 f\u00faj\u00e1s<\/td>\n<\/tr>\n<tr>\n<td><strong>E-folyad\u00e9k kapacit\u00e1sa:<\/strong><\/td>\n<td>30 ml el\u0151ret\u00f6lt\u00f6tt<\/td>\n<\/tr>\n<tr>\n<td><strong>Nikotin er\u0151ss\u00e9ge:<\/strong><\/td>\n<td>2% vagy 5%<\/td>\n<\/tr>\n<tr>\n<td><strong>Tekercs:<\/strong><\/td>\n<td>1,0\u03a9-os h\u00e1l\u00f3tekercs<\/td>\n<\/tr>\n<tr>\n<td><strong>Akkumul\u00e1tor:<\/strong><\/td>\n<td>600 mAh \u00fajrat\u00f6lthet\u0151<\/td>\n<\/tr>\n<tr>\n<td><strong>T\u00f6lt\u00e9s:<\/strong><\/td>\n<td>C t\u00edpus\u00fa gyorst\u00f6lt\u00e9s<\/td>\n<\/tr>\n<tr>\n<td><strong>K\u00fcl\u00f6nleges szolg\u00e1ltat\u00e1s:<\/strong><\/td>\n<td>Zen\u00e9re reag\u00e1l\u00f3 LED-l\u00e1mp\u00e1k<\/td>\n<\/tr>\n<\/tbody>\n<\/table>\n<h3>\u00cdzv\u00e1laszt\u00e1s<\/h3>\n<p>A <strong>Fumot RandM Tornado 30K<\/strong> friss\u00edt\u0151 \u00e9s gy\u00fcm\u00f6lcs\u00f6s kever\u00e9kek sz\u00e9les v\u00e1laszt\u00e9k\u00e1t k\u00edn\u00e1lja, hogy minden v\u00e1gyat kiel\u00e9g\u00edtsen \ud83c\udf6d\ud83c\udf47:<\/p>\n<ul>\n<li><strong>Ban\u00e1n j\u00e9g<\/strong> \u2013 Sima tr\u00f3pusi ban\u00e1n jeges csavarral \ud83c\udf4c\u2744\ufe0f<\/li>\n<li><strong>Fekete J\u00e9g<\/strong> \u2013 h\u0171v\u00f6s \u00e9s mer\u00e9sz a mentol szerelmeseinek \ud83d\udda4\u2744\ufe0f<\/li>\n<li><strong>K\u00e9k Razz J\u00e9g<\/strong> \u2013 \u00c9des \u00e9s cs\u00edp\u0151s bogy\u00f3s illat \ud83d\udc99<\/li>\n<li><strong>\u00c1fonya J\u00e9gen<\/strong> \u2013 Klasszikus \u00e1fonya fagyos fel\u00fclettel \ud83e\uded0<\/li>\n<li><strong>\u00c1fonya m\u00e1lna<\/strong> \u2013 Dupla bogy\u00f3s gy\u00f6ny\u00f6r \ud83e\uded0\ud83c\udf53<\/li>\n<li><strong>\u00c1fon\u00e1s savany\u00fa m\u00e1lna<\/strong> \u2013 Az \u00e9des \u00e9s a savany\u00fa ebben a gy\u00fcm\u00f6lcs\u00f6s kever\u00e9kben \ud83c\udf6c<\/li>\n<li><strong>Cseresznye J\u00e9g<\/strong> \u2013 Mer\u00e9sz cseresznye jeges, h\u0171v\u00f6s \u00e9rint\u00e9ssel \ud83c\udf52\u2744\ufe0f<\/li>\n<li><strong>Cseresznye K\u00f3la<\/strong> \u2013 Pezsg\u0151 sz\u00f3da cseresznye csavarral \ud83e\udd64<\/li>\n<li><strong>K\u00f3la J\u00e9g<\/strong> \u2013 friss\u00edt\u0151 k\u00f3la h\u0171s\u00edt\u0151 \u00e9rz\u00e9ssel \ud83e\udd76<\/li>\n<li><strong>H\u0171v\u00f6s menta<\/strong> \u2013 \u00c9les \u00e9s friss ment\u00e1s bel\u00e9legz\u00e9s \ud83c\udf3f<\/li>\n<li><strong>Dupla alma<\/strong> \u2013 Klasszikus shisha st\u00edlus\u00fa alma\u00edz \ud83c\udf4f\ud83c\udf4e<\/li>\n<li><strong>Dr K\u00e9k<\/strong> \u2013 Egyed\u00fcl\u00e1ll\u00f3 cukorka ihlette \u00edz \ud83d\udca7<\/li>\n<li><strong>Sz\u0151l\u0151 j\u00e9g<\/strong> \u2013 L\u00e9d\u00fas sz\u0151l\u0151 jeges hidegs\u00e9ggel \ud83c\udf47\u2744\ufe0f<\/li>\n<li><strong>J\u00e9g Pop<\/strong> \u2013 \u00c9des, fagyasztott finoms\u00e1g g\u0151z form\u00e1j\u00e1ban \ud83c\udf6d<\/li>\n<li><strong>Kiwi Szenved\u00e9ly Gy\u00fcm\u00f6lcs Guj\u00e1vafa<\/strong> \u2013 Egzotikus gy\u00fcm\u00f6lcs\u00f6k tr\u00f3pusi kever\u00e9ke \ud83e\udd5d<\/li>\n<li><strong>Szerelem 66<\/strong> \u2013 legend\u00e1s v\u00edzipip\u00e1val ihletett gy\u00fcm\u00f6lcs\u00f6s kever\u00e9k \u2764\ufe0f<\/li>\n<li><strong>Buja J\u00e9g<\/strong> \u2013 g\u00f6r\u00f6gdinnye h\u0171s\u00edt\u0151 j\u00e9ggel \ud83c\udf49\u2744\ufe0f<\/li>\n<li><strong>Kevert bogy\u00f3s gy\u00fcm\u00f6lcs\u00f6k<\/strong> \u2013 \u00e9des bogy\u00f3s kever\u00e9k \ud83e\uded0\ud83c\udf53<\/li>\n<li><strong>\u0150szibarack bogy\u00f3<\/strong> \u2013 l\u00e9d\u00fas \u0151szibarack \u00e9s bogy\u00f3 kombin\u00e1ci\u00f3 \ud83c\udf51<\/li>\n<li><strong>Barack j\u00e9g<\/strong> \u2013 friss \u0151szibarack fagyos hideggel \ud83c\udf51\u2744\ufe0f<\/li>\n<li><strong>Peachy Mango Anan\u00e1sz<\/strong> \u2013 Tr\u00f3pusi tri\u00f3 robban\u00e1s \ud83c\udf4d\ud83e\udd6d\ud83c\udf51<\/li>\n<li><strong>Anan\u00e1sz j\u00e9g<\/strong> \u2013 \u00e9des anan\u00e1sz jeges sz\u00e9llel \ud83c\udf4d\u2744\ufe0f<\/li>\n<li><strong>R\u00f3zsasz\u00edn limon\u00e1d\u00e9<\/strong> \u2013 cs\u00edp\u0151s, friss\u00edt\u0151 \u00e9s \u00e9des \ud83c\udf4b<\/li>\n<li><strong>Teke<\/strong> \u2013 Candy sziv\u00e1rv\u00e1ny \u00edz\u0171 \ud83c\udf08<\/li>\n<li><strong>Eperban\u00e1n<\/strong> \u2013 Finom, gy\u00fcm\u00f6lcs\u00f6s klasszikus \ud83c\udf53\ud83c\udf4c<\/li>\n<li><strong>Epersz\u0151l\u0151<\/strong> \u2013 l\u00e9d\u00fas gy\u00fcm\u00f6lcs\u00f6k \u00e9des kever\u00e9ke \ud83c\udf53\ud83c\udf47<\/li>\n<li><strong>Eperj\u00e9g<\/strong> \u2013 Klasszikus eper mentolos h\u0171t\u00e9ssel \ud83c\udf53\u2744\ufe0f<\/li>\n<li><strong>Eper g\u00f6r\u00f6gdinnye<\/strong> \u2013 Friss\u00edt\u0151 gy\u00fcm\u00f6lcs\u00f6s f\u00fazi\u00f3 \ud83c\udf53\ud83c\udf49<\/li>\n<li><strong>H\u00e1rmas Mang\u00f3<\/strong> \u2013 intenz\u00edv tr\u00f3pusi mang\u00f3 \u00edz \ud83e\udd6d<\/li>\n<li><strong>Vimto<\/strong> \u2013 sz\u00e9nsavas bogy\u00f3s sz\u00f3da ihlette \u00edz \ud83e\udd64\ud83c\udf53<\/li>\n<\/ul>\n<h3>T\u00f6k\u00e9letes neh\u00e9z vapperek \u00e9s nagykereskedelmi v\u00e1s\u00e1rl\u00f3k sz\u00e1m\u00e1ra<\/h3>\n<p>A <strong>Fumot RandM Tornado 30K<\/strong> ide\u00e1lis <strong>nagy felhaszn\u00e1l\u00f3k, \u00edzek rajong\u00f3i, vape boltok \u00e9s forgalmaz\u00f3k sz\u00e1m\u00e1ra<\/strong>. <strong>Hatalmas puffad\u00e1si sz\u00e1ma, \u00fajrat\u00f6lthet\u0151 akkumul\u00e1tora \u00e9s zenei LED-l\u00e1mp\u00e1i<\/strong> kiv\u00e1l\u00f3 v\u00e1laszt\u00e1ss\u00e1 teszik szem\u00e9lyes \u00e9s kereskedelmi haszn\u00e1latra egyar\u00e1nt.<\/p>\n<h3>GYIK<\/h3>\n<ul>\n<li><strong>H\u00e1ny f\u00faj\u00e1sig tart?<\/strong><br \/>\nEszk\u00f6z\u00f6nk\u00e9nt legfeljebb 30 000 f\u00faj\u00e1s.<\/li>\n<li><strong>\u00dajrat\u00f6lthet\u0151?<\/strong><br \/>\nIgen, 600 mAh-s akkumul\u00e1torral \u00e9s C t\u00edpus\u00fa t\u00f6lt\u00e9ssel rendelkezik.<\/li>\n<li><strong>Milyen er\u0151ss\u00e9g\u0171 nikotin \u00e9rhet\u0151 el?<\/strong><br \/>\nV\u00e1lasszon 2% \u00e9s 5% nikotin k\u00f6z\u00f6tt.<\/li>\n<li><strong>Vil\u00e1g\u00edt?<\/strong><br \/>\nIgen, a zen\u00e9re reag\u00e1l\u00f3 LED-l\u00e1mp\u00e1k sz\u00f3rakoztat\u00f3 \u00e9lm\u00e9nyt ny\u00fajtanak.<\/li>\n<li><strong>Nagykereskedelemre alkalmas?<\/strong><br \/>\nTerm\u00e9szetesen a B2B v\u00e1s\u00e1rl\u00f3k \u00e9s kiskeresked\u0151k szem el\u0151tt tart\u00e1s\u00e1val k\u00e9sz\u00fclt.<\/li>\n<\/ul>\n","protected":false},"excerpt":{"rendered":"<p>A <strong>Fumot RandM Tornado 30000 Puffs<\/strong> \ud83c\udfb6 egy nagy teljes\u00edtm\u00e9ny\u0171 eldobhat\u00f3 vape <strong>zen\u00e9re reakt\u00edv LED l\u00e1mp\u00e1kkal<\/strong>, hatalmas <strong>30 000 f\u00faj\u00e1s kapacit\u00e1ssal<\/strong> \u00e9s mer\u00e9sz \u00edzv\u00e1laszt\u00e9kkal. T\u00f6k\u00e9letes a vape \u00fczletek, a forgalmaz\u00f3k \u00e9s a neh\u00e9z felhaszn\u00e1l\u00f3k sz\u00e1m\u00e1ra, akik st\u00edlust \u00e9s kitart\u00e1st keresnek egy eszk\u00f6zben.<\/p>\n","protected":false},"featured_media":337,"comment_status":"open","ping_status":"closed","template":"","meta":[],"product_brand":[],"product_cat":[387],"product_tag":[],"class_list":{"0":"post-55895","1":"product","2":"type-product","3":"status-publish","4":"has-post-thumbnail","6":"product_cat-randm","8":"first","9":"instock","10":"shipping-taxable","11":"purchasable","12":"product-type-variable","13":"has-default-attributes"},"tiered_pricing_type":"fixed","tiered_pricing_fixed_rules":{"30":8.1500000000000003552713678800500929355621337890625,"50":7.03000000000000024868995751603506505489349365234375,"100":6.29000000000000003552713678800500929355621337890625,"200":5.9199999999999999289457264239899814128875732421875,"400":5.37000000000000010658141036401502788066864013671875},"tiered_pricing_product_settings":{"layout":"default","base_unit_name":{"singular":null,"plural":null},"default_variation":null},"tiered_pricing_minimum_quantity":10,"tiered_pricing_roles_data":[],"tiered_pricing_percentage_rules":[],"tiered_pricing_maximum_quantity":null,"tiered_pricing_quantity_step":"10","_links":{"self":[{"href":"https:\/\/stage.jrfer.com\/hu\/wp-json\/wp\/v2\/product\/55895","targetHints":{"allow":["GET"]}}],"collection":[{"href":"https:\/\/stage.jrfer.com\/hu\/wp-json\/wp\/v2\/product"}],"about":[{"href":"https:\/\/stage.jrfer.com\/hu\/wp-json\/wp\/v2\/types\/product"}],"replies":[{"embeddable":true,"href":"https:\/\/stage.jrfer.com\/hu\/wp-json\/wp\/v2\/comments?post=55895"}],"wp:featuredmedia":[{"embeddable":true,"href":"https:\/\/stage.jrfer.com\/hu\/wp-json\/wp\/v2\/media\/337"}],"wp:attachment":[{"href":"https:\/\/stage.jrfer.com\/hu\/wp-json\/wp\/v2\/media?parent=55895"}],"wp:term":[{"taxonomy":"product_brand","embeddable":true,"href":"https:\/\/stage.jrfer.com\/hu\/wp-json\/wp\/v2\/product_brand?post=55895"},{"taxonomy":"product_cat","embeddable":true,"href":"https:\/\/stage.jrfer.com\/hu\/wp-json\/wp\/v2\/product_cat?post=55895"},{"taxonomy":"product_tag","embeddable":true,"href":"https:\/\/stage.jrfer.com\/hu\/wp-json\/wp\/v2\/product_tag?post=55895"}],"curies":[{"name":"wp","href":"https:\/\/api.w.org\/{rel}","templated":true}]}}