{"id":58243,"date":"2025-06-28T04:00:41","date_gmt":"2025-06-28T04:00:41","guid":{"rendered":"https:\/\/stage.jrfer.com\/product\/uwin-crystal-10k-10000-puffs-rgb-light-eldobhato-vape-nagykereskedes\/"},"modified":"2026-04-07T15:10:31","modified_gmt":"2026-04-07T15:10:31","slug":"uwin-crystal-10000-puffs","status":"publish","type":"product","link":"https:\/\/stage.jrfer.com\/hu\/termek\/uwin-crystal-10000-puffs\/","title":{"rendered":"Uwin Crystal 10K 10000 Puffs | rgb light eldobhat\u00f3 vape nagykeresked\u00e9s"},"content":{"rendered":"<h2>Mi\u00e9rt v\u00e1lassza az Uwin Crystal 10K-t?<\/h2>\n<ul>\n<li><strong>10 000 bef\u00faj\u00e1s:<\/strong> Hosszan tart\u00f3 haszn\u00e1lat a jobb \u00e1r-\u00e9rt\u00e9k ar\u00e1ny\u00e9rt \ud83d\udca8<\/li>\n<li><strong>Rugalmas nikotin:<\/strong> V\u00e1lasszon a 0%, 2%, 3% vagy 5% k\u00f6z\u00fcl, hogy megfeleljen az ig\u00e9nyeinek \ud83d\udd25<\/li>\n<li><strong>Nagy, 18 ml-es tart\u00e1ly:<\/strong> El\u0151re megt\u00f6ltve a hetekig tart\u00f3 zavartalan g\u0151z\u00f6l\u00e9shez \ud83c\udf53<\/li>\n<li><strong>Mesh Coil 0,8\u03a9:<\/strong> \u00c9lvezze a sim\u00e1bb felh\u0151ket \u00e9s a fokozott \u00edzt \ud83c\udf2c\ufe0f<\/li>\n<li><strong>RGB f\u00e9nyek:<\/strong> Egyed\u00fcl\u00e1ll\u00f3 izz\u00f3 effektusok a st\u00edlusos \u00e9lm\u00e9ny\u00e9rt \u2728<\/li>\n<li><strong>\u00dajrat\u00f6lthet\u0151 teljes\u00edtm\u00e9ny:<\/strong> 650 mAh-s kobalt akkumul\u00e1tor Type-C gyorst\u00f6lt\u00e9ssel \ud83d\udd0b<\/li>\n<li><strong>Nagykereskedelmi k\u00e9szen \u00e1ll:<\/strong> 200 db kartononk\u00e9nt, \u00f6mleszthet\u0151 csomagol\u00e1s \ud83d\udce6<\/li>\n<\/ul>\n<h3>M\u0171szaki adatok<\/h3>\n<tbody>\n<tr>\n<td><strong>Puffok sz\u00e1ma:<\/strong><\/td>\n<td>Ak\u00e1r 10 000<\/td>\n<\/tr>\n<tr>\n<td><strong>E-folyad\u00e9k kapacit\u00e1s:<\/strong><\/td>\n<td>18 ml<\/td>\n<\/tr>\n<tr>\n<td><strong>Nikotin er\u0151ss\u00e9ge:<\/strong><\/td>\n<td>0%, 2%, 3%, 5%<\/td>\n<\/tr>\n<tr>\n<td><strong>Akkumul\u00e1tor:<\/strong><\/td>\n<td>650 mAh \u00fajrat\u00f6lthet\u0151 kobalt akkumul\u00e1tor<\/td>\n<\/tr>\n<tr>\n<td><strong>T\u00f6lt\u00e9s:<\/strong><\/td>\n<td>C t\u00edpus\u00fa gyorst\u00f6lt\u00e9s<\/td>\n<\/tr>\n<tr>\n<td><strong>Tekercs:<\/strong><\/td>\n<td>0,8\u03a9 mesh tekercs<\/td>\n<\/tr>\n<tr>\n<td><strong>Csomagol\u00e1s:<\/strong><\/td>\n<td>200 db\/karton (10 db\/doboz)<\/td>\n<\/tr>\n<tr>\n<td><strong>S\u00faly:<\/strong><\/td>\n<td>17,3 kg kartononk\u00e9nt<\/td>\n<\/tr>\n<tr>\n<td><strong>M\u00e9retek:<\/strong><\/td>\n<td>36,5 x 36,7 x 31,5 cm<\/td>\n<\/tr>\n<tr>\n<td><strong>K\u00fcl\u00f6nleges szolg\u00e1ltat\u00e1s:<\/strong><\/td>\n<td>RGB f\u00e9nyek<\/td>\n<\/tr>\n<\/tbody>\n<\/table>\n<h3>\u00cdzv\u00e1laszt\u00e1s<\/h3>\n<p>A <strong>Uwin Crystal 10K<\/strong> <strong>t\u00f6bb mint 30 finom \u00edzt<\/strong> k\u00edn\u00e1l, amelyekben gy\u00fcm\u00f6lcs\u00f6k, \u00e9dess\u00e9gek \u00e9s jeges \u00e9rz\u00e9sek keverednek \ud83c\udf6d\ud83c\udf47:<\/p>\n<ul>\n<li><strong>\u00c1fonya m\u00e1lna<\/strong> \u2013 \u00c9des-fanyar bogy\u00f3s kever\u00e9k \ud83e\uded0\ud83c\udf53<\/li>\n<li><strong>Sz\u0151l\u0151 j\u00e9g<\/strong> \u2013 L\u00e9d\u00fas sz\u0151l\u0151, h\u0171v\u00f6s lecseng\u00e9ssel \ud83c\udf47\u2744\ufe0f<\/li>\n<li><strong>Epres g\u00f6r\u00f6gdinnye<\/strong> \u2013 friss\u00edt\u0151 gy\u00fcm\u00f6lcs\u00f6s du\u00f3 \ud83c\udf53\ud83c\udf49<\/li>\n<li><strong>\u00c1fonya J\u00e9gen<\/strong> \u2013 Fagyos \u00e1fonya \u00e9lvezet \ud83e\uded0\u2744\ufe0f<\/li>\n<li><strong>Cseresznye J\u00e9g<\/strong> \u2013 Mer\u00e9sz cseresznye jeges fuvallattal \ud83c\udf52\u2744\ufe0f<\/li>\n<li><strong>Kiwi Szenved\u00e9ly Gy\u00fcm\u00f6lcs Guj\u00e1vafa<\/strong> \u2013 egzotikus tr\u00f3pusi vegyes \ud83e\udd5d\ud83c\udf48<\/li>\n<li><strong>Barack j\u00e9g<\/strong> \u2013 l\u00e9d\u00fas \u0151szibarack fagyos \u00e9rint\u00e9ssel \ud83c\udf51\u2744\ufe0f<\/li>\n<li><strong>\u0150szibarack bogy\u00f3<\/strong> \u2013 \u00c9des \u0151szibarack \u00e9s bogy\u00f3 \ud83c\udf51\ud83c\udf53<\/li>\n<li><strong>Cseresznye K\u00f3la<\/strong> \u2013 Pezsg\u0151 k\u00f3la cseresznye csavarral \ud83e\udd64<\/li>\n<li><strong>Red Bull<\/strong> \u2013 Energiaital ihlette r\u00fag\u00e1s \u26a1<\/li>\n<li><strong>K\u00e9k Razz Limon\u00e1d\u00e9<\/strong> \u2013 \u00c9des, cs\u00edp\u0151s \u00e9s friss\u00edt\u0151 \ud83d\udc99\ud83c\udf4b<\/li>\n<li><strong>Eper ban\u00e1n<\/strong> \u2013 sima gy\u00fcm\u00f6lcs\u00f6s komb\u00f3 \ud83c\udf53\ud83c\udf4c<\/li>\n<li><strong>K\u00f3la J\u00e9g<\/strong> \u2013 Klasszikus sz\u00f3da jeges fel\u00fclettel \ud83e\udd64\u2744\ufe0f<\/li>\n<li><strong>Miami Menta<\/strong> \u2013 Friss, tiszta menta \ud83c\udf3f<\/li>\n<li><strong>Citrom M\u00e9sz<\/strong> \u2013 Citrush\u00e9j-robban\u00e1s \ud83c\udf4b<\/li>\n<li><strong>Van\u00edliaj\u00e9g<\/strong> \u2013 \u00c9des, kr\u00e9mes van\u00edlia h\u0171v\u00f6s csavarral \ud83c\udf66\u2744\ufe0f<\/li>\n<li><strong>Szerelem 66<\/strong> \u2013 H\u00edres shisha st\u00edlus\u00fa gy\u00fcm\u00f6lcs\u00f6s kever\u00e9k \u2764\ufe0f<\/li>\n<li><strong>\u00c9s m\u00e9g sok m\u00e1s&#8230;<\/strong><\/li>\n<\/ul>\n<h3>T\u00f6k\u00e9letes neh\u00e9z g\u0151z\u00f6k \u00e9s forgalmaz\u00f3k sz\u00e1m\u00e1ra<\/h3>\n<p>A <strong>Uwin Crystal 10000 Puffs<\/strong> a <strong>neh\u00e9z g\u0151z\u00f6l\u0151kh\u00f6z, \u00edzkeres\u0151kh\u00f6z, vape boltokhoz \u00e9s nagykereskedelmi forgalmaz\u00f3khoz k\u00e9sz\u00fclt<\/strong>. Hatalmas puffad\u00e1ssz\u00e1m\u00e1nak, <strong>RGB l\u00e1mp\u00e1inak<\/strong> \u00e9s megb\u00edzhat\u00f3 teljes\u00edtm\u00e9ny\u00e9nek k\u00f6sz\u00f6nhet\u0151en k\u00f6nnyen eladhat\u00f3 a B2B \u00e9s a lakoss\u00e1gi \u00fcgyfelek sz\u00e1m\u00e1ra egyar\u00e1nt.<\/p>\n<h3>GYIK<\/h3>\n<ul>\n<li><strong>H\u00e1ny bef\u00faj\u00e1s eszk\u00f6z\u00f6nk\u00e9nt?<\/strong><br \/>\nAk\u00e1r 10 000 f\u00faj\u00e1s.<\/li>\n<li><strong>\u00dajrat\u00f6lthet\u0151?<\/strong><br \/>\nIgen, 650 mAh-s \u00fajrat\u00f6lthet\u0151 kobalt akkumul\u00e1torral \u00e9rkezik.<\/li>\n<li><strong>Milyen nikotintartalm\u00fa lehet\u0151s\u00e9gek \u00e1llnak rendelkez\u00e9sre?<\/strong><br \/>\n0%, 2%, 3% \u00e9s 5% nikotin er\u0151ss\u00e9g\u0171.<\/li>\n<li><strong>Vannak speci\u00e1lis funkci\u00f3i?<\/strong><br \/>\nIgen, tartalmaz <strong>RGB l\u00e1mp\u00e1kat<\/strong> a st\u00edlusos ragyog\u00e1s \u00e9rdek\u00e9ben.<\/li>\n<li><strong>Nagykereskedelemre alkalmas?<\/strong><br \/>\nIgen, kartononk\u00e9nt 200 darabj\u00e1val t\u00f6k\u00e9letes t\u00f6meges viszontelad\u00e1sra.<\/li>\n<\/ul>\n","protected":false},"excerpt":{"rendered":"<p>A <strong>Uwin Crystal 10000 Puffs<\/strong> \ud83d\udc8e egy st\u00edlusos, RGB-k\u00f6nny\u0171 eldobhat\u00f3 vape, amelyet <strong>nagykereskedelmi v\u00e1s\u00e1rl\u00f3k, v\u00e1paboltok \u00e9s er\u0151s felhaszn\u00e1l\u00f3k<\/strong> sz\u00e1m\u00e1ra terveztek. Ak\u00e1r <strong>10 000 felf\u00faj\u00e1ssal<\/strong>, gazdag \u00edzv\u00e1laszt\u00e9kkal \u00e9s \u00fajrat\u00f6lthet\u0151 akkumul\u00e1torral ez az eszk\u00f6z egyszerre ny\u00fajt teljes\u00edtm\u00e9nyt \u00e9s szemet gy\u00f6ny\u00f6rk\u00f6dtet\u0151 vonzer\u0151t.<\/p>\n","protected":false},"featured_media":310,"comment_status":"open","ping_status":"closed","template":"","meta":[],"product_brand":[],"product_cat":[380],"product_tag":[],"class_list":{"0":"post-58243","1":"product","2":"type-product","3":"status-publish","4":"has-post-thumbnail","6":"product_cat-uwin","8":"first","9":"instock","10":"shipping-taxable","11":"purchasable","12":"product-type-variable","13":"has-default-attributes"},"tiered_pricing_type":"fixed","tiered_pricing_fixed_rules":{"30":5.12000000000000010658141036401502788066864013671875,"50":4.12999999999999989341858963598497211933135986328125,"100":3.54000000000000003552713678800500929355621337890625,"200":3.359999999999999875655021241982467472553253173828125,"400":2.95999999999999996447286321199499070644378662109375},"tiered_pricing_product_settings":{"layout":"default","base_unit_name":{"singular":null,"plural":null},"default_variation":null},"tiered_pricing_minimum_quantity":10,"tiered_pricing_roles_data":[],"tiered_pricing_percentage_rules":[],"tiered_pricing_maximum_quantity":null,"tiered_pricing_quantity_step":"10","_links":{"self":[{"href":"https:\/\/stage.jrfer.com\/hu\/wp-json\/wp\/v2\/product\/58243","targetHints":{"allow":["GET"]}}],"collection":[{"href":"https:\/\/stage.jrfer.com\/hu\/wp-json\/wp\/v2\/product"}],"about":[{"href":"https:\/\/stage.jrfer.com\/hu\/wp-json\/wp\/v2\/types\/product"}],"replies":[{"embeddable":true,"href":"https:\/\/stage.jrfer.com\/hu\/wp-json\/wp\/v2\/comments?post=58243"}],"wp:featuredmedia":[{"embeddable":true,"href":"https:\/\/stage.jrfer.com\/hu\/wp-json\/wp\/v2\/media\/310"}],"wp:attachment":[{"href":"https:\/\/stage.jrfer.com\/hu\/wp-json\/wp\/v2\/media?parent=58243"}],"wp:term":[{"taxonomy":"product_brand","embeddable":true,"href":"https:\/\/stage.jrfer.com\/hu\/wp-json\/wp\/v2\/product_brand?post=58243"},{"taxonomy":"product_cat","embeddable":true,"href":"https:\/\/stage.jrfer.com\/hu\/wp-json\/wp\/v2\/product_cat?post=58243"},{"taxonomy":"product_tag","embeddable":true,"href":"https:\/\/stage.jrfer.com\/hu\/wp-json\/wp\/v2\/product_tag?post=58243"}],"curies":[{"name":"wp","href":"https:\/\/api.w.org\/{rel}","templated":true}]}}