{"id":60307,"date":"2025-06-28T03:56:00","date_gmt":"2025-06-28T03:56:00","guid":{"rendered":"https:\/\/stage.jrfer.com\/product\/vapme-digital-30k-30000-puffs-magas-nikotintartalmu-omlesztett-eldobhato-vape\/"},"modified":"2026-04-07T15:14:55","modified_gmt":"2026-04-07T15:14:55","slug":"vapme-digital-30000-puffs","status":"publish","type":"product","link":"https:\/\/stage.jrfer.com\/hu\/termek\/vapme-digital-30000-puffs\/","title":{"rendered":"VAPME Digital 30K 30000 Puffs | magas nikotintartalm\u00fa \u00f6mlesztett eldobhat\u00f3 vape"},"content":{"rendered":"<h2>Mi\u00e9rt v\u00e1lassza a VAPME DIGITAL 30K-t?<\/h2>\n<ul>\n<li><strong>Hatalmas bef\u00faj\u00e1si kapacit\u00e1s:<\/strong> Ak\u00e1r 30 000+ bef\u00faj\u00e1s a gondtalan, hossz\u00fa t\u00e1v\u00fa haszn\u00e1lat\u00e9rt \ud83d\udd25<\/li>\n<li><strong>Magas nikotintartalm\u00fa:<\/strong> V\u00e1lasszon a 0%, 12%, 13% vagy 15% k\u00f6z\u00fcl \u2013 t\u00f6k\u00e9letes a volt doh\u00e1nyosok sz\u00e1m\u00e1ra \ud83d\udeac\u27a1\ufe0f\ud83d\udca8<\/li>\n<li><strong>20 ml-es E-folyad\u00e9k tart\u00e1ly:<\/strong> A nagy m\u00e9ret cs\u00f6kkenti az ut\u00e1nt\u00f6lt\u00e9si ig\u00e9nyeket \u00e9s maximaliz\u00e1lja az \u00e9lvezetet \ud83c\udf53<\/li>\n<li><strong>\u00dajrat\u00f6lthet\u0151 teljes\u00edtm\u00e9ny:<\/strong> 850 mAh-s akkumul\u00e1tor gyors Type-C t\u00f6lt\u00e9ssel \u26a1<\/li>\n<li><strong>Mesh Coil 0,6\u03a9:<\/strong> Gazdagabb \u00edzt \u00e9s sima g\u0151zfelh\u0151ket biztos\u00edt \ud83c\udf2c\ufe0f<\/li>\n<li><strong>MTL tervez\u00e9s:<\/strong> A sz\u00e1jt\u00f3l t\u00fcd\u0151ig rajzol\u00e1s szorosan szimul\u00e1lja a val\u00f3di doh\u00e1nyz\u00e1si \u00e9lm\u00e9nyt \ud83d\udeac<\/li>\n<li><strong>Nagykereskedelmi k\u00e9szen \u00e1ll:<\/strong> A legkeresettebb lehet\u0151s\u00e9g \u00fczletek \u00e9s forgalmaz\u00f3k sz\u00e1m\u00e1ra \ud83d\udce6<\/li>\n<\/ul>\n<h3>M\u0171szaki adatok<\/h3>\n<tbody>\n<tr>\n<td><strong>Puffok sz\u00e1ma:<\/strong><\/td>\n<td>30 000+<\/td>\n<\/tr>\n<tr>\n<td><strong>E-folyad\u00e9k kapacit\u00e1sa:<\/strong><\/td>\n<td>20 ml<\/td>\n<\/tr>\n<tr>\n<td><strong>Nikotin er\u0151ss\u00e9ge:<\/strong><\/td>\n<td>0%, 12%, 13%, 15%<\/td>\n<\/tr>\n<tr>\n<td><strong>Akkumul\u00e1tor:<\/strong><\/td>\n<td>850 mAh \u00fajrat\u00f6lthet\u0151<\/td>\n<\/tr>\n<tr>\n<td><strong>T\u00f6lt\u00e9s:<\/strong><\/td>\n<td>C t\u00edpus\u00fa gyorst\u00f6lt\u00e9s<\/td>\n<\/tr>\n<tr>\n<td><strong>Tekercs:<\/strong><\/td>\n<td>0,6\u03a9 mesh tekercs<\/td>\n<\/tr>\n<tr>\n<td><strong>Tervez\u00e9s:<\/strong><\/td>\n<td>MTL (sz\u00e1jt\u00f3l t\u00fcd\u0151ig)<\/td>\n<\/tr>\n<\/tbody>\n<\/table>\n<h3>\u00cdzv\u00e1laszt\u00e1s<\/h3>\n<p>A <strong>VAPME DIGITAL 30K<\/strong> mer\u00e9sz \u00e9s friss\u00edt\u0151 \u00edzeket k\u00edn\u00e1l, hogy minden v\u00e1gyat kiel\u00e9g\u00edtsen \ud83c\udf47\ud83c\udf49\ud83e\udd64:<\/p>\n<ul>\n<li><strong>\u00c1fonya m\u00e1lna<\/strong> \u2013 \u00c9des \u00e9s cs\u00edp\u0151s bogy\u00f3s f\u00fazi\u00f3 \ud83e\uded0\ud83c\udf53<\/li>\n<li><strong>Cherry Ice<\/strong> \u2013 Mer\u00e9sz cseresznye fagyos, h\u0171v\u00f6s csavarral \ud83c\udf52\u2744\ufe0f<\/li>\n<li><strong>Kiwi Passionfruit Guj\u00e1vafa<\/strong> \u2013 egzotikus tr\u00f3pusi kever\u00e9k \ud83e\udd5d\ud83e\udd6d<\/li>\n<li><strong>Strawberry Ice<\/strong> \u2013 Klasszikus eper jeges frissess\u00e9ggel \ud83c\udf53\u2744\ufe0f<\/li>\n<li><strong>Epres kiwi<\/strong> \u2013 T\u00f6k\u00e9letes gy\u00fcm\u00f6lcs\u00f6s p\u00e1ros \ud83c\udf53\ud83e\udd5d<\/li>\n<li><strong>Eper Red Bull<\/strong> \u2013 \u00c9des eper energiaital hangulattal \u26a1<\/li>\n<li><strong>Epersz\u0151l\u0151<\/strong> \u2013 l\u00e9d\u00fas sz\u0151l\u0151, \u00e9rett eperrel keverve \ud83c\udf47\ud83c\udf53<\/li>\n<li><strong>G\u00f6r\u00f6gdinnye j\u00e9g<\/strong> \u2013 Friss\u00edt\u0151 g\u00f6r\u00f6gdinnye h\u0171s\u00edt\u0151 lecseng\u00e9ssel \ud83c\udf49\u2744\ufe0f<\/li>\n<li><strong>Peach Ice<\/strong> \u2013 Sima \u0151szibarack h\u0171v\u00f6s sz\u00e9llel \ud83c\udf51\u2744\ufe0f<\/li>\n<li><strong>Energiaital<\/strong> \u2013 cs\u00edp\u0151s \u00e9s sz\u00e9nsavas, lend\u00fclettel ihletett \u00edz \u26a1\ud83e\udd64<\/li>\n<li><strong>H\u00f6lgy Killa<\/strong> \u2013 Egyed\u00fcl\u00e1ll\u00f3 pr\u00e9mium v\u00edzipip\u00e1val ihletett \u00edz \ud83d\udc51<\/li>\n<li><strong>Szerelem 66<\/strong> \u2013 ikonikus v\u00edzipipa st\u00edlus\u00fa gy\u00fcm\u00f6lcs\u00f6s f\u00fazi\u00f3 \u2764\ufe0f<\/li>\n<\/ul>\n<h3>T\u00f6k\u00e9letes kis- \u00e9s nagykereskedelemnek<\/h3>\n<p>A <strong>VAPME Digital 30000 Puffs<\/strong> ide\u00e1lis az <strong>er\u0151s doh\u00e1nyosoknak, \u00edzkeres\u0151knek, vape lounge-oknak \u00e9s forgalmaz\u00f3knak<\/strong>. <strong>Magas nikotinszintje<\/strong>, <strong>massz\u00edv puffad\u00e1si sz\u00e1ma<\/strong> \u00e9s <strong>z\u00f6kken\u0151mentes g\u0151zkibocs\u00e1t\u00e1s<\/strong> miatt az egyik legkeresettebb nagykereskedelmi term\u00e9k az eldobhat\u00f3 vape piac\u00e1n.<\/p>\n<h3>GYIK<\/h3>\n<ul>\n<li><strong>H\u00e1ny bef\u00faj\u00e1s eszk\u00f6z\u00f6nk\u00e9nt?<\/strong><br \/>\nMindegyik eszk\u00f6z t\u00f6bb mint 30 000 f\u00faj\u00e1st ad ki.<\/li>\n<li><strong>\u00dajrat\u00f6lthet\u0151?<\/strong><br \/>\nIgen, 850 mAh-s akkumul\u00e1torral \u00e9s Type-C porttal.<\/li>\n<li><strong>Milyen nikotinszintek \u00e1llnak rendelkez\u00e9sre?<\/strong><br \/>\n0%, 12%, 13% \u00e9s 15% a rugalmas opci\u00f3k eset\u00e9n.<\/li>\n<li><strong>Mit\u0151l k\u00fcl\u00f6nleges?<\/strong><br \/>\nRendk\u00edv\u00fcl magas nikotiner\u0151ss\u00e9g \u00e9s sima MTL \u00e9lm\u00e9ny \u2013 t\u00f6k\u00e9letes a volt doh\u00e1nyosok sz\u00e1m\u00e1ra.<\/li>\n<li><strong>Nagykereskedelemre alkalmas?<\/strong><br \/>\nTerm\u00e9szetesen t\u00f6meges forgalmaz\u00e1sra tervezt\u00e9k, er\u0151s kiskereskedelmi kereslet mellett.<\/li>\n<\/ul>\n","protected":false},"excerpt":{"rendered":"<p>A <strong>VAPME DIGITAL 30000 Puffs<\/strong> \ud83d\udca8 egy k\u00f6vetkez\u0151 szint\u0171 eldobhat\u00f3 vape, amelyet <strong>nagy felhaszn\u00e1l\u00f3k, vape boltok \u00e9s nagykereskedelmi forgalmaz\u00f3k<\/strong> sz\u00e1m\u00e1ra k\u00e9sz\u00edtettek. Hatalmas puffad\u00e1si sz\u00e1m\u00e1val, rendk\u00edv\u00fcl magas nikotintartalm\u00e1val \u00e9s sima h\u00e1l\u00f3s tekercs \u00edz\u00e9vel \u00fagy k\u00e9sz\u00fclt, hogy mind az alkalmi g\u0151z\u00f6l\u0151ket, mind a v\u00e1lt\u00e1sra l\u00e9p\u0151 komoly doh\u00e1nyosokat kiel\u00e9g\u00edtse.<\/p>\n","protected":false},"featured_media":335,"comment_status":"open","ping_status":"closed","template":"","meta":[],"product_brand":[],"product_cat":[373],"product_tag":[],"class_list":{"0":"post-60307","1":"product","2":"type-product","3":"status-publish","4":"has-post-thumbnail","6":"product_cat-vapme","8":"first","9":"instock","10":"shipping-taxable","11":"purchasable","12":"product-type-variable","13":"has-default-attributes"},"tiered_pricing_type":"fixed","tiered_pricing_fixed_rules":{"30":8.7599999999999997868371792719699442386627197265625,"50":7.03000000000000024868995751603506505489349365234375,"100":6.4199999999999999289457264239899814128875732421875,"200":6.04999999999999982236431605997495353221893310546875,"400":5.61000000000000031974423109204508364200592041015625},"tiered_pricing_product_settings":{"layout":"default","base_unit_name":{"singular":null,"plural":null},"default_variation":null},"tiered_pricing_minimum_quantity":10,"tiered_pricing_roles_data":[],"tiered_pricing_percentage_rules":[],"tiered_pricing_maximum_quantity":null,"tiered_pricing_quantity_step":"10","_links":{"self":[{"href":"https:\/\/stage.jrfer.com\/hu\/wp-json\/wp\/v2\/product\/60307","targetHints":{"allow":["GET"]}}],"collection":[{"href":"https:\/\/stage.jrfer.com\/hu\/wp-json\/wp\/v2\/product"}],"about":[{"href":"https:\/\/stage.jrfer.com\/hu\/wp-json\/wp\/v2\/types\/product"}],"replies":[{"embeddable":true,"href":"https:\/\/stage.jrfer.com\/hu\/wp-json\/wp\/v2\/comments?post=60307"}],"wp:featuredmedia":[{"embeddable":true,"href":"https:\/\/stage.jrfer.com\/hu\/wp-json\/wp\/v2\/media\/335"}],"wp:attachment":[{"href":"https:\/\/stage.jrfer.com\/hu\/wp-json\/wp\/v2\/media?parent=60307"}],"wp:term":[{"taxonomy":"product_brand","embeddable":true,"href":"https:\/\/stage.jrfer.com\/hu\/wp-json\/wp\/v2\/product_brand?post=60307"},{"taxonomy":"product_cat","embeddable":true,"href":"https:\/\/stage.jrfer.com\/hu\/wp-json\/wp\/v2\/product_cat?post=60307"},{"taxonomy":"product_tag","embeddable":true,"href":"https:\/\/stage.jrfer.com\/hu\/wp-json\/wp\/v2\/product_tag?post=60307"}],"curies":[{"name":"wp","href":"https:\/\/api.w.org\/{rel}","templated":true}]}}