{"id":61175,"date":"2025-06-27T12:12:54","date_gmt":"2025-06-27T12:12:54","guid":{"rendered":"https:\/\/stage.jrfer.com\/product\/vopk-triple-60k-3-az-1-ben-60000-puff-tripla-izu-eldobhato-vape-led-kijelzovel\/"},"modified":"2026-04-07T15:17:44","modified_gmt":"2026-04-07T15:17:44","slug":"vopk-triple-60k-60000-puffs","status":"publish","type":"product","link":"https:\/\/stage.jrfer.com\/hu\/termek\/vopk-triple-60k-60000-puffs\/","title":{"rendered":"Vopk Triple 60K 3 az 1-ben 60000 Puff | tripla \u00edz\u0171 eldobhat\u00f3 vape led kijelz\u0151vel"},"content":{"rendered":"<h2>Mi\u00e9rt v\u00e1lassza a Vopk Triple 60000 Puffot?<\/h2>\n<ul>\n<li><strong>T\u00f6meges, 60 000 puffad\u00e1sos kapacit\u00e1s:<\/strong> hosszan tart\u00f3, \u00e1lland\u00f3 csere n\u00e9lk\u00fcli kezel\u00e9sekre tervezt\u00e9k \ud83d\udd25<\/li>\n<li><strong>3 az 1-ben \u00edzkapcsol\u00f3:<\/strong> Azonnal v\u00e1lthat h\u00e1rom finom \u00edz k\u00f6z\u00f6tt egyetlen eszk\u00f6zben \ud83c\udf53\ud83c\udf4d\ud83c\udf49<\/li>\n<li><strong>Kett\u0151s nikotin opci\u00f3k:<\/strong> V\u00e1lasszon a 2% k\u00f6z\u00fcl a sim\u00e1bb \u00fct\u00e9sek\u00e9rt vagy az 5% az er\u0151sebb el\u00e9gedetts\u00e9g\u00e9rt \ud83d\udeac\u27a1\ufe0f\ud83d\udca8<\/li>\n<li><strong>Triple Mesh Coils (0,9\u03a9):<\/strong> S\u0171r\u0171 felh\u0151ket \u00e9s mer\u00e9sz \u00edzt eredm\u00e9nyez \ud83c\udf2c\ufe0f<\/li>\n<li><strong>54 ml-es E-folyad\u00e9k tart\u00e1ly:<\/strong> Extra nagy l\u00e9kapacit\u00e1s a folyamatos g\u0151z\u00f6l\u00e9s \u00e9lvezet\u00e9\u00e9rt \ud83e\udd64<\/li>\n<li><strong>\u00dajrat\u00f6lthet\u0151 650 mAh-s akkumul\u00e1tor:<\/strong> Kompakt, m\u00e9gis nagy teljes\u00edtm\u00e9ny\u0171, eg\u00e9sz nap g\u0151z\u00f6l\u00f6gve tart \u26a1<\/li>\n<li><strong>C t\u00edpus\u00fa gyorst\u00f6lt\u00e9s:<\/strong> Gyors \u00fajrat\u00f6lt\u00e9s minim\u00e1lis \u00e1ll\u00e1sid\u0151vel \ud83d\udd0b<\/li>\n<li><strong>Intelligens LED-kijelz\u0151:<\/strong> Az akkumul\u00e1tor \u00e9lettartam\u00e1t \u00e9s az e-liquid szintj\u00e9t val\u00f3s id\u0151ben mutatja \ud83d\udca1<\/li>\n<li><strong>Nagykereskedelmi k\u00e9szen \u00e1ll:<\/strong> T\u00f6meges \u00e9s nagykereskedelmi term\u00e9k a forgalmaz\u00f3k sz\u00e1m\u00e1ra \ud83d\udce6<\/li>\n<\/ul>\n<h3>M\u0171szaki adatok<\/h3>\n<tbody>\n<tr>\n<td><strong>Puffok sz\u00e1ma:<\/strong><\/td>\n<td>Ak\u00e1r 60 000<\/td>\n<\/tr>\n<tr>\n<td><strong>E-folyad\u00e9k kapacit\u00e1sa:<\/strong><\/td>\n<td>54 ml<\/td>\n<\/tr>\n<tr>\n<td><strong>Nikotin er\u0151ss\u00e9ge:<\/strong><\/td>\n<td>2% \/ 5%<\/td>\n<\/tr>\n<tr>\n<td><strong>Akkumul\u00e1tor:<\/strong><\/td>\n<td>650 mAh \u00fajrat\u00f6lthet\u0151<\/td>\n<\/tr>\n<tr>\n<td><strong>T\u00f6lt\u00e9s:<\/strong><\/td>\n<td>C t\u00edpus\u00fa gyorst\u00f6lt\u00e9s<\/td>\n<\/tr>\n<tr>\n<td><strong>Tekercsek:<\/strong><\/td>\n<td>H\u00e1rom 0,9\u03a9-os h\u00e1l\u00f3tekercs<\/td>\n<\/tr>\n<tr>\n<td><strong>Kijelz\u0151:<\/strong><\/td>\n<td>Smart LED (akkumul\u00e1tor + l\u00e9szint)<\/td>\n<\/tr>\n<tr>\n<td><strong>\u00cdz m\u00f3d:<\/strong><\/td>\n<td>3 az 1-ben v\u00e1lthat\u00f3 \u00edzek<\/td>\n<\/tr>\n<\/tbody>\n<\/table>\n<h3>\u00cdzv\u00e1laszt\u00e1s<\/h3>\n<p> \u00c9lvezze a <strong>10 el\u0151re \u00f6sszekevert h\u00e1rom \u00edz\u0171 komb\u00f3t<\/strong>, amelyeket a v\u00e1ltozatoss\u00e1g \u00e9s az izgalom jegy\u00e9ben terveztek \ud83c\udf6d\ud83c\udf49\ud83e\udd5d:<\/p>\n<ul>\n<li><strong>G\u00f6r\u00f6gdinnye j\u00e9g + h\u00e1rmas dinnye j\u00e9g + eper fagylalt<\/strong> \u2013 friss, gy\u00fcm\u00f6lcs\u00f6s \u00e9s kr\u00e9mes.<\/li>\n<li><strong>Eper ban\u00e1n + m\u00e1lna g\u00f6r\u00f6gdinnye + anan\u00e1sz k\u00f3kusz<\/strong> \u2013 sima \u00e9s tr\u00f3pusi f\u00fazi\u00f3.<\/li>\n<li><strong>\u0150szibarack bogy\u00f3 + Blue Razz j\u00e9g + g\u00f6r\u00f6gdinnye \u0151szibarack mang\u00f3<\/strong> \u2013 \u00e9des, jeges \u00e9s l\u00e9d\u00fas kever\u00e9k.<\/li>\n<li><strong>Savany\u00fa mang\u00f3 anan\u00e1sz + Red Bull eper + fekete ribizli j\u00e9g<\/strong> \u2013 cs\u00edp\u0151s, pezsg\u0151 \u00e9s friss\u00edt\u0151.<\/li>\n<li><strong>Kiwi passi\u00f3gy\u00fcm\u00f6lcs + eper cseresznye + szerelem 66<\/strong> \u2013 egzotikus kever\u00e9k v\u00edzipip\u00e1val ihletett csavarral.<\/li>\n<li><strong>Dupla almaj\u00e9g + tr\u00f3pusi gy\u00fcm\u00f6lcs + eper g\u00f6r\u00f6gdinnye r\u00e1g\u00f3gumi<\/strong> \u2013 a klasszikus v\u00edzipipa st\u00edlus \u00e9s a gy\u00fcm\u00f6lcs\u00f6s \u00e9dess\u00e9g tal\u00e1lkozik.<\/li>\n<li><strong>Sz\u0151l\u0151j\u00e9g + Strawberry Kiwi + G\u00f6r\u00f6gdinnye Red Bull<\/strong> \u2013 Mer\u00e9sz sz\u0151l\u0151 energiz\u00e1l\u00f3 lend\u00fclettel.<\/li>\n<li><strong>Eper g\u00f6r\u00f6gdinnye + \u00e1fony\u00e1s m\u00e1lna + citrom lime<\/strong> \u2013 \u00e9des, fanyar \u00e9s citrusos tri\u00f3.<\/li>\n<li><strong>Ban\u00e1n anan\u00e1sz + Red Bull Ice + Strawberry Mango<\/strong> \u2013 Kr\u00e9mes ban\u00e1n tr\u00f3pusi energi\u00e1val.<\/li>\n<li><strong>Gumimaci + eper van\u00edlia k\u00f3la + \u00e1fony\u00e1s vattacukor<\/strong> \u2013 vid\u00e1m, \u00e9des, karnev\u00e1li st\u00edlus\u00fa kever\u00e9k.<\/li>\n<\/ul>\n<h3>T\u00f6k\u00e9letes kis- \u00e9s nagykereskedelemnek<\/h3>\n<p>A <strong>Vopk Triple 60000 Puffs<\/strong> ide\u00e1lis v\u00e1laszt\u00e1s <strong>az \u00edzek kedvel\u0151inek, er\u0151s g\u0151z\u00f6l\u0151knek, vape boltoknak \u00e9s nagykereskedelmi v\u00e1s\u00e1rl\u00f3knak<\/strong>. Hatalmas puffad\u00e1si sz\u00e1m\u00e1val, egyedi 3 az 1-ben \u00edzrendszer\u00e9vel \u00e9s nagy kapacit\u00e1s\u00fa kialak\u00edt\u00e1s\u00e1val az elad\u00e1sok n\u00f6vel\u00e9s\u00e9re \u00e9s az el\u00e9gedetts\u00e9g biztos\u00edt\u00e1s\u00e1ra k\u00e9sz\u00fclt.<\/p>\n<h3>GYIK<\/h3>\n<ul>\n<li><strong>H\u00e1ny \u00edz egy eszk\u00f6z\u00f6n?<\/strong><br \/>\nMinden egys\u00e9g 3 \u00edzt k\u00edn\u00e1l egy k\u00e9sz\u00fcl\u00e9kben.<\/li>\n<li><strong>Hogyan v\u00e1lthatok \u00edzeket?<\/strong><br \/>\nEgyszer\u0171en forgassa el az \u00edzkapcsol\u00f3t \u2013 nincs sz\u00fcks\u00e9g ut\u00e1nt\u00f6lt\u00e9sre.<\/li>\n<li><strong>Mennyi ideig tart?<\/strong><br \/>\nAk\u00e1r 60 000 f\u00faj\u00e1s, haszn\u00e1latt\u00f3l f\u00fcgg\u0151en.<\/li>\n<li><strong>\u00dajrat\u00f6lthet\u0151?<\/strong><br \/>\nIgen, 650 mAh-s akkumul\u00e1torral \u00e9s C t\u00edpus\u00fa gyorst\u00f6lt\u00e9ssel.<\/li>\n<li><strong>Mit\u0151l m\u00e1s?<\/strong><br \/>\nA h\u00e1romh\u00e1l\u00f3s tekercsrendszer + LED kijelz\u0151 + 3 az 1-ben \u00edzkapcsol\u00f3 kiemeli a piacon.<\/li>\n<li><strong>Nagykereskedelemre alkalmas?<\/strong><br \/>\nEgy\u00e9rtelm\u0171, hogy t\u00f6meges \u00e9s gyorsan v\u00e1ltoz\u00f3 term\u00e9k a kiskereskedelemben.<\/li>\n<\/ul>\n","protected":false},"excerpt":{"rendered":"<p>A <strong>Vopk Triple 60000 Puffs<\/strong> \ud83d\udca8 egy pr\u00e9mium kateg\u00f3ri\u00e1s <strong>3 az 1-ben eldobhat\u00f3 vape<\/strong>, amelyet neh\u00e9z felhaszn\u00e1l\u00f3k, vape boltok \u00e9s nagykereskedelmi forgalmaz\u00f3k sz\u00e1m\u00e1ra terveztek. H\u00e1romszoros \u00edzv\u00e1lt\u00e1ssal, hatalmas puffad\u00e1ssz\u00e1mmal \u00e9s intelligens LED-kijelz\u0151vel egyszerre ny\u00fajt teljes\u00edtm\u00e9nyt \u00e9s k\u00e9nyelmet.<\/p>\n","protected":false},"featured_media":102,"comment_status":"open","ping_status":"closed","template":"","meta":[],"product_brand":[],"product_cat":[367],"product_tag":[],"class_list":{"0":"post-61175","1":"product","2":"type-product","3":"status-publish","4":"has-post-thumbnail","6":"product_cat-vopk","8":"first","9":"instock","10":"shipping-taxable","11":"purchasable","12":"product-type-variable","13":"has-default-attributes"},"tiered_pricing_type":"fixed","tiered_pricing_fixed_rules":{"30":7.9000000000000003552713678800500929355621337890625,"50":7.03000000000000024868995751603506505489349365234375,"100":6.29000000000000003552713678800500929355621337890625,"200":5.9199999999999999289457264239899814128875732421875,"400":4.62999999999999989341858963598497211933135986328125},"tiered_pricing_product_settings":{"layout":"default","base_unit_name":{"singular":null,"plural":null},"default_variation":null},"tiered_pricing_minimum_quantity":10,"tiered_pricing_roles_data":[],"tiered_pricing_percentage_rules":[],"tiered_pricing_maximum_quantity":null,"tiered_pricing_quantity_step":"10","_links":{"self":[{"href":"https:\/\/stage.jrfer.com\/hu\/wp-json\/wp\/v2\/product\/61175","targetHints":{"allow":["GET"]}}],"collection":[{"href":"https:\/\/stage.jrfer.com\/hu\/wp-json\/wp\/v2\/product"}],"about":[{"href":"https:\/\/stage.jrfer.com\/hu\/wp-json\/wp\/v2\/types\/product"}],"replies":[{"embeddable":true,"href":"https:\/\/stage.jrfer.com\/hu\/wp-json\/wp\/v2\/comments?post=61175"}],"wp:featuredmedia":[{"embeddable":true,"href":"https:\/\/stage.jrfer.com\/hu\/wp-json\/wp\/v2\/media\/102"}],"wp:attachment":[{"href":"https:\/\/stage.jrfer.com\/hu\/wp-json\/wp\/v2\/media?parent=61175"}],"wp:term":[{"taxonomy":"product_brand","embeddable":true,"href":"https:\/\/stage.jrfer.com\/hu\/wp-json\/wp\/v2\/product_brand?post=61175"},{"taxonomy":"product_cat","embeddable":true,"href":"https:\/\/stage.jrfer.com\/hu\/wp-json\/wp\/v2\/product_cat?post=61175"},{"taxonomy":"product_tag","embeddable":true,"href":"https:\/\/stage.jrfer.com\/hu\/wp-json\/wp\/v2\/product_tag?post=61175"}],"curies":[{"name":"wp","href":"https:\/\/api.w.org\/{rel}","templated":true}]}}