{"id":61773,"date":"2025-06-27T12:06:55","date_gmt":"2025-06-27T12:06:55","guid":{"rendered":"https:\/\/stage.jrfer.com\/product\/bang-king-50k-double-flavor-50000-puffs-lcd-puff-counter-omlesztett-eldobhato-vape\/"},"modified":"2026-04-07T15:22:12","modified_gmt":"2026-04-07T15:22:12","slug":"bang-king-50000-50k-puffs","status":"publish","type":"product","link":"https:\/\/stage.jrfer.com\/hu\/termek\/bang-king-50000-50k-puffs\/","title":{"rendered":"Bang King 50K Double Flavor 50000 Puffs | lcd puff counter \u00f6mlesztett eldobhat\u00f3 vape"},"content":{"rendered":"<h2>Mi\u00e9rt v\u00e1lassza a Bang King 50K puffokat?<\/h2>\n<ul>\n<li><strong>\u00d3ri\u00e1si, 50 000 puffad\u00e1sos kapacit\u00e1s:<\/strong> Hosszabb g\u0151z\u00f6l\u00e9s folyamatos csere n\u00e9lk\u00fcl \ud83d\udd25<\/li>\n<li><strong>Dupla \u00edz\u0171 kever\u00e9k:<\/strong> \u00c9lvezze a k\u00e9t finom \u00edzt minden eszk\u00f6zben \ud83c\udf49\ud83c\udf47<\/li>\n<li><strong>Nikotiner\u0151ss\u00e9g-be\u00e1ll\u00edt\u00e1sok:<\/strong> V\u00e1lasszon a 2%, 3% vagy 5% k\u00f6z\u00fcl a t\u00f6k\u00e9letes tal\u00e1lat\u00e9rt \ud83d\udeac\u27a1\ufe0f\ud83d\udca8<\/li>\n<li><strong>LCD Puff sz\u00e1ml\u00e1l\u00f3:<\/strong> K\u00f6vesse nyomon a haszn\u00e1latot, \u00e9s soha ne vesz\u00edtse el a sz\u00e1mot \ud83d\udcdf<\/li>\n<li><strong>Egyszer haszn\u00e1latos kialak\u00edt\u00e1s:<\/strong> Nincs ut\u00e1nt\u00f6lt\u00e9s, nincs karbantart\u00e1s \u2013 csak g\u0151z\u00f6lje, \u00e9s \u00e9lvezze \u2714\ufe0f<\/li>\n<li><strong>Nagykereskedelmi k\u00e9szen \u00e1ll:<\/strong> T\u00f6meges csomagol\u00e1sban, t\u00f6k\u00e9letes a forgalmaz\u00f3k \u00e9s viszontelad\u00f3k sz\u00e1m\u00e1ra \ud83d\udce6<\/li>\n<\/ul>\n<h3>M\u0171szaki adatok<\/h3>\n<tbody>\n<tr>\n<td><strong>Puffok sz\u00e1ma:<\/strong><\/td>\n<td>Ak\u00e1r 50 000<\/td>\n<\/tr>\n<tr>\n<td><strong>Nikotin er\u0151ss\u00e9ge:<\/strong><\/td>\n<td>2%, 3%, 5%<\/td>\n<\/tr>\n<tr>\n<td><strong>\u00cdzrendszer:<\/strong><\/td>\n<td>Kett\u0151s \u00edz\u0171 kever\u00e9k<\/td>\n<\/tr>\n<tr>\n<td><strong>Kijelz\u0151:<\/strong><\/td>\n<td>LCD puffad\u00e1ssz\u00e1ml\u00e1l\u00f3<\/td>\n<\/tr>\n<tr>\n<td><strong>T\u00edpus:<\/strong><\/td>\n<td>Eldobhat\u00f3 (nincs sz\u00fcks\u00e9g ut\u00e1nt\u00f6lt\u00e9sre)<\/td>\n<\/tr>\n<tr>\n<td><strong>Nagykereskedelem:<\/strong><\/td>\n<td>T\u00f6meges-bar\u00e1t kiskeresked\u0151k \u00e9s forgalmaz\u00f3k sz\u00e1m\u00e1ra<\/td>\n<\/tr>\n<\/tbody>\n<\/table>\n<h3>\u00cdzv\u00e1laszt\u00e1s<\/h3>\n<p>Minden eszk\u00f6z <strong>k\u00e9t \u00edzt k\u00edn\u00e1l egyben<\/strong> az egyed\u00fcl\u00e1ll\u00f3 vaping \u00e9lm\u00e9ny \u00e9rdek\u00e9ben \ud83c\udf53\ud83c\udf4d. Az el\u00e9rhet\u0151 komb\u00f3k a k\u00f6vetkez\u0151k:<\/p>\n<ul>\n<li><strong>G\u00f6r\u00f6gdinnye j\u00e9g \/ \u00c1fonya menta<\/strong> \u2013 H\u0171v\u00f6s \u00e9s friss\u00edt\u0151 kever\u00e9k.<\/li>\n<li><strong>G\u00f6r\u00f6gdinnye\/\u00e1fony\u00e1s cseresznye<\/strong> \u2013 l\u00e9d\u00fas \u00e9s cs\u00edp\u0151s gy\u00fcm\u00f6lcs kombin\u00e1ci\u00f3.<\/li>\n<li><strong>\u00c1fonya j\u00e9g \/ \u0150szibarack mang\u00f3 g\u00f6r\u00f6gdinnye<\/strong> \u2013 \u00e9des, jeges \u00e9s tr\u00f3pusi f\u00fazi\u00f3.<\/li>\n<li><strong>\u00c1fonya j\u00e9g \/ \u0151szibarackj\u00e9g<\/strong> \u2013 A gy\u00fcm\u00f6lcs\u00f6s hideg sima kever\u00e9ke.<\/li>\n<li><strong>\u00c1fonya M\u00e1lna \/ Vegyes bogy\u00f3<\/strong> \u2013 Mer\u00e9sz bogy\u00f3robban\u00e1s.<\/li>\n<li><strong>\u00c1fonya M\u00e1lna \/ Sz\u0151l\u0151 j\u00e9g<\/strong> \u2013 Cs\u00edp\u0151s, jeges sz\u0151l\u0151 bogy\u00f3s csavarral.<\/li>\n<li><strong>Red Bull \/ Eper ban\u00e1n<\/strong> \u2013 Energiaital \u00fct\u00e9s kr\u00e9mes gy\u00fcm\u00f6lccsel.<\/li>\n<li><strong>Red Bull \/ \u00c1fonya g\u00f6r\u00f6gdinnye<\/strong> \u2013 A Fizzy a l\u00e9d\u00fas frissess\u00e9ggel tal\u00e1lkozik.<\/li>\n<li><strong>Epermang\u00f3 \/ g\u00f6r\u00f6gdinnye r\u00e1g\u00f3gumi<\/strong> \u2013 \u00c9des cukorka tr\u00f3pusi gy\u00fcm\u00f6lccsel.<\/li>\n<li><strong>Epermang\u00f3 \/ Epres Kiwi<\/strong> \u2013 Dupla eper egzotikus csavarokkal.<\/li>\n<li><strong>Eper g\u00f6r\u00f6gdinnye \/ Fekete s\u00e1rk\u00e1ny j\u00e9g<\/strong> \u2013 \u00c9des gy\u00fcm\u00f6lcs mer\u00e9sz jeges s\u00e1rk\u00e1nygy\u00fcm\u00f6lccsel.<\/li>\n<li><strong>Epres g\u00f6r\u00f6gdinnye \/ Kiwi maracuja-guava<\/strong> \u2013 Tr\u00f3pusi paradicsom minden puffan\u00e1sban.<\/li>\n<\/ul>\n<h3>T\u00f6k\u00e9letes kis- \u00e9s nagykereskedelemnek<\/h3>\n<p>A <strong>Bang King 50K Puffs<\/strong> az <strong>\u00edzszerz\u0151k, er\u0151s fogyaszt\u00f3k, vape-boltok \u00e9s forgalmaz\u00f3k<\/strong> sz\u00e1m\u00e1ra ide\u00e1lis v\u00e1laszt\u00e1s. Hatalmas puffad\u00e1si sz\u00e1m\u00e1val, innovat\u00edv, kett\u0151s \u00edz\u0171 kialak\u00edt\u00e1s\u00e1val \u00e9s nagykereskedelmi-bar\u00e1t csomagol\u00e1s\u00e1val \u00fagy k\u00e9sz\u00fclt, hogy kiel\u00e9g\u00edtse \u00e9s gyorsan eladja.<\/p>\n<h3>GYIK<\/h3>\n<ul>\n<li><strong>H\u00e1ny \u00edz egy eszk\u00f6z\u00f6n?<\/strong><br \/>\nMinden k\u00e9sz\u00fcl\u00e9khez 2 el\u0151re \u00f6sszekevert \u00edz tartozik.<\/li>\n<li><strong>\u00dajrat\u00f6lthet\u0151?<\/strong><br \/>\nNem, ez egy teljesen eldobhat\u00f3 kialak\u00edt\u00e1s a k\u00e9nyelem \u00e9rdek\u00e9ben.<\/li>\n<li><strong>Mennyi ideig tart?<\/strong><br \/>\nAk\u00e1r 50 000 f\u00faj\u00e1s a haszn\u00e1latt\u00f3l f\u00fcgg\u0151en.<\/li>\n<li><strong>Milyen er\u0151ss\u00e9g\u0171 nikotin \u00e9rhet\u0151 el?<\/strong><br \/>\n2%, 3% \u00e9s 5% opci\u00f3k minden preferenci\u00e1nak megfelelnek.<\/li>\n<li><strong>Nagykereskedelemre alkalmas?<\/strong><br \/>\nIgen, \u00f6mlesztve kaphat\u00f3, \u00e9s a viszontelad\u00f3k sz\u00e1m\u00e1ra azonnali \u00e9rt\u00e9kes\u00edt\u00e9sre alkalmas term\u00e9k.<\/li>\n<li><strong>Ki vegye meg?<\/strong><br \/>\nT\u00f6k\u00e9letes a kem\u00e9ny g\u0151z\u00f6l\u0151knek, az \u00edzek kedvel\u0151inek \u00e9s a pr\u00e9mium eldobhat\u00f3 term\u00e9keket \u00e1rus\u00edt\u00f3 \u00fczleteknek.<\/li>\n<\/ul>\n","protected":false},"excerpt":{"rendered":"<p>A <strong>Bang King 50K Puffs<\/strong> \ud83d\udca8 egy nagy kapacit\u00e1s\u00fa, eldobhat\u00f3 vape, amelyet <strong>kett\u0151s \u00edzrendszerrel<\/strong>, hatalmas puffad\u00e1ssz\u00e1mmal \u00e9s LCD puffad\u00e1ssz\u00e1ml\u00e1l\u00f3val terveztek a t\u00f6k\u00e9letes k\u00e9nyelem \u00e9rdek\u00e9ben. T\u00f6k\u00e9letes azoknak a nagy felhaszn\u00e1l\u00f3knak \u00e9s a vape \u00fczleteknek, akik t\u00f6meges, k\u00f6nnyen \u00e9rt\u00e9kes\u00edthet\u0151 bestsellert keresnek.<\/p>\n","protected":false},"featured_media":37,"comment_status":"open","ping_status":"closed","template":"","meta":[],"product_brand":[],"product_cat":[346],"product_tag":[],"class_list":{"0":"post-61773","1":"product","2":"type-product","3":"status-publish","4":"has-post-thumbnail","6":"product_cat-bang","8":"first","9":"instock","10":"shipping-taxable","11":"purchasable","12":"product-type-variable","13":"has-default-attributes"},"tiered_pricing_type":"fixed","tiered_pricing_fixed_rules":{"30":7.4000000000000003552713678800500929355621337890625,"50":6.29000000000000003552713678800500929355621337890625,"100":5.54999999999999982236431605997495353221893310546875,"200":5.17999999999999971578290569595992565155029296875,"400":4.62999999999999989341858963598497211933135986328125},"tiered_pricing_product_settings":{"layout":"default","base_unit_name":{"singular":null,"plural":null},"default_variation":null},"tiered_pricing_minimum_quantity":10,"tiered_pricing_roles_data":[],"tiered_pricing_percentage_rules":[],"tiered_pricing_maximum_quantity":null,"tiered_pricing_quantity_step":"10","_links":{"self":[{"href":"https:\/\/stage.jrfer.com\/hu\/wp-json\/wp\/v2\/product\/61773","targetHints":{"allow":["GET"]}}],"collection":[{"href":"https:\/\/stage.jrfer.com\/hu\/wp-json\/wp\/v2\/product"}],"about":[{"href":"https:\/\/stage.jrfer.com\/hu\/wp-json\/wp\/v2\/types\/product"}],"replies":[{"embeddable":true,"href":"https:\/\/stage.jrfer.com\/hu\/wp-json\/wp\/v2\/comments?post=61773"}],"wp:featuredmedia":[{"embeddable":true,"href":"https:\/\/stage.jrfer.com\/hu\/wp-json\/wp\/v2\/media\/37"}],"wp:attachment":[{"href":"https:\/\/stage.jrfer.com\/hu\/wp-json\/wp\/v2\/media?parent=61773"}],"wp:term":[{"taxonomy":"product_brand","embeddable":true,"href":"https:\/\/stage.jrfer.com\/hu\/wp-json\/wp\/v2\/product_brand?post=61773"},{"taxonomy":"product_cat","embeddable":true,"href":"https:\/\/stage.jrfer.com\/hu\/wp-json\/wp\/v2\/product_cat?post=61773"},{"taxonomy":"product_tag","embeddable":true,"href":"https:\/\/stage.jrfer.com\/hu\/wp-json\/wp\/v2\/product_tag?post=61773"}],"curies":[{"name":"wp","href":"https:\/\/api.w.org\/{rel}","templated":true}]}}