{"id":8670,"date":"2025-06-23T04:47:15","date_gmt":"2025-06-23T04:47:15","guid":{"rendered":"https:\/\/stage.jrfer.com\/home\/"},"modified":"2026-04-06T12:48:30","modified_gmt":"2026-04-06T12:48:30","slug":"home","status":"publish","type":"page","link":"https:\/\/stage.jrfer.com\/it\/","title":{"rendered":"Casa"},"content":{"rendered":"<h4>Pagamento sicuro<\/h4>\n<p>Acquista in tutta sicurezza sapendo che i tuoi dati di pagamento sono protetti da standard di sicurezza leader del settore.<\/p>\n<h4>Servizio eccellente<\/h4>\n<p>Scopri un servizio clienti di prim&#8217;ordine con il nostro team dedicato pronto ad assisterti per qualsiasi domanda o dubbio.<\/p>\n<h4>Consegna veloce<\/h4>\n<p>Goditi una spedizione rapida e affidabile su tutti gli ordini, assicurandoti di ricevere i tuoi prodotti tempestivamente e in perfette condizioni.<\/p>\n<h4>Prodotti genuini<\/h4>\n<p>Garantiamo che tutti i nostri prodotti sono autentici al 100%, provenienti direttamente da produttori affidabili.<\/p>\n<h3 id=\"brxe-xhtvan\" class=\"brxe-heading\">Nuovi arrivi<\/h3>\n<div id=\"brxe-aezrzz\" class=\"brxe-text-basic\">Rimani al passo con le ultime e migliori tecnologie di svapo.<\/div>\n<h3 id=\"brxe-kobdsx\" class=\"brxe-heading\">I <em>prodotti pi\u00f9 popolari<\/em><\/h3>\n<div id=\"brxe-vxehmw\" class=\"brxe-text-basic\">HolaVapes offre comode sigarette elettroniche usa e getta preriempite in vari gusti. Facile da usare e senza manutenzione, offre un&#8217;esperienza di svapo fluida, rendendolo un&#8217;ottima alternativa al fumo tradizionale sia per i principianti che per gli utenti esperti. Compatto e portatile per l&#8217;uso in movimento.<\/div>\n<h3 id=\"brxe-juvpfn\" class=\"brxe-heading\" style=\"text-align: center;\">Blog.  <em>Per iniziare<\/em><\/h3>\n<p>WASPE Bar 60K: 60.000 boccate di sapore a lunga durata<\/p>\n<p>60.000 boccate e 16 opzioni di gusto. La <em>WASPE Bar 60K<\/em> non scherza: \u00e8 costruita per durare e superare le prestazioni. Qualit\u00e0 costruttiva premium, consistenza morbida e una gamma di sapori che copre tutto, dal fruttato al ghiacciato. Fai scorta del bar che far\u00e0 tornare i tuoi clienti.<\/p>\n<p>Acquista ora<\/p>\n<p>Happ Bar GR100K Pro: 100.000 sbuffi di potenza della bobina Mesh<\/p>\n<p>100.000 sbuffi. 56 ml di e-liquid premium. L&#8217;<em>Happ Bar GR100K Pro<\/em> porta la tecnologia della bobina a rete nel gioco dei boccati elevati, offrendo un sapore pi\u00f9 ricco e nuvole pi\u00f9 dense dal primo tiro all&#8217;ultimo. 15 gusti, zero compromessi. Questo \u00e8 il vaporizzatore sfuso di cui i tuoi scaffali hanno bisogno.<\/p>\n<p>Acquista ora<\/p>\n<p>Happ Bar MT50000: 50.000 Soffi con Display LCD<\/p>\n<p>50.000 boccate, uno schermo LCD nitido e 45 ml di succo racchiusi in un unico elegante dispositivo. <em>Happ Bar MT50000<\/em> mantiene gli svapatori informati e soddisfatti: ricaricabile di tipo C, 15 opzioni di gusto e un design tanto bello quanto performante. Prezzi all&#8217;ingrosso che hanno senso.<\/p>\n<p>Acquista ora<\/p>\n","protected":false},"excerpt":{"rendered":"<p>Pagamento sicuro Acquista in tutta sicurezza sapendo che i tuoi dati di pagamento sono protetti da standard di sicurezza leader del settore. Servizio eccellente Scopri un servizio clienti di prim&#8217;ordine con il nostro team dedicato pronto ad assisterti per qualsiasi domanda o dubbio. Consegna veloce Goditi una spedizione rapida e affidabile su tutti gli ordini, [&hellip;]<\/p>\n","protected":false},"author":1,"featured_media":0,"parent":0,"menu_order":0,"comment_status":"closed","ping_status":"open","template":"","meta":{"footnotes":""},"class_list":["post-8670","page","type-page","status-publish","hentry"],"_links":{"self":[{"href":"https:\/\/stage.jrfer.com\/it\/wp-json\/wp\/v2\/pages\/8670","targetHints":{"allow":["GET"]}}],"collection":[{"href":"https:\/\/stage.jrfer.com\/it\/wp-json\/wp\/v2\/pages"}],"about":[{"href":"https:\/\/stage.jrfer.com\/it\/wp-json\/wp\/v2\/types\/page"}],"author":[{"embeddable":true,"href":"https:\/\/stage.jrfer.com\/it\/wp-json\/wp\/v2\/users\/1"}],"replies":[{"embeddable":true,"href":"https:\/\/stage.jrfer.com\/it\/wp-json\/wp\/v2\/comments?post=8670"}],"version-history":[{"count":2,"href":"https:\/\/stage.jrfer.com\/it\/wp-json\/wp\/v2\/pages\/8670\/revisions"}],"predecessor-version":[{"id":24030,"href":"https:\/\/stage.jrfer.com\/it\/wp-json\/wp\/v2\/pages\/8670\/revisions\/24030"}],"wp:attachment":[{"href":"https:\/\/stage.jrfer.com\/it\/wp-json\/wp\/v2\/media?parent=8670"}],"curies":[{"name":"wp","href":"https:\/\/api.w.org\/{rel}","templated":true}]}}