{"id":9098,"date":"2025-07-16T04:58:54","date_gmt":"2025-07-16T04:58:54","guid":{"rendered":"https:\/\/stage.jrfer.com\/politica-di-rimborso-e-restituzione\/"},"modified":"2026-04-07T03:26:53","modified_gmt":"2026-04-07T03:26:53","slug":"refund_returns","status":"publish","type":"page","link":"https:\/\/stage.jrfer.com\/it\/refund_returns\/","title":{"rendered":"Politica di rimborso e restituzione"},"content":{"rendered":"\r\n<p><b>Questa \u00e8 una pagina di esempio.<\/b><\/p>\r\n\r\n\r\n\r\n<h2 class=\"wp-block-heading\">Panoramica<\/h2>\r\n\r\n\r\n\r\n<p>La nostra politica di rimborso e restituzione dura 30 giorni. Se sono trascorsi 30 giorni dall&#8217;acquisto, non possiamo offrirti un rimborso completo o uno scambio.<\/p>\r\n\r\n\r\n\r\n<p>Per avere diritto a un reso, il tuo articolo deve essere inutilizzato e nelle stesse condizioni in cui lo hai ricevuto. Deve anche essere nella confezione originale.<\/p>\r\n\r\n\r\n\r\n<p>Diversi tipi di merci sono esenti dalla restituzione. Non \u00e8 possibile restituire beni deperibili come cibo, fiori, giornali o riviste. Inoltre, non accettiamo prodotti che siano articoli intimi o sanitari, materiali pericolosi o liquidi o gas infiammabili.<\/p>\r\n\r\n\r\n\r\n<p>Articoli aggiuntivi non restituibili:<\/p>\r\n\r\n\r\n\r\n<ul>\r\n<li>Buoni regalo<\/li>\r\n<li>Prodotti software scaricabili<\/li>\r\n<li>Alcuni articoli per la salute e la cura personale<\/li>\r\n<\/ul>\r\n\r\n\r\n\r\n<p>Per completare il reso, abbiamo bisogno di una ricevuta o di una prova d&#8217;acquisto.<\/p>\r\n\r\n\r\n\r\n<p>Non rispedire il tuo acquisto al produttore.<\/p>\r\n\r\n\r\n\r\n<p>Ci sono alcune situazioni in cui vengono concessi solo rimborsi parziali:<\/p>\r\n\r\n\r\n\r\n<ul>\r\n<li>Libro con evidenti segni di utilizzo<\/li>\r\n<li>CD, DVD, nastro VHS, software, videogioco, cassetta o disco in vinile aperto.<\/li>\r\n<li>Qualsiasi articolo non nelle sue condizioni originali, \u00e8 danneggiato o presenta parti mancanti per ragioni non dovute al nostro errore.<\/li><li>Qualsiasi articolo restituito pi\u00f9 di 30 giorni dopo la consegna<\/li>\r\n<\/ul>\r\n\r\n\r\n\r\n<h2 class=\"wp-block-heading\">Rimborsi<\/h2>\r\n\r\n\r\n\r\n<p>Una volta ricevuto e ispezionato il tuo reso, ti invieremo un&#8217;e-mail per informarti che abbiamo ricevuto il tuo articolo restituito. Ti informeremo inoltre dell&#8217;approvazione o del rifiuto del rimborso.<\/p>\r\n\r\n\r\n\r\n<p>Se sei approvato, il rimborso verr\u00e0 elaborato e un credito verr\u00e0 automaticamente applicato alla tua carta di credito o al metodo di pagamento originale, entro un certo numero di giorni.<\/p>\r\n\r\n\r\n\r\n<h3 class=\"wp-block-heading\">Rimborsi tardivi o mancanti<\/h3>\r\n\r\n\r\n\r\n<p>Se non hai ancora ricevuto un rimborso, controlla prima di nuovo il tuo conto bancario.<\/p>\r\n\r\n\r\n\r\n<p>Quindi contatta la societ\u00e0 della tua carta di credito, potrebbe essere necessario del tempo prima che il rimborso venga registrato ufficialmente.<\/p>\r\n\r\n\r\n\r\n<p>Successivamente contatta la tua banca. Spesso \u00e8 necessario del tempo di elaborazione prima che venga registrato un rimborso.<\/p>\r\n\r\n\r\n\r\n<p>Se hai fatto tutto questo e non hai ancora ricevuto il rimborso, contattaci all&#8217;indirizzo {indirizzo email}.<\/p>\r\n\r\n\r\n\r\n<h3 class=\"wp-block-heading\">Articoli in vendita<\/h3>\r\n\r\n\r\n\r\n<p>Possono essere rimborsati solo gli articoli a prezzo normale. Gli articoli in saldo non possono essere rimborsati.<\/p>\r\n\r\n\r\n\r\n<h2 class=\"wp-block-heading\">Scambi<\/h2>\r\n\r\n<p>Sostituiamo gli articoli solo se difettosi o danneggiati. Se devi cambiarlo con lo stesso articolo, inviaci un&#8217;e-mail a {indirizzo email} e invia il tuo articolo a: {indirizzo fisico}.<\/p>\r\n\r\n\r\n\r\n<h2 class=\"wp-block-heading\">Regali<\/h2>\r\n\r\n\r\n\r\n<p>Se l&#8217;articolo \u00e8 stato contrassegnato come regalo al momento dell&#8217;acquisto e ti \u00e8 stato spedito direttamente, riceverai un credito regalo pari al valore del tuo reso. Una volta ricevuto l&#8217;articolo restituito, ti verr\u00e0 inviato un buono regalo.<\/p>\r\n\r\n\r\n\r\n<p>Se l&#8217;articolo non \u00e8 stato contrassegnato come regalo al momento dell&#8217;acquisto o se il donatore si \u00e8 fatto spedire l&#8217;ordine per dartelo in seguito, invieremo un rimborso al donatore e lui verr\u00e0 a conoscenza del tuo reso.<\/p>\r\n\r\n\r\n\r\n<h2 class=\"wp-block-heading\">Spedizione resi<\/h2>\r\n\r\n\r\n\r\n<p>Per restituire il prodotto, devi spedire il prodotto a: {indirizzo fisico}.<\/p>\r\n\r\n\r\n\r\n<p>Sarai responsabile del pagamento delle spese di spedizione per la restituzione del tuo articolo. Le spese di spedizione non sono rimborsabili. Se ricevi un rimborso, il costo della spedizione per la restituzione verr\u00e0 detratto dal rimborso.<\/p>\r\n\r\n\r\n\r\n<p>A seconda di dove vivi, il tempo necessario affinch\u00e9 il prodotto scambiato ti raggiunga pu\u00f2 variare.<\/p>\r\n\r\n\r\n\r\n<p>Se stai restituendo articoli pi\u00f9 costosi, potresti prendere in considerazione l&#8217;utilizzo di un servizio di spedizione tracciabile o l&#8217;acquisto di un&#8217;assicurazione sulla spedizione. Non garantiamo che riceveremo l&#8217;articolo restituito.<\/p>\r\n\r\n<h2 class=\"wp-block-heading\">Hai bisogno di aiuto?<\/h2>\r\n\r\n\r\n\r\n<p>Contattaci all&#8217;indirizzo {email} per domande relative a rimborsi e resi.<\/p>\r\n","protected":false},"excerpt":{"rendered":"","protected":false},"author":1,"featured_media":0,"parent":0,"menu_order":0,"comment_status":"closed","ping_status":"closed","template":"","meta":{"footnotes":""},"class_list":["post-9098","page","type-page","status-publish","hentry"],"_links":{"self":[{"href":"https:\/\/stage.jrfer.com\/it\/wp-json\/wp\/v2\/pages\/9098","targetHints":{"allow":["GET"]}}],"collection":[{"href":"https:\/\/stage.jrfer.com\/it\/wp-json\/wp\/v2\/pages"}],"about":[{"href":"https:\/\/stage.jrfer.com\/it\/wp-json\/wp\/v2\/types\/page"}],"author":[{"embeddable":true,"href":"https:\/\/stage.jrfer.com\/it\/wp-json\/wp\/v2\/users\/1"}],"replies":[{"embeddable":true,"href":"https:\/\/stage.jrfer.com\/it\/wp-json\/wp\/v2\/comments?post=9098"}],"version-history":[{"count":1,"href":"https:\/\/stage.jrfer.com\/it\/wp-json\/wp\/v2\/pages\/9098\/revisions"}],"predecessor-version":[{"id":24919,"href":"https:\/\/stage.jrfer.com\/it\/wp-json\/wp\/v2\/pages\/9098\/revisions\/24919"}],"wp:attachment":[{"href":"https:\/\/stage.jrfer.com\/it\/wp-json\/wp\/v2\/media?parent=9098"}],"curies":[{"name":"wp","href":"https:\/\/api.w.org\/{rel}","templated":true}]}}