{"id":9118,"date":"2025-07-16T04:36:50","date_gmt":"2025-07-16T04:36:50","guid":{"rendered":"https:\/\/stage.jrfer.com\/chi-siamo\/"},"modified":"2026-04-07T07:18:30","modified_gmt":"2026-04-07T07:18:30","slug":"about","status":"publish","type":"page","link":"https:\/\/stage.jrfer.com\/it\/about\/","title":{"rendered":"Chi siamo"},"content":{"rendered":"<div class=\"jr-page jr-page--about\">\n<section class=\"jr-hero\">\n<p class=\"jr-kicker\">Rico Vape<\/p>\n<h1>Chi siamo<\/h1>\n<div class=\"jr-hero-copy\">\n<p>Benvenuto in RicoVapes, il tuo punto di riferimento per sigarette elettroniche usa e getta premium e prodotti per lo svapo.<br \/>La nostra missione \u00e8 fornire soluzioni di svapo innovative e di alta qualit\u00e0 su misura per le tue esigenze.<\/p>\n<\/div>\n<\/section>\n<div class=\"jr-card-grid\">\n<article class=\"jr-info-card\">\n<h3>I nostri prodotti<\/h3>\n<div class=\"jr-card-copy\">\n<div>Offriamo sigarette elettroniche usa e getta di alta qualit\u00e0 e forniamo servizi OEM per prodotti di svapo personalizzati. Tutti i nostri prodotti sono sottoposti a test rigorosi per garantire che soddisfino gli standard pi\u00f9 elevati.<\/div>\n<\/div>\n<\/article>\n<article class=\"jr-info-card\">\n<h3>Servizi all&#8217;ingrosso e OEM<\/h3>\n<div class=\"jr-card-copy\">\n<div>Offriamo sigarette elettroniche usa e getta di alta qualit\u00e0 e forniamo servizi OEM per prodotti di svapo personalizzati. Tutti i nostri prodotti sono sottoposti a test rigorosi per garantire che soddisfino gli standard pi\u00f9 elevati.<\/div>\n<\/div>\n<\/article>\n<article class=\"jr-info-card\">\n<h3>Spedizione veloce e sicura<\/h3>\n<div class=\"jr-card-copy\">\n<div>Elaboriamo gli ordini entro 1-3 giorni lavorativi e spediamo utilizzando corrieri affidabili come DHL, DPD, UPS e servizi postali locali.\n<\/div>\n<div>La nostra spedizione efficiente garantisce una consegna rapida e sicura.<\/div>\n<\/div>\n<\/article>\n<article class=\"jr-info-card\">\n<h3>Pagamenti sicuri<\/h3>\n<div class=\"jr-card-copy\">\n<div>Supportiamo PayPal, carte di credito, bonifici bancari e pagamenti in criptovaluta, utilizzando la crittografia SSL per la trasmissione dei dati.<\/div>\n<\/div>\n<\/article>\n<article class=\"jr-info-card\">\n<h3>Assistenza clienti<\/h3>\n<div class=\"jr-card-copy\">\n<div>Il nostro team di assistenza clienti dedicato \u00e8 qui per aiutarti. Contattaci via email a support@ricovape.com o whatsapp <a href=\"https:\/\/api.whatsapp.com\/send?phone=8618241953968\" target=\"_blank\" rel=\"noopener\">+8618241953968<\/a>. Siamo disponibili dal luned\u00ec al venerd\u00ec, dalle 9:00 alle 20:00. Ora solare cinese.<\/div>\n<\/div>\n<\/article>\n<\/div>\n<\/div>\n","protected":false},"excerpt":{"rendered":"<p>Rico Vape Chi siamo Benvenuto in RicoVapes, il tuo punto di riferimento per sigarette elettroniche usa e getta premium e prodotti per lo svapo.La nostra missione \u00e8 fornire soluzioni di svapo innovative e di alta qualit\u00e0 su misura per le tue esigenze. I nostri prodotti Offriamo sigarette elettroniche usa e getta di alta qualit\u00e0 e [&hellip;]<\/p>\n","protected":false},"author":1,"featured_media":0,"parent":0,"menu_order":0,"comment_status":"closed","ping_status":"closed","template":"","meta":{"footnotes":""},"class_list":["post-9118","page","type-page","status-publish","hentry"],"_links":{"self":[{"href":"https:\/\/stage.jrfer.com\/it\/wp-json\/wp\/v2\/pages\/9118","targetHints":{"allow":["GET"]}}],"collection":[{"href":"https:\/\/stage.jrfer.com\/it\/wp-json\/wp\/v2\/pages"}],"about":[{"href":"https:\/\/stage.jrfer.com\/it\/wp-json\/wp\/v2\/types\/page"}],"author":[{"embeddable":true,"href":"https:\/\/stage.jrfer.com\/it\/wp-json\/wp\/v2\/users\/1"}],"replies":[{"embeddable":true,"href":"https:\/\/stage.jrfer.com\/it\/wp-json\/wp\/v2\/comments?post=9118"}],"version-history":[{"count":2,"href":"https:\/\/stage.jrfer.com\/it\/wp-json\/wp\/v2\/pages\/9118\/revisions"}],"predecessor-version":[{"id":69389,"href":"https:\/\/stage.jrfer.com\/it\/wp-json\/wp\/v2\/pages\/9118\/revisions\/69389"}],"wp:attachment":[{"href":"https:\/\/stage.jrfer.com\/it\/wp-json\/wp\/v2\/media?parent=9118"}],"curies":[{"name":"wp","href":"https:\/\/api.w.org\/{rel}","templated":true}]}}