{"id":9174,"date":"2025-07-16T05:44:51","date_gmt":"2025-07-16T05:44:51","guid":{"rendered":"https:\/\/stage.jrfer.com\/commercio-allingrosso\/"},"modified":"2026-04-07T07:19:16","modified_gmt":"2026-04-07T07:19:16","slug":"wholesale","status":"publish","type":"page","link":"https:\/\/stage.jrfer.com\/it\/wholesale\/","title":{"rendered":"Commercio all&#8217;ingrosso"},"content":{"rendered":"<div class=\"jr-page jr-page--wholesale\">\n<section class=\"jr-hero\">\n<p class=\"jr-kicker\">Rico Vape B2B<\/p>\n<h1>Commercio all&#8217;ingrosso<\/h1>\n<p class=\"jr-subhead\">Acquisti all&#8217;ingrosso<\/p>\n<div class=\"jr-hero-copy\">\n<p>Ci impegniamo a fornire sigarette elettroniche e accessori di alta qualit\u00e0 a rivenditori e distributori in tutto il mondo. In qualit\u00e0 di fornitore leader nel settore, offriamo un&#8217;ampia gamma di prodotti e prezzi all&#8217;ingrosso competitivi per soddisfare le diverse esigenze della tua azienda.<\/p>\n<\/div>\n<\/section>\n<section class=\"jr-checklist-panel\">\n<h2>Perch\u00e9 sceglierci?<\/h2>\n<ul class=\"jr-checklist\">\n<li><strong>Ampia selezione di prodotti<\/strong>: dai pi\u00f9 recenti dispositivi per sigarette elettroniche a una variet\u00e0 di gusti di liquidi elettronici, abbiamo tutto ci\u00f2 di cui hai bisogno.<\/li>\n<li><strong>Qualit\u00e0 Premium<\/strong>: tutti i nostri prodotti sono sottoposti a rigorosi test di qualit\u00e0 per garantire sicurezza e affidabilit\u00e0.<\/li>\n<li><strong>Quantit\u00e0 degli ordini flessibili<\/strong>: che tu sia un piccolo rivenditore o un grande distributore, possiamo soddisfare le tue esigenze di ordinazione.<\/li>\n<li><strong>Servizi di spedizione veloce<\/strong>: collaboriamo con diverse societ\u00e0 di logistica globali, garantiamo che i tuoi ordini vengano consegnati in modo rapido e sicuro, con monitoraggio online in tempo reale.<\/li>\n<li><strong>Eccellente assistenza clienti<\/strong>: il nostro team dedicato \u00e8 qui per assisterti per qualsiasi domanda o problema tu possa avere.<\/li>\n<\/ul>\n<\/section>\n<section class=\"jr-closing\">\n<p>Contatta oggi il nostro team di vendita all&#8217;ingrosso per saperne di pi\u00f9 sulle nostre offerte e sugli sconti all&#8217;ingrosso.<\/p>\n<p>Non vediamo l&#8217;ora di collaborare con te e ottenere insieme un grande successo!<\/p>\n<\/section>\n<\/div>\n","protected":false},"excerpt":{"rendered":"<p>Rico Vape B2B Commercio all&#8217;ingrosso Acquisti all&#8217;ingrosso Ci impegniamo a fornire sigarette elettroniche e accessori di alta qualit\u00e0 a rivenditori e distributori in tutto il mondo. In qualit\u00e0 di fornitore leader nel settore, offriamo un&#8217;ampia gamma di prodotti e prezzi all&#8217;ingrosso competitivi per soddisfare le diverse esigenze della tua azienda. Perch\u00e9 sceglierci? Ampia selezione di [&hellip;]<\/p>\n","protected":false},"author":1,"featured_media":0,"parent":0,"menu_order":0,"comment_status":"closed","ping_status":"closed","template":"","meta":{"footnotes":""},"class_list":["post-9174","page","type-page","status-publish","hentry"],"_links":{"self":[{"href":"https:\/\/stage.jrfer.com\/it\/wp-json\/wp\/v2\/pages\/9174","targetHints":{"allow":["GET"]}}],"collection":[{"href":"https:\/\/stage.jrfer.com\/it\/wp-json\/wp\/v2\/pages"}],"about":[{"href":"https:\/\/stage.jrfer.com\/it\/wp-json\/wp\/v2\/types\/page"}],"author":[{"embeddable":true,"href":"https:\/\/stage.jrfer.com\/it\/wp-json\/wp\/v2\/users\/1"}],"replies":[{"embeddable":true,"href":"https:\/\/stage.jrfer.com\/it\/wp-json\/wp\/v2\/comments?post=9174"}],"version-history":[{"count":2,"href":"https:\/\/stage.jrfer.com\/it\/wp-json\/wp\/v2\/pages\/9174\/revisions"}],"predecessor-version":[{"id":69407,"href":"https:\/\/stage.jrfer.com\/it\/wp-json\/wp\/v2\/pages\/9174\/revisions\/69407"}],"wp:attachment":[{"href":"https:\/\/stage.jrfer.com\/it\/wp-json\/wp\/v2\/media?parent=9174"}],"curies":[{"name":"wp","href":"https:\/\/api.w.org\/{rel}","templated":true}]}}