{"id":14747,"date":"2025-07-07T09:28:38","date_gmt":"2025-07-07T09:28:38","guid":{"rendered":"https:\/\/stage.jrfer.com\/product\/uzy-60k-3-in-1-60000-sbuffi-vaporizzatore-monouso-sfuso-con-bobina-a-tripla-mesh\/"},"modified":"2026-04-07T12:39:19","modified_gmt":"2026-04-07T12:39:19","slug":"uzy-triple-flavors-60000","status":"publish","type":"product","link":"https:\/\/stage.jrfer.com\/it\/prodotto\/uzy-triple-flavors-60000\/","title":{"rendered":"UZY 60K 3 in 1 60000 sbuffi | vaporizzatore monouso sfuso con bobina a tripla mesh"},"content":{"rendered":"<h2>Perch\u00e9 scegliere UZY Triple Flavours 60000?<\/h2>\n<ul>\n<li><strong>Enorme capacit\u00e0 di boccata:<\/strong> fino a 60.000 boccate per un uso duraturo \ud83d\ude80<\/li>\n<li><strong>Rotazione tripla dei gusti:<\/strong> cambia tra 3 gusti entusiasmanti in un unico dispositivo \ud83c\udf47\ud83c\udf49\ud83e\udd6d<\/li>\n<li><strong>Modalit\u00e0 Pro e Max:<\/strong> scegli tra nuvole pi\u00f9 morbide o intensit\u00e0 massima \u26a1\ud83c\udf2c\ufe0f<\/li>\n<li><strong>Bobina a tripla rete:<\/strong> offre un gusto audace e ricco ad ogni boccata \ud83d\udd25<\/li>\n<li><strong>Potenza ricaricabile:<\/strong> la ricarica rapida di tipo C da 850 mAh ti consente di svapare pi\u00f9 a lungo \ud83d\udd0b<\/li>\n<li><strong>Schermo intelligente LED:<\/strong> facile monitoraggio dell&#8217;olio e della batteria \ud83d\udcca<\/li>\n<li><strong>Pronto per la vendita all&#8217;ingrosso:<\/strong> design adatto ai prodotti sfusi, perfetto per distributori e rivenditori \ud83d\udce6<\/li>\n<\/ul>\n<h3>Specifiche<\/h3>\n<tr>\n<td><strong>Capacit\u00e0 di soffio:<\/strong><\/td>\n<td>60.000 sbuffi<\/td>\n<\/tr>\n<tr>\n<td><strong>Capacit\u00e0 dell&#8217;e-liquid:<\/strong><\/td>\n<td>54 ml (18 ml \u00d7 3 gusti)<\/td>\n<\/tr>\n<tr>\n<td><strong>Batteria:<\/strong><\/td>\n<td>850mAh ricaricabile, tipo C<\/td>\n<\/tr>\n<tr>\n<td><strong>Tipo di bobina:<\/strong><\/td>\n<td>Bobina a tripla maglia<\/td>\n<\/tr>\n<tr>\n<td><strong>Opzioni con nicotina:<\/strong><\/td>\n<td>0%, 2%, 3%, 5%<\/td>\n<\/tr>\n<tr>\n<td><strong>Visualizzazione:<\/strong><\/td>\n<td>Schermo intelligente LED<\/td>\n<\/tr>\n<tr>\n<td><strong>Design:<\/strong><\/td>\n<td>Corpo cristallino<\/td>\n<\/tr>\n<tr>\n<td><strong>Modalit\u00e0 di alimentazione:<\/strong><\/td>\n<td>Pro e Max<\/td>\n<\/tr>\n<h3>Combinazioni di sapori<\/h3>\n<p>L&#8217;UZY 60K ti offre emozionanti combinazioni di tripli sapori per non annoiarti mai. Ecco alcuni punti salienti:<\/p>\n<ul>\n<li><strong>Mirtillo Lampone \u2022 Fragola Kiwi \u2022 Limone Lime:<\/strong> una miscela fruttata e rinfrescante con un tocco di agrumi \ud83e\uded0\ud83c\udf53\ud83c\udf4b<\/li>\n<li><strong>Kiwi Frutto della Passione Guava \u2022 Ghiaccio al Mirtillo \u2022 Mango Pesca:<\/strong> Bont\u00e0 esotica, ghiacciata e tropicale \ud83e\udd5d\ud83e\udd6d\u2744\ufe0f<\/li>\n<li><strong>Anguria alla fragola \u2022 Ghiaccio alla cola \u2022 Cola alla ciliegia:<\/strong> i frutti dolci incontrano le vibrazioni della soda frizzante \ud83c\udf53\ud83c\udf49\ud83e\udd64<\/li>\n<li><strong>Ghiaccio alla pesca \u2022 Gelato alla fragola, lampone e ciliegia \u2022 Gelato alle due mele:<\/strong> un ricco mix di classici e miscele rinfrescanti \ud83c\udf51\ud83c\udf52\ud83c\udf4f<\/li>\n<li><strong>Grape Ice \u2022 Love 666 \u2022 Red Bull alla fragola:<\/strong> Uva audace, vibrazioni energetiche e gusto unico \ud83c\udf47\u26a1<\/li>\n<li><strong>Mr Blue \u2022 Gummy Bear \u2022 Red Bull Ice:<\/strong> gusti di caramelle divertenti con un tocco di energia rinfrescante \ud83c\udf6c\u2744\ufe0f<\/li>\n<li><strong>Ananas pesca mango \u2022 Blue Razz Ice \u2022 Anguria lampone:<\/strong> strati tropicali, sapidi e succosi \ud83c\udf4d\ud83c\udf51\ud83c\udf49<\/li>\n<li><strong>Ghiaccio all&#8217;anguria \u2022 Ghiaccio triplo al melone \u2022 Banana e fragola:<\/strong> Una combinazione fruttata morbida e rinfrescante \ud83c\udf49\ud83c\udf4c<\/li>\n<li><strong>Ghiaccio estivo alla pesca \u2022 Ghiaccio alla fragola \u2022 Blue Razz Ice:<\/strong> trio dolce, fresco e fruttato \u2744\ufe0f\ud83c\udf51\ud83c\udf53<\/li>\n<li><strong>Cherry Ice \u2022 Frutti di bosco misti \u2022 Black Dragon Ice:<\/strong> Un&#8217;esperienza unica, audace e ghiacciata \ud83c\udf52\ud83d\udda4<\/li>\n<\/ul>\n<h3>Perfetto per utenti assidui, cacciatori di sapori e vendita all&#8217;ingrosso<\/h3>\n<p>L&#8217;UZY Triple Flavours 60000 \u00e8 realizzato per coloro che richiedono variet\u00e0 e prestazioni. Con 60.000 sbuffi, aromi rotanti e potenti bobine a tripla maglia, \u00e8 perfetto per i vapers pesanti, gli appassionati di sapori e i negozi di svapo. L&#8217;imballaggio pronto per lo sfuso lo rende la scelta migliore per la distribuzione all&#8217;ingrosso. \ud83d\udcaf\ud83d\udca8<\/p>\n<h3>Domande frequenti<\/h3>\n<ul>\n<li><strong>Quanti gusti posso alternare?<\/strong><br \/>\nOgni dispositivo include 3 gusti diversi che puoi ruotare in qualsiasi momento.<\/li>\n<li><strong>Ha diversi livelli di nicotina?<\/strong><br \/>\nS\u00ec, disponibile nelle opzioni 0%, 2%, 3% e 5%.<\/li>\n<li><strong>La batteria \u00e8 ricaricabile?<\/strong><br \/>\nS\u00ec! Viene fornito con una batteria ricaricabile da 850 mAh e ricarica di tipo C.<\/li>\n<li><strong>Cosa lo rende diverso dagli altri vaporizzatori?<\/strong><br \/>\n\u00c8 dotato di bobine a tripla mesh, modalit\u00e0 Pro e Max e 60.000 sbuffi con camere a triplo sapore.<\/li>\n<li><strong>Va bene per gli ordini all&#8217;ingrosso?<\/strong><br \/>\nAssolutamente: l&#8217;UZY 60K \u00e8 adatto ai prodotti sfusi ed \u00e8 molto attraente per i distributori e i negozi di svapo.<\/li>\n<\/ul>\n","protected":false},"excerpt":{"rendered":"<p>Scopri un&#8217;infinita variet\u00e0 di sapori con UZY Triple Flavours 60000 \ud83d\udca8\ud83d\udd25. Goditi 3 gusti rotanti, fino a 60.000 boccate e potenti bobine a tripla rete, realizzate per vaporizzatori pesanti, negozi di vaporizzatori e acquirenti all&#8217;ingrosso.<\/p>\n","protected":false},"featured_media":3849,"comment_status":"open","ping_status":"closed","template":"","meta":[],"product_brand":[],"product_cat":[1888],"product_tag":[],"class_list":{"0":"post-14747","1":"product","2":"type-product","3":"status-publish","4":"has-post-thumbnail","6":"product_cat-uzy","8":"first","9":"instock","10":"shipping-taxable","11":"purchasable","12":"product-type-variable","13":"has-default-attributes"},"tiered_pricing_type":"fixed","tiered_pricing_fixed_rules":{"30":8.6400000000000005684341886080801486968994140625,"50":6.79000000000000003552713678800500929355621337890625,"100":6.1699999999999999289457264239899814128875732421875,"200":5.79999999999999982236431605997495353221893310546875,"400":5.37000000000000010658141036401502788066864013671875},"tiered_pricing_product_settings":{"layout":"default","base_unit_name":{"singular":null,"plural":null},"default_variation":null},"tiered_pricing_minimum_quantity":10,"tiered_pricing_roles_data":[],"tiered_pricing_percentage_rules":[],"tiered_pricing_maximum_quantity":null,"tiered_pricing_quantity_step":"10","_links":{"self":[{"href":"https:\/\/stage.jrfer.com\/it\/wp-json\/wp\/v2\/product\/14747","targetHints":{"allow":["GET"]}}],"collection":[{"href":"https:\/\/stage.jrfer.com\/it\/wp-json\/wp\/v2\/product"}],"about":[{"href":"https:\/\/stage.jrfer.com\/it\/wp-json\/wp\/v2\/types\/product"}],"replies":[{"embeddable":true,"href":"https:\/\/stage.jrfer.com\/it\/wp-json\/wp\/v2\/comments?post=14747"}],"wp:featuredmedia":[{"embeddable":true,"href":"https:\/\/stage.jrfer.com\/it\/wp-json\/wp\/v2\/media\/3849"}],"wp:attachment":[{"href":"https:\/\/stage.jrfer.com\/it\/wp-json\/wp\/v2\/media?parent=14747"}],"wp:term":[{"taxonomy":"product_brand","embeddable":true,"href":"https:\/\/stage.jrfer.com\/it\/wp-json\/wp\/v2\/product_brand?post=14747"},{"taxonomy":"product_cat","embeddable":true,"href":"https:\/\/stage.jrfer.com\/it\/wp-json\/wp\/v2\/product_cat?post=14747"},{"taxonomy":"product_tag","embeddable":true,"href":"https:\/\/stage.jrfer.com\/it\/wp-json\/wp\/v2\/product_tag?post=14747"}],"curies":[{"name":"wp","href":"https:\/\/api.w.org\/{rel}","templated":true}]}}