{"id":54685,"date":"2025-06-28T04:24:43","date_gmt":"2025-06-28T04:24:43","guid":{"rendered":"https:\/\/stage.jrfer.com\/product\/bang-leader-80k-3-in-1-80000-sbuffi-vaporizzatore-monouso-sfuso-a-triplo-sapore\/"},"modified":"2026-04-07T15:01:50","modified_gmt":"2026-04-07T15:01:50","slug":"bang-leader-80k-puffs","status":"publish","type":"product","link":"https:\/\/stage.jrfer.com\/it\/prodotto\/bang-leader-80k-puffs\/","title":{"rendered":"Bang Leader 80K 3 in 1 80000 sbuffi | vaporizzatore monouso sfuso a triplo sapore"},"content":{"rendered":"<h2>Perch\u00e9 scegliere Bang Leader 80K?<\/h2>\n<ul>\n<li><strong>Sistema a triplo sapore:<\/strong> passa istantaneamente tra 3 gusti integrati in 1 dispositivo \ud83c\udf49\ud83e\udd6d\ud83c\udf4c<\/li>\n<li><strong>Numero di sbuffi ultra elevato:<\/strong> fino a 80.000 sbuffi per una longevit\u00e0 senza pari \ud83d\ude80<\/li>\n<li><strong>Opzioni di nicotina:<\/strong> 0%, 2%, 3% o 5% per soddisfare tutte le preferenze \u2705<\/li>\n<li><strong>Dual Mesh Coil:<\/strong> Gusto pi\u00f9 ricco, vapore pi\u00f9 morbido e riscaldamento pi\u00f9 rapido \ud83c\udf2c\ufe0f<\/li>\n<li><strong>Potenza ricaricabile:<\/strong> batteria da 850 mAh con ricarica rapida di tipo C \u26a1<\/li>\n<li><strong>Pronto per la vendita all&#8217;ingrosso:<\/strong> ogni scatola contiene 10 unit\u00e0, perfette per i rivenditori \ud83d\udce6<\/li>\n<\/ul>\n<h3>Specifiche<\/h3>\n<tr>\n<td><strong>Conteggio dei soffi:<\/strong><\/td>\n<td>Fino a 80.000 sbuffi<\/td>\n<\/tr>\n<tr>\n<td><strong>Sistema di sapori:<\/strong><\/td>\n<td>Cambio triplo sapore 3 in 1<\/td>\n<\/tr>\n<tr>\n<td><strong>Punti di forza della nicotina:<\/strong><\/td>\n<td>0%, 2%, 3%, 5%<\/td>\n<\/tr>\n<tr>\n<td><strong>Bobina:<\/strong><\/td>\n<td>Bobina a doppia maglia<\/td>\n<\/tr>\n<tr>\n<td><strong>Batteria:<\/strong><\/td>\n<td>850mAh ricaricabile<\/td>\n<\/tr>\n<tr>\n<td><strong>Ricarica:<\/strong><\/td>\n<td>Ricarica rapida di tipo C<\/td>\n<\/tr>\n<tr>\n<td><strong>Imballaggio in scatola:<\/strong><\/td>\n<td>10 unit\u00e0 per scatola (adatto al B2B)<\/td>\n<\/tr>\n<h3>Esperienza di gusto<\/h3>\n<p>Con <strong>Bang Leader 80K<\/strong>, ottieni <strong>3 gusti in ogni dispositivo<\/strong>: un mix perfetto per una variet\u00e0 infinita \ud83d\ude0d:<\/p>\n<ul>\n<li><strong>Ghiaccio di anguria + mango alla fragola + banana<\/strong> \u2013 Un trio fruttato rinfrescante \ud83c\udf49\ud83c\udf53\ud83c\udf4c<\/li>\n<li><strong>Mojito al lampone, gelato alla pesca + fragola, anguria + kiwi, frutto della passione, guava<\/strong> \u2013 Esotico e cool \ud83e\udd5d\ud83c\udf51<\/li>\n<li><strong>Anguria alla fragola + Ghiaccio all&#8217;uva + Caramella arcobaleno<\/strong> \u2013 Dolce, ghiacciato e colorato \ud83c\udf53\ud83c\udf6c<\/li>\n<li><strong>Cola Ice + Mirtillo Lampone + Pesca Mango Anguria<\/strong> \u2013 Frizzante, piccante e tropicale \ud83e\udd64\ud83c\udf47<\/li>\n<li><strong>Mirtillo Anguria + Fragola Mango + Ribes Nero<\/strong> \u2013 Un&#8217;audace esplosione di frutta \ud83e\uded0\ud83c\udf49<\/li>\n<li><strong>Blueberry Ice + Black Dragon Ice + Mango Peach<\/strong> \u2013 Ghiacciato e potente \ud83d\udc09\ud83e\udd6d<\/li>\n<li><strong>Ghiaccio al mirtillo + Banana alla fragola + Frutti di bosco<\/strong> \u2013 Miscela cremosa e fruttata \ud83c\udf4c\ud83e\uded0<\/li>\n<li><strong>Red Bull + Mirtillo Anguria + Mela Pera<\/strong> \u2013 Una sferzata di energia con un tocco fruttato \u26a1\ud83c\udf4f<\/li>\n<li><strong>Red Bull + Bubble Candy all&#8217;anguria + Gelato alla fragola<\/strong> \u2013 Divertente e come un dessert \ud83c\udf6c\ud83c\udf66<\/li>\n<li><strong>Kiwi alla fragola + ghiaccio alla pesca + cola alla ciliegia<\/strong> \u2013 Dolce, piccante e frizzante \ud83c\udf52\ud83e\udd64<\/li>\n<li><strong>Kiwi Guava + Lychee Ice + Mango Pesca Ananas<\/strong> \u2013 Paradiso tropicale esotico \ud83e\udd6d\ud83c\udf4d<\/li>\n<li><strong>Ghiaccio di avocado + lime al limone + lampone all&#8217;anguria<\/strong> \u2013 Unico, piccante e rinfrescante \ud83e\udd51\ud83c\udf4b<\/li>\n<\/ul>\n<h3>Perfetto per utenti assidui e grossisti<\/h3>\n<p>Il <strong>Bang Leader 80K<\/strong> \u00e8 progettato per <strong>vapers accaniti, appassionati di sapori e acquirenti all&#8217;ingrosso<\/strong>. I suoi <strong>80.000 puff, il sistema a triplo sapore e la confezione adatta al B2B<\/strong> lo rendono un must per negozi di svapo, distributori e lounge alla ricerca di un prodotto molto richiesto.<\/p>\n<h3>Domande frequenti<\/h3>\n<ul>\n<li><strong>Quanti gusti ci sono in ciascun dispositivo?<\/strong><br \/>\nOgni dispositivo \u00e8 dotato di 3 versioni integrate tra cui puoi alternare.<\/li>\n<li><strong>\u00c8 ricaricabile?<\/strong><br \/>\nS\u00ec, include una porta di ricarica di tipo C con una batteria da 850 mAh.<\/li>\n<li><strong>Quali livelli di nicotina sono disponibili?<\/strong><br \/>\nDisponibile in 0%, 2%, 3% e 5% per adattarsi a diversi utenti.<\/li>\n<li><strong>Come viene confezionato?<\/strong><br \/>\nOgni scatola all&#8217;ingrosso contiene 10 unit\u00e0, ideali per gli acquirenti B2B.<\/li>\n<li><strong>Chi dovrebbe acquistare questo prodotto?<\/strong><br \/>\nPerfetto per <strong>consumatori assidui, amanti dei sapori, negozi di vaporizzatori e distributori<\/strong> alla ricerca di opzioni sfuse premium.<\/li>\n<\/ul>\n","protected":false},"excerpt":{"rendered":"<p>Il <strong>Bang Leader 80K<\/strong> \ud83d\udd25 ridefinisce lo svapo usa e getta con il <strong>cambio di sapore 3 in 1<\/strong>, un enorme <strong>numero di sbuffi di 80.000<\/strong> e la <strong>tecnologia a doppia bobina a rete<\/strong>. Progettato per un divertimento duraturo e per la distribuzione all&#8217;ingrosso, \u00e8 la scelta perfetta per negozi di svapo, distributori e cacciatori di sapori.<\/p>\n","protected":false},"featured_media":818,"comment_status":"open","ping_status":"closed","template":"","meta":[],"product_brand":[],"product_cat":[364],"product_tag":[],"class_list":{"0":"post-54685","1":"product","2":"type-product","3":"status-publish","4":"has-post-thumbnail","6":"product_cat-bang","8":"first","9":"instock","10":"shipping-taxable","11":"purchasable","12":"product-type-variable","13":"has-default-attributes"},"tiered_pricing_type":"fixed","tiered_pricing_fixed_rules":{"30":7.4000000000000003552713678800500929355621337890625,"50":6.29000000000000003552713678800500929355621337890625,"100":5.42999999999999971578290569595992565155029296875,"200":5.05999999999999960920149533194489777088165283203125,"400":4.5},"tiered_pricing_product_settings":{"layout":"default","base_unit_name":{"singular":null,"plural":null},"default_variation":null},"tiered_pricing_minimum_quantity":10,"tiered_pricing_roles_data":[],"tiered_pricing_percentage_rules":[],"tiered_pricing_maximum_quantity":null,"tiered_pricing_quantity_step":"10","_links":{"self":[{"href":"https:\/\/stage.jrfer.com\/it\/wp-json\/wp\/v2\/product\/54685","targetHints":{"allow":["GET"]}}],"collection":[{"href":"https:\/\/stage.jrfer.com\/it\/wp-json\/wp\/v2\/product"}],"about":[{"href":"https:\/\/stage.jrfer.com\/it\/wp-json\/wp\/v2\/types\/product"}],"replies":[{"embeddable":true,"href":"https:\/\/stage.jrfer.com\/it\/wp-json\/wp\/v2\/comments?post=54685"}],"wp:featuredmedia":[{"embeddable":true,"href":"https:\/\/stage.jrfer.com\/it\/wp-json\/wp\/v2\/media\/818"}],"wp:attachment":[{"href":"https:\/\/stage.jrfer.com\/it\/wp-json\/wp\/v2\/media?parent=54685"}],"wp:term":[{"taxonomy":"product_brand","embeddable":true,"href":"https:\/\/stage.jrfer.com\/it\/wp-json\/wp\/v2\/product_brand?post=54685"},{"taxonomy":"product_cat","embeddable":true,"href":"https:\/\/stage.jrfer.com\/it\/wp-json\/wp\/v2\/product_cat?post=54685"},{"taxonomy":"product_tag","embeddable":true,"href":"https:\/\/stage.jrfer.com\/it\/wp-json\/wp\/v2\/product_tag?post=54685"}],"curies":[{"name":"wp","href":"https:\/\/api.w.org\/{rel}","templated":true}]}}