{"id":12651,"date":"2026-03-12T04:24:35","date_gmt":"2026-03-12T04:24:35","guid":{"rendered":"https:\/\/stage.jrfer.com\/product\/bangbox-160k-4-in-1-160-000-trekjes-quad-smaak-10%cf%89-mesh-spoel-lcd-scherm-0-5-nicotine-oplaadbare-bulk-wegwerpvape\/"},"modified":"2026-04-07T08:47:38","modified_gmt":"2026-04-07T08:47:38","slug":"bang-box-160k-4-in-1-160000-puffs-quad-flavor-1-0%cf%89-mesh-coil-lcd-display-0-5-nicotine-rechargeable-bulk-disposable-vape","status":"publish","type":"product","link":"https:\/\/stage.jrfer.com\/nl\/product\/bang-box-160k-4-in-1-160000-puffs-quad-flavor-1-0%cf%89-mesh-coil-lcd-display-0-5-nicotine-rechargeable-bulk-disposable-vape\/","title":{"rendered":"Bangbox 160K | 4-in-1 160.000 trekjes, quad-smaak, 1,0\u03a9 mesh-spoel, LCD-scherm, 0% -5% nicotine, oplaadbare bulk wegwerpvape"},"content":{"rendered":"<h3>\ud83d\udd25 Bang Box 160K 4-in-1 wegwerpvape Overzicht<\/h3>\n<p>Maak kennis met de <strong>Bang Box 160K 4-in-1 wegwerpvape<\/strong> &#8211; een krachtig apparaat dat is ontworpen voor een extreem lange levensduur, gedurfde smaakprestaties en commerci\u00eble aantrekkingskracht. Ontworpen met <strong>vier smaken in \u00e9\u00e9n apparaat<\/strong>, levert dit wegwerpproduct met hoge capaciteit tot <strong>160.000 trekjes<\/strong> met een soepele output en consistente dampproductie.<\/p>\n<p>Uitgerust met een <strong>1,0\u03a9 mesh-spoel<\/strong>, <strong>LCD-scherm<\/strong> en <strong>650mAh oplaadbare Type-C-batterij<\/strong>, combineert de Bang Box 160K geavanceerde technologie met veelzijdige smaak. Perfect voor zware gebruikers, vape-winkels, distributeurs en bulkkopers die op zoek zijn naar een premium product met hoge marges. \ud83d\udca8\u26a1<\/p>\n<h3>\u2699\ufe0f Specificaties Bang Box 160K 4-in-1<\/h3>\n<tr>\n<td><strong>Apparaatnaam<\/strong><\/td>\n<td>Bang Box 160K 4-in-1 wegwerpvape<\/td>\n<\/tr>\n<tr>\n<td><strong>Aantal trekjes<\/strong><\/td>\n<td>Tot 160.000 trekjes<\/td>\n<\/tr>\n<tr>\n<td><strong>Smaaksysteem<\/strong><\/td>\n<td>Vier smaken in 1 apparaat<\/td>\n<\/tr>\n<tr>\n<td><strong>Nicotinesterkte<\/strong><\/td>\n<td>0% \/ 2% \/ 3% \/ 5%<\/td>\n<\/tr>\n<tr>\n<td><strong>Batterijcapaciteit<\/strong><\/td>\n<td>650mAh oplaadbaar<\/td>\n<\/tr>\n<tr>\n<td><strong>Oplaadpoort<\/strong><\/td>\n<td>Type-C<\/td>\n<\/tr>\n<tr>\n<td><strong>Spoeltype<\/strong><\/td>\n<td>1,0\u03a9 mesh-spoel<\/td>\n<\/tr>\n<tr>\n<td><strong>Weergave<\/strong><\/td>\n<td>LCD-scherm<\/td>\n<\/tr>\n<tr>\n<td><strong>Smaakopties<\/strong><\/td>\n<td>10 edities met vier smaken<\/td>\n<\/tr>\n<h3>\ud83c\udf53 Bang Box 160K 4-in-1-smaakcombinaties (4-in-1-edities)<\/h3>\n<tr>\n<td><strong>Editie<\/strong><\/td>\n<td><strong>Smaak 1<\/strong><\/td>\n<td><strong>Smaak 2<\/strong><\/td>\n<td><strong>Smaak 3<\/strong><\/td>\n<td><strong>Smaak 4<\/strong><\/td>\n<\/tr>\n<tr>\n<td>01<\/td>\n<td>Kersen-cranberry<\/td>\n<td>Drievoudige bes<\/td>\n<td>Aardbeienpitaya<\/td>\n<td>Watermeloen Bubblegum<\/td>\n<\/tr>\n<tr>\n<td>02<\/td>\n<td>Druivenijs<\/td>\n<td>Lychee-ijs<\/td>\n<td>Perzikbes<\/td>\n<td>Kiwi Passievrucht Guave<\/td>\n<\/tr>\n<tr>\n<td>03<\/td>\n<td>Citroen Limoen<\/td>\n<td>Aardbeienijs<\/td>\n<td>Frambozenwatermeloen<\/td>\n<td>Mango-perzik<\/td>\n<\/tr>\n<tr>\n<td>04<\/td>\n<td>Citroen Limoen<\/td>\n<td>Watermeloenijs<\/td>\n<td>Black Ice Dragon Fruit Aardbei<\/td>\n<td>Liefde66<\/td>\n<\/tr>\n<tr>\n<td>05<\/td>\n<td>Aardbeienwatermeloen<\/td>\n<td>Roze limonade<\/td>\n<td>Drievoudige honingdauw<\/td>\n<td>Zwart drakenijs<\/td>\n<\/tr>\n<tr>\n<td>06<\/td>\n<td>Zure Mango Ananas<\/td>\n<td>Citroen-cola frisdrank<\/td>\n<td>Perzikbes<\/td>\n<td>Aardbei Banaan<\/td>\n<\/tr>\n<tr>\n<td>07<\/td>\n<td>Aardbei Mango<\/td>\n<td>Aardbeien-vanille-cola<\/td>\n<td>blauw razend-ijs<\/td>\n<td>Aardbei Kiwi<\/td>\n<\/tr>\n<tr>\n<td>08<\/td>\n<td>Aardbeienwatermeloen<\/td>\n<td>Red Bull<\/td>\n<td>Sappig perzikijs<\/td>\n<td>Grapefruit-opfrisser<\/td>\n<\/tr>\n<tr>\n<td>09<\/td>\n<td>Vanille-cola<\/td>\n<td>Citroen Perzik<\/td>\n<td>Aardbei Frambozen Kersenijs<\/td>\n<td>Druivenijs<\/td>\n<\/tr>\n<tr>\n<td>10<\/td>\n<td>Watermeloenijs<\/td>\n<td>Aardbei Mango<\/td>\n<td>Bosbessenijs<\/td>\n<td>Bruisende kers<\/td>\n<\/tr>\n<h3>\ud83d\udc8e Waarom kiezen voor Bang Box 160K?<\/h3>\n<ul>\n<li>\ud83d\udd25 Enorme capaciteit van <strong>160.000 puffs<\/strong> voor langdurig gebruik<\/li>\n<li>\ud83c\udfaf 4-in-1 multi-smaakwisseling voor maximale variatie<\/li>\n<li>\u26a1 Oplaadbare batterij van 650 mAh met snel opladen van Type-C<\/li>\n<li>\ud83d\udcca Slim LCD-scherm voor batterij- en gebruiksmonitoring<\/li>\n<li>\ud83d\udca8 1,0\u03a9 mesh-spiraal voor een soepele, dichte dampproductie<\/li>\n<li>\ud83d\udce6 Ideaal voor groothandelsdistributie en detailhandelsverkopen met hoge marges<\/li>\n<li>\ud83c\udf0d Meerdere nicotineopties om aan de marktvraag te voldoen<\/li>\n<\/ul>\n<h3>\ud83d\ude80 Perfect voor kopers in de detailhandel en groothandel<\/h3>\n<p>De Bang Box 160K is gebouwd voor <strong>zware gebruikers<\/strong> die uithoudingsvermogen eisen, <strong>smaakjagers<\/strong> die op zoek zijn naar variatie, en <strong>vape-winkels en -distributeurs<\/strong> die op zoek zijn naar een apparaat met hoge capaciteit van topkwaliteit dat opvalt in de schappen. Dankzij het quad-flavor-systeem, de lange levensduur en het moderne LCD-scherm is het een krachtige aanvulling op elke bulkinventaris.<\/p>\n<p>Als u zich richt op grote aantallen wegwerpvape-klanten of uw groothandelscatalogus uitbreidt met een apparaat van het volgende niveau, is de Bang Box 160K 4-in-1 ontworpen om herhalingsverkopen en sterke winstmarges te stimuleren. \ud83d\udcbc\ud83d\udca8<\/p>\n<h3>\u2753 Veelgestelde vragen<\/h3>\n<p><strong>Vraag 1: Hoe lang gaat de Bang Box 160K mee?<\/strong><br \/>\nHet levert tot 160.000 trekjes, afhankelijk van de gebruiksgewoonten en de gekozen nicotinesterkte.<\/p>\n<p><strong>Vraag 2: Is het apparaat oplaadbaar?<\/strong><br \/>\nJa. Het beschikt over een oplaadbare batterij van 650 mAh met ondersteuning voor opladen van Type-C.<\/p>\n<p><strong>Vraag 3: Kunnen gebruikers wisselen tussen smaken?<\/strong><br \/>\nJa. Elk apparaat bevat vier ge\u00efntegreerde smaken in \u00e9\u00e9n apparaat.<\/p>\n<p><strong>Vraag 4: Welke nicotinesterktes zijn beschikbaar?<\/strong><br \/>\nVerkrijgbaar in de varianten 0%, 2%, 3% en 5% nicotine.<\/p>\n<p><strong>Vraag 5: Is dit geschikt voor groothandelsbestellingen?<\/strong><br \/>\nAbsoluut. De Bang Box 160K is ontworpen voor bulkkopers, distributeurs en vape-retailers die op zoek zijn naar wegwerpapparaten met hoge capaciteit en veel vraag.<\/p>\n","protected":false},"excerpt":{"rendered":"<p>Bang Box 160K 4-in-1 wegwerpvape levert 160.000 trekjes, quad-smaken, mesh-spoelkracht en oplaadbaar gemak voor detailhandel en groothandel.<\/p>\n","protected":false},"featured_media":6994,"comment_status":"open","ping_status":"closed","template":"","meta":[],"product_brand":[],"product_cat":[412,647,344],"product_tag":[1169,1203,1236,1197],"class_list":{"0":"post-12651","1":"product","2":"type-product","3":"status-publish","4":"has-post-thumbnail","6":"product_cat-15000-trekjes-wegwerpvape","7":"product_cat-16000-trekjes-wegwerpvape","8":"product_cat-bang","9":"product_tag-160-000-trekjes-wegwerpvape","10":"product_tag-4-in-1-smaakdamp","11":"product_tag-mesh-spiraalvape-met-hoge-capaciteit","12":"product_tag-oplaadbare-bulk-wegwerpvape","14":"first","15":"instock","16":"shipping-taxable","17":"purchasable","18":"product-type-variable","19":"has-default-attributes"},"tiered_pricing_type":"fixed","tiered_pricing_fixed_rules":{"30":9.4000000000000003552713678800500929355621337890625,"50":7.839999999999999857891452847979962825775146484375,"100":7.32000000000000028421709430404007434844970703125,"200":6.79999999999999982236431605997495353221893310546875,"400":6.160000000000000142108547152020037174224853515625},"tiered_pricing_product_settings":{"layout":"default","base_unit_name":{"singular":null,"plural":null},"default_variation":null},"tiered_pricing_minimum_quantity":10,"tiered_pricing_roles_data":[],"tiered_pricing_percentage_rules":[],"tiered_pricing_maximum_quantity":null,"tiered_pricing_quantity_step":"10","_links":{"self":[{"href":"https:\/\/stage.jrfer.com\/nl\/wp-json\/wp\/v2\/product\/12651","targetHints":{"allow":["GET"]}}],"collection":[{"href":"https:\/\/stage.jrfer.com\/nl\/wp-json\/wp\/v2\/product"}],"about":[{"href":"https:\/\/stage.jrfer.com\/nl\/wp-json\/wp\/v2\/types\/product"}],"replies":[{"embeddable":true,"href":"https:\/\/stage.jrfer.com\/nl\/wp-json\/wp\/v2\/comments?post=12651"}],"wp:featuredmedia":[{"embeddable":true,"href":"https:\/\/stage.jrfer.com\/nl\/wp-json\/wp\/v2\/media\/6994"}],"wp:attachment":[{"href":"https:\/\/stage.jrfer.com\/nl\/wp-json\/wp\/v2\/media?parent=12651"}],"wp:term":[{"taxonomy":"product_brand","embeddable":true,"href":"https:\/\/stage.jrfer.com\/nl\/wp-json\/wp\/v2\/product_brand?post=12651"},{"taxonomy":"product_cat","embeddable":true,"href":"https:\/\/stage.jrfer.com\/nl\/wp-json\/wp\/v2\/product_cat?post=12651"},{"taxonomy":"product_tag","embeddable":true,"href":"https:\/\/stage.jrfer.com\/nl\/wp-json\/wp\/v2\/product_tag?post=12651"}],"curies":[{"name":"wp","href":"https:\/\/api.w.org\/{rel}","templated":true}]}}