{"id":8676,"date":"2025-06-23T04:47:15","date_gmt":"2025-06-23T04:47:15","guid":{"rendered":"https:\/\/stage.jrfer.com\/strona-glowna\/"},"modified":"2026-04-06T12:49:35","modified_gmt":"2026-04-06T12:49:35","slug":"strona-glowna","status":"publish","type":"page","link":"https:\/\/stage.jrfer.com\/pl\/","title":{"rendered":"Dom"},"content":{"rendered":"<h4>Bezpieczne p\u0142atno\u015bci<\/h4>\n<p>R\u00f3b zakupy bez obaw, wiedz\u0105c, \u017ce Twoje dane dotycz\u0105ce p\u0142atno\u015bci s\u0105 chronione przez wiod\u0105ce w bran\u017cy standardy bezpiecze\u0144stwa.<\/p>\n<h4>Doskona\u0142a obs\u0142uga<\/h4>\n<p>Korzystaj z najwy\u017cszej klasy obs\u0142ugi klienta dzi\u0119ki naszemu oddanemu zespo\u0142owi, kt\u00f3ry jest gotowy pom\u00f3c Ci w razie jakichkolwiek pyta\u0144 lub w\u0105tpliwo\u015bci.<\/p>\n<h4>Szybka dostawa<\/h4>\n<p>Ciesz si\u0119 szybk\u0105 i niezawodn\u0105 wysy\u0142k\u0105 wszystkich zam\u00f3wie\u0144, dzi\u0119ki czemu produkty otrzymasz szybko i w idealnym stanie.<\/p>\n<h4>Oryginalne produkty<\/h4>\n<p>Gwarantujemy, \u017ce wszystkie nasze produkty s\u0105 w 100% autentyczne i pochodz\u0105 bezpo\u015brednio od zaufanych producent\u00f3w.<\/p>\n<h3 id=\"brxe-xhtvan\" class=\"brxe-heading\">Nowo\u015bci<\/h3>\n<div id=\"brxe-aezrzz\" class=\"brxe-text-basic\">Wyprzed\u017a si\u0119 dzi\u0119ki najnowszym i najlepszym technologiom waporyzacji.<\/div>\n<h3 id=\"brxe-kobdsx\" class=\"brxe-heading\">Najbardziej <em>popularne produkty<\/em><\/h3>\n<div id=\"brxe-vxehmw\" class=\"brxe-text-basic\">HolaVapes oferuje wygodne, fabrycznie nape\u0142nione jednorazowe e-papierosy w r\u00f3\u017cnych smakach. \u0141atwy w u\u017cyciu i niewymagaj\u0105cy konserwacji, zapewnia p\u0142ynne wapowanie, co czyni go doskona\u0142\u0105 alternatyw\u0105 dla tradycyjnego palenia zar\u00f3wno dla pocz\u0105tkuj\u0105cych, jak i do\u015bwiadczonych u\u017cytkownik\u00f3w. Kompaktowy i przeno\u015bny do u\u017cytku w podr\u00f3\u017cy.<\/div>\n<h3 id=\"brxe-juvpfn\" class=\"brxe-heading\" style=\"text-align: center;\">Blog.  <em>Na pocz\u0105tek<\/em><\/h3>\n<p>Baton WASPE 60K: 60 000 zaci\u0105gni\u0119\u0107 o d\u0142ugotrwa\u0142ym smaku<\/p>\n<p>60 000 ptysi\u00f3w i 16 opcji smakowych. <em>WASPE Bar 60K<\/em> nie wymaga ba\u0142aganu \u2014 zosta\u0142 zbudowany tak, aby przetrwa\u0107 i przewy\u017csza\u0107 wydajno\u015bci\u0105. Najwy\u017csza jako\u015b\u0107 wykonania, p\u0142ynna konsystencja i linia smak\u00f3w obejmuj\u0105ca wszystko, od owocowych po lodowe. Zaopatrz si\u0119 w pasek, kt\u00f3ry sprawi, \u017ce Twoi klienci b\u0119d\u0105 wraca\u0107.<\/p>\n<p>Kup teraz<\/p>\n<p>Happ Bar GR100K Pro: 100 000 zaci\u0105gni\u0119\u0107 mocy cewki siatkowej<\/p>\n<p>100 000 zaci\u0105gni\u0119\u0107. 56ml premium e-liquidu. <em>Happ Bar GR100K Pro<\/em> wprowadza technologi\u0119 cewki siatkowej do gry wymagaj\u0105cej du\u017cego zaci\u0105gni\u0119cia si\u0119 \u2014 zapewniaj\u0105c bogatszy smak i g\u0119stsz\u0105 chmur\u0119 od pierwszego do ostatniego zaci\u0105gni\u0119cia. 15 smak\u00f3w, zero kompromis\u00f3w. To jest taki waporyzator, jakiego potrzebuj\u0105 Twoje p\u00f3\u0142ki.<\/p>\n<p>Kup teraz<\/p>\n<p>Happ Bar MT50000: 50 000 zaci\u0105gni\u0119\u0107 z wy\u015bwietlaczem LCD<\/p>\n<p>50 000 zaci\u0105gni\u0119\u0107, wyra\u017any ekran LCD i 45 ml soku w jednym eleganckim urz\u0105dzeniu. <em>Happ Bar MT50000<\/em> zapewnia waperom informacje i satysfakcj\u0119 \u2014 akumulator typu C, 15 opcji smakowych i wygl\u0105d, kt\u00f3ry wygl\u0105da r\u00f3wnie dobrze, jak dzia\u0142a. Ceny hurtowe, kt\u00f3re maj\u0105 sens.<\/p>\n<p>Kup teraz<\/p>\n","protected":false},"excerpt":{"rendered":"<p>Bezpieczne p\u0142atno\u015bci R\u00f3b zakupy bez obaw, wiedz\u0105c, \u017ce Twoje dane dotycz\u0105ce p\u0142atno\u015bci s\u0105 chronione przez wiod\u0105ce w bran\u017cy standardy bezpiecze\u0144stwa. Doskona\u0142a obs\u0142uga Korzystaj z najwy\u017cszej klasy obs\u0142ugi klienta dzi\u0119ki naszemu oddanemu zespo\u0142owi, kt\u00f3ry jest gotowy pom\u00f3c Ci w razie jakichkolwiek pyta\u0144 lub w\u0105tpliwo\u015bci. Szybka dostawa Ciesz si\u0119 szybk\u0105 i niezawodn\u0105 wysy\u0142k\u0105 wszystkich zam\u00f3wie\u0144, dzi\u0119ki czemu [&hellip;]<\/p>\n","protected":false},"author":1,"featured_media":0,"parent":0,"menu_order":0,"comment_status":"closed","ping_status":"open","template":"","meta":{"footnotes":""},"class_list":["post-8676","page","type-page","status-publish","hentry"],"_links":{"self":[{"href":"https:\/\/stage.jrfer.com\/pl\/wp-json\/wp\/v2\/pages\/8676","targetHints":{"allow":["GET"]}}],"collection":[{"href":"https:\/\/stage.jrfer.com\/pl\/wp-json\/wp\/v2\/pages"}],"about":[{"href":"https:\/\/stage.jrfer.com\/pl\/wp-json\/wp\/v2\/types\/page"}],"author":[{"embeddable":true,"href":"https:\/\/stage.jrfer.com\/pl\/wp-json\/wp\/v2\/users\/1"}],"replies":[{"embeddable":true,"href":"https:\/\/stage.jrfer.com\/pl\/wp-json\/wp\/v2\/comments?post=8676"}],"version-history":[{"count":2,"href":"https:\/\/stage.jrfer.com\/pl\/wp-json\/wp\/v2\/pages\/8676\/revisions"}],"predecessor-version":[{"id":24203,"href":"https:\/\/stage.jrfer.com\/pl\/wp-json\/wp\/v2\/pages\/8676\/revisions\/24203"}],"wp:attachment":[{"href":"https:\/\/stage.jrfer.com\/pl\/wp-json\/wp\/v2\/media?parent=8676"}],"curies":[{"name":"wp","href":"https:\/\/api.w.org\/{rel}","templated":true}]}}