{"id":9100,"date":"2025-07-16T04:58:54","date_gmt":"2025-07-16T04:58:54","guid":{"rendered":"https:\/\/stage.jrfer.com\/polityka-zwrotow-i-zwrotow\/"},"modified":"2026-04-07T03:26:55","modified_gmt":"2026-04-07T03:26:55","slug":"refund_returns","status":"publish","type":"page","link":"https:\/\/stage.jrfer.com\/pl\/refund_returns\/","title":{"rendered":"Polityka zwrot\u00f3w i zwrot\u00f3w"},"content":{"rendered":"\r\n<h3 class=\"wp-block-heading\">Op\u00f3\u017anione lub brakuj\u0105ce zwroty \u015brodk\u00f3w<\/h3>\r\n<!-- \/wp:nag\u0142\u00f3wek -->\r\n\r\n\r\n<p>Je\u015bli nie otrzyma\u0142e\u015b jeszcze zwrotu pieni\u0119dzy, najpierw sprawd\u017a ponownie swoje konto bankowe.<\/p>\r\n\r\n\r\n\r\n<p>Nast\u0119pnie skontaktuj si\u0119 z wystawc\u0105 karty kredytowej. Oficjalne zaksi\u0119gowanie zwrotu mo\u017ce zaj\u0105\u0107 troch\u0119 czasu.<\/p>\r\n\r\n\r\n\r\n<p>Nast\u0119pnie skontaktuj si\u0119 ze swoim bankiem. Zanim zaksi\u0119gowany zostanie zwrot \u015brodk\u00f3w, cz\u0119sto up\u0142ywa pewien czas.<\/p>\r\n\r\n\r\n\r\n<p>Je\u015bli wykona\u0142e\u015b to wszystko i nadal nie otrzyma\u0142e\u015b zwrotu pieni\u0119dzy, skontaktuj si\u0119 z nami pod adresem {adres e-mail}.<\/p>\r\n\r\n\r\n\r\n<h3 class=\"wp-block-heading\">Wyprzeda\u017c przedmiot\u00f3w<\/h3>\r\n<!-- \/wp:nag\u0142\u00f3wek -->\r\n\r\n\r\n<p>Zwrotowi \u015brodk\u00f3w mog\u0105 podlega\u0107 wy\u0142\u0105cznie produkty w cenie regularnej. Przedmioty obj\u0119te wyprzeda\u017c\u0105 nie podlegaj\u0105 zwrotowi.<\/p>\r\n\r\n\r\n<!-- wp:nag\u0142\u00f3wek -->\r\n<h2 class=\"wp-block-heading\">Gie\u0142dy<\/h2>\r\n<!-- \/wp:nag\u0142\u00f3wek -->\r\n<p>Wymieniamy produkty tylko wtedy, gdy s\u0105 wadliwe lub uszkodzone. Je\u015bli chcesz wymieni\u0107 go na ten sam przedmiot, wy\u015blij nam e-mail na adres {email adres} i wy\u015blij sw\u00f3j przedmiot na adres: {adres fizyczny}.<\/p>\r\n\r\n\r\n<!-- wp:nag\u0142\u00f3wek -->\r\n<h2 class=\"wp-block-heading\">Prezenty<\/h2>\r\n<!-- \/wp:nag\u0142\u00f3wek -->\r\n\r\n\r\n<p>Je\u015bli przedmiot zosta\u0142 oznaczony jako prezent przy zakupie i wys\u0142aniu bezpo\u015brednio do Ciebie, otrzymasz kredyt podarunkowy o warto\u015bci zwrotu. Po otrzymaniu zwr\u00f3conego przedmiotu zostanie do Ciebie wys\u0142any bon upominkowy.<\/p>\r\n\r\n\r\n\r\n<p>Je\u015bli przedmiot nie zosta\u0142 oznaczony jako prezent przy zakupie lub dawca prezentu wys\u0142a\u0142 do siebie zam\u00f3wienie, aby przekaza\u0107 je p\u00f3\u017aniej, wy\u015blemy zwrot pieni\u0119dzy do dawcy prezentu, a on dowie si\u0119 o Twoim zwrocie.<\/p>\r\n\r\n\r\n<!-- wp:nag\u0142\u00f3wek -->\r\n<h2 class=\"wp-block-heading\">Zwroty wysy\u0142ek<\/h2>\r\n<!-- \/wp:nag\u0142\u00f3wek -->\r\n\r\n\r\n<p>Aby zwr\u00f3ci\u0107 produkt, wy\u015blij go poczt\u0105 na adres: {adres fizyczny}.<\/p>\r\n\r\n\r\n\r\n<p>B\u0119dziesz odpowiedzialny za pokrycie w\u0142asnych koszt\u00f3w wysy\u0142ki zwi\u0105zanej ze zwrotem przedmiotu. Koszty wysy\u0142ki nie podlegaj\u0105 zwrotowi. Je\u015bli otrzymasz zwrot pieni\u0119dzy, koszt przesy\u0142ki zwrotnej zostanie odliczony od Twojego zwrotu.<\/p>\r\n\r\n\r\n\r\n<p>W zale\u017cno\u015bci od tego, gdzie mieszkasz, czas dotarcia wymienianego produktu do Ciebie mo\u017ce si\u0119 r\u00f3\u017cni\u0107.<\/p>\r\n\r\n\r\n\r\n<p>Je\u015bli zwracasz dro\u017csze produkty, mo\u017cesz rozwa\u017cy\u0107 skorzystanie z us\u0142ugi \u015bledzenia przesy\u0142ki lub wykupienie ubezpieczenia przesy\u0142ki. Nie gwarantujemy, \u017ce otrzymamy zwr\u00f3cony przedmiot.<\/p>\r\n<!-- wp:nag\u0142\u00f3wek -->\r\n<h2 class=\"wp-block-heading\">Potrzebujesz pomocy?<\/h2>\r\n<!-- \/wp:nag\u0142\u00f3wek -->\r\n\r\n\r\n<p>Skontaktuj si\u0119 z nami pod adresem {email}, je\u015bli masz pytania dotycz\u0105ce zwrot\u00f3w pieni\u0119dzy i zwrot\u00f3w.<\/p>\r\n<!-- \/wp:post-content --><!-- wp:post-content --><!-- wp:akapit -->\r\n<p><b>To jest przyk\u0142adowa strona.<\/b><\/p>\r\n<!-- \/wp:akapit -->\r\n\r\n<!-- wp:nag\u0142\u00f3wek -->\r\n<h2 class=\"wp-block-heading\">Przegl\u0105d<\/h2>\r\n<!-- \/wp:nag\u0142\u00f3wek -->\r\n\r\n<!-- wp:akapit -->\r\n<p>Nasza polityka zwrot\u00f3w i zwrot\u00f3w obowi\u0105zuje przez 30 dni. Je\u015bli od zakupu min\u0119\u0142o 30 dni, nie mo\u017cemy zaoferowa\u0107 pe\u0142nego zwrotu pieni\u0119dzy ani wymiany.<\/p>\r\n<!-- \/wp:akapit -->\r\n\r\n<!-- wp:akapit -->\r\n<p>Aby m\u00f3c dokona\u0107 zwrotu, Tw\u00f3j przedmiot musi by\u0107 nieu\u017cywany i w takim samym stanie, w jakim go otrzyma\u0142e\u015b. Musi by\u0107 r\u00f3wnie\u017c w oryginalnym opakowaniu.<\/p>\r\n<!-- \/wp:akapit -->\r\n\r\n<!-- wp:akapit -->\r\n<p>Kilka rodzaj\u00f3w towar\u00f3w jest zwolnionych ze zwrotu. Towary \u0142atwo psuj\u0105ce si\u0119, takie jak \u017cywno\u015b\u0107, kwiaty, gazety lub czasopisma, nie podlegaj\u0105 zwrotowi. Nie przyjmujemy r\u00f3wnie\u017c produkt\u00f3w stanowi\u0105cych artyku\u0142y intymne lub sanitarne, materia\u0142y niebezpieczne lub \u0142atwopalne ciecze lub gazy.<\/p>\r\n<!-- \/wp:akapit -->\r\n\r\n<!-- wp:akapit -->\r\n<p>Dodatkowe produkty bezzwrotne:<\/p>\r\n<!-- \/wp:akapit -->\r\n\r\n<!-- wp:lista -->\r\n<ul>\r\n<li>Karty podarunkowe<\/li>\r\n<li>Oprogramowanie do pobrania<\/li>\r\n<li>Niekt\u00f3re artyku\u0142y zwi\u0105zane ze zdrowiem i higien\u0105 osobist\u0105<\/li>\r\n<\/ul>\r\n<!-- \/wp:lista -->\r\n\r\n<!-- wp:akapit -->\r\n<p>Aby sfinalizowa\u0107 zwrot, wymagamy paragonu lub dowodu zakupu.<\/p>\r\n<!-- \/wp:akapit -->\r\n\r\n<!-- wp:akapit -->\r\n<p>Prosz\u0119 nie odsy\u0142a\u0107 zakupu do producenta.<\/p>\r\n<!-- \/wp:akapit -->\r\n\r\n<!-- wp:akapit -->\r\n<p>W niekt\u00f3rych sytuacjach przyznawany jest tylko cz\u0119\u015bciowy zwrot koszt\u00f3w:<\/p>\r\n<!-- \/wp:akapit -->\r\n\r\n<!-- wp:lista -->\r\n<ul>\r\n<li>Ksi\u0105\u017cka z wyra\u017anymi \u015bladami u\u017cytkowania<\/li>\r\n<li>P\u0142yta CD, DVD, kaseta VHS, oprogramowanie, gra wideo, kaseta magnetofonowa lub p\u0142yta winylowa zosta\u0142y otwarte.<\/li>\r\n<li>Ka\u017cdy przedmiot, kt\u00f3ry nie jest w oryginalnym stanie, jest uszkodzony lub brakuje mu cz\u0119\u015bci z przyczyn niezale\u017cnych od naszego b\u0142\u0119du.<\/li><li>Ka\u017cdy przedmiot, kt\u00f3ry zostanie zwr\u00f3cony p\u00f3\u017aniej ni\u017c 30 dni od dostawy<\/li>\r\n<\/ul>\r\n<!-- \/wp:lista -->\r\n\r\n<!-- wp:nag\u0142\u00f3wek -->\r\n<h2 class=\"wp-block-heading\">Zwroty \u015brodk\u00f3w<\/h2>\r\n<!-- \/wp:nag\u0142\u00f3wek -->\r\n\r\n<!-- wp:akapit -->\r\n<p>Po otrzymaniu i sprawdzeniu Twojego zwrotu wy\u015blemy Ci wiadomo\u015b\u0107 e-mail z powiadomieniem, \u017ce otrzymali\u015bmy zwr\u00f3cony przedmiot. Powiadomimy Ci\u0119 r\u00f3wnie\u017c o zatwierdzeniu lub odrzuceniu zwrotu pieni\u0119dzy.<\/p>\r\n<!-- \/wp:akapit -->\r\n\r\n<!-- wp:akapit -->\r\n<p>Je\u015bli zostaniesz zatwierdzony, Tw\u00f3j zwrot zostanie przetworzony, a kredyt zostanie automatycznie zastosowany do Twojej karty kredytowej lub oryginalnej metody p\u0142atno\u015bci w ci\u0105gu okre\u015blonej liczby dni.<\/p>\r\n<!-- \/wp:akapit -->\r\n\r\n<!-- wp:heading {\"level\":3} -->\r\n<h3 class=\"wp-block-heading\">Op\u00f3\u017anione lub brakuj\u0105ce zwroty \u015brodk\u00f3w<\/h3>\r\n<!-- \/wp:nag\u0142\u00f3wek -->\r\n\r\n<!-- wp:akapit -->\r\n<p>Je\u015bli nie otrzyma\u0142e\u015b jeszcze zwrotu pieni\u0119dzy, najpierw sprawd\u017a ponownie swoje konto bankowe.<\/p>\r\n<!-- \/wp:akapit -->\r\n\r\n<!-- wp:akapit -->\r\n<p>Nast\u0119pnie skontaktuj si\u0119 z wystawc\u0105 karty kredytowej. Oficjalne zaksi\u0119gowanie zwrotu mo\u017ce zaj\u0105\u0107 troch\u0119 czasu.<\/p>\r\n<!-- \/wp:akapit -->\r\n\r\n<!-- wp:akapit -->\r\n<p>Nast\u0119pnie skontaktuj si\u0119 ze swoim bankiem. Zanim zaksi\u0119gowany zostanie zwrot \u015brodk\u00f3w, cz\u0119sto up\u0142ywa pewien czas.<\/p>\r\n<!-- \/wp:akapit -->\r\n\r\n<!-- wp:akapit -->\r\n<p>Je\u015bli wykona\u0142e\u015b to wszystko i nadal nie otrzyma\u0142e\u015b zwrotu pieni\u0119dzy, skontaktuj si\u0119 z nami pod adresem {adres e-mail}.<\/p>\r\n<!-- \/wp:akapit -->\r\n\r\n<!-- wp:heading {\"level\":3} -->\r\n<h3 class=\"wp-block-heading\">Wyprzeda\u017c przedmiot\u00f3w<\/h3>\r\n<!-- \/wp:nag\u0142\u00f3wek -->\r\n\r\n<!-- wp:akapit -->\r\n<p>Zwrotowi \u015brodk\u00f3w mog\u0105 podlega\u0107 wy\u0142\u0105cznie produkty w cenie regularnej. Przedmioty obj\u0119te wyprzeda\u017c\u0105 nie podlegaj\u0105 zwrotowi.<\/p>\r\n<!-- \/wp:akapit -->\r\n\r\n<!-- wp:nag\u0142\u00f3wek -->\r\n<h2 class=\"wp-block-heading\">Gie\u0142dy<\/h2>\r\n<!-- \/wp:nag\u0142\u00f3wek --><!-- wp:akapit -->\r\n<p>Wymieniamy produkty tylko wtedy, gdy s\u0105 wadliwe lub uszkodzone. Je\u015bli chcesz wymieni\u0107 go na ten sam przedmiot, wy\u015blij nam e-mail na adres {email adres} i wy\u015blij sw\u00f3j przedmiot na adres: {adres fizyczny}.<\/p>\r\n<!-- \/wp:akapit -->\r\n\r\n<!-- wp:nag\u0142\u00f3wek -->\r\n<h2 class=\"wp-block-heading\">Prezenty<\/h2>\r\n<!-- \/wp:nag\u0142\u00f3wek -->\r\n\r\n<!-- wp:akapit -->\r\n<p>Je\u015bli przedmiot zosta\u0142 oznaczony jako prezent przy zakupie i wys\u0142aniu bezpo\u015brednio do Ciebie, otrzymasz kredyt podarunkowy o warto\u015bci zwrotu. Po otrzymaniu zwr\u00f3conego przedmiotu zostanie do Ciebie wys\u0142any bon upominkowy.<\/p>\r\n<!-- \/wp:akapit -->\r\n\r\n<!-- wp:akapit -->\r\n<p>Je\u015bli przedmiot nie zosta\u0142 oznaczony jako prezent przy zakupie lub dawca prezentu wys\u0142a\u0142 do siebie zam\u00f3wienie, aby przekaza\u0107 je p\u00f3\u017aniej, wy\u015blemy zwrot pieni\u0119dzy do dawcy prezentu, a on dowie si\u0119 o Twoim zwrocie.<\/p>\r\n<!-- \/wp:akapit -->\r\n\r\n<!-- wp:nag\u0142\u00f3wek -->\r\n<h2 class=\"wp-block-heading\">Zwroty wysy\u0142ek<\/h2>\r\n<!-- \/wp:nag\u0142\u00f3wek -->\r\n\r\n<!-- wp:akapit -->\r\n<p>Aby zwr\u00f3ci\u0107 produkt, wy\u015blij go poczt\u0105 na adres: {adres fizyczny}.<\/p>\r\n<!-- \/wp:akapit -->\r\n\r\n<!-- wp:akapit -->\r\n<p>B\u0119dziesz odpowiedzialny za pokrycie w\u0142asnych koszt\u00f3w wysy\u0142ki zwi\u0105zanej ze zwrotem przedmiotu. Koszty wysy\u0142ki nie podlegaj\u0105 zwrotowi. Je\u015bli otrzymasz zwrot pieni\u0119dzy, koszt przesy\u0142ki zwrotnej zostanie odliczony od Twojego zwrotu.<\/p>\r\n<!-- \/wp:akapit -->\r\n\r\n<!-- wp:akapit -->\r\n<p>W zale\u017cno\u015bci od tego, gdzie mieszkasz, czas dotarcia wymienianego produktu do Ciebie mo\u017ce si\u0119 r\u00f3\u017cni\u0107.<\/p>\r\n<!-- \/wp:akapit -->\r\n\r\n<!-- wp:akapit -->\r\n<p>Je\u015bli zwracasz dro\u017csze produkty, mo\u017cesz rozwa\u017cy\u0107 skorzystanie z us\u0142ugi \u015bledzenia przesy\u0142ki lub wykupienie ubezpieczenia przesy\u0142ki. Nie gwarantujemy, \u017ce otrzymamy zwr\u00f3cony przedmiot.<\/p>\r\n<!-- \/wp:akapit --><!-- wp:nag\u0142\u00f3wek -->\r\n<h2 class=\"wp-block-heading\">Potrzebujesz pomocy?<\/h2>\r\n<!-- \/wp:nag\u0142\u00f3wek -->\r\n\r\n<!-- wp:akapit -->\r\n<p>Skontaktuj si\u0119 z nami pod adresem {email}, je\u015bli masz pytania dotycz\u0105ce zwrot\u00f3w pieni\u0119dzy i zwrot\u00f3w.<\/p>\r\n<!-- \/wp:akapit --><!-- \/wp:heading --><!-- \/wp:heading -->","protected":false},"excerpt":{"rendered":"<p>Op\u00f3\u017anione lub brakuj\u0105ce zwroty \u015brodk\u00f3w To jest przyk\u0142adowa strona. Przegl\u0105d Nasza polityka zwrot\u00f3w i zwrot\u00f3w obowi\u0105zuje przez 30 dni. Je\u015bli od zakupu min\u0119\u0142o 30 dni, nie mo\u017cemy zaoferowa\u0107 pe\u0142nego zwrotu pieni\u0119dzy ani wymiany. Aby m\u00f3c dokona\u0107 zwrotu, Tw\u00f3j przedmiot musi by\u0107 nieu\u017cywany i w takim samym stanie, w jakim go otrzyma\u0142e\u015b. Musi by\u0107 r\u00f3wnie\u017c w [&hellip;]<\/p>\n","protected":false},"author":1,"featured_media":0,"parent":0,"menu_order":0,"comment_status":"closed","ping_status":"closed","template":"","meta":{"footnotes":""},"class_list":["post-9100","page","type-page","status-publish","hentry"],"_links":{"self":[{"href":"https:\/\/stage.jrfer.com\/pl\/wp-json\/wp\/v2\/pages\/9100","targetHints":{"allow":["GET"]}}],"collection":[{"href":"https:\/\/stage.jrfer.com\/pl\/wp-json\/wp\/v2\/pages"}],"about":[{"href":"https:\/\/stage.jrfer.com\/pl\/wp-json\/wp\/v2\/types\/page"}],"author":[{"embeddable":true,"href":"https:\/\/stage.jrfer.com\/pl\/wp-json\/wp\/v2\/users\/1"}],"replies":[{"embeddable":true,"href":"https:\/\/stage.jrfer.com\/pl\/wp-json\/wp\/v2\/comments?post=9100"}],"version-history":[{"count":3,"href":"https:\/\/stage.jrfer.com\/pl\/wp-json\/wp\/v2\/pages\/9100\/revisions"}],"predecessor-version":[{"id":24949,"href":"https:\/\/stage.jrfer.com\/pl\/wp-json\/wp\/v2\/pages\/9100\/revisions\/24949"}],"wp:attachment":[{"href":"https:\/\/stage.jrfer.com\/pl\/wp-json\/wp\/v2\/media?parent=9100"}],"curies":[{"name":"wp","href":"https:\/\/api.w.org\/{rel}","templated":true}]}}