{"id":9120,"date":"2025-07-16T04:36:50","date_gmt":"2025-07-16T04:36:50","guid":{"rendered":"https:\/\/stage.jrfer.com\/o-nas\/"},"modified":"2026-04-07T07:18:35","modified_gmt":"2026-04-07T07:18:35","slug":"about","status":"publish","type":"page","link":"https:\/\/stage.jrfer.com\/pl\/about\/","title":{"rendered":"O nas"},"content":{"rendered":"<div class=\"jr-page jr-page--about\">\n<section class=\"jr-hero\">\n<p class=\"jr-kicker\">Rico Vape<\/p>\n<h1>O nas<\/h1>\n<div class=\"jr-hero-copy\">\n<p>Witamy w RicoVapes, Twoim ulubionym miejscu oferuj\u0105cym wysokiej jako\u015bci jednorazowe e-papierosy i produkty vape.<br \/>Nasz\u0105 misj\u0105 jest dostarczanie najwy\u017cszej jako\u015bci, innowacyjnych rozwi\u0105za\u0144 waporyzacyjnych dostosowanych do Twoich potrzeb.<\/p>\n<\/div>\n<\/section>\n<div class=\"jr-card-grid\">\n<article class=\"jr-info-card\">\n<h3>Nasze produkty<\/h3>\n<div class=\"jr-card-copy\">\n<div>Oferujemy wysokiej jako\u015bci jednorazowe e-papierosy i \u015bwiadczymy us\u0142ugi OEM w zakresie niestandardowych produkt\u00f3w vape. Wszystkie nasze produkty przechodz\u0105 rygorystyczne testy, aby mie\u0107 pewno\u015b\u0107, \u017ce spe\u0142niaj\u0105 najwy\u017csze standardy.<\/div>\n<\/div>\n<\/article>\n<article class=\"jr-info-card\">\n<h3>Us\u0142ugi hurtowe i OEM<\/h3>\n<div class=\"jr-card-copy\">\n<div>Oferujemy wysokiej jako\u015bci jednorazowe e-papierosy i \u015bwiadczymy us\u0142ugi OEM w zakresie niestandardowych produkt\u00f3w vape. Wszystkie nasze produkty przechodz\u0105 rygorystyczne testy, aby mie\u0107 pewno\u015b\u0107, \u017ce spe\u0142niaj\u0105 najwy\u017csze standardy.<\/div>\n<\/div>\n<\/article>\n<article class=\"jr-info-card\">\n<h3>Szybka i bezpieczna wysy\u0142ka<\/h3>\n<div class=\"jr-card-copy\">\n<div>Realizujemy zam\u00f3wienia w ci\u0105gu 1-3 dni roboczych i wysy\u0142amy za po\u015brednictwem niezawodnych przewo\u017anik\u00f3w, takich jak DHL, DPD, UPS i lokalne us\u0142ugi pocztowe.\n<\/div>\n<div>Nasza sprawna wysy\u0142ka zapewnia szybk\u0105 i bezpieczn\u0105 dostaw\u0119.<\/div>\n<\/div>\n<\/article>\n<article class=\"jr-info-card\">\n<h3>Bezpieczne p\u0142atno\u015bci<\/h3>\n<div class=\"jr-card-copy\">\n<div>Obs\u0142ugujemy p\u0142atno\u015bci PayPal, karty kredytowe, przelewy bankowe i p\u0142atno\u015bci w kryptowalutach, korzystaj\u0105c z szyfrowania SSL do transmisji danych.<\/div>\n<\/div>\n<\/article>\n<article class=\"jr-info-card\">\n<h3>Obs\u0142uga klienta<\/h3>\n<div class=\"jr-card-copy\">\n<div>Nasz oddany zesp\u00f3\u0142 obs\u0142ugi klienta jest tutaj, aby Ci pom\u00f3c. Skontaktuj si\u0119 z nami, wysy\u0142aj\u0105c e-mail na adres support@ricovape.com lub WhatsApp <a href=\"https:\/\/api.whatsapp.com\/send?phone=8618241953968\" target=\"_blank\" rel=\"noopener\">+8618241953968<\/a>. Jeste\u015bmy dost\u0119pni od poniedzia\u0142ku do pi\u0105tku w godzinach 9:00 \u2013 20:00. Chi\u0144ski czas standardowy.<\/div>\n<\/div>\n<\/article>\n<\/div>\n<\/div>\n","protected":false},"excerpt":{"rendered":"<p>Rico Vape O nas Witamy w RicoVapes, Twoim ulubionym miejscu oferuj\u0105cym wysokiej jako\u015bci jednorazowe e-papierosy i produkty vape.Nasz\u0105 misj\u0105 jest dostarczanie najwy\u017cszej jako\u015bci, innowacyjnych rozwi\u0105za\u0144 waporyzacyjnych dostosowanych do Twoich potrzeb. Nasze produkty Oferujemy wysokiej jako\u015bci jednorazowe e-papierosy i \u015bwiadczymy us\u0142ugi OEM w zakresie niestandardowych produkt\u00f3w vape. Wszystkie nasze produkty przechodz\u0105 rygorystyczne testy, aby mie\u0107 pewno\u015b\u0107, [&hellip;]<\/p>\n","protected":false},"author":1,"featured_media":0,"parent":0,"menu_order":0,"comment_status":"closed","ping_status":"closed","template":"","meta":{"footnotes":""},"class_list":["post-9120","page","type-page","status-publish","hentry"],"_links":{"self":[{"href":"https:\/\/stage.jrfer.com\/pl\/wp-json\/wp\/v2\/pages\/9120","targetHints":{"allow":["GET"]}}],"collection":[{"href":"https:\/\/stage.jrfer.com\/pl\/wp-json\/wp\/v2\/pages"}],"about":[{"href":"https:\/\/stage.jrfer.com\/pl\/wp-json\/wp\/v2\/types\/page"}],"author":[{"embeddable":true,"href":"https:\/\/stage.jrfer.com\/pl\/wp-json\/wp\/v2\/users\/1"}],"replies":[{"embeddable":true,"href":"https:\/\/stage.jrfer.com\/pl\/wp-json\/wp\/v2\/comments?post=9120"}],"version-history":[{"count":2,"href":"https:\/\/stage.jrfer.com\/pl\/wp-json\/wp\/v2\/pages\/9120\/revisions"}],"predecessor-version":[{"id":69391,"href":"https:\/\/stage.jrfer.com\/pl\/wp-json\/wp\/v2\/pages\/9120\/revisions\/69391"}],"wp:attachment":[{"href":"https:\/\/stage.jrfer.com\/pl\/wp-json\/wp\/v2\/media?parent=9120"}],"curies":[{"name":"wp","href":"https:\/\/api.w.org\/{rel}","templated":true}]}}