{"id":9128,"date":"2025-07-16T04:36:55","date_gmt":"2025-07-16T04:36:55","guid":{"rendered":"https:\/\/stage.jrfer.com\/skontaktuj-sie-z-nami\/"},"modified":"2026-04-07T07:18:58","modified_gmt":"2026-04-07T07:18:58","slug":"contact","status":"publish","type":"page","link":"https:\/\/stage.jrfer.com\/pl\/contact\/","title":{"rendered":"Skontaktuj si\u0119 z nami"},"content":{"rendered":"<div class=\"jr-page jr-page--contact\">\n<section class=\"jr-hero\">\n<p class=\"jr-kicker\">Rico Vape<\/p>\n<h1>Skontaktuj si\u0119 z nami<\/h1>\n<div class=\"jr-hero-copy\">\n<div>\n<p>Jeste\u015bmy tutaj, aby pom\u00f3c Ci w przypadku jakichkolwiek pyta\u0144 i w\u0105tpliwo\u015bci. Skontaktuj si\u0119 z nami za pomoc\u0105 jednej z nast\u0119puj\u0105cych metod:<\/p>\n<\/div>\n<\/div>\n<\/section>\n<div class=\"jr-contact-grid\">\n<article class=\"jr-contact-card\">\n<h3>E-mail<\/h3>\n<div class=\"jr-card-copy\">\n<p><a href=\"mailto:support@ricovape.com\">support@ricovape.com<\/a><\/p>\n<\/div>\n<\/article>\n<article class=\"jr-contact-card\">\n<h3>WhatsApp<\/h3>\n<div class=\"jr-card-copy\">\n<p><a href=\"https:\/\/api.whatsapp.com\/send?phone=8618241953968\" target=\"_blank\" rel=\"noopener\">+8618241953968<\/a><\/p>\n<\/div>\n<\/article>\n<article class=\"jr-contact-card\">\n<h3>Lokalizacja<\/h3>\n<div class=\"jr-card-copy\">\n<p>Siedziba Hola<br \/>Pok\u00f3j 2002, 20. pi\u0119tro, budynek Huasheng,<br \/>555 Zhongxin Avenue, dzielnica Shajing,<br \/>dystrykt Bao\u2019an, Shenzhen, 518125.<br \/>Chiny<\/p>\n<\/div>\n<\/article>\n<\/div>\n<section class=\"jr-contact-cta\">\n<h2>Zostaw wiadomo\u015b\u0107<\/h2>\n<div class=\"jr-contact-actions\"><a class=\"jr-action\" href=\"mailto:support@ricovape.com\">support@ricovape.com<\/a><a class=\"jr-action\" href=\"https:\/\/api.whatsapp.com\/send?phone=8618241953968\" target=\"_blank\" rel=\"noopener\">+8618241953968<\/a><\/div>\n<\/section>\n<\/div>\n","protected":false},"excerpt":{"rendered":"<p>Rico Vape Skontaktuj si\u0119 z nami Jeste\u015bmy tutaj, aby pom\u00f3c Ci w przypadku jakichkolwiek pyta\u0144 i w\u0105tpliwo\u015bci. Skontaktuj si\u0119 z nami za pomoc\u0105 jednej z nast\u0119puj\u0105cych metod: E-mail support@ricovape.com WhatsApp +8618241953968 Lokalizacja Siedziba HolaPok\u00f3j 2002, 20. pi\u0119tro, budynek Huasheng,555 Zhongxin Avenue, dzielnica Shajing,dystrykt Bao\u2019an, Shenzhen, 518125.Chiny Zostaw wiadomo\u015b\u0107 support@ricovape.com+8618241953968<\/p>\n","protected":false},"author":1,"featured_media":0,"parent":0,"menu_order":0,"comment_status":"closed","ping_status":"closed","template":"","meta":{"footnotes":""},"class_list":["post-9128","page","type-page","status-publish","hentry"],"_links":{"self":[{"href":"https:\/\/stage.jrfer.com\/pl\/wp-json\/wp\/v2\/pages\/9128","targetHints":{"allow":["GET"]}}],"collection":[{"href":"https:\/\/stage.jrfer.com\/pl\/wp-json\/wp\/v2\/pages"}],"about":[{"href":"https:\/\/stage.jrfer.com\/pl\/wp-json\/wp\/v2\/types\/page"}],"author":[{"embeddable":true,"href":"https:\/\/stage.jrfer.com\/pl\/wp-json\/wp\/v2\/users\/1"}],"replies":[{"embeddable":true,"href":"https:\/\/stage.jrfer.com\/pl\/wp-json\/wp\/v2\/comments?post=9128"}],"version-history":[{"count":2,"href":"https:\/\/stage.jrfer.com\/pl\/wp-json\/wp\/v2\/pages\/9128\/revisions"}],"predecessor-version":[{"id":69400,"href":"https:\/\/stage.jrfer.com\/pl\/wp-json\/wp\/v2\/pages\/9128\/revisions\/69400"}],"wp:attachment":[{"href":"https:\/\/stage.jrfer.com\/pl\/wp-json\/wp\/v2\/media?parent=9128"}],"curies":[{"name":"wp","href":"https:\/\/api.w.org\/{rel}","templated":true}]}}