{"id":9176,"date":"2025-07-16T05:44:51","date_gmt":"2025-07-16T05:44:51","guid":{"rendered":"https:\/\/stage.jrfer.com\/hurtowy\/"},"modified":"2026-04-07T07:19:21","modified_gmt":"2026-04-07T07:19:21","slug":"wholesale","status":"publish","type":"page","link":"https:\/\/stage.jrfer.com\/pl\/wholesale\/","title":{"rendered":"Hurtowy"},"content":{"rendered":"<div class=\"jr-page jr-page--wholesale\">\n<section class=\"jr-hero\">\n<p class=\"jr-kicker\">Rico Vape B2B<\/p>\n<h1>Hurtowy<\/h1>\n<p class=\"jr-subhead\">Zakupy hurtowe<\/p>\n<div class=\"jr-hero-copy\">\n<p>Naszym celem jest dostarczanie wysokiej jako\u015bci e-papieros\u00f3w i akcesori\u00f3w sprzedawcom detalicznym i dystrybutorom na ca\u0142ym \u015bwiecie. Jako wiod\u0105cy dostawca w bran\u017cy oferujemy szerok\u0105 gam\u0119 produkt\u00f3w i konkurencyjne ceny hurtowe, aby zaspokoi\u0107 r\u00f3\u017cnorodne potrzeby Twojej firmy.<\/p>\n<\/div>\n<\/section>\n<section class=\"jr-checklist-panel\">\n<h2>Dlaczego w\u0142a\u015bnie my?<\/h2>\n<ul class=\"jr-checklist\">\n<li><strong>Szeroki wyb\u00f3r produkt\u00f3w<\/strong>: od najnowszych urz\u0105dze\u0144 do e-papieros\u00f3w po r\u00f3\u017cnorodne smaki e-liquid\u00f3w \u2013 mamy wszystko, czego potrzebujesz.<\/li>\n<li><strong>Najwy\u017csza jako\u015b\u0107<\/strong>: wszystkie nasze produkty przechodz\u0105 rygorystyczne testy jako\u015bci, aby zapewni\u0107 bezpiecze\u0144stwo i niezawodno\u015b\u0107.<\/li>\n<li><strong>Elastyczne ilo\u015bci zam\u00f3wie\u0144<\/strong>: Niezale\u017cnie od tego, czy jeste\u015b ma\u0142ym sprzedawc\u0105 detalicznym, czy du\u017cym dystrybutorem, mo\u017cemy spe\u0142ni\u0107 Twoje potrzeby w zakresie zam\u00f3wie\u0144.<\/li>\n<li><strong>Us\u0142ugi szybkiej wysy\u0142ki<\/strong>: We wsp\u00f3\u0142pracy z wieloma globalnymi firmami logistycznymi zapewniamy szybk\u0105 i bezpieczn\u0105 dostaw\u0119 Twoich zam\u00f3wie\u0144, dzi\u0119ki \u015bledzeniu online w czasie rzeczywistym.<\/li>\n<li><strong>Doskona\u0142a obs\u0142uga klienta<\/strong>: Nasz oddany zesp\u00f3\u0142 jest tutaj, aby pom\u00f3c Ci w przypadku wszelkich zapyta\u0144 i problem\u00f3w. masz.<\/li>\n<\/ul>\n<\/section>\n<section class=\"jr-closing\">\n<p>Skontaktuj si\u0119 z naszym zespo\u0142em sprzeda\u017cy hurtowej ju\u017c dzi\u015b, aby dowiedzie\u0107 si\u0119 wi\u0119cej o naszej ofercie i rabatach hurtowych.<\/p>\n<p>Nie mo\u017cemy si\u0119 doczeka\u0107 wsp\u00f3\u0142pracy z Tob\u0105 i wsp\u00f3lnego osi\u0105gni\u0119cia wielkiego sukcesu!<\/p>\n<\/section>\n<\/div>\n","protected":false},"excerpt":{"rendered":"<p>Rico Vape B2B Hurtowy Zakupy hurtowe Naszym celem jest dostarczanie wysokiej jako\u015bci e-papieros\u00f3w i akcesori\u00f3w sprzedawcom detalicznym i dystrybutorom na ca\u0142ym \u015bwiecie. Jako wiod\u0105cy dostawca w bran\u017cy oferujemy szerok\u0105 gam\u0119 produkt\u00f3w i konkurencyjne ceny hurtowe, aby zaspokoi\u0107 r\u00f3\u017cnorodne potrzeby Twojej firmy. Dlaczego w\u0142a\u015bnie my? Szeroki wyb\u00f3r produkt\u00f3w: od najnowszych urz\u0105dze\u0144 do e-papieros\u00f3w po r\u00f3\u017cnorodne smaki [&hellip;]<\/p>\n","protected":false},"author":1,"featured_media":0,"parent":0,"menu_order":0,"comment_status":"closed","ping_status":"closed","template":"","meta":{"footnotes":""},"class_list":["post-9176","page","type-page","status-publish","hentry"],"_links":{"self":[{"href":"https:\/\/stage.jrfer.com\/pl\/wp-json\/wp\/v2\/pages\/9176","targetHints":{"allow":["GET"]}}],"collection":[{"href":"https:\/\/stage.jrfer.com\/pl\/wp-json\/wp\/v2\/pages"}],"about":[{"href":"https:\/\/stage.jrfer.com\/pl\/wp-json\/wp\/v2\/types\/page"}],"author":[{"embeddable":true,"href":"https:\/\/stage.jrfer.com\/pl\/wp-json\/wp\/v2\/users\/1"}],"replies":[{"embeddable":true,"href":"https:\/\/stage.jrfer.com\/pl\/wp-json\/wp\/v2\/comments?post=9176"}],"version-history":[{"count":2,"href":"https:\/\/stage.jrfer.com\/pl\/wp-json\/wp\/v2\/pages\/9176\/revisions"}],"predecessor-version":[{"id":69409,"href":"https:\/\/stage.jrfer.com\/pl\/wp-json\/wp\/v2\/pages\/9176\/revisions\/69409"}],"wp:attachment":[{"href":"https:\/\/stage.jrfer.com\/pl\/wp-json\/wp\/v2\/media?parent=9176"}],"curies":[{"name":"wp","href":"https:\/\/api.w.org\/{rel}","templated":true}]}}