{"id":10205,"date":"2026-03-12T04:25:07","date_gmt":"2026-03-12T04:25:07","guid":{"rendered":"https:\/\/stage.jrfer.com\/product\/bang-lider-350k-8-smakow-8-w-1-350-000-zaciagniec-inteligentny-wyswietlacz-jednorazowy-waporyzator-zbiorczy\/"},"modified":"2026-04-07T03:50:09","modified_gmt":"2026-04-07T03:50:09","slug":"bang-leader-350k-8-flavors-8-in-1-350000-puffs-smart-display-bulk-disposable-vape","status":"publish","type":"product","link":"https:\/\/stage.jrfer.com\/pl\/produkt\/bang-leader-350k-8-flavors-8-in-1-350000-puffs-smart-display-bulk-disposable-vape\/","title":{"rendered":"Bang Lider 350K | 8 smak\u00f3w, 8 w 1, 350 000 zaci\u0105gni\u0119\u0107, inteligentny wy\u015bwietlacz, jednorazowy waporyzator zbiorczy"},"content":{"rendered":"<p><img decoding=\"async\" class=\"alignnone size-full wp-image-114792\" src=\"https:\/\/aiviouvapes.com\/wp-content\/uploads\/2026\/03\/BANG-LEADER-350K-16.jpg\" alt=\"Bang Leader 350K\" title=\"\"><\/p>\n<p>Szukasz luksusowego waporyzatora mega puff do sprzeda\u017cy hurtowej? Bang Leader 350K \u0142\u0105czy w sobie d\u0142ugi czas u\u017cytkowania, g\u0142adki smak, mo\u017cliwo\u015b\u0107 dostosowania OEM\/ODM i elastyczne opcje nikotyny na rynki \u015bwiatowe.<\/p>\n<h3>Dlaczego warto wybra\u0107 Bang Leader 350K?<\/h3>\n<ul>\n<li>\ud83d\udd25 A\u017c 350 000 zaci\u0105gni\u0119\u0107 zapewnia d\u0142ugotrwa\u0142e u\u017cytkowanie<\/li>\n<li>\ud83c\udf08 Konstrukcja prze\u0142\u0105czaj\u0105ca smaki 8 w 1 zapewnia wi\u0119ksz\u0105 r\u00f3\u017cnorodno\u015b\u0107 w jednym urz\u0105dzeniu<\/li>\n<li>\u26a1 Mo\u017cliwo\u015b\u0107 \u0142adowania za pomoc\u0105 portu \u0142adowania typu C<\/li>\n<li>\ud83d\udca8 Cewka o \u015brednicy 1,0 mesh zapewnia g\u0142adszy smak i stabiln\u0105 par\u0119<\/li>\n<li>\ud83d\udd0b Zbudowany z baterii 17350 850 mAh<\/li>\n<li>\ud83d\udee0\ufe0f Wsparcie OEM\/ODM w przypadku projekt\u00f3w marek niestandardowych<\/li>\n<li>\ud83c\udf0d J\u0119zyk opakowania mo\u017cna dostosowa\u0107 w j\u0119zyku angielskim, rosyjskim, hiszpa\u0144skim i innych<\/li>\n<li>\ud83e\uddea Opcje mocy nikotyny: 0%, 2%, 3%, 5%<\/li>\n<li>\ud83c\udfea Idealne dla hurtownik\u00f3w, dystrybutor\u00f3w i sklep\u00f3w detalicznych z waporyzatorami<\/li>\n<\/ul>\n<h3>Om\u00f3wienie Bang Leader 350K<\/h3>\n<p>Bang Leader 350K jest przeznaczony dla klient\u00f3w, kt\u00f3rzy oczekuj\u0105 bardzo du\u017cej liczby zaci\u0105gni\u0119\u0107 i wi\u0119kszego wyboru smak\u00f3w w jednym jednorazowym waporyzatorze. Konfiguracja 8 w 1 zapewnia u\u017cytkownikom 4 g\u0142\u00f3wne smaki oraz 4 mieszane kombinacje smak\u00f3w, dzi\u0119ki czemu wra\u017cenia z wapowania s\u0105 ciekawsze i bardziej elastyczne. To sprawia, \u017ce urz\u0105dzenie jest szczeg\u00f3lnie atrakcyjne dla klient\u00f3w, kt\u00f3rzy lubi\u0105 zmienia\u0107 smaki bez konieczno\u015bci noszenia wielu waporyzator\u00f3w.<\/p>\n<p>Dla nabywc\u00f3w B2B model ten ma r\u00f3wnie\u017c du\u017c\u0105 warto\u015b\u0107 komercyjn\u0105. Obs\u0142uguje us\u0142ug\u0119 OEM\/ODM, wiele opcji nikotynowych i wieloj\u0119zyczne opakowania, co pomaga dystrybutorom dostosowa\u0107 produkt do r\u00f3\u017cnych rynk\u00f3w. Jego odwa\u017cny wygl\u0105d, du\u017ca pojemno\u015b\u0107 i koncepcja bogata w smak sprawiaj\u0105, \u017ce nadaje si\u0119 jako flagowy produkt o wysokim zaci\u0105gni\u0119ciu w sklepach vape i katalogach hurtowych.<\/p>\n<p>Bang Leader 350K to odwa\u017cny jednorazowy waporyzator typu mega puff, stworzony dla klient\u00f3w, kt\u00f3rzy oczekuj\u0105 d\u0142ugiego czasu u\u017cytkowania, wi\u0119kszej r\u00f3\u017cnorodno\u015bci i du\u017cej atrakcyjno\u015bci rynkowej. Dzi\u0119ki kombinacjom smakowym 8 w 1, konstrukcji typu C z mo\u017cliwo\u015bci\u0105 \u0142adowania, wyj\u015bciu cewki siatkowej i obs\u0142udze OEM\/ODM, jest to pot\u0119\u017cna opcja dla ci\u0119\u017ckich u\u017cytkownik\u00f3w, \u0142owc\u00f3w smak\u00f3w, sklep\u00f3w z waporyzatorami i globalnych odbiorc\u00f3w hurtowych. Je\u015bli chcesz, aby Tw\u00f3j katalog by\u0142 wzbogacony wysokiej jako\u015bci produktem o wysokim zaci\u0105gni\u0119ciu, Bang Leader 350K jest mocnym flagowym kandydatem.<\/p>\n<h3>Dane techniczne Bang Leader 350K<\/h3>\n<tr>\n<th>Funkcja<\/th>\n<th>Szczeg\u00f3\u0142y<\/th>\n<\/tr>\n<tr>\n<td>Nazwa produktu<\/td>\n<td>Bang Leader 350 tys.<\/td>\n<\/tr>\n<tr>\n<td>Typ urz\u0105dzenia<\/td>\n<td>Jednorazowy waporyzator 8 w 1<\/td>\n<\/tr>\n<tr>\n<td>Liczba zaci\u0105gni\u0119\u0107<\/td>\n<td>Do 350 000 zaci\u0105gni\u0119\u0107<\/td>\n<\/tr>\n<tr>\n<td>Bateria<\/td>\n<td>17350 850mAh<\/td>\n<\/tr>\n<tr>\n<td>Typ cewki<\/td>\n<td>Cewka o oczkach 1,0<\/td>\n<\/tr>\n<tr>\n<td>Port \u0142adowania<\/td>\n<td>Typ C<\/td>\n<\/tr>\n<tr>\n<td>Si\u0142a nikotyny<\/td>\n<td>0% \/ 2% \/ 3% \/ 5%<\/td>\n<\/tr>\n<tr>\n<td>Dostosowywanie<\/td>\n<td>Obs\u0142uga OEM\/ODM<\/td>\n<\/tr>\n<tr>\n<td>J\u0119zyki pakowania<\/td>\n<td>Angielski \/ rosyjski \/ hiszpa\u0144ski \/ j\u0119zyki niestandardowe<\/td>\n<\/tr>\n<tr>\n<td>Waga pojedynczego urz\u0105dzenia<\/td>\n<td>140g<\/td>\n<\/tr>\n<tr>\n<td>Waga 10 urz\u0105dze\u0144<\/td>\n<td>1400g<\/td>\n<\/tr>\n<tr>\n<td>Ilo\u015b\u0107 w kartonie<\/td>\n<td>200 szt.<\/td>\n<\/tr>\n<tr>\n<td>Rozmiar kartonu<\/td>\n<td>51,5 \u00d7 51,5 \u00d7 30,5 cm<\/td>\n<\/tr>\n<tr>\n<td>Waga kartonu<\/td>\n<td>28 kg (bez zewn\u0119trznej masy kartonu)<\/td>\n<\/tr>\n<tr>\n<td>MOQ<\/td>\n<td>10 sztuk w jednym zestawie smakowym<\/td>\n<\/tr>\n<\/tbody>\n<h3><img decoding=\"async\" class=\"alignnone size-full wp-image-114777\" src=\"https:\/\/aiviouvapes.com\/wp-content\/uploads\/2026\/03\/BANG-LEADER-350K-1.jpg\" alt=\"Bang Leader 350K\" title=\"\"><\/h3>\n<h3>Po\u0142\u0105czenia smakowe<\/h3>\n<p>Bang Leader 350K wykorzystuje innowacyjny <strong>system prze\u0142\u0105czania smak\u00f3w 8 w 1<\/strong>. Ka\u017cde urz\u0105dzenie zawiera cztery podstawowe smaki oraz cztery automatyczne kombinacje mieszanek (1+2, 2+3, 3+4 i 4+1), dzi\u0119ki czemu u\u017cytkownicy mog\u0105 cieszy\u0107 si\u0119 zar\u00f3wno czystymi smakami, jak i mieszanymi smakami w jednym waporyzatorze.<\/p>\n<p>Zestawy smak\u00f3w obejmuj\u0105 szerok\u0105 gam\u0119 popularnych profili. Niekt\u00f3rzy skupiaj\u0105 si\u0119 na <strong>odlotowych klasykach owocowych<\/strong>, takich jak Blue Razz Ice, Watermelon Ice, Strawberry Ice i Lemon Lime. Inni przynosz\u0105 <strong>s\u0142odkie mieszanki jag\u00f3d i tropikalne<\/strong>, takie jak l\u00f3d jagodowy, owoce tropikalne, l\u00f3d jab\u0142kowo-kiwi i wi\u015bnia Blue Razz.<\/p>\n<p>Istniej\u0105 r\u00f3wnie\u017c bardziej zabawne kombinacje inspirowane napojami i deserami, w tym Cherry Cola, R\u00f3\u017cowa Lemoniada, Mango Passion Fruit i Lemon Peach. Mi\u0142o\u015bnikom tropik\u00f3w smaki takie jak ananasowy l\u00f3d kokosowy, kiwi marakuja z gujaw\u0105 i brzoskwiniowo-mango-arbuz zapewniaj\u0105 bogatszy, egzotyczny smak.<\/p>\n<p>Wiele zestaw\u00f3w zawiera popularne mieszanki jag\u00f3d i arbuza, takie jak truskawkowy arbuz, malinowy arbuz, jagodowo-malinowy i truskawkowy banan, podczas gdy inne zawieraj\u0105 unikalne smaki, takie jak Dragonfruit Ice, Cherry Pomegranate, Love 66 i dobrze znany profil Fucking Fab.<\/p>\n<p>Og\u00f3lnie rzecz bior\u0105c, linia smak\u00f3w Bang Leader 350K zosta\u0142a zaprojektowana tak, aby zapewni\u0107 \u015bwie\u017co\u015b\u0107 i zainteresowanie. Niezale\u017cnie od tego, czy u\u017cytkownicy wol\u0105 lodowe owoce, mieszanki tropikalne, s\u0142odkie jagody czy smaki w stylu napoj\u00f3w, system prze\u0142\u0105czania wielu smak\u00f3w u\u0142atwia odkrywanie r\u00f3\u017cnych smak\u00f3w bez zmiany urz\u0105dzenia.<\/p>\n<h3>Dla kogo jest najlepszy ten Vape?<\/h3>\n<ul>\n<li>Ci\u0119\u017ccy u\u017cytkownicy, kt\u00f3rzy chc\u0105 d\u0142ugotrwa\u0142ego urz\u0105dzenia o wysokim zadymieniu<\/li>\n<li>Poszukiwacze smak\u00f3w, kt\u00f3rzy lubi\u0105 prze\u0142\u0105cza\u0107 si\u0119 mi\u0119dzy wieloma smakami<\/li>\n<li>Sklepy z vape, kt\u00f3re chc\u0105 wyr\u00f3\u017cniaj\u0105cego si\u0119, flagowego vape jednorazowego u\u017cytku<\/li>\n<li>Hurtownicy i dystrybutorzy poszukuj\u0105cy produkt\u00f3w mega puff gotowych do monta\u017cu OEM<\/li>\n<li>Eksportuj kupuj\u0105cych, kt\u00f3rzy potrzebuj\u0105 elastycznych opcji nikotyny i opakowa\u0144<\/li>\n<\/ul>\n<h3>Cz\u0119sto zadawane pytania<\/h3>\n<h4>1. Ile zaci\u0105gni\u0119\u0107 oferuje Bang Leader 350K?<\/h4>\n<p>Bang Leader 350K oferuje do 350 000 zaci\u0105gni\u0119\u0107, co czyni go jednorazowym waporyzatorem o wyj\u0105tkowo du\u017cej pojemno\u015bci do d\u0142ugotrwa\u0142ego u\u017cytkowania.<\/p>\n<h4>2. Czy Bang Leader 350K mo\u017cna \u0142adowa\u0107?<\/h4>\n<p>Tak. Obs\u0142uguje \u0142adowanie typu C, co pozwala u\u017cytkownikom wygodniej korzysta\u0107 z pe\u0142nej pojemno\u015bci urz\u0105dzenia.<\/p>\n<h4>3. Z jakiej baterii korzysta to urz\u0105dzenie?<\/h4>\n<p>Urz\u0105dzenie wykorzystuje bateri\u0119 17350 850 mAh.<\/p>\n<h4>4. Jaka cewka jest u\u017cywana w Bang Leader 350K?<\/h4>\n<p>Wykorzystuje cewk\u0119 o rozmiarze siatki 1,0, kt\u00f3ra zapewnia stabilne ogrzewanie, g\u0142adsz\u0105 par\u0119 i lepsze dzia\u0142anie smakowe.<\/p>\n<h4>5. Jakie moce nikotyny s\u0105 dost\u0119pne?<\/h4>\n<p>Opcje mocy nikotyny obejmuj\u0105 0%, 2%, 3% i 5%.<\/p>\n<h4>6. Czy ten produkt obs\u0142uguje OEM lub ODM?<\/h4>\n<p>Tak. Bang Leader 350K obs\u0142uguje dostosowywanie OEM i ODM, co idealnie nadaje si\u0119 do projekt\u00f3w marek w\u0142asnych i hurtowych.<\/p>\n<h4>7. Jakie j\u0119zyki pakowania s\u0105 dost\u0119pne?<\/h4>\n<p>Opakowanie mo\u017cna dostosowa\u0107 w j\u0119zyku angielskim, rosyjskim, hiszpa\u0144skim i innych j\u0119zykach w zale\u017cno\u015bci od potrzeb rynku.<\/p>\n<h4>8. Ile opcji smakowych znajduje si\u0119 w jednym urz\u0105dzeniu?<\/h4>\n<p>Ka\u017cde urz\u0105dzenie Bang Leader 350K zosta\u0142o zaprojektowane jako waporyzator 8 w 1 z 4 g\u0142\u00f3wnymi smakami i 4 mieszanymi kombinacjami.<\/p>\n<h4>9. Jakie jest MOQ?<\/h4>\n<p>Minimalna ilo\u015b\u0107 zam\u00f3wienia to 10 sztuk na jeden zestaw smakowy.<\/p>\n<h4>10. Czy Bang Leader 350K nadaje si\u0119 do sprzeda\u017cy hurtowej?<\/h4>\n<p>Tak. Du\u017ca liczba zaci\u0105gni\u0119\u0107, mo\u017cliwo\u015b\u0107 dostosowywania, opcje pakowania przyjazne dla eksportu i przyci\u0105gaj\u0105cy wzrok system smakowy sprawiaj\u0105, \u017ce jest to dobry wyb\u00f3r w przypadku dystrybucji hurtowej.<\/p>\n<h3><img decoding=\"async\" class=\"alignnone size-full wp-image-114793\" src=\"https:\/\/aiviouvapes.com\/wp-content\/uploads\/2026\/03\/BANG-LEADER-350K-17.jpg\" alt=\"Bang Leader 350K\" title=\"\"><\/h3>\n","protected":false},"excerpt":{"rendered":"<p>Bang Leader 350K to jednorazowy waporyzator 8 w 1 o du\u017cej pojemno\u015bci, przeznaczony dla intensywnych u\u017cytkownik\u00f3w, mi\u0142o\u015bnik\u00f3w smak\u00f3w i odbiorc\u00f3w hurtowych. Dzi\u0119ki do 350 000 zaci\u0105gni\u0119\u0107, \u0142adowaniu akumulatorowemu typu C, wydajno\u015bci cewki siatkowej i 8 trybom smakowym w jednym urz\u0105dzeniu, jest to dobry wyb\u00f3r dla sklep\u00f3w i dystrybutor\u00f3w vape.<\/p>\n","protected":false},"featured_media":7106,"comment_status":"open","ping_status":"closed","template":"","meta":[],"product_brand":[],"product_cat":[348],"product_tag":[],"class_list":{"0":"post-10205","1":"product","2":"type-product","3":"status-publish","4":"has-post-thumbnail","6":"product_cat-bang","8":"first","9":"instock","10":"shipping-taxable","11":"product-type-simple"},"tiered_pricing_type":"fixed","tiered_pricing_fixed_rules":[],"tiered_pricing_product_settings":{"layout":"default","base_unit_name":{"singular":null,"plural":null},"default_variation":null},"tiered_pricing_minimum_quantity":null,"tiered_pricing_roles_data":[],"tiered_pricing_percentage_rules":[],"tiered_pricing_maximum_quantity":null,"tiered_pricing_quantity_step":null,"_links":{"self":[{"href":"https:\/\/stage.jrfer.com\/pl\/wp-json\/wp\/v2\/product\/10205","targetHints":{"allow":["GET"]}}],"collection":[{"href":"https:\/\/stage.jrfer.com\/pl\/wp-json\/wp\/v2\/product"}],"about":[{"href":"https:\/\/stage.jrfer.com\/pl\/wp-json\/wp\/v2\/types\/product"}],"replies":[{"embeddable":true,"href":"https:\/\/stage.jrfer.com\/pl\/wp-json\/wp\/v2\/comments?post=10205"}],"wp:featuredmedia":[{"embeddable":true,"href":"https:\/\/stage.jrfer.com\/pl\/wp-json\/wp\/v2\/media\/7106"}],"wp:attachment":[{"href":"https:\/\/stage.jrfer.com\/pl\/wp-json\/wp\/v2\/media?parent=10205"}],"wp:term":[{"taxonomy":"product_brand","embeddable":true,"href":"https:\/\/stage.jrfer.com\/pl\/wp-json\/wp\/v2\/product_brand?post=10205"},{"taxonomy":"product_cat","embeddable":true,"href":"https:\/\/stage.jrfer.com\/pl\/wp-json\/wp\/v2\/product_cat?post=10205"},{"taxonomy":"product_tag","embeddable":true,"href":"https:\/\/stage.jrfer.com\/pl\/wp-json\/wp\/v2\/product_tag?post=10205"}],"curies":[{"name":"wp","href":"https:\/\/api.w.org\/{rel}","templated":true}]}}