{"id":10965,"date":"2026-03-12T04:24:35","date_gmt":"2026-03-12T04:24:35","guid":{"rendered":"https:\/\/stage.jrfer.com\/product\/bang-king-200-tys-waporyzator-8-w-1-200-000-zaciagniec-czterozbiornikowy-8-smakow-o-duzej-pojemnosci-jednorazowy-waporyzator-masowy\/"},"modified":"2026-04-07T08:42:44","modified_gmt":"2026-04-07T08:42:44","slug":"bang-king-200k-8-in-1-200000-puffs-quad-tank-8-flavor-high-capacity-bulk-disposable-vape","status":"publish","type":"product","link":"https:\/\/stage.jrfer.com\/pl\/produkt\/bang-king-200k-8-in-1-200000-puffs-quad-tank-8-flavor-high-capacity-bulk-disposable-vape\/","title":{"rendered":"Bang King 200 tys. | Waporyzator 8 w 1, 200 000 zaci\u0105gni\u0119\u0107, czterozbiornikowy, 8 smak\u00f3w, o du\u017cej pojemno\u015bci, jednorazowy waporyzator masowy"},"content":{"rendered":"<h2>Bang King 200 tys. | Jednorazowy waporyzator 8 w 1 o pojemno\u015bci 200 000 zaci\u0105gni\u0119\u0107 i megapojemno\u015bci z czterema cewkami<\/h2>\n<h3>\ud83d\udd25 Jednorazowy waporyzator 8 w 1 Bang King 200K \u2013 pot\u0119\u017cne zaci\u0105gni\u0119cia, pot\u0119\u017cne smaki<\/h3>\n<p><strong>Jednorazowy waporyzator Bang King 200K 8 w 1<\/strong> zosta\u0142 stworzony z my\u015bl\u0105 o doskona\u0142ej wydajno\u015bci. Dzi\u0119ki niesamowitej <strong>pojemno\u015bci 200 000 zaci\u0105gni\u0119\u0107<\/strong>, czterem zbiornikom na e-liquid o pojemno\u015bci 16 ml i cewkom 1,0 \u03a9, to urz\u0105dzenie zosta\u0142o zaprojektowane z my\u015bl\u0105 o d\u0142ugotrwa\u0142ym smaku i silnej produkcji pary. \ud83d\udca8<\/p>\n<p>Niezale\u017cnie od tego, czy jeste\u015b w\u0142a\u015bcicielem sklepu z waporyzatorami, dystrybutorem, czy te\u017c intensywnym u\u017cytkownikiem szukaj\u0105cym d\u0142u\u017cszego czasu wapowania, Bang King 200K oferuje moc, r\u00f3\u017cnorodno\u015b\u0107 smak\u00f3w i doskona\u0142\u0105 warto\u015b\u0107 hurtow\u0105 w jednym urz\u0105dzeniu premium.<\/p>\n<h3>\u2705 Dlaczego warto wybra\u0107 Bang King 200K?<\/h3>\n<ul>\n<li>\ud83d\udd25 Do 200 000 zaci\u0105gni\u0119\u0107 \u2013 jednorazowy waporyzator o wyj\u0105tkowo du\u017cej pojemno\u015bci do d\u0142ugotrwa\u0142ego stosowania<\/li>\n<li>\ud83c\udfaf Prze\u0142\u0105czanie smak\u00f3w 8 w 1 \u2013 wiele kombinacji smak\u00f3w w jednym urz\u0105dzeniu<\/li>\n<li>\ud83d\udca7 16 ml x 4 zbiorniki na e-liquid \u2013 \u0142\u0105cznie 64 ml ogromnej pojemno\u015bci na sok<\/li>\n<li>\u26a1 Wbudowana bateria 650 mAh \u2013 stabilna moc wyj\u015bciowa i p\u0142ynna praca<\/li>\n<li>\ud83c\udf00 System Quad Coil 1,0 \u03a9 \u2013 mocny smak, g\u0142adkie uderzenie w gard\u0142o<\/li>\n<li>\ud83d\udce6 Opakowanie zbiorcze \u2013 przeznaczone do sprzeda\u017cy hurtowej i dystrybucji<\/li>\n<li>\ud83d\udcbc Wysoka mar\u017ca zysku \u2013 idealna dla dystrybutor\u00f3w vape i nabywc\u00f3w B2B<\/li>\n<\/ul>\n<h3>\ud83d\udcca Dane techniczne Bang Kinga 200K<\/h3>\n<tr>\n<td><strong>Liczba zaci\u0105gni\u0119\u0107<\/strong><\/td>\n<td>Do 200 000 zaci\u0105gni\u0119\u0107<\/td>\n<\/tr>\n<tr>\n<td><strong>Pojemno\u015b\u0107 e-p\u0142ynu<\/strong><\/td>\n<td>16 ml x 4 (\u0142\u0105cznie 64 ml)<\/td>\n<\/tr>\n<tr>\n<td><strong>Bateria<\/strong><\/td>\n<td>Wbudowana bateria 650 mAh<\/td>\n<\/tr>\n<tr>\n<td><strong>Rezystancja cewki<\/strong><\/td>\n<td>1,0 \u03a9 x 4<\/td>\n<\/tr>\n<tr>\n<td><strong>Waga urz\u0105dzenia<\/strong><\/td>\n<td>150g (pojedyncza jednostka)<\/td>\n<\/tr>\n<tr>\n<td><strong>Rozmiar pude\u0142ka (6 szt.)<\/strong><\/td>\n<td>137 \u00d7 91 \u00d7 127,5 mm<\/td>\n<\/tr>\n<tr>\n<td><strong>Rozmiar kartonu<\/strong><\/td>\n<td>57 \u00d7 48 \u00d7 15 cm<\/td>\n<\/tr>\n<tr>\n<td><strong>Waga kartonu<\/strong><\/td>\n<td>120 szt. \/ 20 kg<\/td>\n<\/tr>\n<\/tbody>\n<h3>\ud83c\udf53 Kombinacje smak\u00f3w \u2013 doznania smakowe 8 w 1<\/h3>\n<p><strong>Niebieski Razz L\u00f3d \/ Brzoskwiniowy l\u00f3d \/ Lody winogronowe \/ Lody Mango<\/strong> \u2013 Ch\u0142odna owocowa mieszanka z orze\u017awiaj\u0105cym lodowym finiszem \u2744\ufe0f<\/p>\n<p><strong>Arbuz Brzoskwiniowo-Mango \/ Red Bullaaaa \/ Truskawkowy Red Bullaaaa \/ Truskawkowe Kiwi<\/strong> \u2013 S\u0142odki nap\u00f3j energetyczny w stylu owoc\u00f3w tropikalnych \u26a1<\/p>\n<p><strong>Truskawkowe Mango \/ Lody Truskawkowe \/ Lody Bananowe \/ Liczi Truskawkowe<\/strong> \u2013 Kolekcja kremowo-owocowych deser\u00f3w \ud83c\udf68<\/p>\n<p><strong>Podw\u00f3jne jab\u0142ko \/ Mango Brzoskwinia \/ Truskawkowy Arbuz \/ Cola truskawkowo-waniliowa<\/strong> \u2013 Klasyczne owoce z dodatkiem sody \ud83e\udd64<\/p>\n<p><strong>L\u00f3d Czarnego Smoka \/ Mi\u0142o\u015b\u0107 66 \/ Panie Niebieski \/ Lemoniada Truskawkowa<\/strong> \u2013 mieszanka premium jag\u00f3d i cytrus\u00f3w \ud83c\udf4b<\/p>\n<p><strong>Kiwi Marakuja Gujawa \/ \u017belek Mi\u015b \/ T\u0119czowe Cukierki \/ Wata Cukrowa<\/strong> \u2013 Egzotyczna s\u0142odycz w stylu cukierk\u00f3w \ud83c\udf6c<\/p>\n<p><strong>L\u00f3d Arbuzowy \/ Cytryna i Mi\u0119ta \/ L\u00f3d Truskawkowy \/ Niebieska wi\u015bnia Razz<\/strong> \u2013 \u015awie\u017ce i ch\u0142odz\u0105ce smaki przez ca\u0142y dzie\u0144 \ud83c\udf3f<\/p>\n<p><strong>Potr\u00f3jna Jagoda \/ Owoce tropikalne \/ Truskawka Banan \/ R\u00f3\u017cowa Lemoniada<\/strong> \u2013 Zbilansowana s\u0142odko-kwa\u015bna mieszanka owoc\u00f3w \ud83c\udf53<\/p>\n<p><strong>Potr\u00f3jny melon \/ l\u00f3d jagodowy \/ bomba wi\u015bniowa \/ kokos ananasowy<\/strong> \u2013 odwa\u017cna fuzja tropik\u00f3w i jag\u00f3d \ud83c\udf34<\/p>\n<p><strong>Arbuzowa Guma Balonowa \/ Jagody Maliny \/ Malina Arbuz \/ Arbuz Bor\u00f3wka<\/strong> \u2013 Eksplozja s\u0142odkiej, soczystej jagody \ud83d\udca5<\/p>\n<p><strong>Fajna mi\u0119ta \/ Brzoskwinia Wi\u015bnia \/ Brzoskwiniowa Jagoda Cytryna \/ Kiwi Arbuzowy l\u00f3d<\/strong> \u2013 Orze\u017awiaj\u0105ce i g\u0142adkie hity ch\u0142odz\u0105ce \u2744\ufe0f<\/p>\n<p><strong>Fizzy Lemon &amp; Lime \/ Jab\u0142kowe Mojito \/ Ananas Ice \/ Lody coli<\/strong> \u2013 kolekcja gazowanych napoj\u00f3w gazowanych i lodowych cytrus\u00f3w \ud83e\uddca<\/p>\n<h3>\ud83d\ude80 Idealny dla intensywnych u\u017cytkownik\u00f3w i odbiorc\u00f3w hurtowych<\/h3>\n<p>Jednorazowy waporyzator Bang King 200K jest idealny dla <strong>ci\u0119\u017ckich waper\u00f3w<\/strong>, kt\u00f3rzy oczekuj\u0105 d\u0142ugotrwa\u0142ej wydajno\u015bci bez cz\u0119stej wymiany. Jest tak\u017ce idealny dla <strong>poszukiwaczy smak\u00f3w<\/strong>, kt\u00f3rzy lubi\u0105 prze\u0142\u0105cza\u0107 si\u0119 mi\u0119dzy wieloma smakami w jednym urz\u0105dzeniu.<\/p>\n<p>Dla <strong>sklep\u00f3w z waporyzatorami, dystrybutor\u00f3w i nabywc\u00f3w hurtowych<\/strong> ten jednorazowy waporyzator o du\u017cej pojemno\u015bci oferuje du\u017cy popyt na rynku, atrakcyjne mar\u017ce i wydajno\u015b\u0107 pakowania zbiorczego. Doskona\u0142y wyb\u00f3r, je\u015bli chcesz rozszerzy\u0107 swoj\u0105 lini\u0119 produkt\u00f3w jednorazowego u\u017cytku do waporyzacji.<\/p>\n<h3>\u2753 Cz\u0119sto zadawane pytania \u2013 jednorazowy Vape Bang King 200K<\/h3>\n<p><strong>Pyt. 1: Czy Bang King 200K mo\u017cna \u0142adowa\u0107?<\/strong><br \/>\nOdp.: Urz\u0105dzenie zawiera wbudowan\u0105 bateri\u0119 650 mAh zaprojektowan\u0105 z my\u015bl\u0105 o d\u0142u\u017cszym u\u017cytkowaniu ze wzgl\u0119du na du\u017c\u0105 pojemno\u015b\u0107.<\/p>\n<p><strong>Pyt. 2: Ile smak\u00f3w mie\u015bci si\u0119 w jednym urz\u0105dzeniu?<\/strong><br \/>\nOdp.: Ka\u017cde urz\u0105dzenie jest wyposa\u017cone w system smakowy 8 w 1, dzi\u0119ki czemu u\u017cytkownicy mog\u0105 cieszy\u0107 si\u0119 wieloma kombinacjami smakowymi w jednym waporyzatorze.<\/p>\n<p><strong>Pyt. 3: Czy ten produkt nadaje si\u0119 do zam\u00f3wie\u0144 hurtowych?<\/strong><br \/>\nO: Tak. Bang King 200K jest pakowany do dystrybucji zbiorczej po 120 sztuk w kartonie, co czyni go idealnym rozwi\u0105zaniem dla nabywc\u00f3w i dystrybutor\u00f3w B2B.<\/p>\n<p><strong>Pyt. 4: Dla kogo jest najlepsze to urz\u0105dzenie?<\/strong><br \/>\nOdp.: Jest odpowiedni dla intensywnych u\u017cytkownik\u00f3w, waper\u00f3w sp\u0119dzaj\u0105cych d\u0142ugie sesje, mi\u0142o\u015bnik\u00f3w smak\u00f3w, sprzedawc\u00f3w detalicznych vape i hurtowych dystrybutor\u00f3w poszukuj\u0105cych urz\u0105dze\u0144 jednorazowych o du\u017cej pojemno\u015bci.<\/p>\n<p><strong>P5: Czym r\u00f3\u017cni si\u0119 od standardowych jednorazowych waporyzator\u00f3w?<\/strong><br \/>\nOdp.: Bardzo du\u017ca liczba zaci\u0105gni\u0119\u0107, cztery zbiorniki na e-liquid i system prze\u0142\u0105czania smak\u00f3w 8 w 1 wyr\u00f3\u017cniaj\u0105 go na rynku jednorazowych waporyzator\u00f3w o du\u017cej pojemno\u015bci.<\/p>\n","protected":false},"excerpt":{"rendered":"<p>Jednorazowy waporyzator Bang King 200K 8 w 1 zapewnia do 200 000 zaci\u0105gni\u0119\u0107 dzi\u0119ki czterem zbiornikom o pojemno\u015bci 16 ml, baterii 650 mAh i cewkom siatkowym 1,0 \u03a9. Idealny jednorazowy waporyzator o du\u017cej pojemno\u015bci dla dystrybutor\u00f3w i intensywnych u\u017cytkownik\u00f3w.<\/p>\n","protected":false},"featured_media":7030,"comment_status":"open","ping_status":"closed","template":"","meta":[],"product_brand":[],"product_cat":[348,772],"product_tag":[1035,1600,1114,1601,1637],"class_list":{"0":"post-10965","1":"product","2":"type-product","3":"status-publish","4":"has-post-thumbnail","6":"product_cat-bang","7":"product_cat-jednorazowy-vape-100-tys-puffow","8":"product_tag-hurtowa-sprzedaz-hurtowa-jednorazowych-vapeow","9":"product_tag-jednorazowy-vape-o-wartosci-200-tys","10":"product_tag-jednorazowy-waporyzator-8-w-1","11":"product_tag-jednorazowy-waporyzator-o-wysokim-zaciagnieciu","12":"product_tag-urzadzenie-do-waporyzacji-z-czterema-zbiornikami","14":"first","15":"instock","16":"shipping-taxable","17":"purchasable","18":"product-type-variable","19":"has-default-attributes"},"tiered_pricing_type":"fixed","tiered_pricing_fixed_rules":{"30":9.589999999999999857891452847979962825775146484375,"50":8.1699999999999999289457264239899814128875732421875,"100":7.519999999999999573674358543939888477325439453125,"200":6.9900000000000002131628207280300557613372802734375,"400":6.480000000000000426325641456060111522674560546875},"tiered_pricing_product_settings":{"layout":"default","base_unit_name":{"singular":null,"plural":null},"default_variation":null},"tiered_pricing_minimum_quantity":10,"tiered_pricing_roles_data":[],"tiered_pricing_percentage_rules":[],"tiered_pricing_maximum_quantity":null,"tiered_pricing_quantity_step":"10","_links":{"self":[{"href":"https:\/\/stage.jrfer.com\/pl\/wp-json\/wp\/v2\/product\/10965","targetHints":{"allow":["GET"]}}],"collection":[{"href":"https:\/\/stage.jrfer.com\/pl\/wp-json\/wp\/v2\/product"}],"about":[{"href":"https:\/\/stage.jrfer.com\/pl\/wp-json\/wp\/v2\/types\/product"}],"replies":[{"embeddable":true,"href":"https:\/\/stage.jrfer.com\/pl\/wp-json\/wp\/v2\/comments?post=10965"}],"wp:featuredmedia":[{"embeddable":true,"href":"https:\/\/stage.jrfer.com\/pl\/wp-json\/wp\/v2\/media\/7030"}],"wp:attachment":[{"href":"https:\/\/stage.jrfer.com\/pl\/wp-json\/wp\/v2\/media?parent=10965"}],"wp:term":[{"taxonomy":"product_brand","embeddable":true,"href":"https:\/\/stage.jrfer.com\/pl\/wp-json\/wp\/v2\/product_brand?post=10965"},{"taxonomy":"product_cat","embeddable":true,"href":"https:\/\/stage.jrfer.com\/pl\/wp-json\/wp\/v2\/product_cat?post=10965"},{"taxonomy":"product_tag","embeddable":true,"href":"https:\/\/stage.jrfer.com\/pl\/wp-json\/wp\/v2\/product_tag?post=10965"}],"curies":[{"name":"wp","href":"https:\/\/api.w.org\/{rel}","templated":true}]}}