{"id":11394,"date":"2026-03-12T04:24:35","date_gmt":"2026-03-12T04:24:35","guid":{"rendered":"https:\/\/stage.jrfer.com\/product\/fihp-90k-3-w-1-90-000-zaciagniec-42-ml-potrojny-smak-ekran-led-jednorazowy-waporyzator\/"},"modified":"2026-04-07T08:39:41","modified_gmt":"2026-04-07T08:39:41","slug":"fihp-90k-3-in-1-90000-puffs-42ml-triple-flavor-led-screen-disposable-vape","status":"publish","type":"product","link":"https:\/\/stage.jrfer.com\/pl\/produkt\/fihp-90k-3-in-1-90000-puffs-42ml-triple-flavor-led-screen-disposable-vape\/","title":{"rendered":"FIHP 90K 3 w 1 | 90 000 zaci\u0105gni\u0119\u0107, 42 ml, potr\u00f3jny smak, ekran LED, jednorazowy waporyzator"},"content":{"rendered":"<p><!-- Kr\u00f3tki opis SEO --><\/p>\n<h2>FIHP 90000 3 w 1 90 000 zaci\u0105gni\u0119\u0107 | Jednorazowy vape z ekranem LED o potr\u00f3jnym smaku, wielokrotnego \u0142adowania<\/h2>\n<p>\ud83d\udd25 <strong>Potr\u00f3jna moc smaku. Ogromna wydajno\u015b\u0107 90 tys. Inteligentne sterowanie diodami LED.<\/strong> \ud83d\udd25<\/p>\n<p><strong>Jednorazowy waporyzator FIHP 90000 90K puffs<\/strong> zosta\u0142 zaprojektowany dla powa\u017cnych waper\u00f3w, kt\u00f3rzy wymagaj\u0105 ekstremalnej trwa\u0142o\u015bci, odwa\u017cnego dostarczania smaku i inteligentnej u\u017cyteczno\u015bci. Wyposa\u017cone w innowacyjny <strong>system potr\u00f3jnego smaku 3 w 1<\/strong>, to urz\u0105dzenie \u0142\u0105czy trzy najwy\u017cszej jako\u015bci smaki w jedn\u0105 pot\u0119\u017cn\u0105 jednostk\u0119 o ogromnej <strong>pojemno\u015bci e-liquidu 42 ml<\/strong>.<\/p>\n<p>Przeznaczony dla intensywnych u\u017cytkownik\u00f3w i rynk\u00f3w hurtowych, dostarcza do <strong>90 000 zaci\u0105gni\u0119\u0107<\/strong>, zachowuj\u0105c jednocze\u015bnie g\u0142adk\u0105, sta\u0142\u0105 par\u0119 od pierwszego do ostatniego zaci\u0105gni\u0119cia. Wyposa\u017cony w <strong>podw\u00f3jn\u0105 cewk\u0119 siatkow\u0105 0,9 \u03a9<\/strong> i <strong>akumulator 650 mAh<\/strong> z szybkim \u0142adowaniem typu C, ten zaawansowany sprz\u0119t jednorazowego u\u017cytku zapewnia za ka\u017cdym razem g\u0119ste chmury i doskona\u0142\u0105 klarowno\u015b\u0107 smaku.<\/p>\n<h3>Om\u00f3wienie i funkcje FIHP 90K<\/h3>\n<p> \u2022 Bardzo d\u0142uga wydajno\u015b\u0107 do 90 000 zaci\u0105gni\u0119\u0107<br \/>\n\u2022 System potr\u00f3jnego smaku 3 w 1 (ca\u0142kowita pojemno\u015b\u0107 42 ml)<br \/>\n\u2022 Podw\u00f3jna cewka siatkowa 0,9 \u03a9 zapewniaj\u0105ca zwi\u0119kszon\u0105 g\u0119sto\u015b\u0107 pary<br \/>\n\u2022 Akumulator 650 mAh<br \/>\n\u2022 Obs\u0142uga szybkiego \u0142adowania typu C<br \/>\n\u2022 Inteligentny ekran LED z procentem na\u0142adowania baterii w czasie rzeczywistym<br \/>\n\u2022 Dost\u0119pny w mocy 2% i 5% nikotyny<br \/>\n\u2022 10 doskona\u0142ych kombinacji smakowych<br \/>\n\u2022 10 sztuk w pude\u0142ku \u2013 opakowanie przyjazne dla hurtowni<\/p>\n<h3>Specyfikacje FIHP 90K<\/h3>\n<tr>\n<th>Funkcja<\/th>\n<th>Szczeg\u00f3\u0142y<\/th>\n<\/tr>\n<tr>\n<td>Liczba zaci\u0105gni\u0119\u0107<\/td>\n<td>Do 90 000 zaci\u0105gni\u0119\u0107<\/td>\n<\/tr>\n<tr>\n<td>Pojemno\u015b\u0107 e-p\u0142ynu<\/td>\n<td>42 ml (system potr\u00f3jnego smaku)<\/td>\n<\/tr>\n<tr>\n<td>Cewka<\/td>\n<td>Podw\u00f3jna cewka siatkowa 0,9 \u03a9<\/td>\n<\/tr>\n<tr>\n<td>Bateria<\/td>\n<td>Akumulator 650 mAh<\/td>\n<\/tr>\n<tr>\n<td>\u0141adowanie<\/td>\n<td>Szybkie \u0142adowanie typu C<\/td>\n<\/tr>\n<tr>\n<td>Wy\u015bwietlacz<\/td>\n<td>Inteligentna dioda LED (%) baterii w czasie rzeczywistym<\/td>\n<\/tr>\n<tr>\n<td>Si\u0142a nikotyny<\/td>\n<td>2% \/ 5%<\/td>\n<\/tr>\n<tr>\n<td>Opakowanie<\/td>\n<td>10 sztuk w pude\u0142ku<\/td>\n<\/tr>\n<\/tbody>\n<h3>Kombinacje smakowe FIHP 90K (system 3 w 1)<\/h3>\n<tr>\n<th>Kombinacja smakowa<\/th>\n<th>Potr\u00f3jna mieszanka<\/th>\n<\/tr>\n<tr>\n<td>Kombinacja 1<\/td>\n<td>Wi\u015bnia gazowana | Pani Zab\u00f3jca | Gumowy Mi\u015b<\/td>\n<\/tr>\n<tr>\n<td>Kombinacja 2<\/td>\n<td>Jagoda Malina | Mi\u0142o\u015b\u0107 666 | Brzoskwiniowy l\u00f3d<\/td>\n<\/tr>\n<tr>\n<td>Kombinacja 3<\/td>\n<td>Arbuz Malinowy | Mieszane Jagody | Mango Brzoskwinia<\/td>\n<\/tr>\n<tr>\n<td>Kombinacja 4<\/td>\n<td>Lemoniada Blue Razz | Truskawka Malina | T\u0119czowe Cukierki<\/td>\n<\/tr>\n<tr>\n<td>Kombinacja 5<\/td>\n<td>Arbuzowa guma balonowa | l\u00f3d winogronowy | L\u00f3d Czarnego Smoka<\/td>\n<\/tr>\n<tr>\n<td>Kombinacja 6<\/td>\n<td>Ananas, Kokos | Mieszane Owoce | Cytrynowo-brzoskwiniowa<\/td>\n<\/tr>\n<tr>\n<td>Kombinacja 7<\/td>\n<td>Podw\u00f3jne jab\u0142ko | Truskawka Banan | Arbuz Malinowy<\/td>\n<\/tr>\n<tr>\n<td>Kombinacja 8<\/td>\n<td>L\u00f3d Arbuzowy | Czerwony Byk | Truskawkowe Kiwi<\/td>\n<\/tr>\n<tr>\n<td>Kombinacja 9<\/td>\n<td>L\u00f3d jagodowy | Arbuz Truskawkowy | Cytryna Limonka<\/td>\n<\/tr>\n<tr>\n<td>Kombinacja 10<\/td>\n<td>Brzoskwiniowa Jagoda | Potr\u00f3jny Melon | L\u00f3d arbuzowy<\/td>\n<\/tr>\n<\/tbody>\n<h3>FIHP 90 tys. dost\u0119pnych smak\u00f3w<\/h3>\n<p>Fizzy Cherry, Lady Killer i Gummy Bear<br \/>\nJagoda, Malina i Mi\u0142o\u015b\u0107 666 oraz Lody Brzoskwiniowe<br \/>\nArbuz malinowy i mieszane jagody oraz brzoskwinia mango<br \/>\nBlue Razz Lemoniada i truskawka, malina i t\u0119czowe cukierki<br \/>\nArbuzowa guma balonowa i l\u00f3d winogronowy oraz l\u00f3d czarnego smoka<br \/>\nAnanas, kokos i mieszanka owoc\u00f3w i brzoskwinia cytrynowa<br \/>\nPodw\u00f3jne jab\u0142ko i truskawka, banan i malina, arbuz<br \/>\nArbuz L\u00f3d &amp; Red Bull &amp; Truskawka Kiwi<br \/>\nLody Jagodowe i Truskawka Arbuz i Limonka Cytrynowa<br \/>\nBrzoskwiniowe jagody i potr\u00f3jny l\u00f3d melonowo-arbuzowy<\/p>\n<h3>Dlaczego warto wybra\u0107 FIHP 90000 \u201e3 w 1 90 tys.\u201d?<\/h3>\n<ul>\n<li>\ud83d\ude80 Ekstremalna pojemno\u015b\u0107 90 000 zaci\u0105gni\u0119\u0107 zmniejsza cz\u0119stotliwo\u015b\u0107 wymiany<\/li>\n<li>\ud83c\udf53 Potr\u00f3jna zmiana smaku dla wi\u0119kszej r\u00f3\u017cnorodno\u015bci<\/li>\n<li>\ud83d\udca8 Podw\u00f3jna cewka siatkowa zapewniaj\u0105ca masywne chmury i bogaty smak<\/li>\n<li>\ud83d\udd0b Akumulator z monitorowaniem stanu na\u0142adowania akumulatora LED<\/li>\n<li>\u26a1 Wygoda szybkiego \u0142adowania typu C<\/li>\n<li>\ud83d\udce6 Opakowanie hurtowe 10 szt.\/pude\u0142ko<\/li>\n<li>\ud83c\udfea Idealny dla sklep\u00f3w z waporyzatorami, dystrybutor\u00f3w i odbiorc\u00f3w hurtowych<\/li>\n<\/ul>\n<p><strong>Jednorazowy waporyzator 3 w 1 FIHP 90000<\/strong> jest przeznaczony dla intensywnych u\u017cytkownik\u00f3w, poszukiwaczy smaku i dystrybutor\u00f3w hurtowych poszukuj\u0105cych urz\u0105dze\u0144 o du\u017cej pojemno\u015bci i najwy\u017cszej wydajno\u015bci. Dzi\u0119ki innowacyjnym potr\u00f3jnym smakom, ogromnej wydajno\u015bci zaci\u0105gni\u0119cia i inteligentnemu sterowaniu LED jest pot\u0119\u017cnym dodatkiem do ka\u017cdego asortymentu sklepu z waporyzatorami lub portfolio dystrybucji na du\u017c\u0105 skal\u0119.<\/p>\n<h3>Cz\u0119sto zadawane pytania dotycz\u0105ce FIHP 90 tys.<\/h3>\n<p><strong>Pyt. 1: Jak d\u0142ugo wytrzymuje FIHP 90000?<\/strong><br \/>\nOdp.: Zapewnia do 90 000 zaci\u0105gni\u0119\u0107, w zale\u017cno\u015bci od nawyk\u00f3w u\u017cytkowania, znacznie zmniejszaj\u0105c cz\u0119stotliwo\u015b\u0107 wymiany.<\/p>\n<p><strong>Pyt. 2: Czy urz\u0105dzenie mo\u017cna \u0142adowa\u0107?<\/strong><br \/>\nOdp.: Tak, jest wyposa\u017cony w akumulator 650 mAh z szybkim \u0142adowaniem typu C.<\/p>\n<p><strong>Pyt. 3: Czy u\u017cytkownicy mog\u0105 prze\u0142\u0105cza\u0107 si\u0119 mi\u0119dzy smakami?<\/strong><br \/>\nOdp.: Tak, system 3 w 1 integruje trzy smaki w jednym urz\u0105dzeniu, zapewniaj\u0105c dynamiczne wra\u017cenia z wapowania.<\/p>\n<p><strong>Pyt. 4: Jakie moce nikotyny s\u0105 dost\u0119pne?<\/strong><br \/>\nOdp.: Jest dost\u0119pny w wersjach z 2% i 5% nikotyn\u0105.<\/p>\n<p><strong>Pyt. 5: Czy to nadaje si\u0119 do sprzeda\u017cy hurtowej?<\/strong><br \/>\nO: Absolutnie. Jest dost\u0119pny w opakowaniach po 10 sztuk w pude\u0142ku, dzi\u0119ki czemu idealnie nadaje si\u0119 do sklep\u00f3w z waporyzatorami i dystrybucji hurtowej.<\/p>\n","protected":false},"excerpt":{"rendered":"<p><strong>Jednorazowy waporyzator 3 w 1 FIHP 90000<\/strong> zapewnia do 90 000 zaci\u0105gni\u0119\u0107 w trzech smakach, 42 ml e-p\u0142ynu, ekran LED i akumulator, podw\u00f3jna cewka siatkowa, masywne chmury, gotowe opakowanie hurtowe.<\/p>\n","protected":false},"featured_media":7020,"comment_status":"open","ping_status":"closed","template":"","meta":[],"product_brand":[],"product_cat":[1873],"product_tag":[1426,1506,1043,1468,782,627,1542,2188,464,1385],"class_list":{"0":"post-11394","1":"product","2":"type-product","3":"status-publish","4":"has-post-thumbnail","6":"product_cat-fihp","7":"product_tag-90-000-zaciagniec-vape","8":"product_tag-fihp-90000","9":"product_tag-hurtowy-dostawca-vape","10":"product_tag-jednorazowy-waporyzator-90-tys","11":"product_tag-jednorazowy-waporyzator-masowy","12":"product_tag-jednorazowy-waporyzator-wielokrotnego-adowania","13":"product_tag-jednorazowy-waporyzator-z-ekranem-led","14":"product_tag-vape-o-potrojnym-smaku","15":"product_tag-vape-z-podwojna-cewka-siatkowa","16":"product_tag-waporyzator-3-w-1","18":"first","19":"instock","20":"shipping-taxable","21":"purchasable","22":"product-type-variable","23":"has-default-attributes"},"tiered_pricing_type":"fixed","tiered_pricing_fixed_rules":{"30":9.589999999999999857891452847979962825775146484375,"50":7.910000000000000142108547152020037174224853515625,"100":7.38999999999999968025576890795491635799407958984375,"200":6.7400000000000002131628207280300557613372802734375,"400":6.21999999999999975131004248396493494510650634765625},"tiered_pricing_product_settings":{"layout":"default","base_unit_name":{"singular":null,"plural":null},"default_variation":null},"tiered_pricing_minimum_quantity":10,"tiered_pricing_roles_data":[],"tiered_pricing_percentage_rules":[],"tiered_pricing_maximum_quantity":null,"tiered_pricing_quantity_step":"10","_links":{"self":[{"href":"https:\/\/stage.jrfer.com\/pl\/wp-json\/wp\/v2\/product\/11394","targetHints":{"allow":["GET"]}}],"collection":[{"href":"https:\/\/stage.jrfer.com\/pl\/wp-json\/wp\/v2\/product"}],"about":[{"href":"https:\/\/stage.jrfer.com\/pl\/wp-json\/wp\/v2\/types\/product"}],"replies":[{"embeddable":true,"href":"https:\/\/stage.jrfer.com\/pl\/wp-json\/wp\/v2\/comments?post=11394"}],"wp:featuredmedia":[{"embeddable":true,"href":"https:\/\/stage.jrfer.com\/pl\/wp-json\/wp\/v2\/media\/7020"}],"wp:attachment":[{"href":"https:\/\/stage.jrfer.com\/pl\/wp-json\/wp\/v2\/media?parent=11394"}],"wp:term":[{"taxonomy":"product_brand","embeddable":true,"href":"https:\/\/stage.jrfer.com\/pl\/wp-json\/wp\/v2\/product_brand?post=11394"},{"taxonomy":"product_cat","embeddable":true,"href":"https:\/\/stage.jrfer.com\/pl\/wp-json\/wp\/v2\/product_cat?post=11394"},{"taxonomy":"product_tag","embeddable":true,"href":"https:\/\/stage.jrfer.com\/pl\/wp-json\/wp\/v2\/product_tag?post=11394"}],"curies":[{"name":"wp","href":"https:\/\/api.w.org\/{rel}","templated":true}]}}