{"id":12291,"date":"2025-07-07T09:28:39","date_gmt":"2025-07-07T09:28:39","guid":{"rendered":"https:\/\/stage.jrfer.com\/product\/mrvi-twins-32k-2-w-1-32-000-zaciagniec-dwusmakowy-jednorazowy-waporyzator-luzem\/"},"modified":"2026-04-07T03:20:36","modified_gmt":"2026-04-07T03:20:36","slug":"mrvi-twins-32k","status":"publish","type":"product","link":"https:\/\/stage.jrfer.com\/pl\/produkt\/mrvi-twins-32k\/","title":{"rendered":"MRVI Twins 32K 2 w 1 32 000 zaci\u0105gni\u0119\u0107 | Dwusmakowy, jednorazowy waporyzator luzem"},"content":{"rendered":"<h2>Dlaczego warto wybra\u0107 urz\u0105dzenie 2 w 1 MRVI Twins 32K?<\/h2>\n<ul>\n<li><strong>32 000 zaci\u0105gni\u0119\u0107:<\/strong> ogromna liczba zaci\u0105gni\u0119\u0107 zapewniaj\u0105ca d\u0142ugotrwa\u0142\u0105 przyjemno\u015b\u0107 \ud83d\udd25<\/li>\n<li><strong>Podw\u00f3jne komory smakowe:<\/strong> prze\u0142\u0105czaj si\u0119 mi\u0119dzy dwoma ekscytuj\u0105cymi smakami w dowolnym momencie \ud83c\udf08<\/li>\n<li><strong>Pojemno\u015b\u0107 e-liquidu 40 ml:<\/strong> D\u0142u\u017csze u\u017cytkowanie bez cz\u0119stych uzupe\u0142nie\u0144 \ud83d\udca7<\/li>\n<li><strong>Szybkie \u0142adowanie typu C:<\/strong> szybkie i wydajne do\u0142adowania \u26a1<\/li>\n<li><strong>Krystalicznie przejrzysty projekt:<\/strong> stylowy wygl\u0105d dzi\u0119ki inteligentnemu wy\u015bwietlaczowi \ud83d\udda5\ufe0f<\/li>\n<li><strong>Podw\u00f3jna cewka siatkowa:<\/strong> G\u0142adka, sp\u00f3jna i aromatyczna para przy ka\u017cdym zaci\u0105gni\u0119ciu \ud83d\ude0b<\/li>\n<li><strong>Wszechstronny:<\/strong> idealny do u\u017cytku osobistego, sklep\u00f3w z waporyzatorami i dostaw hurtowych \ud83c\udfea<\/li>\n<\/ul>\n<h3>Specyfikacje<\/h3>\n<tr>\n<td><strong>Wydajno\u015b\u0107 zaci\u0105gni\u0119cia:<\/strong><\/td>\n<td>32 000 zaci\u0105gni\u0119\u0107<\/td>\n<\/tr>\n<tr>\n<td><strong>Pojemno\u015b\u0107 e-p\u0142ynu:<\/strong><\/td>\n<td>40 ml<\/td>\n<\/tr>\n<tr>\n<td><strong>Bateria:<\/strong><\/td>\n<td>650 mAh, akumulator typu C<\/td>\n<\/tr>\n<tr>\n<td><strong>Komory Smaku:<\/strong><\/td>\n<td>System podw\u00f3jnego smaku 2 w 1<\/td>\n<\/tr>\n<tr>\n<td><strong>Typ cewki:<\/strong><\/td>\n<td>Podw\u00f3jna cewka siatkowa<\/td>\n<\/tr>\n<tr>\n<td><strong>Projekt:<\/strong><\/td>\n<td>Krystalicznie czysta obudowa z inteligentnym ekranem<\/td>\n<\/tr>\n<\/tbody>\n<h3>Wyb\u00f3r smaku<\/h3>\n<p>MRVI Twins 32K 2 w 1 oferuje unikalne kombinacje dw\u00f3ch smak\u00f3w zapewniaj\u0105ce ekscytuj\u0105ce wra\u017cenia z wapowania:<\/p>\n<ul>\n<li><strong>Banan Ice &amp; Strawberry Kiwi:<\/strong> S\u0142odki tropikalny banan z orze\u017awiaj\u0105cym kiwi \ud83c\udf4c\ud83e\udd5d<\/li>\n<li><strong>Mango Slushie &amp; Orange Creamsicle:<\/strong> Tropikalne mango spotyka si\u0119 z kremowymi cytrusami \ud83e\udd6d\ud83c\udf4a<\/li>\n<li><strong>Peach Ice &amp; Red Bull:<\/strong> Soczysta brzoskwinia z zastrzykiem energii \ud83c\udf51\u26a1<\/li>\n<li><strong>L\u00f3d jagodowy i l\u00f3d z czerwonych jab\u0142ek:<\/strong> Chrupi\u0105ce jab\u0142ko i ch\u0142odna jagoda \ud83c\udf4e\ud83e\uded0<\/li>\n<li><strong>Lush Ice &amp; Mixed Berry:<\/strong> Klasyczny lodowaty arbuz zmieszany z mieszank\u0105 jag\u00f3d \ud83c\udf49\ud83c\udf53<\/li>\n<li><strong>Strawberry Ice &amp; Rainbow Drop:<\/strong> Eksplozja s\u0142odkich cukierk\u00f3w truskawkowych \ud83c\udf6c\ud83c\udf53<\/li>\n<li><strong>Fizzy Cherry &amp; Blue Razz Ice:<\/strong> Pikantny nap\u00f3j gazowany wi\u015bniowy z lodowatym b\u0142\u0119kitem Razz \ud83c\udf52\u2744\ufe0f<\/li>\n<li><strong>Truskawkowy Arbuz i Winogrona \u017burawinowe:<\/strong> Soczysta fuzja owocowa z cierpk\u0105 nut\u0105 \ud83c\udf47\ud83c\udf49<\/li>\n<li><strong>Triple Melon &amp; Ice Pop:<\/strong> Sk\u0142adanka melon\u00f3w z klimatem mro\u017conego pocz\u0119stunku \ud83c\udf48\ud83c\udf67<\/li>\n<li><strong>L\u00f3d ananasowy i l\u00f3d winogronowy:<\/strong> Egzotyczny ananas spotyka si\u0119 ze sch\u0142odzonymi winogronami \ud83c\udf4d\ud83c\udf47<\/li>\n<\/ul>\n<h3>Idealny dla intensywnych u\u017cytkownik\u00f3w i odbiorc\u00f3w hurtowych<\/h3>\n<p>MRVI Twins 32K 2 w 1 zosta\u0142 stworzony dla mi\u0142o\u015bnik\u00f3w smaku, intensywnych u\u017cytkownik\u00f3w i sklep\u00f3w z waporyzacj\u0105, kt\u00f3re chc\u0105 wyj\u0105tkowego produktu. Dzi\u0119ki systemowi podw\u00f3jnego smaku i ogromnej pojemno\u015bci zaci\u0105gni\u0119cia jest r\u00f3wnie\u017c idealny do masowej dystrybucji hurtowej. \ud83c\udfec<\/p>\n<h3>Cz\u0119sto zadawane pytania<\/h3>\n<ul>\n<li><strong>Ile zaci\u0105gni\u0119\u0107 zapewnia?<\/strong><br \/>\nDo 32 000 zaci\u0105gni\u0119\u0107 na urz\u0105dzenie, co czyni go jednym z najtrwalszych dost\u0119pnych na rynku waporyzator\u00f3w.<\/li>\n<li><strong>Czy mog\u0119 go na\u0142adowa\u0107?<\/strong><br \/>\nTak! Dla wygody jest wyposa\u017cony w szybkie \u0142adowanie typu C.<\/li>\n<li><strong>Czy ma dwa smaki?<\/strong><br \/>\nTak, ka\u017cde urz\u0105dzenie zawiera dwie wersje, kt\u00f3rymi mo\u017cesz si\u0119 cieszy\u0107 bez zmiany urz\u0105dzenia.<\/li>\n<li><strong>Czy to dobre dla sprzeda\u017cy hurtowej?<\/strong><br \/>\nAbsolutnie. Zaprojektowany z my\u015bl\u0105 o dystrybutorach i sklepach z waporyzatorami, jest bestsellerem przy zam\u00f3wieniach masowych.<\/li>\n<\/ul>\n","protected":false},"excerpt":{"rendered":"<p>Poczuj moc 32 000 zaci\u0105gni\u0119\u0107 dzi\u0119ki jednorazowemu waporyzatorowi MRVI Twins 32K 2 w 1. Dzi\u0119ki dw\u00f3m komorom smakowym w jednym urz\u0105dzeniu jest to idealny wyb\u00f3r dla sklep\u00f3w z waporyzatorami, dystrybutor\u00f3w i intensywnych u\u017cytkownik\u00f3w poszukuj\u0105cych jako\u015bci i r\u00f3\u017cnorodno\u015bci. \ud83d\ude80<\/p>\n","protected":false},"featured_media":3869,"comment_status":"open","ping_status":"closed","template":"","meta":[],"product_brand":[],"product_cat":[1719],"product_tag":[],"class_list":{"0":"post-12291","1":"product","2":"type-product","3":"status-publish","4":"has-post-thumbnail","6":"product_cat-mrvi","8":"first","9":"instock","10":"shipping-taxable","11":"purchasable","12":"product-type-variable","13":"has-default-attributes"},"tiered_pricing_type":"fixed","tiered_pricing_fixed_rules":{"100":5.61000000000000031974423109204508364200592041015625,"200":5.2400000000000002131628207280300557613372802734375,"400":4.80999999999999960920149533194489777088165283203125},"tiered_pricing_product_settings":{"layout":"default","base_unit_name":{"singular":null,"plural":null},"default_variation":null},"tiered_pricing_minimum_quantity":50,"tiered_pricing_roles_data":[],"tiered_pricing_percentage_rules":[],"tiered_pricing_maximum_quantity":null,"tiered_pricing_quantity_step":"10","_links":{"self":[{"href":"https:\/\/stage.jrfer.com\/pl\/wp-json\/wp\/v2\/product\/12291","targetHints":{"allow":["GET"]}}],"collection":[{"href":"https:\/\/stage.jrfer.com\/pl\/wp-json\/wp\/v2\/product"}],"about":[{"href":"https:\/\/stage.jrfer.com\/pl\/wp-json\/wp\/v2\/types\/product"}],"replies":[{"embeddable":true,"href":"https:\/\/stage.jrfer.com\/pl\/wp-json\/wp\/v2\/comments?post=12291"}],"wp:featuredmedia":[{"embeddable":true,"href":"https:\/\/stage.jrfer.com\/pl\/wp-json\/wp\/v2\/media\/3869"}],"wp:attachment":[{"href":"https:\/\/stage.jrfer.com\/pl\/wp-json\/wp\/v2\/media?parent=12291"}],"wp:term":[{"taxonomy":"product_brand","embeddable":true,"href":"https:\/\/stage.jrfer.com\/pl\/wp-json\/wp\/v2\/product_brand?post=12291"},{"taxonomy":"product_cat","embeddable":true,"href":"https:\/\/stage.jrfer.com\/pl\/wp-json\/wp\/v2\/product_cat?post=12291"},{"taxonomy":"product_tag","embeddable":true,"href":"https:\/\/stage.jrfer.com\/pl\/wp-json\/wp\/v2\/product_tag?post=12291"}],"curies":[{"name":"wp","href":"https:\/\/api.w.org\/{rel}","templated":true}]}}