{"id":13425,"date":"2026-03-12T04:24:35","date_gmt":"2026-03-12T04:24:35","guid":{"rendered":"https:\/\/stage.jrfer.com\/product\/bang-box-160k-4-w-1-160-000-zaciagniec-poczworny-smak-cewka-siatkowa-10-%cf%89-wyswietlacz-lcd-0-5-nikotyny-jednorazowy-waporyzator-luzem-z-mozliwoscia-ponownego-ladowania\/"},"modified":"2026-04-07T08:53:51","modified_gmt":"2026-04-07T08:53:51","slug":"bang-box-160k-4-in-1-160000-puffs-quad-flavor-1-0%cf%89-mesh-coil-lcd-display-0-5-nicotine-rechargeable-bulk-disposable-vape","status":"publish","type":"product","link":"https:\/\/stage.jrfer.com\/pl\/produkt\/bang-box-160k-4-in-1-160000-puffs-quad-flavor-1-0%cf%89-mesh-coil-lcd-display-0-5-nicotine-rechargeable-bulk-disposable-vape\/","title":{"rendered":"Bang Box 160K | 4 w 1 160 000 zaci\u0105gni\u0119\u0107, poczw\u00f3rny smak, cewka siatkowa 1,0 \u03a9, wy\u015bwietlacz LCD, 0% -5% nikotyny, jednorazowy waporyzator luzem z mo\u017cliwo\u015bci\u0105 ponownego \u0142adowania"},"content":{"rendered":"<h3>\ud83d\udd25 Przegl\u0105d jednorazowego waporyzatora 4 w 1 Bang Box 160 tys.<\/h3>\n<p>Poznaj <strong>Jednorazowy Vape 4 w 1 Bang Box 160K<\/strong> \u2014 pot\u0119\u017cne urz\u0105dzenie zaprojektowane z my\u015bl\u0105 o ekstremalnej trwa\u0142o\u015bci, odwa\u017cnym smaku i atrakcyjno\u015bci komercyjnej. Zaprojektowany z <strong>czterema smakami w jednym urz\u0105dzeniu<\/strong>, ten jednorazowy pojemnik o du\u017cej pojemno\u015bci zapewnia do <strong>160 000 zaci\u0105gni\u0119\u0107<\/strong> przy p\u0142ynnym wydawaniu i sta\u0142ej produkcji pary.<\/p>\n<p>Wyposa\u017cony w <strong>cewk\u0119 siatkow\u0105 1,0 \u03a9<\/strong>, <strong>wy\u015bwietlacz LCD<\/strong> i <strong>akumulator typu C 650 mAh<\/strong>, Bang Box 160K \u0142\u0105czy w sobie najnowocze\u015bniejsz\u0105 technologi\u0119 z wszechstronno\u015bci\u0105 smaku. Idealny dla intensywnych u\u017cytkownik\u00f3w, sklep\u00f3w z waporyzatorami, dystrybutor\u00f3w i odbiorc\u00f3w hurtowych poszukuj\u0105cych produktu premium o wysokiej mar\u017cy. \ud83d\udca8\u26a1<\/p>\n<h3>\u2699\ufe0f Dane techniczne urz\u0105dzenia \u201e4 w 1\u201d Bang Box 160K<\/h3>\n<tr>\n<td><strong>Nazwa urz\u0105dzenia<\/strong><\/td>\n<td>Jednorazowy Vape 4 w 1 Bang Box 160 tys.<\/td>\n<\/tr>\n<tr>\n<td><strong>Liczba zaci\u0105gni\u0119\u0107<\/strong><\/td>\n<td>Do 160 000 zaci\u0105gni\u0119\u0107<\/td>\n<\/tr>\n<tr>\n<td><strong>System smakowy<\/strong><\/td>\n<td>4 smaki w 1 urz\u0105dzeniu<\/td>\n<\/tr>\n<tr>\n<td><strong>Si\u0142a nikotyny<\/strong><\/td>\n<td>0% \/ 2% \/ 3% \/ 5%<\/td>\n<\/tr>\n<tr>\n<td><strong>Pojemno\u015b\u0107 baterii<\/strong><\/td>\n<td>Akumulator 650 mAh<\/td>\n<\/tr>\n<tr>\n<td><strong>Port \u0142adowania<\/strong><\/td>\n<td>Typ C<\/td>\n<\/tr>\n<tr>\n<td><strong>Typ cewki<\/strong><\/td>\n<td>Cewka siatkowa 1,0 \u03a9<\/td>\n<\/tr>\n<tr>\n<td><strong>Wy\u015bwietlacz<\/strong><\/td>\n<td>Ekran LCD<\/td>\n<\/tr>\n<tr>\n<td><strong>Opcje smakowe<\/strong><\/td>\n<td>10 wersji czterosmakowych<\/td>\n<\/tr>\n<\/tbody>\n<h3>\ud83c\udf53 Bang Box 160 tys. zestaw\u00f3w smakowych 4 w 1 (edycje 4 w 1)<\/h3>\n<tr>\n<td><strong>Wydanie<\/strong><\/td>\n<td><strong>Smak 1<\/strong><\/td>\n<td><strong>Smak 2<\/strong><\/td>\n<td><strong>Smak 3<\/strong><\/td>\n<td><strong>Smak 4<\/strong><\/td>\n<\/tr>\n<tr>\n<td>01<\/td>\n<td>Wi\u015bnia \u017burawina<\/td>\n<td>Potr\u00f3jna jagoda<\/td>\n<td>Pitaja truskawkowa<\/td>\n<td>Arbuzowa guma balonowa<\/td>\n<\/tr>\n<tr>\n<td>02<\/td>\n<td>L\u00f3d winogronowy<\/td>\n<td>L\u00f3d liczi<\/td>\n<td>Jagoda brzoskwiniowa<\/td>\n<td>Kiwi, marakuja, gujawa<\/td>\n<\/tr>\n<tr>\n<td>03<\/td>\n<td>Cytryna Limonka<\/td>\n<td>L\u00f3d truskawkowy<\/td>\n<td>Arbuz malinowy<\/td>\n<td>Mango Brzoskwinia<\/td>\n<\/tr>\n<tr>\n<td>04<\/td>\n<td>Cytryna Limonka<\/td>\n<td>L\u00f3d arbuzowy<\/td>\n<td>Truskawka z czarnego lodu i smoka<\/td>\n<td>Kocham66<\/td>\n<\/tr>\n<tr>\n<td>05<\/td>\n<td>Truskawkowy Arbuz<\/td>\n<td>R\u00f3\u017cowa lemoniada<\/td>\n<td>Potr\u00f3jna spadziowa<\/td>\n<td>L\u00f3d Czarnego Smoka<\/td>\n<\/tr>\n<tr>\n<td>06<\/td>\n<td>Kwa\u015bny Ananas Mango<\/td>\n<td>Napoj gazowany cytrynowo-cola<\/td>\n<td>Jagoda brzoskwiniowa<\/td>\n<td>Truskawkowy Banan<\/td>\n<\/tr>\n<tr>\n<td>07<\/td>\n<td>Truskawkowe Mango<\/td>\n<td>Cola truskawkowo-waniliowa<\/td>\n<td>Niebieski l\u00f3d Razz<\/td>\n<td>Truskawkowy Kiwi<\/td>\n<\/tr>\n<tr>\n<td>08<\/td>\n<td>Truskawkowy Arbuz<\/td>\n<td>Red Bullaaaa<\/td>\n<td>Soczysty l\u00f3d brzoskwiniowy<\/td>\n<td>Orze\u017awiaj\u0105cy grejpfrut<\/td>\n<\/tr>\n<tr>\n<td>09<\/td>\n<td>Waniliowa Cola<\/td>\n<td>Cytrynowo-brzoskwiniowa<\/td>\n<td>L\u00f3d truskawkowo-malinowo-wi\u015bniowy<\/td>\n<td>L\u00f3d winogronowy<\/td>\n<\/tr>\n<tr>\n<td>10<\/td>\n<td>L\u00f3d arbuzowy<\/td>\n<td>Truskawkowe Mango<\/td>\n<td>L\u00f3d jagodowy<\/td>\n<td>Gazowana Wi\u015bnia<\/td>\n<\/tr>\n<\/tbody>\n<h3>\ud83d\udc8e Dlaczego warto wybra\u0107 Bang Box 160K?<\/h3>\n<ul>\n<li>\ud83d\udd25 Ogromna <strong>160 000 zaci\u0105gni\u0119\u0107<\/strong> do d\u0142ugotrwa\u0142ego u\u017cytkowania<\/li>\n<li>\ud83c\udfaf Mo\u017cliwo\u015b\u0107 prze\u0142\u0105czania wielu smak\u00f3w 4 w 1 dla maksymalnej r\u00f3\u017cnorodno\u015bci<\/li>\n<li>\u26a1 Akumulator 650 mAh z szybkim \u0142adowaniem typu C<\/li>\n<li>\ud83d\udcca Inteligentny wy\u015bwietlacz LCD do monitorowania baterii i zu\u017cycia<\/li>\n<li>\ud83d\udca8 Cewka siatkowa 1,0 \u03a9 zapewniaj\u0105ca p\u0142ynn\u0105 i g\u0119st\u0105 produkcj\u0119 pary<\/li>\n<li>\ud83d\udce6 Idealny do dystrybucji hurtowej i sprzeda\u017cy detalicznej z wysok\u0105 mar\u017c\u0105<\/li>\n<li>\ud83c\udf0d Wiele opcji nikotynowych dostosowanych do zapotrzebowania rynku<\/li>\n<\/ul>\n<h3>\ud83d\ude80 Idealny dla odbiorc\u00f3w detalicznych i hurtowych<\/h3>\n<p>Bang Box 160K zosta\u0142 stworzony dla <strong>intensywnych u\u017cytkownik\u00f3w<\/strong>, kt\u00f3rzy wymagaj\u0105 wytrzyma\u0142o\u015bci, <strong>pogoni za smakiem<\/strong>, kt\u00f3rzy pragn\u0105 r\u00f3\u017cnorodno\u015bci, oraz dla <strong>sklep\u00f3w i dystrybutor\u00f3w vape<\/strong> poszukuj\u0105cych urz\u0105dzenia premium o du\u017cej pojemno\u015bci, kt\u00f3re wyr\u00f3\u017cnia si\u0119 na p\u00f3\u0142kach. System czterech smak\u00f3w, d\u0142uga \u017cywotno\u015b\u0107 i nowoczesny wy\u015bwietlacz LCD sprawiaj\u0105, \u017ce jest to pot\u0119\u017cny dodatek do wszelkich zapas\u00f3w masowych.<\/p>\n<p>Je\u015bli kierujesz swoj\u0105 ofert\u0119 do klient\u00f3w korzystaj\u0105cych z du\u017cej liczby jednorazowych waporyzator\u00f3w lub poszerzasz sw\u00f3j katalog hurtowy o urz\u0105dzenie wy\u017cszego poziomu, Bang Box 160K 4 w 1 zaprojektowano z my\u015bl\u0105 o zwi\u0119kszeniu powtarzalnej sprzeda\u017cy i wysokich mar\u017cach zysku. \ud83d\udcbc\ud83d\udca8<\/p>\n<h3>\u2753 Cz\u0119sto zadawane pytania<\/h3>\n<p><strong>Pyt. 1: Jak d\u0142ugo wytrzymuje Bang Box 160K?<\/strong><br \/>\nZapewnia do 160 000 zaci\u0105gni\u0119\u0107, w zale\u017cno\u015bci od nawyk\u00f3w u\u017cytkowania i wybranej mocy nikotyny.<\/p>\n<p><strong>Pyt. 2: Czy urz\u0105dzenie mo\u017cna \u0142adowa\u0107?<\/strong><br \/>\nTak. Jest wyposa\u017cony w akumulator o pojemno\u015bci 650 mAh z mo\u017cliwo\u015bci\u0105 \u0142adowania typu C.<\/p>\n<p><strong>Pyt. 3: Czy u\u017cytkownicy mog\u0105 prze\u0142\u0105cza\u0107 si\u0119 mi\u0119dzy smakami?<\/strong><br \/>\nTak. Ka\u017cde urz\u0105dzenie zawiera cztery zintegrowane smaki w jednym urz\u0105dzeniu.<\/p>\n<p><strong>Pyt. 4: Jakie moce nikotyny s\u0105 dost\u0119pne?<\/strong><br \/>\nDost\u0119pne w wersjach 0%, 2%, 3% i 5% nikotyny.<\/p>\n<p><strong>Pyt. 5: Czy nadaje si\u0119 to do zam\u00f3wie\u0144 hurtowych?<\/strong><br \/>\nAbsolutnie. Bang Box 160K jest przeznaczony dla odbiorc\u00f3w hurtowych, dystrybutor\u00f3w i sprzedawc\u00f3w e-papieros\u00f3w poszukuj\u0105cych urz\u0105dze\u0144 jednorazowych o du\u017cej pojemno\u015bci i du\u017cym popycie.<\/p>\n","protected":false},"excerpt":{"rendered":"<p>Jednorazowy waporyzator 4 w 1 Bang Box 160K zapewnia 160 000 zaci\u0105gni\u0119\u0107, cztery smaki, moc cewki siatkowej i wygod\u0119 \u0142adowania dla odbiorc\u00f3w detalicznych i hurtowych.<\/p>\n","protected":false},"featured_media":6994,"comment_status":"open","ping_status":"closed","template":"","meta":[],"product_brand":[],"product_cat":[668,348,422],"product_tag":[1189,2196,1252,1221],"class_list":{"0":"post-13425","1":"product","2":"type-product","3":"status-publish","4":"has-post-thumbnail","6":"product_cat-16000-puffow-jednorazowy-vape","7":"product_cat-bang","8":"product_cat-jednorazowy-waporyzator-o-pojemnosci-15000-zaciagniec","9":"product_tag-jednorazowy-waporyzator-o-pojemnosci-160-000-zaciagniec","10":"product_tag-jednorazowy-waporyzator-wielokrotnego-ladowania-do-sprzedazy-hurtowej","11":"product_tag-vape-z-cewka-siatkowa-o-duzej-pojemnosci","12":"product_tag-waporyzator-smakowy-4-w-1","14":"first","15":"instock","16":"shipping-taxable","17":"purchasable","18":"product-type-variable","19":"has-default-attributes"},"tiered_pricing_type":"fixed","tiered_pricing_fixed_rules":{"30":9.4000000000000003552713678800500929355621337890625,"50":7.839999999999999857891452847979962825775146484375,"100":7.32000000000000028421709430404007434844970703125,"200":6.79999999999999982236431605997495353221893310546875,"400":6.160000000000000142108547152020037174224853515625},"tiered_pricing_product_settings":{"layout":"default","base_unit_name":{"singular":null,"plural":null},"default_variation":null},"tiered_pricing_minimum_quantity":10,"tiered_pricing_roles_data":[],"tiered_pricing_percentage_rules":[],"tiered_pricing_maximum_quantity":null,"tiered_pricing_quantity_step":"10","_links":{"self":[{"href":"https:\/\/stage.jrfer.com\/pl\/wp-json\/wp\/v2\/product\/13425","targetHints":{"allow":["GET"]}}],"collection":[{"href":"https:\/\/stage.jrfer.com\/pl\/wp-json\/wp\/v2\/product"}],"about":[{"href":"https:\/\/stage.jrfer.com\/pl\/wp-json\/wp\/v2\/types\/product"}],"replies":[{"embeddable":true,"href":"https:\/\/stage.jrfer.com\/pl\/wp-json\/wp\/v2\/comments?post=13425"}],"wp:featuredmedia":[{"embeddable":true,"href":"https:\/\/stage.jrfer.com\/pl\/wp-json\/wp\/v2\/media\/6994"}],"wp:attachment":[{"href":"https:\/\/stage.jrfer.com\/pl\/wp-json\/wp\/v2\/media?parent=13425"}],"wp:term":[{"taxonomy":"product_brand","embeddable":true,"href":"https:\/\/stage.jrfer.com\/pl\/wp-json\/wp\/v2\/product_brand?post=13425"},{"taxonomy":"product_cat","embeddable":true,"href":"https:\/\/stage.jrfer.com\/pl\/wp-json\/wp\/v2\/product_cat?post=13425"},{"taxonomy":"product_tag","embeddable":true,"href":"https:\/\/stage.jrfer.com\/pl\/wp-json\/wp\/v2\/product_tag?post=13425"}],"curies":[{"name":"wp","href":"https:\/\/api.w.org\/{rel}","templated":true}]}}