{"id":13644,"date":"2025-07-07T09:28:39","date_gmt":"2025-07-07T09:28:39","guid":{"rendered":"https:\/\/stage.jrfer.com\/product\/mrvi-wzrost-60k-3t-spin-60000-zaciagniec-jednorazowy-waporyzator-o-potrojnym-smaku\/"},"modified":"2026-04-07T12:36:18","modified_gmt":"2026-04-07T12:36:18","slug":"mrvi-growing-60k","status":"publish","type":"product","link":"https:\/\/stage.jrfer.com\/pl\/produkt\/mrvi-growing-60k\/","title":{"rendered":"MRVI WZROST 60K 3T SPIN 60000 Zaci\u0105gni\u0119\u0107 | Jednorazowy waporyzator o potr\u00f3jnym smaku"},"content":{"rendered":"<h2>Dlaczego warto wybra\u0107 MRVI Growing 60K 3T SPIN?<\/h2>\n<ul>\n<li><strong>Ogromna liczba zaci\u0105gni\u0119\u0107:<\/strong> Uzyskaj do 60 000 zaci\u0105gni\u0119\u0107, zapewniaj\u0105c d\u0142ugotrwa\u0142\u0105 satysfakcj\u0119 bez konieczno\u015bci cz\u0119stej wymiany.<\/li>\n<li><strong>Potr\u00f3jna doskona\u0142o\u015b\u0107 smaku:<\/strong> Ciesz si\u0119 r\u00f3\u017cnorodno\u015bci\u0105 \u017cywych i pysznych smak\u00f3w w ka\u017cdym zaci\u0105gni\u0119ciu, oferuj\u0105c co\u015b dla ka\u017cdego gustu.<\/li>\n<li><strong>Podw\u00f3jna cewka siatkowa:<\/strong> Ulepszona technologia cewek zapewnia p\u0142ynniejsz\u0105, bogatsz\u0105 produkcj\u0119 pary i sta\u0142\u0105 wydajno\u015b\u0107.<\/li>\n<li><strong>Akumulator typu C:<\/strong> \u0141atwe \u0142adowanie za pomoc\u0105 portu typu C gwarantuje, \u017ce zawsze b\u0119dziesz gotowy do pracy przy minimalnych przestojach.<\/li>\n<li><strong>Inteligentny wy\u015bwietlacz:<\/strong> Inteligentny ekran zasilania i e-liquidu umo\u017cliwia \u0142atwe monitorowanie wydajno\u015bci i poziomu p\u0142yn\u00f3w w waporyzatorze.<\/li>\n<li><strong>Krystalicznie przejrzysty projekt:<\/strong> przezroczysty korpus pozwala sprawdzi\u0107 stan e-p\u0142ynu i baterii, dodaj\u0105c stylu i funkcjonalno\u015bci.<\/li>\n<\/ul>\n<h3>Specyfikacje<\/h3>\n<table border=\"1\" cellpadding=\"10\">\n<tr>\n<th>Funkcja<\/th>\n<th>Szczeg\u00f3\u0142y<\/th>\n<\/tr>\n<tr>\n<td>Pojemno\u015b\u0107 zaci\u0105gni\u0119cia<\/td>\n<td>60 000 zaci\u0105gni\u0119\u0107<\/td>\n<\/tr>\n<tr>\n<td>Pojemno\u015b\u0107 e-p\u0142ynu<\/td>\n<td>48 ml<\/td>\n<\/tr>\n<tr>\n<td>Bateria<\/td>\n<td>650 mAh, akumulator typu C<\/td>\n<\/tr>\n<tr>\n<td>Typ cewki<\/td>\n<td>Podw\u00f3jna cewka siatkowa<\/td>\n<\/tr>\n<tr>\n<td>Opcje nikotynowe<\/td>\n<td>2%, 5%<\/td>\n<\/tr>\n<tr>\n<td>Wy\u015bwietlacz<\/td>\n<td>Inteligentny ekran zasilania i e-liquidu<\/td>\n<\/tr>\n<tr>\n<td>Projekt<\/td>\n<td>Kryszta\u0142owo przezroczysty korpus<\/td>\n<\/tr>\n<\/tbody>\n<h3>Smaki<\/h3>\n<p>MRVI GROWING 60K 3T SPIN oferuje gam\u0119 przepysznych smak\u00f3w dla ka\u017cdego gustu:<\/p>\n<ul>\n<li><strong>Watermelon Ice &amp; Red Bull &amp; Strawberry Kiwi:<\/strong> S\u0142odka, pikantna i energetyzuj\u0105ca mieszanka dla orze\u017awiaj\u0105cego vape.<\/li>\n<li><strong>Cytryna, limonka i truskawka Arbuz i l\u00f3d jagodowy:<\/strong> Ostre i s\u0142odkie po\u0142\u0105czenie z ch\u0142odnym, rze\u015bkim finiszem.<\/li>\n<li><strong>Ananasowy kokos, banan i niebieski Razz Ice:<\/strong> Smaki owoc\u00f3w tropikalnych z przyp\u0142ywem lodowatego ch\u0142odu.<\/li>\n<li><strong>Raspberry Arbuz &amp; Cola Ice &amp; Sour Apple:<\/strong> Wyj\u0105tkowe po\u0142\u0105czenie s\u0142odko\u015bci i kwa\u015bno\u015bci, idealne dla \u017c\u0105dnych przyg\u00f3d waper\u00f3w.<\/li>\n<li><strong>Mieszanka tropikalna, lody truskawkowe i lody z mango:<\/strong> Pyszna, kremowa tropikalna uczta z lodowymi nutami.<\/li>\n<li><strong>Strawberry Raspberry Cherry &amp; Love 666 &amp; Cherry:<\/strong> S\u0142odka, owocowa mieszanka z bogatym wi\u015bniowym finiszem.<\/li>\n<li><strong>Mieszane jagody, \u017celki i lody brzoskwiniowe:<\/strong> Owocowa eksplozja dobroci jag\u00f3d z ch\u0142odnym finiszem.<\/li>\n<li><strong>Grape Ice &amp; Strawberry Candy &amp; Ice Pop:<\/strong> nostalgiczne, s\u0142odkie i mro\u017ane po\u0142\u0105czenie smaku.<\/li>\n<\/ul>\n<h3>Dlaczego jest to idealne rozwi\u0105zanie dla Ciebie<\/h3>\n<p>MRVI GROWING 60K 3T SPIN zosta\u0142 stworzony, aby zaspokoi\u0107 potrzeby zar\u00f3wno zwyk\u0142ych waper\u00f3w, jak i profesjonalist\u00f3w z bran\u017cy. Niezale\u017cnie od tego, czy jeste\u015b intensywnym u\u017cytkownikiem, kt\u00f3ry potrzebuje d\u0142ugowieczno\u015bci, entuzjast\u0105 smak\u00f3w, kt\u00f3ry lubi r\u00f3\u017cnorodno\u015b\u0107, czy te\u017c sklepem z waporyzatorami szukaj\u0105cym opcji hurtowych, to urz\u0105dzenie jest idealne dla Ciebie. Jego elegancki wygl\u0105d w po\u0142\u0105czeniu z solidn\u0105 wydajno\u015bci\u0105 i d\u0142ugim czasem pracy baterii sprawia, \u017ce jest to idealny wyb\u00f3r do codziennego u\u017cytku i dystrybucji masowej.<\/p>\n<h3>Cz\u0119sto zadawane pytania<\/h3>\n<ul>\n<li><strong>Ile zaci\u0105gni\u0119\u0107 zapewnia MRVI GROWING 60K 3T SPIN?<\/strong> Zapewnia do 60 000 zaci\u0105gni\u0119\u0107, co idealnie nadaje si\u0119 do d\u0142ugotrwa\u0142ego u\u017cytkowania bez konieczno\u015bci ci\u0105g\u0142ej wymiany.<\/li>\n<li><strong>Czy to urz\u0105dzenie vape mo\u017cna \u0142adowa\u0107?<\/strong> Tak, jest wyposa\u017cone w akumulator typu C o pojemno\u015bci 650 mAh.<\/li>\n<li><strong>Jakie s\u0105 dost\u0119pne opcje mocy nikotyny?<\/strong> Urz\u0105dzenie jest dost\u0119pne w dw\u00f3ch opcjach nikotyny: 2% i 5%.<\/li>\n<li><strong>Jakiego rodzaju cewka jest u\u017cywana w MRVI GROWING 60K 3T SPIN?<\/strong> W urz\u0105dzeniu zastosowano cewk\u0119 z podw\u00f3jn\u0105 siatk\u0105, kt\u00f3ra zapewnia p\u0142ynn\u0105 i sta\u0142\u0105 produkcj\u0119 pary.<\/li>\n<li><strong>Jak mog\u0119 sprawdzi\u0107 poziom e-liquidu i baterii?<\/strong> MRVI GROWING 60K 3T SPIN jest wyposa\u017cony w inteligentny ekran, kt\u00f3ry pokazuje zar\u00f3wno poziom mocy, jak i e-liquidu.<\/li>\n<\/ul>\n","protected":false},"excerpt":{"rendered":"<p>MRVI GROWING 60K 3T SPIN to Tw\u00f3j ulubiony jednorazowy waporyzator zapewniaj\u0105cy satysfakcjonuj\u0105ce wra\u017cenia dzi\u0119ki nawet 60 000 zaci\u0105gni\u0119\u0107! Dzi\u0119ki eleganckiej, krystalicznie przejrzystej obudowie i opcjom potr\u00f3jnych smak\u00f3w zaprojektowano go tak, aby zaspokoi\u0107 potrzeby zar\u00f3wno mi\u0142o\u015bnik\u00f3w smak\u00f3w, jak i intensywnych u\u017cytkownik\u00f3w.<\/p>\n","protected":false},"featured_media":3860,"comment_status":"open","ping_status":"closed","template":"","meta":[],"product_brand":[],"product_cat":[1719],"product_tag":[],"class_list":{"0":"post-13644","1":"product","2":"type-product","3":"status-publish","4":"has-post-thumbnail","6":"product_cat-mrvi","8":"first","9":"instock","10":"shipping-taxable","11":"purchasable","12":"product-type-variable","13":"has-default-attributes"},"tiered_pricing_type":"fixed","tiered_pricing_fixed_rules":{"100":6.29000000000000003552713678800500929355621337890625,"200":5.9199999999999999289457264239899814128875732421875,"400":5.4900000000000002131628207280300557613372802734375},"tiered_pricing_product_settings":{"layout":"default","base_unit_name":{"singular":null,"plural":null},"default_variation":null},"tiered_pricing_minimum_quantity":50,"tiered_pricing_roles_data":[],"tiered_pricing_percentage_rules":[],"tiered_pricing_maximum_quantity":null,"tiered_pricing_quantity_step":"10","_links":{"self":[{"href":"https:\/\/stage.jrfer.com\/pl\/wp-json\/wp\/v2\/product\/13644","targetHints":{"allow":["GET"]}}],"collection":[{"href":"https:\/\/stage.jrfer.com\/pl\/wp-json\/wp\/v2\/product"}],"about":[{"href":"https:\/\/stage.jrfer.com\/pl\/wp-json\/wp\/v2\/types\/product"}],"replies":[{"embeddable":true,"href":"https:\/\/stage.jrfer.com\/pl\/wp-json\/wp\/v2\/comments?post=13644"}],"wp:featuredmedia":[{"embeddable":true,"href":"https:\/\/stage.jrfer.com\/pl\/wp-json\/wp\/v2\/media\/3860"}],"wp:attachment":[{"href":"https:\/\/stage.jrfer.com\/pl\/wp-json\/wp\/v2\/media?parent=13644"}],"wp:term":[{"taxonomy":"product_brand","embeddable":true,"href":"https:\/\/stage.jrfer.com\/pl\/wp-json\/wp\/v2\/product_brand?post=13644"},{"taxonomy":"product_cat","embeddable":true,"href":"https:\/\/stage.jrfer.com\/pl\/wp-json\/wp\/v2\/product_cat?post=13644"},{"taxonomy":"product_tag","embeddable":true,"href":"https:\/\/stage.jrfer.com\/pl\/wp-json\/wp\/v2\/product_tag?post=13644"}],"curies":[{"name":"wp","href":"https:\/\/api.w.org\/{rel}","templated":true}]}}