{"id":15212,"date":"2026-03-12T04:24:35","date_gmt":"2026-03-12T04:24:35","guid":{"rendered":"https:\/\/stage.jrfer.com\/product\/waspe-krysztal-180k-przelacznik-smaku-8-w-1-180-000-zaciagniec-wyswietlacz-led-jednorazowy-waporyzator-zbiorczy\/"},"modified":"2026-04-07T09:01:34","modified_gmt":"2026-04-07T09:01:34","slug":"waspe-crystal-180k-8-in-1-flavor-switch-180000-puffs-led-display-bulk-disposable-vape","status":"publish","type":"product","link":"https:\/\/stage.jrfer.com\/pl\/produkt\/waspe-crystal-180k-8-in-1-flavor-switch-180000-puffs-led-display-bulk-disposable-vape\/","title":{"rendered":"WASPE Kryszta\u0142 180K | Prze\u0142\u0105cznik smaku 8 w 1, 180 000 zaci\u0105gni\u0119\u0107, wy\u015bwietlacz LED, jednorazowy waporyzator zbiorczy"},"content":{"rendered":"<h2>Poznaj WASPE Crystal 8 w 1 180 tys.\ud83d\udc8e<\/h2>\n<p>Chcesz mie\u0107 jednorazowy produkt, kt\u00f3ry w d\u0142oni b\u0119dzie przypomina\u0142 \u201emini batonik smakowy\u201d? <strong>WASPE Crystal 8 w 1 180K<\/strong> zosta\u0142 stworzony z my\u015bl\u0105 o d\u0142ugotrwa\u0142ych sesjach i mi\u0142o\u015bnikach r\u00f3\u017cnorodno\u015bci. Dzi\u0119ki <strong>do 180 000 zaci\u0105gni\u0119\u0107<\/strong>, du\u017cej pojemno\u015bci <strong>68 ml<\/strong> e-liquidu i \u0142atwemu systemowi zmiany smaku, jest to dobry wyb\u00f3r dla intensywnych u\u017cytkownik\u00f3w i inteligentny SKU dla sklep\u00f3w i hurtowni.<\/p>\n<h2>Dlaczego warto wybra\u0107 WASPE Crystal 180K? \u2705<\/h2>\n<ul>\nKonstrukcja <\/p>\n<li><strong>Prze\u0142\u0105cznik smaku 8 w 1<\/strong> \u2014 jedno urz\u0105dzenie, wiele mo\u017cliwo\u015bci wyboru smaku \ud83d\ude0b<\/li>\n<li><strong>Do 180 000 zaci\u0105gni\u0119\u0107<\/strong> przy d\u0142ugim u\u017cytkowaniu i mniejszej liczbie wymian \ud83d\udd25<\/li>\n<p>Pojemno\u015b\u0107 <\/p>\n<li><strong>68 ml e-liquidu<\/strong> zapewniaj\u0105ca d\u0142u\u017cszy czas wapowania<\/li>\n<li><strong>Uk\u0142ad cewek z poczw\u00f3rn\u0105 siatk\u0105<\/strong> (1,0 \u03a9 x 4) zapewniaj\u0105cy odwa\u017cny smak i g\u0142adk\u0105 par\u0119 \u2601\ufe0f<\/li>\n<li><strong>Wy\u015bwietlacz LED<\/strong> pomaga u\u017cytkownikom \u0142atwo sprawdzi\u0107 stan \ud83d\udc40<\/li>\n<li><strong>Akumulator typu C<\/strong> 650 mAh do wygodnego codziennego u\u017cytku \u26a1<\/li>\n<li><strong>Wiele opcji nikotyny<\/strong> (0% \/ 2% \/ 5%) dla r\u00f3\u017cnych rynk\u00f3w i potrzeb klient\u00f3w<\/li>\n<li><strong>\u015awietne dla sklep\u00f3w i hurtowni<\/strong> \u2014 kategoria \u201edu\u017ce ptysie + wiele smak\u00f3w\u201d o du\u017cym popycie \ud83d\udce6<\/li>\n<\/ul>\n<h2>Dane techniczne WASPE Crystal 8 w 1 180 tys. \ud83d\udccc<\/h2>\n<p><tabela><br \/>\n<cia\u0142o><\/p>\n<tr>\n<td><strong>Nazwa produktu<\/strong><\/td>\n<td>Waspe Crystal Jednorazowy Vape 8 w 1 180K<\/td>\n<\/tr>\n<tr>\n<td><strong>Maksymalna liczba zaci\u0105gni\u0119\u0107<\/strong><\/td>\n<td>Do 180 000 zaci\u0105gni\u0119\u0107<\/td>\n<\/tr>\n<tr>\n<td><strong>Pojemno\u015b\u0107 e-p\u0142ynu<\/strong><\/td>\n<td>68ml<\/td>\n<\/tr>\n<tr>\n<td><strong>Cewka<\/strong><\/td>\n<td>Cewka siatkowa 1,0 \u03a9 x 4<\/td>\n<\/tr>\n<tr>\n<td><strong>Si\u0142a nikotyny<\/strong><\/td>\n<td>0% \/ 2% \/ 5%<\/td>\n<\/tr>\n<tr>\n<td><strong>Bateria<\/strong><\/td>\n<td>650 mAh<\/td>\n<\/tr>\n<tr>\n<td><strong>\u0141adowanie<\/strong><\/td>\n<td>Akumulator USB typu C<\/td>\n<\/tr>\n<tr>\n<td><strong>Wy\u015bwietlacz<\/strong><\/td>\n<td>Wy\u015bwietlacz LED<\/td>\n<\/tr>\n<tr>\n<td><strong>Rozmiar produktu<\/strong><\/td>\n<td>53 \u00d7 46 \u00d7 138 mm<\/td>\n<\/tr>\n<tr>\n<td><strong>Waga produktu<\/strong><\/td>\n<td>150g\/szt.<\/td>\n<\/tr>\n<\/tbody>\n<p><\/tabela><\/p>\n<h2>Zestawy smak\u00f3w 8 w 1 (ka\u017cde urz\u0105dzenie zawiera 4 smaki) \ud83c\udf53\ud83c\udf49\ud83e\uddca<\/h2>\n<p>Ka\u017cdy zestaw smakowy zosta\u0142 zaprojektowany z my\u015bl\u0105 o popularnych profilach, takich jak lodowe owoce, s\u0142odycze, napoje gazowane i mieszanki tropikalne. \u015awietne dla klient\u00f3w, kt\u00f3rzy \u0142atwo si\u0119 nudz\u0105 i chc\u0105 r\u00f3\u017cnorodno\u015bci!<\/p>\n<h3>Zestaw smakowy 1<\/h3>\n<ul>\n<li><strong>Watermelon Ice<\/strong> \u2014 s\u0142odki arbuz z lodowym finiszem \ud83c\udf49\u2744\ufe0f<\/li>\n<li><strong>Lemon Lime<\/strong> \u2014 jasne cytrusy, czyste i pikantne \ud83c\udf4b<\/li>\n<li><strong>Sour Mango Ice<\/strong> \u2014 pikantne mango z fajnym kopni\u0119ciem \ud83e\udd6d\ud83e\uddca<\/li>\n<li><strong>Kiwi Melon Ice<\/strong> \u2014 \u015bwie\u017ce kiwi + melon, sch\u0142odzone i g\u0142adkie \ud83e\udd5d\ud83c\udf48<\/li>\n<\/ul>\n<h3>Zestaw smakowy 2<\/h3>\n<ul>\n<li><strong>Blueberry Ice<\/strong> \u2014 soczysta jagoda z mro\u017anymi nutami \ud83e\uded0\u2744\ufe0f<\/li>\n<li><strong>Cherry Cola<\/strong> \u2014 klasyczna cola z dodatkiem s\u0142odkiej wi\u015bni \ud83e\udd64\ud83c\udf52<\/li>\n<li><strong>Truskawkowa Wanilia<\/strong> \u2014 kremowy, truskawkowy deser w klimacie \ud83c\udf53\ud83c\udf66<\/li>\n<li><strong>Lemon Cherry<\/strong> \u2014 s\u0142odka wi\u015bnia z cytrusow\u0105 nut\u0105 \ud83c\udf52\ud83c\udf4b<\/li>\n<\/ul>\n<h3>Zestaw smakowy 3<\/h3>\n<ul>\n<li><strong>Red Bull Ice<\/strong> \u2014 styl napoju energetycznego z ch\u0142odz\u0105cym wyko\u0144czeniem \u26a1\ud83e\uddca<\/li>\n<li><strong>Strawberry Ice<\/strong> \u2014 chrupi\u0105ca truskawka, wyj\u0105tkowo orze\u017awiaj\u0105ca \ud83c\udf53\u2744\ufe0f<\/li>\n<li><strong>Sour Fcuking Fab<\/strong> \u2014 odwa\u017cna mieszanka w stylu kwa\u015bnych cukierk\u00f3w \ud83c\udf6c\ud83d\ude2e<\/li>\n<li><strong>Cola Ice<\/strong> \u2014 smak musuj\u0105cej coli z lodowatym ch\u0142odem \ud83e\udd64\u2744\ufe0f<\/li>\n<\/ul>\n<h3>Zestaw smakowy 4<\/h3>\n<ul>\n<li><strong>L\u00f3d winogronowy<\/strong> \u2014 bogata s\u0142odycz winogron, ch\u0142odna i czysta \ud83c\udf47\ud83e\uddca<\/li>\n<li><strong>Strawberry Kiwi<\/strong> \u2014 klasyczny owocowy duet, zr\u00f3wnowa\u017cony i jasny \ud83c\udf53\ud83e\udd5d<\/li>\n<li><strong>Arbuzowy l\u00f3d<\/strong> \u2014 s\u0142odki i lodowaty arbuz, powtarzalny ulubiony \ud83c\udf49\u2744\ufe0f<\/li>\n<li><strong>Blue Rancher<\/strong> \u2014 smak przypominaj\u0105cy niebieskie cukierki, zabawny i mocny \ud83d\udc99\ud83c\udf6c<\/li>\n<\/ul>\n<h3>Zestaw smakowy 5<\/h3>\n<ul>\n<li><strong>Melon Passion Fruit<\/strong> \u2014 \u0142agodny melon z tropikaln\u0105 marakuj\u0105 \ud83c\udf48\ud83e\udd6d<\/li>\n<li><strong>Sour Mango Ananas<\/strong> \u2014 pikantne mango + k\u0119s ananasa \ud83e\udd6d\ud83c\udf4d<\/li>\n<li><strong>Banana Toffee Candy<\/strong> \u2014 s\u0142odkie cukierki bananowe z nut\u0105 toffi \ud83c\udf4c\ud83c\udf6c<\/li>\n<li><strong>Strawberry Berry<\/strong> \u2014 mieszanka jagodowa z truskawkowym frontem \ud83c\udf53\ud83e\uded0<\/li>\n<\/ul>\n<h3>Zestaw smakowy 6<\/h3>\n<ul>\n<li><strong>Truskawkowy Arbuz<\/strong> \u2014 soczyste po\u0142\u0105czenie owoc\u00f3w do stosowania przez ca\u0142y dzie\u0144 \ud83c\udf53\ud83c\udf49<\/li>\n<li><strong>Cool Mint<\/strong> \u2014 czysty mi\u0119towy ch\u0142\u00f3d, super orze\u017awiaj\u0105cy \ud83c\udf3f\ud83e\uddca<\/li>\n<li><strong>Blue Razz Ice<\/strong> \u2014 niebieskie cukierki malinowe z lodowym wyko\u0144czeniem \ud83d\udc99\u2744\ufe0f<\/li>\n<li><strong>L\u00f3d z czarnej porzeczki<\/strong> \u2014 g\u0142\u0119boki smak jag\u00f3d, ch\u0142odny i mocny \ud83d\udda4\ud83e\uded0<\/li>\n<\/ul>\n<h3>Zestaw smakowy 7<\/h3>\n<ul>\n<li><strong>Blackberry Ice<\/strong> \u2014 s\u0142odycz ciemnych jag\u00f3d z ch\u0142odzeniem \u2744\ufe0f\ud83e\uded0<\/li>\n<li><strong>Double Apple<\/strong> \u2014 klasyczna mieszanka jab\u0142ek, s\u0142odka i odwa\u017cna \ud83c\udf4f\ud83c\udf4e<\/li>\n<li><strong>Black Dragon Ice<\/strong> \u2014 tajemnicza mieszanka lodu z ciemnych owoc\u00f3w, mocny klimat \ud83d\udc09\ud83e\uddca<\/li>\n<li><strong>Truskawkowy Kiwi<\/strong> \u2014 g\u0142adka owocowa r\u00f3wnowaga \ud83c\udf53\ud83e\udd5d<\/li>\n<\/ul>\n<h3>Zestaw smakowy 8<\/h3>\n<ul>\n<li><strong>Strawberry Red Bull<\/strong> \u2014 mieszanka stylu jagodowego + energetycznego \u26a1\ud83c\udf53<\/li>\n<li><strong>Cherry Cola<\/strong> \u2014 klasyk napoju gazowanego z wi\u015bniowym kopni\u0119ciem \ud83e\udd64\ud83c\udf52<\/li>\n<li><strong>Cherry Lemon<\/strong> \u2014 s\u0142odko-kwa\u015bny cytrus wi\u015bniowy \ud83c\udf52\ud83c\udf4b<\/li>\n<li><strong>Owoce Tropikalne<\/strong> \u2014 mieszanka tropikalna, wakacyjny klimat \ud83c\udf34\ud83e\udd6d<\/li>\n<\/ul>\n<h3>Zestaw smakowy 9<\/h3>\n<ul>\n<li><strong>Mieszane jagody<\/strong> \u2014 warstwowa mieszanka jag\u00f3d, soczysta i g\u0142adka \ud83e\uded0\ud83c\udf53<\/li>\n<li><strong>Lemon Lime<\/strong> \u2014 pikantne cytrusowe orze\u017awienie \ud83c\udf4b<\/li>\n<li><strong>Blueberry Raspberry<\/strong> \u2014 s\u0142odka jagoda + tarta malina mix \ud83e\uded0\u2764\ufe0f<\/li>\n<li><strong>Green Apple<\/strong> \u2014 chrupi\u0105cy, lekko kwa\u015bny k\u0119s jab\u0142ka \ud83c\udf4f<\/li>\n<\/ul>\n<h3>Zestaw smakowy 10<\/h3>\n<ul>\n<li><strong>Truskawka Malina Wi\u015bnia<\/strong> \u2014 potr\u00f3jny poncz jagodowo-wi\u015bniowy \ud83c\udf53\ud83c\udf52<\/li>\n<li><strong>Truskawkowy Arbuz<\/strong> \u2014 g\u0142adka owocowa opcja na ca\u0142y dzie\u0144 \ud83c\udf53\ud83c\udf49<\/li>\n<li><strong>Kiwi Watermelon<\/strong> \u2014 soczysty arbuz z musem kiwi \ud83e\udd5d\ud83c\udf49<\/li>\n<li><strong>Lemon Lime<\/strong> \u2014 czysty cytrusowy reset pomi\u0119dzy smakami \ud83c\udf4b<\/li>\n<\/ul>\n<h3>Zestaw smakowy 11<\/h3>\n<ul>\n<li><strong>Truskawkowy Banan<\/strong> \u2014 kremowe smoothie owocowe w klimacie \ud83c\udf53\ud83c\udf4c<\/li>\n<li><strong>Mango Peach<\/strong> \u2014 s\u0142odkie tropikalne mango z delikatn\u0105 brzoskwini\u0105 \ud83e\udd6d\ud83c\udf51<\/li>\n<li><strong>Triple Berries<\/strong> \u2014 bogata mieszanka jag\u00f3d, odwa\u017cna i s\u0142odka \ud83e\uded0\ud83c\udf53<\/li>\n<li><strong>Truskawkowy Ananas<\/strong> \u2014 s\u0142odka truskawka + tropikalny ananas \ud83c\udf53\ud83c\udf4d<\/li>\n<\/ul>\n<h3>Zestaw smakowy 12<\/h3>\n<ul>\n<li><strong>Blue Razz Lemonade<\/strong> \u2014 niebieskie cukierki + plusk lemoniady \ud83d\udc99\ud83c\udf4b<\/li>\n<li><strong>Cherry Lemon<\/strong> \u2014 s\u0142odko-wi\u015bniowy, cytrusowy blask \ud83c\udf52\ud83c\udf4b<\/li>\n<li><strong>Jagodowy l\u00f3d<\/strong> \u2014 ch\u0142odne jagodowe od\u015bwie\u017cenie \ud83e\uded0\u2744\ufe0f<\/li>\n<li><strong>Arbuz Peach<\/strong> \u2014 soczysty arbuz z brzoskwiniow\u0105 s\u0142odycz\u0105 \ud83c\udf49\ud83c\udf51<\/li>\n<\/ul>\n<h2>Jak zmienia\u0107 smaki \ud83d\udd04<\/h2>\n<p><strong>Podnie\u015b ustnik i obr\u00f3\u0107<\/strong>, aby zmieni\u0107 smak. Proste, szybkie i przyjemne \u2014 idealne dla klient\u00f3w, kt\u00f3rzy lubi\u0105 zmienia\u0107 gusta w dowolnym momencie.<\/p>\n<h2>Stworzone z my\u015bl\u0105 o sukcesie w handlu detalicznym i sprzeda\u017cy hurtowej \ud83c\udfea\ud83d\udce6<\/h2>\n<p><strong>WASPE Crystal 8 w 1 180K<\/strong> to \u015bwietny wyb\u00f3r dla <strong>intensywnych u\u017cytkownik\u00f3w<\/strong>, kt\u00f3rzy oczekuj\u0105 d\u0142ugotrwa\u0142ej wydajno\u015bci, <strong>poszukiwaczy smak\u00f3w<\/strong>, kt\u00f3rzy uwielbiaj\u0105 zmienia\u0107 smaki, oraz <strong>sklep\u00f3w z waporyzatorami<\/strong>, kt\u00f3rzy chc\u0105 silnego efektu \u201ewow\u201d na p\u00f3\u0142ce. Dla <strong>dystrybutor\u00f3w i hurtownik\u00f3w<\/strong> jest to \u0142atwy zwyci\u0119zca kategorii: du\u017ca liczba zaci\u0105gni\u0119\u0107, funkcja wielu smak\u00f3w i popularne profile, kt\u00f3re szybko si\u0119 zmieniaj\u0105.<\/p>\n<h2>Cz\u0119sto zadawane pytania dotycz\u0105ce WASPE Crystal 180K \u2753<\/h2>\n<h3>Jak zmieni\u0107 smak?<\/h3>\n<p>Podnie\u015b ustnik i obr\u00f3\u0107, aby zmieni\u0107 smak. \ud83d\udd04<\/p>\n<h3>Czy to urz\u0105dzenie mo\u017cna \u0142adowa\u0107?<\/h3>\n<p>Tak. Ma bateri\u0119 <strong>650 mAh<\/strong> i obs\u0142uguje \u0142adowanie <strong>USB Type-C<\/strong>. \u26a1<\/p>\n<h3>Jakie moce nikotyny s\u0105 dost\u0119pne?<\/h3>\n<p>Obs\u0142uguje opcje nikotyny <strong>0%<\/strong>, <strong>2%<\/strong> i <strong>5%<\/strong>, w zale\u017cno\u015bci od potrzeb rynku.<\/p>\n<h3>Ile cewek wykorzystuje?<\/h3>\n<p>Wykorzystuje <strong>cewk\u0119 mesh 1,0 \u03a9 x 4<\/strong>, zbudowan\u0105 z my\u015bl\u0105 o g\u0142adkich uderzeniach i mocnym smaku. \u2601\ufe0f<\/p>\n<h3>Ile e-liquidu znajduje si\u0119 w \u015brodku?<\/h3>\n<p>Posiada pojemno\u015b\u0107 <strong>68 ml<\/strong> e-p\u0142ynu do d\u0142ugotrwa\u0142ego u\u017cytkowania.<\/p>\n<h3>Czy jest to dobre dla sklep\u00f3w z waporyzatorami i zam\u00f3wie\u0144 hurtowych?<\/h3>\n<p>Tak. Funkcja 8 w 1 i bardzo du\u017ca liczba zaci\u0105gni\u0119\u0107 s\u0105 popularne na wielu rynkach, co czyni go dobrym wyborem w przypadku <strong>p\u00f3\u0142ek detalicznych<\/strong> i <strong>dystrybucji hurtowej<\/strong>. \ud83d\udce6<\/p>\n<h3>Jaki jest rozmiar i waga urz\u0105dzenia?<\/h3>\n<p>Rozmiar: <strong>53 \u00d7 46 \u00d7 138 mm<\/strong>. Waga: <strong>150 g na sztuk\u0119<\/strong>.<\/p>\n<p><img decoding=\"async\" class=\"alignnone size-full wp-image-102961\" src=\"https:\/\/aiviouvapes.com\/wp-content\/uploads\/2026\/01\/Waspe-Crystal-8-in-1-180K-puff6.jpg\" alt=\"\" szeroko\u015b\u0107=\"1279\" wysoko\u015b\u0107=\"1920\" title=\"\"><\/p>\n","protected":false},"excerpt":{"rendered":"<p>Poznaj WASPE Crystal 8 w 1 180 tys.\ud83d\udc8e Chcesz mie\u0107 jednorazowy produkt, kt\u00f3ry w d\u0142oni b\u0119dzie przypomina\u0142 \u201emini batonik smakowy\u201d? WASPE Crystal 8 w 1 180K zosta\u0142 stworzony z my\u015bl\u0105 o d\u0142ugotrwa\u0142ych sesjach i mi\u0142o\u015bnikach r\u00f3\u017cnorodno\u015bci. Dzi\u0119ki do 180 000 zaci\u0105gni\u0119\u0107, du\u017cej pojemno\u015bci 68 ml e-liquidu i \u0142atwemu systemowi zmiany smaku, jest to dobry wyb\u00f3r [&hellip;]<\/p>\n","protected":false},"featured_media":6981,"comment_status":"open","ping_status":"closed","template":"","meta":[],"product_brand":[],"product_cat":[772,1980,394],"product_tag":[1079,1114,782,627,1150],"class_list":{"0":"post-15212","1":"product","2":"type-product","3":"status-publish","4":"has-post-thumbnail","6":"product_cat-jednorazowy-vape-100-tys-puffow","7":"product_cat-w-magazynie-jednorazowe-waporyzatory-w-magazynie-ue","8":"product_cat-waspe","9":"product_tag-180-000-zaciagniec-vape","10":"product_tag-jednorazowy-waporyzator-8-w-1","11":"product_tag-jednorazowy-waporyzator-masowy","12":"product_tag-jednorazowy-waporyzator-wielokrotnego-adowania","13":"product_tag-waporyzator-jednorazowy-waspe","15":"first","16":"instock","17":"shipping-taxable","18":"purchasable","19":"product-type-variable","20":"has-default-attributes"},"tiered_pricing_type":"fixed","tiered_pricing_fixed_rules":{"30":10.17999999999999971578290569595992565155029296875,"50":8.75,"100":7.96999999999999975131004248396493494510650634765625,"200":7.5800000000000000710542735760100185871124267578125,"400":7.0999999999999996447286321199499070644378662109375},"tiered_pricing_product_settings":{"layout":"default","base_unit_name":{"singular":null,"plural":null},"default_variation":null},"tiered_pricing_minimum_quantity":10,"tiered_pricing_roles_data":[],"tiered_pricing_percentage_rules":[],"tiered_pricing_maximum_quantity":null,"tiered_pricing_quantity_step":"10","_links":{"self":[{"href":"https:\/\/stage.jrfer.com\/pl\/wp-json\/wp\/v2\/product\/15212","targetHints":{"allow":["GET"]}}],"collection":[{"href":"https:\/\/stage.jrfer.com\/pl\/wp-json\/wp\/v2\/product"}],"about":[{"href":"https:\/\/stage.jrfer.com\/pl\/wp-json\/wp\/v2\/types\/product"}],"replies":[{"embeddable":true,"href":"https:\/\/stage.jrfer.com\/pl\/wp-json\/wp\/v2\/comments?post=15212"}],"wp:featuredmedia":[{"embeddable":true,"href":"https:\/\/stage.jrfer.com\/pl\/wp-json\/wp\/v2\/media\/6981"}],"wp:attachment":[{"href":"https:\/\/stage.jrfer.com\/pl\/wp-json\/wp\/v2\/media?parent=15212"}],"wp:term":[{"taxonomy":"product_brand","embeddable":true,"href":"https:\/\/stage.jrfer.com\/pl\/wp-json\/wp\/v2\/product_brand?post=15212"},{"taxonomy":"product_cat","embeddable":true,"href":"https:\/\/stage.jrfer.com\/pl\/wp-json\/wp\/v2\/product_cat?post=15212"},{"taxonomy":"product_tag","embeddable":true,"href":"https:\/\/stage.jrfer.com\/pl\/wp-json\/wp\/v2\/product_tag?post=15212"}],"curies":[{"name":"wp","href":"https:\/\/api.w.org\/{rel}","templated":true}]}}