{"id":15776,"date":"2025-07-07T09:20:27","date_gmt":"2025-07-07T09:20:27","guid":{"rendered":"https:\/\/stage.jrfer.com\/product\/bang-king-25k-dual-pod-25000-zaciagniec-dlugotrwaly-jednorazowy-waporyzator-luzem\/"},"modified":"2026-04-07T13:48:07","modified_gmt":"2026-04-07T13:48:07","slug":"bang-king-25000-puffs","status":"publish","type":"product","link":"https:\/\/stage.jrfer.com\/pl\/produkt\/bang-king-25000-puffs\/","title":{"rendered":"Bang King 25K Dual Pod 25000 zaci\u0105gni\u0119\u0107 | d\u0142ugotrwa\u0142y jednorazowy waporyzator luzem"},"content":{"rendered":"<h2>Dlaczego warto wybra\u0107 Bang King 25K?<\/h2>\n<ul>\n<li>\ud83d\udd25 Ogromna liczba zaci\u0105gni\u0119\u0107: do 25 000 zaci\u0105gni\u0119\u0107 na urz\u0105dzenie \u2013 trwa\u0142e i niezawodne.<\/li>\n<li>\ud83d\udd04 Konstrukcja z dwoma kapsu\u0142ami: dwie kapsu\u0142ki o pojemno\u015bci 23 ml (\u0142\u0105cznie 46 ml) zapewniaj\u0105ce maksymaln\u0105 pojemno\u015b\u0107 e-liquidu.<\/li>\n<li>\ud83d\udca8 Wydajno\u015b\u0107 cewki siatkowej: Cewka siatkowa o rezystancji 1,0 \u03a9 zapewnia za ka\u017cdym razem g\u0142adkie uderzenia i bogaty smak.<\/li>\n<li>\ud83d\udd0b Zasilanie: akumulator typu C o pojemno\u015bci 650 mAh zapewniaj\u0105cy wydajne u\u017cytkowanie.<\/li>\n<li>\ud83d\udc4c Opcje nikotyny: wybierz moc nikotyny 0%, 2%, 3% lub 5%.<\/li>\n<li>\ud83d\udce6 Idealny do sprzeda\u017cy hurtowej: produkt ciesz\u0105cy si\u0119 du\u017cym zainteresowaniem dystrybutor\u00f3w i sklep\u00f3w z waporyzatorami.<\/li>\n<\/ul>\n<h2>Specyfikacje<\/h2>\n<table border=\"1\" cellpadding=\"6\">\n<tr>\n<th>Funkcja<\/th>\n<th>Szczeg\u00f3\u0142y<\/th>\n<\/tr>\n<tr>\n<td>Liczba zaci\u0105gni\u0119\u0107<\/td>\n<td>Do 25 000 zaci\u0105gni\u0119\u0107<\/td>\n<\/tr>\n<tr>\n<td>Pojemno\u015b\u0107 e-p\u0142ynu<\/td>\n<td>46 ml (podw\u00f3jne saszetki po 23 ml ka\u017cda)<\/td>\n<\/tr>\n<tr>\n<td>Bateria<\/td>\n<td>Akumulator 650 mAh (typ C)<\/td>\n<\/tr>\n<tr>\n<td>Si\u0142a nikotyny<\/td>\n<td>0%, 2%, 3%, 5%<\/td>\n<\/tr>\n<tr>\n<td>Cewka<\/td>\n<td>Cewka siatkowa 1,0 \u03a9<\/td>\n<\/tr>\n<tr>\n<td>Projekt<\/td>\n<td>Podw\u00f3jna kapsu\u0142a, kompaktowa, jednorazowa<\/td>\n<\/tr>\n<\/tbody>\n<h2>Pyszne smaki do wypr\u00f3bowania \ud83c\udf6d<\/h2>\n<ul>\n<li><b>Niebieski Razz L\u00f3d<\/b> \u2013 S\u0142odka i pikantna mieszanka jag\u00f3d z ch\u0142odnym, lodowym finiszem.<\/li>\n<li><b>Soczysty l\u00f3d brzoskwiniowy<\/b> \u2013 Smak dojrza\u0142ej brzoskwini zr\u00f3wnowa\u017cony orze\u017awiaj\u0105cym mentolem.<\/li>\n<li><b>Truskawkowy Arbuz<\/b> \u2013 owocowe po\u0142\u0105czenie soczystej truskawki i s\u0142odyczy melona.<\/li>\n<li><b>Arbuzowy l\u00f3d<\/b> \u2013 Klasyczny arbuz z mro\u017an\u0105 kraw\u0119dzi\u0105.<\/li>\n<li><b>Truskawkowy Banan<\/b> \u2013 G\u0142adki banan w po\u0142\u0105czeniu ze s\u0142odk\u0105 truskawkow\u0105 rozkosz\u0105.<\/li>\n<li><b>Kwa\u015bny l\u00f3d jab\u0142kowy<\/b> \u2013 chrupi\u0105ce zielone jab\u0142ko z kwa\u015bn\u0105 nut\u0105 i lodowym finiszem.<\/li>\n<li><b>Potr\u00f3jny l\u00f3d jagodowy<\/b> \u2013 Mieszanka jag\u00f3d wzmocniona dodatkiem ch\u0142odz\u0105cym.<\/li>\n<li><b>Owoce Tropikalne<\/b> \u2013 mieszanka owoc\u00f3w egzotycznych pe\u0142na smaku.<\/li>\n<li><b>Wi\u015bniowa Bomba<\/b> \u2013 odwa\u017cna, przypominaj\u0105ca cukierek wi\u015bniowa eksplozja.<\/li>\n<li><b>Lody winogronowe<\/b> \u2013 s\u0142odkie fioletowe winogrona o mentolowej \u015bwie\u017co\u015bci.<\/li>\n<li><b>Brzoskwiniowe Mango<\/b> \u2013 Soczysta brzoskwinia zmieszana z harmoni\u0105 tropikalnego mango.<\/li>\n<li><b>Truskawkowe Mango<\/b> \u2013 S\u0142odka truskawka zmieszana z dojrza\u0142ym mango.<\/li>\n<\/ul>\n<h2>FAQ \u2753<\/h2>\n<p><b>P: Jak d\u0142ugo wytrzymuje Bang King 25K?<\/b><br \/>\nOdp.: Do 25 000 zaci\u0105gni\u0119\u0107 mo\u017ce wystarczy\u0107 na tygodnie, w zale\u017cno\u015bci od u\u017cytkowania.<\/p>\n<p><b>P: Czy mog\u0119 go na\u0142adowa\u0107?<\/b><br \/>\nO: Tak! Dla wygody jest wyposa\u017cony w akumulator typu C o pojemno\u015bci 650 mAh.<\/p>\n<p><b>P: Czy dost\u0119pne s\u0105 opcje bez nikotyny?<\/b><br \/>\nOdp.: Tak, dost\u0119pne w 0%, 2%, 3% i 5%, aby spe\u0142ni\u0107 wszystkie preferencje.<\/p>\n<p><b>P: Czy to urz\u0105dzenie nadaje si\u0119 do sprzeda\u017cy hurtowej?<\/b><br \/>\nO: Absolutnie. Bang King 25K jest przeznaczony do sprzeda\u017cy hurtowej i popularny w\u015br\u00f3d dystrybutor\u00f3w i sklep\u00f3w z waporyzatorami.<\/p>\n<h2>Idealny dla<\/h2>\n<p>\ud83d\udcaa Intensywni waperzy potrzebuj\u0105cy trwa\u0142ych urz\u0105dze\u0144.<br \/>\n\ud83d\ude0b Mi\u0142o\u015bnicy smak\u00f3w, kt\u00f3rzy lubi\u0105 r\u00f3\u017cnorodno\u015b\u0107.<br \/>\n\ud83c\udfea Sklepy Vape poszukuj\u0105ce najlepiej sprzedaj\u0105cego si\u0119 produktu.<br \/>\n\ud83d\udce6 Hurtownicy poszukuj\u0105cy niezawodnej opcji o wysokiej mar\u017cy.<\/p>\n<p>\ud83d\udc49 Bang King 25K zapewnia wszystko \u2013 du\u017c\u0105 liczb\u0119 zaci\u0105gni\u0119\u0107, mocne smaki, akumulator i konstrukcj\u0119 przyjazn\u0105 dla hurtowni. Niezale\u017cnie od tego, czy chodzi o przyjemno\u015b\u0107 osobist\u0105, czy o przechowywanie p\u00f3\u0142ek, jest to urz\u0105dzenie obowi\u0105zkowe na rynku jednorazowych waporyzator\u00f3w!<\/p>\n","protected":false},"excerpt":{"rendered":"<p>\ud83d\udca8 Uzyskaj pot\u0119\u017cn\u0105 chmur\u0119 i nieprzerwany smak dzi\u0119ki Bang King 25K \u2013 jednorazowemu waporyzatorowi z dwoma kapsu\u0142kami, kt\u00f3ry oferuje do 25 000 zaci\u0105gni\u0119\u0107 dla codziennych u\u017cytkownik\u00f3w, sklep\u00f3w z waporyzacj\u0105 i odbiorc\u00f3w hurtowych.<\/p>\n","protected":false},"featured_media":1235,"comment_status":"open","ping_status":"closed","template":"","meta":[],"product_brand":[],"product_cat":[545,348,839,1416,1273,1306,1613,1484,1383,1520,1555,2179,1686,1650,1342,1450,1234,404,875,1096,911],"product_tag":[],"class_list":{"0":"post-15776","1":"product","2":"type-product","3":"status-publish","4":"has-post-thumbnail","6":"product_cat-25000-zaciagniec-jednorazowych-waporyzatorow","7":"product_cat-bang","8":"product_cat-jednorazowe-typy-waporyzatorow","9":"product_cat-jednorazowe-vapes-na-wegrzech","10":"product_cat-jednorazowe-vapes-w-austrii","11":"product_cat-jednorazowe-vapes-w-belgii","12":"product_cat-jednorazowe-vapes-w-hiszpanii","13":"product_cat-jednorazowe-vapes-w-holandii","14":"product_cat-jednorazowe-vapes-w-niemczech","15":"product_cat-jednorazowe-vapes-w-norwegii","16":"product_cat-jednorazowe-vapes-w-polsce","17":"product_cat-jednorazowe-vapes-w-portugalii","18":"product_cat-jednorazowe-vapes-w-szwajcarii","19":"product_cat-jednorazowe-vapes-w-szwecji","20":"product_cat-jednorazowe-vapes-we-francji","21":"product_cat-jednorazowe-vapes-we-w-oszech","22":"product_cat-jednorazowe-waporyzatory-w-europie","23":"product_cat-rozne-zaciagniecia-jednorazowych-waporyzatorow","24":"product_cat-vape-big-puffs","25":"product_cat-vape-z-podwojna-siatka","26":"product_cat-waporyzatory-akumulatorowe","28":"first","29":"instock","30":"shipping-taxable","31":"purchasable","32":"product-type-variable","33":"has-default-attributes"},"tiered_pricing_type":"fixed","tiered_pricing_fixed_rules":{"30":6.5999999999999996447286321199499070644378662109375,"50":5.37000000000000010658141036401502788066864013671875,"100":4.62999999999999989341858963598497211933135986328125,"200":4.2599999999999997868371792719699442386627197265625,"400":3.70000000000000017763568394002504646778106689453125},"tiered_pricing_product_settings":{"layout":"default","base_unit_name":{"singular":null,"plural":null},"default_variation":null},"tiered_pricing_minimum_quantity":10,"tiered_pricing_roles_data":[],"tiered_pricing_percentage_rules":[],"tiered_pricing_maximum_quantity":null,"tiered_pricing_quantity_step":"10","_links":{"self":[{"href":"https:\/\/stage.jrfer.com\/pl\/wp-json\/wp\/v2\/product\/15776","targetHints":{"allow":["GET"]}}],"collection":[{"href":"https:\/\/stage.jrfer.com\/pl\/wp-json\/wp\/v2\/product"}],"about":[{"href":"https:\/\/stage.jrfer.com\/pl\/wp-json\/wp\/v2\/types\/product"}],"replies":[{"embeddable":true,"href":"https:\/\/stage.jrfer.com\/pl\/wp-json\/wp\/v2\/comments?post=15776"}],"wp:featuredmedia":[{"embeddable":true,"href":"https:\/\/stage.jrfer.com\/pl\/wp-json\/wp\/v2\/media\/1235"}],"wp:attachment":[{"href":"https:\/\/stage.jrfer.com\/pl\/wp-json\/wp\/v2\/media?parent=15776"}],"wp:term":[{"taxonomy":"product_brand","embeddable":true,"href":"https:\/\/stage.jrfer.com\/pl\/wp-json\/wp\/v2\/product_brand?post=15776"},{"taxonomy":"product_cat","embeddable":true,"href":"https:\/\/stage.jrfer.com\/pl\/wp-json\/wp\/v2\/product_cat?post=15776"},{"taxonomy":"product_tag","embeddable":true,"href":"https:\/\/stage.jrfer.com\/pl\/wp-json\/wp\/v2\/product_tag?post=15776"}],"curies":[{"name":"wp","href":"https:\/\/api.w.org\/{rel}","templated":true}]}}