{"id":17406,"date":"2026-03-12T04:24:33","date_gmt":"2026-03-12T04:24:33","guid":{"rendered":"https:\/\/stage.jrfer.com\/product\/bang-lider-120k-waporyzator-jednorazowy-2-w-1-120-000-60-ml-magnetyczny-dwusmakowy-hurt\/"},"modified":"2026-04-07T10:08:49","modified_gmt":"2026-04-07T10:08:49","slug":"bang-leader-120k-2-in-1-120000-puffs-60-ml-magnetic-dual-flavor-disposable-vape-wholesale","status":"publish","type":"product","link":"https:\/\/stage.jrfer.com\/pl\/produkt\/bang-leader-120k-2-in-1-120000-puffs-60-ml-magnetic-dual-flavor-disposable-vape-wholesale\/","title":{"rendered":"Bang Lider 120K | Waporyzator jednorazowy 2 w 1 120 000, 60 ml, magnetyczny, dwusmakowy, hurt"},"content":{"rendered":"<h2>Dlaczego warto wybra\u0107 Bang Leader 120K? \ud83e\udd29<\/h2>\n<ul>\n<li>\ud83d\udd04 <strong>Magnetyczny prze\u0142\u0105cznik dw\u00f3ch smak\u00f3w 2 w 1<\/strong> \u2014 przesu\u0144, aby natychmiastowo i bez op\u00f3\u017anie\u0144 zmienia\u0107 smaki.<\/li>\n<li>\ud83d\udca8 <strong>120 000 zaci\u0105gni\u0119\u0107<\/strong> \u2014 ogromna pojemno\u015b\u0107 przeznaczona do d\u0142ugotrwa\u0142ego, codziennego u\u017cytku.<\/li>\n<li>\ud83d\udd25 <strong>Cewka siatkowa nowej generacji<\/strong> \u2014 g\u0119sta para, bogatszy smak, g\u0142adsze uderzenia.<\/li>\n<li>\ud83d\udd0b <strong>Akumulator o wysokiej wydajno\u015bci<\/strong> \u2014 stabilna moc wyj\u015bciowa zapewniaj\u0105ca sta\u0142y smak.<\/li>\n<li>\ud83e\uddca <strong>Szczelna komora olejowa<\/strong> \u2014 czysta, bezpieczna i przyjazna w podr\u00f3\u017cy.<\/li>\n<li>\u26a1 <strong>Akumulator typu C<\/strong> \u2014 szybkie \u0142adowanie minimalizuj\u0105ce przestoje.<\/li>\n<li>\ud83d\udc4c <strong>Przyjazny dla u\u017cytkownika projekt<\/strong> \u2014 doskona\u0142y chwyt, jasny ekran i prosta obs\u0142uga.<\/li>\n<\/ul>\n<h2>Dane techniczne Bang Leader 120K \ud83d\udcca<\/h2>\n<tr>\n<td>Liczba zaci\u0105gni\u0119\u0107<\/td>\n<td>120 000 zaci\u0105gni\u0119\u0107<\/td>\n<\/tr>\n<tr>\n<td>Pojemno\u015b\u0107 baterii<\/td>\n<td>650 mAh (wysoka wydajno\u015b\u0107)<\/td>\n<\/tr>\n<tr>\n<td>Nagrzewnica<\/td>\n<td>Cewka siatkowa, 1,0 \u03a9<\/td>\n<\/tr>\n<tr>\n<td>System smakowy<\/td>\n<td>Magnetyczny prze\u0142\u0105cznik suwakowy 2 w 1<\/td>\n<\/tr>\n<tr>\n<td>Port \u0142adowania<\/td>\n<td>Szybkie \u0142adowanie typu C<\/td>\n<\/tr>\n<tr>\n<td>Si\u0142a nikotyny<\/td>\n<td>0% \/ 2% \/ 3% \/ 5%<\/td>\n<\/tr>\n<\/tbody>\n<h2>Przewodnik po smakach Bang Leader 120 tys. \ud83d\ude0b<\/h2>\n<p data-start=\"120\" data-end=\"246\"><strong data-start=\"120\" data-end=\"145\">1. Blue Razz &amp; Love66<\/strong><br data-start=\"145\" data-end=\"148\" \/>\ud83c\udf6c <strong data-start=\"151\" data-end=\"165\">Blue Razz:<\/strong> S\u0142odko-pikantny cukierek malinowy<br data-start=\"195\" data-end=\"198\" \/>\ud83c\udf34 <strong data-start=\"201\" data-end=\"212\">Love66:<\/strong> Tropikalny, orze\u017awiaj\u0105cy, lekko lodowaty<\/p>\n<p data-start=\"248\" data-end=\"394\"><strong data-start=\"248\" data-end=\"299\">2. Truskawka Wi\u015bnia i Kiwi Marakuja Gujawa<\/strong><br data-start=\"299\" data-end=\"302\" \/>\ud83c\udf53\ud83c\udf52 <strong data-start=\"307\" data-end=\"329\">Truskawka Wi\u015bnia:<\/strong> Soczysta mieszanka czerwonych owoc\u00f3w<br data-start=\"349\" data-end=\"352\" \/>\ud83e\udd5d\ud83e\udd6d <strong data-start=\"357\" data-end=\"365\">KPG:<\/strong> Pikantne, tropikalne i kremowe trio<\/p>\n<p data-start=\"396\" data-end=\"542\"><strong data-start=\"396\" data-end=\"438\">3. Arbuzowa guma balonowa i mieszanka owoc\u00f3w<\/strong><br data-start=\"438\" data-end=\"441\" \/>\ud83c\udf49\ud83c\udf6c <strong data-start=\"446\" data-end=\"472\">Arbuzowa guma balonowa:<\/strong> S\u0142odka guma + melon<br data-start=\"490\" data-end=\"493\" \/>\ud83c\udf47\ud83c\udf51 <strong data-start=\"498\" data-end=\"514\">Mieszana owoc\u00f3w:<\/strong> kolorowa, soczysta mieszanka owoc\u00f3w<\/p>\n<p data-start=\"544\" data-end=\"697\"><strong data-start=\"544\" data-end=\"584\">4. Truskawkowo-Bananowo-Wi\u015bniowa Piesta<\/strong><br data-start=\"584\" data-end=\"587\" \/>\ud83c\udf53\ud83c\udf4c <strong data-start=\"592\" data-end=\"614\">Truskawkowo-Bananowy:<\/strong> G\u0142adki, kremowy deserowy klimat<br data-start=\"642\" data-end=\"645\" \/>\ud83c\udf52\u2728 <strong data-start=\"649\" data-end=\"667\">Cherry Piesta:<\/strong> S\u0142odka wi\u015bnia z musuj\u0105c\u0105 nut\u0105<\/p>\n<p data-start=\"699\" data-end=\"830\"><strong data-start=\"699\" data-end=\"734\">5. L\u00f3d arbuzowy i brzoskwiniowe mango<\/strong><br data-start=\"734\" data-end=\"737\" \/>\u2744\ufe0f\ud83c\udf49 <strong data-start=\"742\" data-end=\"761\">L\u00f3d arbuzowy:<\/strong> Chrupi\u0105cy, ch\u0142odny melon<br data-start=\"779\" data-end=\"782\" \/>\ud83c\udf51\ud83e\udd6d <strong data-start=\"787\" data-end=\"803\">Brzoskwiniowe Mango:<\/strong> Tropikalne, g\u0142adkie, aromatyczne<\/p>\n<p data-start=\"832\" data-end=\"978\"><strong data-start=\"832\" data-end=\"870\">6. L\u00f3d jagodowy i cytryna malinowa<\/strong><br data-start=\"870\" data-end=\"873\" \/>\ud83e\uded0\u2744\ufe0f <strong data-start=\"878\" data-end=\"896\">L\u00f3d jagodowy:<\/strong> S\u0142odkie jagody z lodowym finiszem<br data-start=\"926\" data-end=\"929\" \/>\ud83c\udf4b\ud83c\udf53 <strong data-start=\"934\" data-end=\"954\">Malinowo-cytrynowa:<\/strong> pikantny, cierpki, owocowy pop<\/p>\n<p data-start=\"980\" data-end=\"1111\"><strong data-start=\"980\" data-end=\"1013\">7. Czerwony l\u00f3d energetyczny i l\u00f3d winogronowy<\/strong><br data-start=\"1013\" data-end=\"1016\" \/>\u26a1\u2744\ufe0f <strong data-start=\"1020\" data-end=\"1035\">Czerwona energia:<\/strong> S\u0142odka, musuj\u0105ca energia<br data-start=\"1061\" data-end=\"1064\" \/>\ud83c\udf47\u2744\ufe0f <strong data-start=\"1069\" data-end=\"1083\">L\u00f3d winogronowy:<\/strong> Odwa\u017cne winogrona z ch\u0142odnym wydechem<\/p>\n<p data-start=\"1113\" data-end=\"1254\"><strong data-start=\"1113\" data-end=\"1155\">8. Arbuz truskawkowy i nap\u00f3j gazowany pomara\u0144czowy<\/strong><br data-start=\"1155\" data-end=\"1158\" \/>\ud83c\udf53\ud83c\udf49 <strong data-start=\"1163\" data-end=\"1189\">Truskawkowy arbuz:<\/strong> Mi\u0119kki, soczysty klasyk<br data-start=\"1209\" data-end=\"1212\" \/>\ud83c\udf4a\ud83e\udd64 <strong data-start=\"1217\" data-end=\"1233\">Napoj pomara\u0144czowy:<\/strong> Musuj\u0105cy cytrusowy blask<\/p>\n<p data-start=\"1256\" data-end=\"1383\"><strong data-start=\"1256\" data-end=\"1290\">9. Cola Ice &amp; Cherry Cranberry<\/strong><br data-start=\"1290\" data-end=\"1293\" \/>\ud83e\udd64\u2744\ufe0f <strong data-start=\"1298\" data-end=\"1311\">Cola Ice:<\/strong> Ch\u0142odna, orze\u017awiaj\u0105ca cola<br data-start=\"1333\" data-end=\"1336\" \/>\ud83c\udf52\ud83e\uded0 <strong data-start=\"1341\" data-end=\"1362\">Wi\u015bniowo-\u017burawinowa:<\/strong> S\u0142odko-cierpka mieszanka jagodowa<\/p>\n<p data-start=\"1385\" data-end=\"1524\"><strong data-start=\"1385\" data-end=\"1422\">10. L\u00f3d jagodowy i czarna porzeczka<\/strong><br data-start=\"1422\" data-end=\"1425\" \/>\ud83e\uded0\u2744\ufe0f <strong data-start=\"1430\" data-end=\"1448\">L\u00f3d jagodowy:<\/strong> S\u0142odka, sch\u0142odzona jagoda<br data-start=\"1472\" data-end=\"1475\" \/>\ud83c\udf47\ud83c\udf11 <strong data-start=\"1480\" data-end=\"1498\">Czarna porzeczka:<\/strong> g\u0142\u0119boka, bogata, lekko cierpka<\/p>\n<p data-start=\"1526\" data-end=\"1693\"><strong data-start=\"1526\" data-end=\"1574\">11. Raspberry Mojito Peach Ice &amp; Lady Killer<\/strong><br data-start=\"1574\" data-end=\"1577\" \/>\ud83c\udf51\ud83c\udf43 <strong data-start=\"1582\" data-end=\"1613\">Raspberry Mojito Peach Ice:<\/strong> Mi\u0119towy, owocowy, sch\u0142odzony<br data-start=\"1636\" data-end=\"1639\" \/>\ud83d\udc9b\ud83c\udf38 <strong data-start=\"1644\" data-end=\"1660\">Lady Killer:<\/strong> G\u0142adka, najwy\u017cszej jako\u015bci mieszanka w stylu sziszy<\/p>\n<p data-start=\"1695\" data-end=\"1844\"><strong data-start=\"1695\" data-end=\"1736\">12. L\u00f3d arbuzowy i mamba truskawkowa<\/strong><br data-start=\"1736\" data-end=\"1739\" \/>\ud83c\udf49\u2744\ufe0f <strong data-start=\"1744\" data-end=\"1763\">L\u00f3d arbuzowy:<\/strong> \u015awie\u017cy, lodowaty melon<br data-start=\"1780\" data-end=\"1783\" \/>\ud83c\udf53\ud83d\udc0d <strong data-start=\"1788\" data-end=\"1809\">Truskawkowa Mamba:<\/strong> S\u0142odka, odwa\u017cna, przypominaj\u0105ca cukierek truskawka<\/p>\n<h2>FAQ \u2753<\/h2>\n<h3>1. Jak dzia\u0142a prze\u0142\u0105cznik dw\u00f3ch smak\u00f3w?<\/h3>\n<p>W urz\u0105dzeniu zastosowano magnetyczny mechanizm przesuwania. Wystarczy nacisn\u0105\u0107 i poci\u0105gn\u0105\u0107, aby natychmiast zmieni\u0107 smak \u2013 bez przycisk\u00f3w i op\u00f3\u017anie\u0144.<\/p>\n<h3>2. Jak d\u0142ugo wystarcza 120 000 zaci\u0105gni\u0119\u0107?<\/h3>\n<p>R\u00f3\u017cni si\u0119 to w zale\u017cno\u015bci od u\u017cytkownika, ale wi\u0119kszo\u015b\u0107 intensywnie waporyzuj\u0105cych cieszy si\u0119 tygodniami u\u017cywania jednego urz\u0105dzenia.<\/p>\n<h3>3. Czy zmiana smak\u00f3w niszczy cewk\u0119?<\/h3>\n<p>Nie. Bang Leader 120K ma niezale\u017cne \u015bcie\u017cki olejowe, co zapewnia stabiln\u0105 prac\u0119 cewki.<\/p>\n<h3>4. Czy mo\u017cna go \u0142adowa\u0107?<\/h3>\n<p>Tak, wykorzystuje port szybkiego \u0142adowania typu C do szybkiego \u0142adowania.<\/p>\n<h3>5. Jakie poziomy nikotyny s\u0105 dost\u0119pne?<\/h3>\n<p>Mo\u017cesz wybra\u0107 0%, 2%, 3% lub 5% w zale\u017cno\u015bci od regionu i preferencji.<\/p>\n<h3>6. Czy jest to odpowiednie dla pocz\u0105tkuj\u0105cych?<\/h3>\n<p>Tak! Jest aktywowany przez losowanie, \u0142atwy w u\u017cyciu i bezobs\u0142ugowy.<\/p>\n<h3>7. Jak sprawdzi\u0107 bateri\u0119 i e-liquid?<\/h3>\n<p>Wbudowany ekran pokazuje poziom na\u0142adowania baterii, e-liquid, liczb\u0119 zaci\u0105gni\u0119\u0107 i aktywny kana\u0142 smakowy.<\/p>\n<h3>8. Co mam zrobi\u0107, je\u015bli smakuje jak spalony?<\/h3>\n<p>Pozw\u00f3l urz\u0105dzeniu odpocz\u0105\u0107 przez kilka sekund lub dostosuj przep\u0142yw powietrza. Je\u015bli problem b\u0119dzie si\u0119 powtarza\u0142, skontaktuj si\u0119 z obs\u0142ug\u0105 klienta.<\/p>\n<h2>Idealny dla\u2026 \ud83d\udcbc<\/h2>\n<p>Bang Leader 120K jest idealny dla intensywnych u\u017cytkownik\u00f3w, \u0142owc\u00f3w smak\u00f3w, podr\u00f3\u017cuj\u0105cych waper\u00f3w, p\u00f3\u0142ek w sklepach z waporyzatorami i masowej dystrybucji hurtowej. Dzi\u0119ki ogromnej liczbie zaci\u0105gni\u0119\u0107, dw\u00f3m smakom i najwy\u017cszej jako\u015bci wykonaniu jest to produkt najcz\u0119\u015bciej wybierany przez nabywc\u00f3w B2B poszukuj\u0105cych asortymentu o wysokim popycie.<\/p>\n<p>Niezale\u017cnie od tego, czy zaopatrujesz sw\u00f3j sklep, czy szukasz trwa\u0142ego waporyzatora osobistego, ten pot\u0119\u017cny 120K jest gotowy, aby zaimponowa\u0107. \ud83d\ude80<\/p>\n","protected":false},"excerpt":{"rendered":"<p>Jednorazowy waporyzator Bang Leader 120K 2 w 1 z 120 000 zaci\u0105gni\u0119\u0107, p\u0142ynnym prze\u0142\u0105czaniem dw\u00f3ch smak\u00f3w i bogat\u0105 chmur\u0105. Idealny dla dystrybutor\u00f3w B2B, sklep\u00f3w z vape i zam\u00f3wie\u0144 hurtowych.<\/p>\n","protected":false},"featured_media":6827,"comment_status":"open","ping_status":"closed","template":"","meta":[],"product_brand":[],"product_cat":[348,772],"product_tag":[413,2154,798,2172,761],"class_list":{"0":"post-17406","1":"product","2":"type-product","3":"status-publish","4":"has-post-thumbnail","6":"product_cat-bang","7":"product_cat-jednorazowy-vape-100-tys-puffow","8":"product_tag-120-000-zaciagniec-vape","9":"product_tag-bang-vape","10":"product_tag-jednorazowe-o-podwojnym-smaku","11":"product_tag-adowalny-vape","12":"product_tag-lider-bangu-120-tys","14":"first","15":"instock","16":"shipping-taxable","17":"purchasable","18":"product-type-variable","19":"has-default-attributes"},"tiered_pricing_type":"fixed","tiered_pricing_fixed_rules":{"30":8.8100000000000004973799150320701301097869873046875,"50":7,"100":6.480000000000000426325641456060111522674560546875,"200":5.9900000000000002131628207280300557613372802734375,"400":5.769999999999999573674358543939888477325439453125},"tiered_pricing_product_settings":{"layout":"default","base_unit_name":{"singular":null,"plural":null},"default_variation":null},"tiered_pricing_minimum_quantity":10,"tiered_pricing_roles_data":[],"tiered_pricing_percentage_rules":[],"tiered_pricing_maximum_quantity":null,"tiered_pricing_quantity_step":"10","_links":{"self":[{"href":"https:\/\/stage.jrfer.com\/pl\/wp-json\/wp\/v2\/product\/17406","targetHints":{"allow":["GET"]}}],"collection":[{"href":"https:\/\/stage.jrfer.com\/pl\/wp-json\/wp\/v2\/product"}],"about":[{"href":"https:\/\/stage.jrfer.com\/pl\/wp-json\/wp\/v2\/types\/product"}],"replies":[{"embeddable":true,"href":"https:\/\/stage.jrfer.com\/pl\/wp-json\/wp\/v2\/comments?post=17406"}],"wp:featuredmedia":[{"embeddable":true,"href":"https:\/\/stage.jrfer.com\/pl\/wp-json\/wp\/v2\/media\/6827"}],"wp:attachment":[{"href":"https:\/\/stage.jrfer.com\/pl\/wp-json\/wp\/v2\/media?parent=17406"}],"wp:term":[{"taxonomy":"product_brand","embeddable":true,"href":"https:\/\/stage.jrfer.com\/pl\/wp-json\/wp\/v2\/product_brand?post=17406"},{"taxonomy":"product_cat","embeddable":true,"href":"https:\/\/stage.jrfer.com\/pl\/wp-json\/wp\/v2\/product_cat?post=17406"},{"taxonomy":"product_tag","embeddable":true,"href":"https:\/\/stage.jrfer.com\/pl\/wp-json\/wp\/v2\/product_tag?post=17406"}],"curies":[{"name":"wp","href":"https:\/\/api.w.org\/{rel}","templated":true}]}}