{"id":17808,"date":"2026-03-12T04:24:34","date_gmt":"2026-03-12T04:24:34","guid":{"rendered":"https:\/\/stage.jrfer.com\/product\/bang-lider-stoll-300k-jednorazowy-waporyzator-6-w-1-o-pojemnosci-300-000-zaciagniec-wielokrotnego-ladowania\/"},"modified":"2026-04-07T09:17:48","modified_gmt":"2026-04-07T09:17:48","slug":"bang-leader-stoll-300k-6-in-1-300000-puffs-rechargeable-bulk-disposable-vape","status":"publish","type":"product","link":"https:\/\/stage.jrfer.com\/pl\/produkt\/bang-leader-stoll-300k-6-in-1-300000-puffs-rechargeable-bulk-disposable-vape\/","title":{"rendered":"BANG LIDER STOLL 300K | Jednorazowy waporyzator 6 w 1 o pojemno\u015bci 300 000 zaci\u0105gni\u0119\u0107, wielokrotnego \u0142adowania"},"content":{"rendered":"<p><!-- Kr\u00f3tki opis SEO --><\/p>\n<p><strong>Jednorazowy Vape BANG LEADER STOLL 300K<\/strong> zosta\u0142 stworzony dla zaawansowanych u\u017cytkownik\u00f3w i profesjonalnych nabywc\u00f3w, kt\u00f3rzy chc\u0105 wi\u0119kszej warto\u015bci w jednym urz\u0105dzeniu.<br \/>\nDzi\u0119ki niesamowitym <strong>300 000 zaci\u0105gni\u0119\u0107<\/strong> i innowacyjnemu <strong>systemowi prze\u0142\u0105czania smak\u00f3w 6 w 1<\/strong>, ten najwy\u017cszej jako\u015bci jednorazowy produkt zapewnia d\u0142ugotrwa\u0142\u0105 wydajno\u015b\u0107, r\u00f3\u017cnorodno\u015b\u0107 i wygod\u0119 w jednym urz\u0105dzeniu. \ud83d\ude80<br \/>\nIdealny dla dystrybutor\u00f3w, hurtownik\u00f3w i sklep\u00f3w vape poszukuj\u0105cych wysokiej klasy produktu przynosz\u0105cego wysokie zyski.<\/p>\n<h2>Dlaczego warto wybra\u0107 BANG LEADER STOLL 300K?<\/h2>\n<ul>\n<li>\ud83d\udd25 Ogromna <strong>300 000 zaci\u0105gni\u0119\u0107<\/strong> \u2013 wyj\u0105tkowo d\u0142uga \u017cywotno\u015b\u0107<\/li>\n<li>\ud83c\udf9b\ufe0f <strong>Wymienne smaki 6 w 1<\/strong> \u2013 sze\u015b\u0107 smak\u00f3w w jednym urz\u0105dzeniu<\/li>\n<li>\ud83d\udd0b Wydajny <strong>akumulator 650 mAh<\/strong> z \u0142adowaniem typu C<\/li>\n<li>\u2601\ufe0f Zaawansowana <strong>cewka z podw\u00f3jn\u0105 siatk\u0105 (1,0 \u03a9)<\/strong> dla g\u0142adkich i bogatych chmur<\/li>\n<li>\ud83d\udcbc Opakowania zbiorcze \u2013 idealne do sprzeda\u017cy hurtowej i dystrybucji<\/li>\n<li>\u2728 Solidna konstrukcja zapewniaj\u0105ca doskona\u0142e wra\u017cenia wizualne<\/li>\n<\/ul>\n<h2>Dane techniczne BANG LEADER STOLL 300K<\/h2>\n<p>\n<\/p>\n<tr>\n<td><strong>Wydajno\u015b\u0107 zaci\u0105gni\u0119cia<\/strong><\/td>\n<td>Do 300 000 zaci\u0105gni\u0119\u0107<\/td>\n<\/tr>\n<tr>\n<td><strong>System smakowy<\/strong><\/td>\n<td>Konstrukcja z mo\u017cliwo\u015bci\u0105 zmiany smaku 6 w 1<\/td>\n<\/tr>\n<tr>\n<td><strong>Bateria<\/strong><\/td>\n<td>Akumulator 16350, akumulator 650 mAh<\/td>\n<\/tr>\n<tr>\n<td><strong>\u0141adowanie<\/strong><\/td>\n<td>Szybkie \u0142adowanie typu C<\/td>\n<\/tr>\n<tr>\n<td><strong>Cewka<\/strong><\/td>\n<td>Podw\u00f3jna cewka siatkowa, 1,0 \u03a9<\/td>\n<\/tr>\n<tr>\n<td><strong>Si\u0142a nikotyny<\/strong><\/td>\n<td>0% \/ 2% \/ 3% \/ 5% (opcjonalnie)<\/td>\n<\/tr>\n<tr>\n<td><strong>Waga<\/strong><\/td>\n<td>Oko\u0142o. 140 g na urz\u0105dzenie<\/td>\n<\/tr>\n<tr>\n<td><strong>Pakowanie<\/strong><\/td>\n<td>200 szt. w kartonie (hurt)<\/td>\n<\/tr>\n<\/tbody>\n<h2>BANG LEADER STOLL 300 tys. opcji smakowych \u2013 mieszanki 6 w 1 \ud83c\udf08<\/h2>\n<p>Ka\u017cde urz\u0105dzenie zawiera <strong>sze\u015b\u0107 r\u00f3\u017cnych smak\u00f3w<\/strong> w jednym urz\u0105dzeniu. Po prostu zmie\u0144 i ciesz si\u0119 nowym smakiem w dowolnym momencie.<\/p>\n<ul>\n<li><strong>Czerwona mieszanka:<\/strong> l\u00f3d arbuzowy, czerwony byk, kiwi truskawkowe, l\u00f3d jagodowy, limonka cytrynowa, arbuz truskawkowy<\/li>\n<li><strong>Mieszanka tropikalna:<\/strong> truskawkowo-bananowy, podw\u00f3jne jab\u0142ko, malinowy arbuz, kwa\u015bny ananas mango, owoc tropikalny, cytrynowo-brzoskwiniowa<\/li>\n<li><strong>Niebieska mieszanka:<\/strong> ananas-kokos, Niebieski Razz, mieszane jagody, mango, brzoskwinia, jagoda, malina, truskawkowo-waniliowa cola<\/li>\n<li><strong>Mieszanka cukierk\u00f3w:<\/strong> jagody brzoskwiniowe, potr\u00f3jny melon, l\u00f3d winogronowy, l\u00f3d czarnego smoka, gazowany l\u00f3d wi\u015bniowy, \u017celkowy mi\u015b<\/li>\n<li><strong>S\u0142odka mieszanka:<\/strong> T\u0119czowe cukierki, Wi\u015bniowa Lody coli, Mi\u0142o\u015b\u0107 666, Lody Mango, Jagodowa Wata Cukrowa, Brzoskwiniowy l\u00f3d<\/li>\n<li><strong>\u015awie\u017ca mieszanka:<\/strong> l\u00f3d z aloesu liczi, r\u00f3\u017cowa cytryna, l\u00f3d lodowcowy, mi\u0119ta z igie\u0142 sosnowych, l\u00f3d z czarnej porzeczki, arbuz cytrynowy<\/li>\n<\/ul>\n<p><img decoding=\"async\" class=\"alignnone size-full wp-image-102547\" src=\"https:\/\/aiviouvapes.com\/wp-content\/uploads\/2026\/01\/BANG-LEADER-STOLL-300K-1.jpg\" alt=\"\" title=\"\"><\/p>\n<h2>Dla kogo to jest?<\/h2>\n<p><strong>BANG LEADER STOLL 300K<\/strong> jest idealny dla <strong>intensywnych u\u017cytkownik\u00f3w<\/strong>, kt\u00f3rzy chc\u0105 rzadziej wymienia\u0107,<br \/>\n<strong>poszukiwacze smak\u00f3w<\/strong>, kt\u00f3rzy kochaj\u0105 r\u00f3\u017cnorodno\u015b\u0107 oraz <strong>sklepy i hurtownie vape<\/strong> szukaj\u0105ce premium,<br \/>\njednorazowe opakowanie o du\u017cej pojemno\u015bci, kt\u00f3re wyr\u00f3\u017cnia si\u0119 i szybko si\u0119 sprzedaje. \ud83d\udcbc\u2601\ufe0f<\/p>\n<h2>Cz\u0119sto zadawane pytania (FAQ)<\/h2>\n<p><strong>P: Jak \u0142adowa\u0107 BANG LEADER STOLL 300K?<\/strong><br \/>\nOdp.: u\u017cyj dowolnego standardowego kabla \u0142aduj\u0105cego typu C. Pod\u0142\u0105cz go, a na\u0142aduje si\u0119 szybko i bezpiecznie.<\/p>\n<p><strong>P: Czy klienci mog\u0105 \u0142atwo zmienia\u0107 smaki?<\/strong><br \/>\nOdp.: Tak \ud83d\udc4d Urz\u0105dzenie posiada wbudowany system prze\u0142\u0105czania, pozwalaj\u0105cy na b\u0142yskawiczn\u0105 zmian\u0119 pomi\u0119dzy 6 smakami.<\/p>\n<p><strong>P: Czy jest to odpowiednie w przypadku zam\u00f3wie\u0144 hurtowych i masowych?<\/strong><br \/>\nO: Absolutnie. Pakowany jest w kartony po 200 sztuk, dzi\u0119ki czemu idealnie nadaje si\u0119 dla dystrybutor\u00f3w i sklep\u00f3w vape.<\/p>\n<p><strong>P: Co sprawia, \u017ce cewka siatkowa jest lepsza?<\/strong><br \/>\nOdp.: Cewki siatkowe nagrzewaj\u0105 si\u0119 r\u00f3wnomiernie, zapewniaj\u0105c g\u0142adsze uderzenia, silniejszy smak i bardziej sp\u00f3jn\u0105 par\u0119.<\/p>\n<p><strong>P: Czy to urz\u0105dzenie jest przyjazne dla pocz\u0105tkuj\u0105cych?<\/strong><br \/>\nOdp.: Tak \ud83d\ude0a Jest aktywowany przez losowanie, \u0142atwy w obs\u0142udze i nie wymaga konfiguracji \u2014 wystarczy zmieni\u0107 smak i wapowa\u0107.<\/p>\n<p>Ulepsz swoj\u0105 ofert\u0119 produkt\u00f3w o jednorazowy Vape <strong>BANG LEADER STOLL 300K<\/strong> \u2014<br \/>\nogromne ptysie, wiele smak\u00f3w i powa\u017cna warto\u015b\u0107 hurtowa. \ud83d\uded2\ud83d\udd25<\/p>\n","protected":false},"excerpt":{"rendered":"<p>Jednorazowy Vape BANG LEADER STOLL 300K zosta\u0142 stworzony dla zaawansowanych u\u017cytkownik\u00f3w i profesjonalnych nabywc\u00f3w, kt\u00f3rzy chc\u0105 wi\u0119kszej warto\u015bci w jednym urz\u0105dzeniu. Dzi\u0119ki niesamowitym 300 000 zaci\u0105gni\u0119\u0107 i innowacyjnemu systemowi prze\u0142\u0105czania smak\u00f3w 6 w 1, ten najwy\u017cszej jako\u015bci jednorazowy produkt zapewnia d\u0142ugotrwa\u0142\u0105 wydajno\u015b\u0107, r\u00f3\u017cnorodno\u015b\u0107 i wygod\u0119 w jednym urz\u0105dzeniu. \ud83d\ude80 Idealny dla dystrybutor\u00f3w, hurtownik\u00f3w i sklep\u00f3w [&hellip;]<\/p>\n","protected":false},"featured_media":6941,"comment_status":"open","ping_status":"closed","template":"","meta":[],"product_brand":[],"product_cat":[348,576],"product_tag":[895,962,930,782,627],"class_list":{"0":"post-17808","1":"product","2":"type-product","3":"status-publish","4":"has-post-thumbnail","6":"product_cat-bang","7":"product_cat-jednorazowy-waporyzator-o-pojemnosci-30000-zaciagniec","8":"product_tag-300-000-zaciagniec-vape","9":"product_tag-hurtownia-jednorazowych-waporyzatorow","10":"product_tag-jednorazowy-waporyzator-6-w-1","11":"product_tag-jednorazowy-waporyzator-masowy","12":"product_tag-jednorazowy-waporyzator-wielokrotnego-adowania","14":"first","15":"instock","16":"shipping-taxable","17":"purchasable","18":"product-type-variable","19":"has-default-attributes"},"tiered_pricing_type":"fixed","tiered_pricing_fixed_rules":{"30":10.2400000000000002131628207280300557613372802734375,"50":8.8100000000000004973799150320701301097869873046875,"100":8.03999999999999914734871708787977695465087890625,"200":7.6500000000000003552713678800500929355621337890625,"400":7.12999999999999989341858963598497211933135986328125},"tiered_pricing_product_settings":{"layout":"default","base_unit_name":{"singular":null,"plural":null},"default_variation":null},"tiered_pricing_minimum_quantity":10,"tiered_pricing_roles_data":[],"tiered_pricing_percentage_rules":[],"tiered_pricing_maximum_quantity":null,"tiered_pricing_quantity_step":"10","_links":{"self":[{"href":"https:\/\/stage.jrfer.com\/pl\/wp-json\/wp\/v2\/product\/17808","targetHints":{"allow":["GET"]}}],"collection":[{"href":"https:\/\/stage.jrfer.com\/pl\/wp-json\/wp\/v2\/product"}],"about":[{"href":"https:\/\/stage.jrfer.com\/pl\/wp-json\/wp\/v2\/types\/product"}],"replies":[{"embeddable":true,"href":"https:\/\/stage.jrfer.com\/pl\/wp-json\/wp\/v2\/comments?post=17808"}],"wp:featuredmedia":[{"embeddable":true,"href":"https:\/\/stage.jrfer.com\/pl\/wp-json\/wp\/v2\/media\/6941"}],"wp:attachment":[{"href":"https:\/\/stage.jrfer.com\/pl\/wp-json\/wp\/v2\/media?parent=17808"}],"wp:term":[{"taxonomy":"product_brand","embeddable":true,"href":"https:\/\/stage.jrfer.com\/pl\/wp-json\/wp\/v2\/product_brand?post=17808"},{"taxonomy":"product_cat","embeddable":true,"href":"https:\/\/stage.jrfer.com\/pl\/wp-json\/wp\/v2\/product_cat?post=17808"},{"taxonomy":"product_tag","embeddable":true,"href":"https:\/\/stage.jrfer.com\/pl\/wp-json\/wp\/v2\/product_tag?post=17808"}],"curies":[{"name":"wp","href":"https:\/\/api.w.org\/{rel}","templated":true}]}}