{"id":18160,"date":"2025-10-21T03:02:24","date_gmt":"2025-10-21T03:02:24","guid":{"rendered":"https:\/\/stage.jrfer.com\/product\/bang-leader-110k-zaciagniec-inteligentny-jednorazowy-waporyzator-o-6-smakach-z-ekranem-led\/"},"modified":"2026-04-07T11:25:12","modified_gmt":"2026-04-07T11:25:12","slug":"bang-leader-110k-puffs-6-flavor-smart-disposable-vape-with-led-screen","status":"publish","type":"product","link":"https:\/\/stage.jrfer.com\/pl\/produkt\/bang-leader-110k-puffs-6-flavor-smart-disposable-vape-with-led-screen\/","title":{"rendered":"Bang Leader 110K zaci\u0105gni\u0119\u0107 | Inteligentny jednorazowy waporyzator o 6 smakach z ekranem LED"},"content":{"rendered":"<h2>Bang Leader 110 tys. zaci\u0105gni\u0119\u0107 \ud83d\udca8 | Inteligentny jednorazowy waporyzator o 6 smakach z ekranem LED<\/h2>\n<h3>\ud83d\udd25 Najwa\u017cniejsze funkcje<\/h3>\n<ul>\n<li>\ud83d\udca8 <strong>110 000 zaci\u0105gni\u0119\u0107<\/strong> \u2014 niezr\u00f3wnana wytrzyma\u0142o\u015b\u0107 podczas bardzo d\u0142ugich sesji wapowania.<\/li>\n<li>\ud83c\udf08 <strong>6 tryb\u00f3w smakowych:<\/strong> Mieszaj i dopasowuj sw\u00f3j gust \u2014 A, B, C, A+B, A+C, B+C.<\/li>\n<li>\u2699\ufe0f <strong>Grza\u0142ka z potr\u00f3jn\u0105 siatk\u0105:<\/strong> Stabilna para, intensywny smak za ka\u017cdym razem.<\/li>\n<li>\ud83d\udd0b <strong>Akumulator 850 mAh:<\/strong> akumulator typu C zapewniaj\u0105cy sta\u0142\u0105 moc i wydajno\u015b\u0107.<\/li>\n<li>\ud83d\udda5\ufe0f <strong>Inteligentny wy\u015bwietlacz LED:<\/strong> \u015bledzenie stanu baterii i e-p\u0142yn\u00f3w w czasie rzeczywistym.<\/li>\n<li>\ud83e\uddc3 <strong>3 niezale\u017cne zbiorniki:<\/strong> Oddzielne przegr\u00f3dki na smaki, aby unikn\u0105\u0107 mieszania si\u0119 smak\u00f3w.<\/li>\n<li>\ud83c\udf0d <strong>Opcje nikotynowe:<\/strong> Dost\u0119pne w st\u0119\u017ceniach 2%, 3% i 5% na potrzeby rynku globalnego.<\/li>\n<\/ul>\n<h3>\u2699\ufe0fSpecyfikacje<\/h3>\n<tr>\n<td><strong>Liczba zaci\u0105gni\u0119\u0107<\/strong><\/td>\n<td>Do 110 000<\/td>\n<\/tr>\n<tr>\n<td><strong>Si\u0142a nikotyny<\/strong><\/td>\n<td>2% \/ 3% \/ 5%<\/td>\n<\/tr>\n<tr>\n<td><strong>Tryby smakowe<\/strong><\/td>\n<td>A, B, C, A+B, A+C, B+C<\/td>\n<\/tr>\n<tr>\n<td><strong>Zbiornik oleju<\/strong><\/td>\n<td>3 niezale\u017cne zbiorniki<\/td>\n<\/tr>\n<tr>\n<td><strong>Bateria<\/strong><\/td>\n<td>Akumulator 850 mAh<\/td>\n<\/tr>\n<tr>\n<td><strong>Cewka<\/strong><\/td>\n<td>Potr\u00f3jna cewka<\/td>\n<\/tr>\n<tr>\n<td><strong>Wy\u015bwietlacz<\/strong><\/td>\n<td>Inteligentny ekran LED<\/td>\n<\/tr>\n<tr>\n<td><strong>Port \u0142adowania<\/strong><\/td>\n<td>Typ C<\/td>\n<\/tr>\n<tr>\n<td><strong>Opakowanie<\/strong><\/td>\n<td>10 szt.\/opakowanie<\/td>\n<\/tr>\n<\/tbody>\n<h3>\ud83c\udf53 Dost\u0119pne kombinacje smakowe<\/h3>\n<ol>\n<li>Watermelon Ice \u2022 Strawberry Mamba \u2022 Strawberry Watermelon<\/li>\n<li>Fuji L\u00f3d \u2022 Winogrono Jab\u0142kowe \u2022 Granat Wi\u015bniowy<\/li>\n<li>L\u00f3d jagodowy \u2022 Malinowa cytryna \u2022 Arbuzowa guma balonowa<\/li>\n<li>Jagody Maliny \u2022 Kwa\u015bne ananasy Pomara\u0144cze \u2022 Maliny Arbuzy<\/li>\n<li>L\u00f3d winogronowy \u2022 Brzoskwinia z mango \u2022 Arbuz jagodowy<\/li>\n<li>L\u00f3d truskawkowy \u2022 Brzoskwinia Cytryna \u2022 Kiwi Gujawa z marakuji<\/li>\n<li>Ananasowo-kokosowy \u2022 Jagodowy Red Bull \u2022 Arbuzowy l\u00f3d<\/li>\n<li>Truskawka Kiwi \u2022 Jagoda Kokos \u2022 Mieszanka Jag\u00f3d<\/li>\n<li>Romans cytrynowy \u2022 Malina jagodowa \u2022 Mentol brzoskwiniowy<\/li>\n<li>L\u00f3d brzoskwiniowy \u2022 L\u00f3d ananasowy z czarnej porzeczki \u2022 Kiwi z zielonego jab\u0142ka<\/li>\n<\/ol>\n<h3>\ud83d\udcac FAQ<\/h3>\n<p><strong>P:<\/strong> Jak dzia\u0142a 6-trybowy system smakowy?<br \/>\n<strong>A:<\/strong> Mo\u017cesz wybra\u0107 indywidualny lub mieszany tryb smaku (A, B, C, A+B, A+C, B+C), aby uzyska\u0107 spersonalizowan\u0105 kontrol\u0119 smaku.<\/p>\n<p><strong>P:<\/strong> Czy mo\u017cna go \u0142adowa\u0107?<br \/>\n<strong>O:<\/strong> Tak, Bang Leader 110K zawiera port \u0142adowania typu C zapewniaj\u0105cy d\u0142u\u017csz\u0105 \u017cywotno\u015b\u0107.<\/p>\n<\/p>\n<p><strong>Bang Leader 110K<\/strong> wyznacza nowy standard wydajno\u015bci i r\u00f3\u017cnorodno\u015bci. Niezale\u017cnie od tego, czy chodzi o przyjemno\u015b\u0107 osobist\u0105, czy o sprzeda\u017c detaliczn\u0105, zapewnia moc, precyzj\u0119 i niesamowit\u0105 r\u00f3\u017cnorodno\u015b\u0107 smak\u00f3w w jednym jednorazowym waporyzatorze premium.<\/p>\n","protected":false},"excerpt":{"rendered":"<p>Odkryj <strong>Bang Leader 110K<\/strong> \u2014 rewolucyjny, jednorazowy waporyzator z 6 trybami i mo\u017cliwo\u015bci\u0105 <strong>110 000 zaci\u0105gni\u0119\u0107<\/strong>, inteligentnym ekranem LED i cewk\u0105 z potr\u00f3jn\u0105 siatk\u0105 zapewniaj\u0105c\u0105 niesamowity smak. Mo\u017cna go \u0142adowa\u0107 i zbudowano dla powa\u017cnych waper\u00f3w, kt\u00f3rzy chc\u0105 tego wszystkiego.<\/p>\n","protected":false},"featured_media":6348,"comment_status":"open","ping_status":"closed","template":"","meta":[],"product_brand":[],"product_cat":[348,1927],"product_tag":[],"class_list":{"0":"post-18160","1":"product","2":"type-product","3":"status-publish","4":"has-post-thumbnail","6":"product_cat-bang","7":"product_cat-nowy","9":"first","10":"instock","11":"shipping-taxable","12":"purchasable","13":"product-type-variable","14":"has-default-attributes"},"tiered_pricing_type":"fixed","tiered_pricing_fixed_rules":{"30":8.949999999999999289457264239899814128875732421875,"50":7.21999999999999975131004248396493494510650634765625,"100":6.5999999999999996447286321199499070644378662109375,"200":6.1500000000000003552713678800500929355621337890625,"400":5.5},"tiered_pricing_product_settings":{"layout":"default","base_unit_name":{"singular":null,"plural":null},"default_variation":null},"tiered_pricing_minimum_quantity":10,"tiered_pricing_roles_data":[],"tiered_pricing_percentage_rules":[],"tiered_pricing_maximum_quantity":null,"tiered_pricing_quantity_step":"10","_links":{"self":[{"href":"https:\/\/stage.jrfer.com\/pl\/wp-json\/wp\/v2\/product\/18160","targetHints":{"allow":["GET"]}}],"collection":[{"href":"https:\/\/stage.jrfer.com\/pl\/wp-json\/wp\/v2\/product"}],"about":[{"href":"https:\/\/stage.jrfer.com\/pl\/wp-json\/wp\/v2\/types\/product"}],"replies":[{"embeddable":true,"href":"https:\/\/stage.jrfer.com\/pl\/wp-json\/wp\/v2\/comments?post=18160"}],"wp:featuredmedia":[{"embeddable":true,"href":"https:\/\/stage.jrfer.com\/pl\/wp-json\/wp\/v2\/media\/6348"}],"wp:attachment":[{"href":"https:\/\/stage.jrfer.com\/pl\/wp-json\/wp\/v2\/media?parent=18160"}],"wp:term":[{"taxonomy":"product_brand","embeddable":true,"href":"https:\/\/stage.jrfer.com\/pl\/wp-json\/wp\/v2\/product_brand?post=18160"},{"taxonomy":"product_cat","embeddable":true,"href":"https:\/\/stage.jrfer.com\/pl\/wp-json\/wp\/v2\/product_cat?post=18160"},{"taxonomy":"product_tag","embeddable":true,"href":"https:\/\/stage.jrfer.com\/pl\/wp-json\/wp\/v2\/product_tag?post=18160"}],"curies":[{"name":"wp","href":"https:\/\/api.w.org\/{rel}","templated":true}]}}