{"id":19699,"date":"2025-10-21T03:02:24","date_gmt":"2025-10-21T03:02:24","guid":{"rendered":"https:\/\/stage.jrfer.com\/product\/ptysie-vopk-cztery-smaki-80k-ladowalny-waporyzator-4-w-1-z-regulowanym-smakiem\/"},"modified":"2026-04-07T11:31:52","modified_gmt":"2026-04-07T11:31:52","slug":"vopk-four-flavors-80k-puffs-4-in-1-adjustable-flavor-rechargeable-vape","status":"publish","type":"product","link":"https:\/\/stage.jrfer.com\/pl\/produkt\/vopk-four-flavors-80k-puffs-4-in-1-adjustable-flavor-rechargeable-vape\/","title":{"rendered":"Ptysie Vopk Cztery Smaki 80K | \u0141adowalny waporyzator 4 w 1 z regulowanym smakiem"},"content":{"rendered":"<h2>Vopk Cztery Smaki 80K Ptysi \ud83d\udca8 | \u0141adowalny waporyzator smakowy 4 w 1<\/h2>\n<h3>\ud83d\udd25 Dlaczego warto wybra\u0107 Vopk Cztery Smaki 80K?<\/h3>\n<ul>\n<li>\ud83c\udf08 <strong>4 regulowane smaki<\/strong> \u2014 \u0142atwe prze\u0142\u0105czanie mi\u0119dzy czterema wbudowanymi zbiornikami, aby zapewni\u0107 nieprzerwan\u0105 r\u00f3\u017cnorodno\u015b\u0107.<\/li>\n<li>\ud83d\udca8 <strong>Ogromne 80 000 zaci\u0105gni\u0119\u0107<\/strong> \u2014 stworzone, aby zapewni\u0107 satysfakcj\u0119 z wapowania przez kilka tygodni.<\/li>\n<li>\u26a1 <strong>Cewka siatkowa 0,9 \u03a9<\/strong> \u2014 zapewnia wyj\u0105tkowo g\u0142adk\u0105 par\u0119 i autentyczny smak.<\/li>\n<li>\ud83d\udd0b <strong>Akumulator 650 mAh<\/strong> \u2014 szybkie \u0142adowanie za pomoc\u0105 typu C zapewnia sta\u0142\u0105 wydajno\u015b\u0107.<\/li>\n<li>\ud83d\udda5\ufe0f <strong>Wy\u015bwietlacz LED<\/strong> \u2014 Wska\u017aniki zasilania i poziomu e-liquidu w czasie rzeczywistym.<\/li>\n<li>\ud83d\udc8e <strong>Kompilacja premium<\/strong> \u2014 elegancki wygl\u0105d, mocny przep\u0142yw powietrza i trwa\u0142e materia\u0142y.<\/li>\n<li>\ud83c\udf0d <strong>Opcje nikotynowe<\/strong> \u2014 dost\u0119pne w st\u0119\u017ceniach 2% i 5%, idealne na rynki UE i Wielkiej Brytanii.<\/li>\n<\/ul>\n<h3>\u2699\ufe0fSpecyfikacje<\/h3>\n<tr>\n<td><strong>Liczba zaci\u0105gni\u0119\u0107<\/strong><\/td>\n<td>Do 80 000<\/td>\n<\/tr>\n<tr>\n<td><strong>Si\u0142a nikotyny<\/strong><\/td>\n<td>2% \/ 5%<\/td>\n<\/tr>\n<tr>\n<td><strong>Tryby smakowe<\/strong><\/td>\n<td>4 regulowane<\/td>\n<\/tr>\n<tr>\n<td><strong>Bateria<\/strong><\/td>\n<td>Akumulator 650 mAh<\/td>\n<\/tr>\n<tr>\n<td><strong>Cewka<\/strong><\/td>\n<td>Cewka siatkowa 0,9 \u03a9<\/td>\n<\/tr>\n<tr>\n<td><strong>Wy\u015bwietlacz LED<\/strong><\/td>\n<td>Tak<\/td>\n<\/tr>\n<tr>\n<td><strong>Port \u0142adowania<\/strong><\/td>\n<td>USB typu C<\/td>\n<\/tr>\n<tr>\n<td><strong>Opakowanie<\/strong><\/td>\n<td>10 szt.\/opakowanie<\/td>\n<\/tr>\n<\/tbody>\n<h3>\ud83c\udf6d Kombinacje smak\u00f3w<\/h3>\n<ol>\n<li>L\u00f3d arbuzowy \u2022 L\u00f3d potr\u00f3jny melon \u2022 L\u00f3d Blue Razz \u2022 Lody truskawkowe<\/li>\n<li>Malina jagodowa \u2022 L\u00f3d Fuji \u2022 Mieszane jagody \u2022 Cukierki kokosowe jagodowe<\/li>\n<li>Truskawkowy arbuz \u2022 Winogrona \u017curawinowe \u2022 L\u00f3d mango \u2022 Cukierki truskawkowo-malinowe<\/li>\n<li>Lody Red Bulla \u2022 Marakuja Kiwi Limonka \u2022 Kwa\u015bne Jab\u0142ko Malina \u2022 Truskawka Arbuz Guma balonowa<\/li>\n<li>L\u00f3d jagodowy \u2022 Arbuz brzoskwiniowo-mango \u2022 Melon Jab\u0142ko \u2022 Musuj\u0105cy l\u00f3d wi\u015bniowy<\/li>\n<li>Truskawkowe Mango \u2022 Truskawkowe Kiwi \u2022 Arbuz Smoczy Owoc \u2022 \u017belek Mi\u015b<\/li>\n<li>Mi\u0142o\u015b\u0107 66 \u2022 Malinowy Arbuz \u2022 Truskawkowy Malinowy Wi\u015bniowy \u2022 Wi\u015bniowy Cukierkowy L\u00f3d<\/li>\n<li>Truskawka Banan \u2022 Ananas Kokos L\u00f3d \u2022 Mango Brzoskwinia Morela \u2022 Aloes Mango Melon<\/li>\n<li>T\u0119czowe cukierki \u2022 Lody brzoskwiniowe \u2022 Cytryna Kwa\u015bna pomara\u0144cza \u2022 \u017burawina Cytryna<\/li>\n<li>Kiwi Gujawa z marakuji \u2022 Wi\u015bnia truskawkowa \u2022 L\u00f3d winogronowy \u2022 Cukierki truskawkowe<\/li>\n<\/ol>\n<h3>\ud83d\udcac FAQ<\/h3>\n<p><strong>P:<\/strong> Jak zmieni\u0107 smak?<br \/>\n<strong>O:<\/strong> Obracaj\u0105c ustnik mo\u017cesz prze\u0142\u0105cza\u0107 si\u0119 pomi\u0119dzy 4 r\u00f3\u017cnymi smakami.<\/p>\n<p><strong>P:<\/strong> Czy Vopk 80K mo\u017cna \u0142adowa\u0107?<br \/>\n<strong>O:<\/strong> Tak, zawiera port \u0142adowania typu C umo\u017cliwiaj\u0105cy szybkie i wygodne \u0142adowanie.<\/p>\n<p><strong>P:<\/strong> Dla kogo to jest?<br \/>\n<strong>O:<\/strong> Idealny dla mi\u0142o\u015bnik\u00f3w smak\u00f3w, okazjonalnych waper\u00f3w i ka\u017cdego, kto chce czterech do\u015bwiadcze\u0144 w jednym urz\u0105dzeniu.<\/p>\n<\/p>\n<p><strong>Vopk Four Flavours 80K<\/strong> to najlepszy system waporyzacyjny 4 w 1 \u2014 trwa\u0142y, aromatyczny i idealny zar\u00f3wno do u\u017cytku osobistego, jak i detalicznego. Ciesz si\u0119 nieprzerwan\u0105 satysfakcj\u0105 smakow\u0105 dzi\u0119ki temu jednorazowemu waporyzatorowi premium o du\u017cej pojemno\u015bci.<\/p>\n","protected":false},"excerpt":{"rendered":"<p>Poczuj moc smaku dzi\u0119ki jednorazowemu waporyzatorowi <strong>Vopk 80K 4 w 1<\/strong> \u2014 do 80 000 zaci\u0105gni\u0119\u0107, 4 prze\u0142\u0105czane smaki, cewka siatkowa i akumulator. Zaprojektowany z my\u015bl\u0105 o g\u0142adkich uderzeniach, mocnym smaku i d\u0142ugotrwa\u0142ej przyjemno\u015bci z wapowania!<\/p>\n","protected":false},"featured_media":6333,"comment_status":"open","ping_status":"closed","template":"","meta":[],"product_brand":[],"product_cat":[352,1927],"product_tag":[],"class_list":{"0":"post-19699","1":"product","2":"type-product","3":"status-publish","4":"has-post-thumbnail","6":"product_cat-wopk","7":"product_cat-nowy","9":"first","10":"instock","11":"shipping-taxable","12":"purchasable","13":"product-type-variable","14":"has-default-attributes"},"tiered_pricing_type":"fixed","tiered_pricing_fixed_rules":{"30":9.5099999999999997868371792719699442386627197265625,"50":7.78000000000000024868995751603506505489349365234375,"100":7.160000000000000142108547152020037174224853515625,"200":6.6699999999999999289457264239899814128875732421875,"400":5.9900000000000002131628207280300557613372802734375},"tiered_pricing_product_settings":{"layout":"default","base_unit_name":{"singular":null,"plural":null},"default_variation":null},"tiered_pricing_minimum_quantity":10,"tiered_pricing_roles_data":[],"tiered_pricing_percentage_rules":[],"tiered_pricing_maximum_quantity":null,"tiered_pricing_quantity_step":"10","_links":{"self":[{"href":"https:\/\/stage.jrfer.com\/pl\/wp-json\/wp\/v2\/product\/19699","targetHints":{"allow":["GET"]}}],"collection":[{"href":"https:\/\/stage.jrfer.com\/pl\/wp-json\/wp\/v2\/product"}],"about":[{"href":"https:\/\/stage.jrfer.com\/pl\/wp-json\/wp\/v2\/types\/product"}],"replies":[{"embeddable":true,"href":"https:\/\/stage.jrfer.com\/pl\/wp-json\/wp\/v2\/comments?post=19699"}],"wp:featuredmedia":[{"embeddable":true,"href":"https:\/\/stage.jrfer.com\/pl\/wp-json\/wp\/v2\/media\/6333"}],"wp:attachment":[{"href":"https:\/\/stage.jrfer.com\/pl\/wp-json\/wp\/v2\/media?parent=19699"}],"wp:term":[{"taxonomy":"product_brand","embeddable":true,"href":"https:\/\/stage.jrfer.com\/pl\/wp-json\/wp\/v2\/product_brand?post=19699"},{"taxonomy":"product_cat","embeddable":true,"href":"https:\/\/stage.jrfer.com\/pl\/wp-json\/wp\/v2\/product_cat?post=19699"},{"taxonomy":"product_tag","embeddable":true,"href":"https:\/\/stage.jrfer.com\/pl\/wp-json\/wp\/v2\/product_tag?post=19699"}],"curies":[{"name":"wp","href":"https:\/\/api.w.org\/{rel}","templated":true}]}}