{"id":20334,"date":"2026-03-12T04:24:34","date_gmt":"2026-03-12T04:24:34","guid":{"rendered":"https:\/\/stage.jrfer.com\/product\/bang-king-potrojny-100-tys-3-w-1-100-000-zaciagniec-potrojny-smak-trwaly-jednorazowy-waporyzator-z-mozliwoscia-ponownego-ladowania\/"},"modified":"2026-04-07T09:36:28","modified_gmt":"2026-04-07T09:36:28","slug":"bang-king-triple-100k-3-in-1-100000-puffs-triple-flavor-rechargeable-long-lasting-disposable-vape","status":"publish","type":"product","link":"https:\/\/stage.jrfer.com\/pl\/produkt\/bang-king-triple-100k-3-in-1-100000-puffs-triple-flavor-rechargeable-long-lasting-disposable-vape\/","title":{"rendered":"Bang King Potr\u00f3jny 100 tys. | 3 w 1 100 000 zaci\u0105gni\u0119\u0107, potr\u00f3jny smak, trwa\u0142y, jednorazowy waporyzator z mo\u017cliwo\u015bci\u0105 ponownego \u0142adowania"},"content":{"rendered":"<p><strong>Jednorazowy waporyzator Bang King Triple 100000 puffs<\/strong> jest przeznaczony dla waper\u00f3w, kt\u00f3rzy chc\u0105 wi\u0119kszej mocy, wi\u0119kszego smaku i wi\u0119kszej warto\u015bci. Dzi\u0119ki trzem wbudowanym zbiornikom na smak, obrotowemu selektorowi smaku i wyj\u0105tkowo du\u017cej liczbie zaci\u0105gni\u0119\u0107, ten jednorazowy produkt premium zapewnia elastyczne i ekscytuj\u0105ce wra\u017cenia z wapowania zar\u00f3wno klientom detalicznym, jak i hurtowym.<\/p>\n<h2>Dlaczego warto wybra\u0107 Bang King Triple 100K?<\/h2>\n<ul>\n<li>\ud83d\udca8 Do <strong>100 000 zaci\u0105gni\u0119\u0107<\/strong> przy wyj\u0105tkowo d\u0142ugim u\u017cytkowaniu<\/li>\n<li>\ud83c\udfa1 <strong>Obrotowy system smakowy 3 w 1<\/strong> \u2013 zmieniaj smaki w dowolnym momencie<\/li>\n<li>\ud83c\udf6c <strong>Grza\u0142ki z potr\u00f3jn\u0105 siatk\u0105<\/strong> dla g\u0142adkiej pary i wyrazistego smaku<\/li>\n<li>\ud83d\udd0b <strong>Akumulator 650 mAh<\/strong> zapewniaj\u0105cy stabilne zasilanie przez ca\u0142y dzie\u0144<\/li>\n<li>\u26a1 <strong>Szybkie \u0142adowanie typu C<\/strong> umo\u017cliwiaj\u0105ce szybkie i \u0142atwe \u0142adowanie<\/li>\n<li>\ud83e\uddc3 <strong>Pojemno\u015b\u0107 e-liquidu 54 ml<\/strong> (3 \u00d7 zbiorniki 18 ml)<\/li>\n<li>\ud83d\udce6 Idealny dla <strong>sklep\u00f3w z waporyzatorami, dystrybutor\u00f3w i zam\u00f3wie\u0144 hurtowych<\/strong><\/li>\n<\/ul>\n<h2>Dane techniczne Bang King Triple 100K<\/h2>\n<p>\n<\/p>\n<tr>\n<td>Liczba zaci\u0105gni\u0119\u0107<\/td>\n<td>Do 100 000 zaci\u0105gni\u0119\u0107<\/td>\n<\/tr>\n<tr>\n<td>Pojemno\u015b\u0107 e-liquidu<\/td>\n<td>54 ml (3 \u00d7 18 ml)<\/td>\n<\/tr>\n<tr>\n<td>Si\u0142a nikotyny<\/td>\n<td>2% \/ 3% \/ 5%<\/td>\n<\/tr>\n<tr>\n<td>Pojemno\u015b\u0107 baterii<\/td>\n<td>Akumulator 650 mAh<\/td>\n<\/tr>\n<tr>\n<td>Typ cewki<\/td>\n<td>Potr\u00f3jne cewki siatkowe 1,0 \u03a9<\/td>\n<\/tr>\n<tr>\n<td>Port \u0142adowania<\/td>\n<td>Szybkie \u0142adowanie typu C<\/td>\n<\/tr>\n<tr>\n<td>System smakowy<\/td>\n<td>Obrotowy selektor smak\u00f3w 3 w 1<\/td>\n<\/tr>\n<tr>\n<td>Opcje smakowe<\/td>\n<td>10 mieszanek o trzech smakach<\/td>\n<\/tr>\n<tr>\n<td>Opakowanie<\/td>\n<td>10 sztuk w pude\u0142ku wystawowym<\/td>\n<\/tr>\n<\/tbody>\n<h2>Bang King Triple 100 tys. opcji smakowych<\/h2>\n<ul>\n<li>\ud83c\udf49 Arbuz + Red Bull + Truskawka Kiwi \u2013 s\u0142odki, energetyczny i owocowy<\/li>\n<li>\ud83c\udf4b Limonka Cytrynowa + Arbuz Truskawkowy + L\u00f3d Jagodowy \u2013 \u015bwie\u017cy z lodowym finiszem<\/li>\n<li>\ud83c\udf53 Truskawkowy Banan + Malinowy Arbuz + Cytrynowo Limonkowy \u2013 kremowo-pikantna mieszanka<\/li>\n<li>\ud83e\udd6d Truskawkowe Kiwi + Kwa\u015bny Ananas Mango + Red Bull \u2013 odwa\u017cny tropikalny poncz<\/li>\n<li>\ud83c\udf34 Owoce tropikalne + Arbuz Truskawkowy + Brzoskwinia Cytrynowa \u2013 g\u0142adka i soczysta mieszanka<\/li>\n<li>\ud83c\udf4d Ananas Kokos + Truskawka Banan + Niebieski Razz \u2013 s\u0142odycz w stylu wyspy<\/li>\n<li>\ud83c\udf52 Truskawka Malina + Potr\u00f3jny Melon + Kwa\u015bny Ananas Mango \u2013 bogate warstwy owoc\u00f3w<\/li>\n<li>\ud83c\udf51 Malinowy Arbuz + Mango Brzoskwinia + Truskawka Kiwi \u2013 zr\u00f3wnowa\u017cona owocowa mieszanka<\/li>\n<li>\ud83e\udd64 Truskawkowo-waniliowa cola + jagodowa malina + cytrynowo-limonkowa \u2013 s\u0142odka nuta napoju gazowanego<\/li>\n<li>\ud83c\udf66 Arbuz + Lody Truskawkowe + Potr\u00f3jny Melon \u2013 kremowy i orze\u017awiaj\u0105cy<\/li>\n<\/ul>\n<h2>Dla kogo przeznaczony jest Bang King Triple 100K?<\/h2>\n<p>Jednorazowy waporyzator Bang King Triple 100K jest idealny dla <strong>intensywnych u\u017cytkownik\u00f3w<\/strong>, kt\u00f3rzy oczekuj\u0105 d\u0142ugotrwa\u0142ej wydajno\u015bci, <strong>poszukiwaczy smak\u00f3w<\/strong>, kt\u00f3rzy lubi\u0105 zmienia\u0107 smaki, oraz <strong>sklep\u00f3w z waporyzatorami<\/strong> poszukuj\u0105cych produktu premium, na kt\u00f3ry jest du\u017cy popyt. Jest to r\u00f3wnie\u017c doskona\u0142y wyb\u00f3r do <strong>dystrybucji hurtowej<\/strong> dzi\u0119ki silnemu brandingowi, opakowaniu przyjaznemu dla mas i szerokiej atrakcyjno\u015bci smakowej.<\/p>\n<h2>Najcz\u0119stsze pytania dotycz\u0105ce Bang King Triple 100 tys.<\/h2>\n<p><strong>P: Czy mog\u0119 zmienia\u0107 smaki podczas wapowania?<\/strong><br \/>\nTak \ud83d\udc4d Wystarczy obr\u00f3ci\u0107 ustnik, aby prze\u0142\u0105cza\u0107 si\u0119 pomi\u0119dzy trzema wbudowanymi smakami.<\/p>\n<p><strong>P: Czy urz\u0105dzenie mo\u017cna \u0142adowa\u0107?<\/strong><br \/>\nTak \ud83d\udd0b Jest wyposa\u017cony w akumulator o pojemno\u015bci 650 mAh i szybkie \u0142adowanie typu C.<\/p>\n<p><strong>P: Czy jest to odpowiednie dla pocz\u0105tkuj\u0105cych?<\/strong><br \/>\nAbsolutnie \ud83d\ude0a Dzi\u0119ki wielu mocom nikotyny mog\u0105 si\u0119 ni\u0105 cieszy\u0107 zar\u00f3wno nowi, jak i do\u015bwiadczeni u\u017cytkownicy.<\/p>\n<p><strong>P: Czy ten produkt nadaje si\u0119 do sprzeda\u017cy hurtowej?<\/strong><br \/>\nTak \ud83d\udce6 Ka\u017cde pude\u0142ko ekspozycyjne zawiera 10 sztuk, dzi\u0119ki czemu jest idealne dla sprzedawc\u00f3w detalicznych i dystrybutor\u00f3w.<\/p>\n<p><strong>Jednorazowy waporyzator Bang King Triple 100 000 zaci\u0105gni\u0119\u0107<\/strong> zapewnia moc, r\u00f3\u017cnorodno\u015b\u0107 smak\u00f3w i najwy\u017csz\u0105 jako\u015b\u0107 w jednym urz\u0105dzeniu \ud83d\ude80 Inteligentny wyb\u00f3r dla nowoczesnych waper\u00f3w i profesjonalnych firm zajmuj\u0105cych si\u0119 waporyzacj\u0105.<\/p>\n","protected":false},"excerpt":{"rendered":"<p>Jednorazowy waporyzator Bang King Triple 100000 puffs jest przeznaczony dla waper\u00f3w, kt\u00f3rzy chc\u0105 wi\u0119kszej mocy, wi\u0119kszego smaku i wi\u0119kszej warto\u015bci. Dzi\u0119ki trzem wbudowanym zbiornikom na smak, obrotowemu selektorowi smaku i wyj\u0105tkowo du\u017cej liczbie zaci\u0105gni\u0119\u0107, ten jednorazowy produkt premium zapewnia elastyczne i ekscytuj\u0105ce wra\u017cenia z wapowania zar\u00f3wno klientom detalicznym, jak i hurtowym. Dlaczego warto wybra\u0107 Bang [&hellip;]<\/p>\n","protected":false},"featured_media":6905,"comment_status":"open","ping_status":"closed","template":"","meta":[],"product_brand":[],"product_cat":[348,772],"product_tag":[1635,1667,1070,1251,627],"class_list":{"0":"post-20334","1":"product","2":"type-product","3":"status-publish","4":"has-post-thumbnail","6":"product_cat-bang","7":"product_cat-jednorazowy-vape-100-tys-puffow","8":"product_tag-100-tys-zaciagniec-vape","9":"product_tag-hurtownia-vape-luzem","10":"product_tag-jednorazowy-waporyzator","11":"product_tag-jednorazowy-waporyzator-o-potrojnym-smaku","12":"product_tag-jednorazowy-waporyzator-wielokrotnego-adowania","14":"first","15":"instock","16":"shipping-taxable","17":"purchasable","18":"product-type-variable","19":"has-default-attributes"},"tiered_pricing_type":"fixed","tiered_pricing_fixed_rules":{"30":8.1699999999999999289457264239899814128875732421875,"50":6.61000000000000031974423109204508364200592041015625,"100":6.089999999999999857891452847979962825775146484375,"200":5.70000000000000017763568394002504646778106689453125,"400":5.12000000000000010658141036401502788066864013671875},"tiered_pricing_product_settings":{"layout":"default","base_unit_name":{"singular":null,"plural":null},"default_variation":null},"tiered_pricing_minimum_quantity":10,"tiered_pricing_roles_data":[],"tiered_pricing_percentage_rules":[],"tiered_pricing_maximum_quantity":null,"tiered_pricing_quantity_step":"10","_links":{"self":[{"href":"https:\/\/stage.jrfer.com\/pl\/wp-json\/wp\/v2\/product\/20334","targetHints":{"allow":["GET"]}}],"collection":[{"href":"https:\/\/stage.jrfer.com\/pl\/wp-json\/wp\/v2\/product"}],"about":[{"href":"https:\/\/stage.jrfer.com\/pl\/wp-json\/wp\/v2\/types\/product"}],"replies":[{"embeddable":true,"href":"https:\/\/stage.jrfer.com\/pl\/wp-json\/wp\/v2\/comments?post=20334"}],"wp:featuredmedia":[{"embeddable":true,"href":"https:\/\/stage.jrfer.com\/pl\/wp-json\/wp\/v2\/media\/6905"}],"wp:attachment":[{"href":"https:\/\/stage.jrfer.com\/pl\/wp-json\/wp\/v2\/media?parent=20334"}],"wp:term":[{"taxonomy":"product_brand","embeddable":true,"href":"https:\/\/stage.jrfer.com\/pl\/wp-json\/wp\/v2\/product_brand?post=20334"},{"taxonomy":"product_cat","embeddable":true,"href":"https:\/\/stage.jrfer.com\/pl\/wp-json\/wp\/v2\/product_cat?post=20334"},{"taxonomy":"product_tag","embeddable":true,"href":"https:\/\/stage.jrfer.com\/pl\/wp-json\/wp\/v2\/product_tag?post=20334"}],"curies":[{"name":"wp","href":"https:\/\/api.w.org\/{rel}","templated":true}]}}