{"id":21049,"date":"2026-03-12T04:24:34","date_gmt":"2026-03-12T04:24:34","guid":{"rendered":"https:\/\/stage.jrfer.com\/product\/bang-king-50k-waporyzator-3-w-1-o-potrojnym-smaku-50-000-zaciagniec-wielokrotnego-ladowania-jednorazowy-waporyzator\/"},"modified":"2026-04-07T09:46:00","modified_gmt":"2026-04-07T09:46:00","slug":"bang-king-50k-3-in-1-triple-flavor-50000-puffs-rechargeable-disposable-vape","status":"publish","type":"product","link":"https:\/\/stage.jrfer.com\/pl\/produkt\/bang-king-50k-3-in-1-triple-flavor-50000-puffs-rechargeable-disposable-vape\/","title":{"rendered":"Bang King 50K | Waporyzator 3 w 1 o potr\u00f3jnym smaku, 50 000 zaci\u0105gni\u0119\u0107, wielokrotnego \u0142adowania, jednorazowy waporyzator"},"content":{"rendered":"<h2>Waporyzator jednorazowy Bang King Triple 50000 50 tys.<\/h2>\n<p>Bang King Triple 50K zosta\u0142 stworzony dla waper\u00f3w, kt\u00f3rzy oczekuj\u0105 d\u0142ugotrwa\u0142ej wydajno\u015bci, elastycznych smak\u00f3w i najwy\u017cszej jako\u015bci pary w jednym wydajnym jednorazowym urz\u0105dzeniu. Dzi\u0119ki <strong>50000 zaci\u0105gni\u0119\u0107<\/strong>, ogromnej <strong>pojemno\u015bci e-p\u0142ynu 35 ml<\/strong> i innowacyjnemu <strong>systemowi potr\u00f3jnego smaku A \/ B \/ A+B<\/strong>, to urz\u0105dzenie zapewnia swobod\u0119, smak i wytrzyma\u0142o\u015b\u0107 jak nigdy dot\u0105d. \ud83d\ude0d<\/p>\n<h3>Dlaczego warto wybra\u0107 Bang King Triple 50K?<\/h3>\n<ul>\n<li>\ud83d\udd25 Do 50 000 zaci\u0105gni\u0119\u0107 dla d\u0142ugotrwa\u0142ego i bezproblemowego wapowania<\/li>\n<li>\ud83c\udfa8 System smakowy 3 w 1 (A, B lub kombinowany A+B) zapewniaj\u0105cy ca\u0142kowit\u0105 kontrol\u0119 smaku<\/li>\n<li>\ud83d\udca8 Cewki siatkowe 1,0 \u03a9 zapewniaj\u0105 g\u0142adk\u0105, bogat\u0105 i sp\u00f3jn\u0105 par\u0119<\/li>\n<li>\ud83d\udd0bAkumulator 600 mAh z szybkim \u0142adowaniem typu C<\/li>\n<li>\ud83d\udcca Inteligentny ekran LED pozwalaj\u0105cy w ka\u017cdej chwili sprawdzi\u0107 stan baterii<\/li>\n<li>\ud83d\udca7 Du\u017ca pojemno\u015b\u0107 35 ml e-p\u0142ynu na d\u0142ugie sesje<\/li>\n<li>\ud83d\udce6 10 sztuk w pude\u0142ku, idealne dla sklep\u00f3w z waporyzatorami i odbiorc\u00f3w hurtowych<\/li>\n<li>\u2705 Oryginalne, fabrycznie zapiecz\u0119towane i gotowe do masowej dystrybucji<\/li>\n<\/ul>\n<h3>Dane techniczne Bang Kinga 50K<\/h3>\n<p><tabela><br \/>\n<cia\u0142o><\/p>\n<tr>\n<td>Liczba zaci\u0105gni\u0119\u0107<\/td>\n<td>Do 50 000 zaci\u0105gni\u0119\u0107<\/td>\n<\/tr>\n<tr>\n<td>Pojemno\u015b\u0107 e-p\u0142ynu<\/td>\n<td>35ml<\/td>\n<\/tr>\n<tr>\n<td>Silno\u015b\u0107 nikotyny<\/td>\n<td>2% \/ 3% \/ 5%<\/td>\n<\/tr>\n<tr>\n<td>System smakowy<\/td>\n<td>A\/B\/A+B (3 w 1)<\/td>\n<\/tr>\n<tr>\n<td>Typ cewki<\/td>\n<td>Cewka siatkowa 1,0 \u03a9<\/td>\n<\/tr>\n<tr>\n<td>Bateria<\/td>\n<td>Akumulator 600 mAh<\/td>\n<\/tr>\n<tr>\n<td>\u0141adowanie<\/td>\n<td>Szybkie \u0142adowanie typu C<\/td>\n<\/tr>\n<tr>\n<td>Wy\u015bwietlacz<\/td>\n<td>Ekran LED<\/td>\n<\/tr>\n<tr>\n<td>Smaki<\/td>\n<td>Dost\u0119pnych jest 12 opcji<\/td>\n<\/tr>\n<tr>\n<td>Pakowanie<\/td>\n<td>10 sztuk w pude\u0142ku<\/td>\n<\/tr>\n<\/tbody>\n<p><\/tabela><\/p>\n<h3>Bang King 50K Opcje smakowe \ud83c\udf53\u2744\ufe0f\ud83c\udf4d<\/h3>\n<ul>\n<li><strong>Blue Razz Ice + Lush Ice:<\/strong> S\u0142odka niebieska malina spotyka si\u0119 z lodowat\u0105 \u015bwie\u017co\u015bci\u0105 arbuza<\/li>\n<li><strong>L\u00f3d truskawkowy + l\u00f3d arbuzowy:<\/strong> Owocowa s\u0142odycz z ch\u0142odnym finiszem<\/li>\n<li><strong>L\u00f3d brzoskwiniowy + l\u00f3d mango:<\/strong> g\u0142adka tropikalna mieszanka z lodowymi nutami<\/li>\n<li><strong>L\u00f3d Arbuzowy + Brzoskwiniowe Mango:<\/strong> Fuzja soczystych owoc\u00f3w z orze\u017awiaj\u0105c\u0105 r\u00f3wnowag\u0105<\/li>\n<li><strong>Truskawkowy arbuz + Red Bull:<\/strong> owocowe po\u0142\u0105czenie inspirowane energi\u0105<\/li>\n<li><strong>Mieszane jagody + l\u00f3d wi\u015bniowy:<\/strong> Odwa\u017cna mieszanka jag\u00f3d z ch\u0142odnym akcentem wi\u015bniowym<\/li>\n<li><strong>Kiwi Marakuja Gujawa + Truskawka Kiwi:<\/strong> Eksplozja egzotycznego, tropikalnego smaku<\/li>\n<li><strong>L\u00f3d Bananowy + L\u00f3d Truskawkowy:<\/strong> Kremowy banan ze s\u0142odkim truskawkowym ch\u0142odem<\/li>\n<li><strong>Double Apple + Grape Ice:<\/strong> Klasyczny smak jab\u0142kowy z akcentem lodowych winogron<\/li>\n<li><strong>Pina Colada + owoce tropikalne:<\/strong> tropikalne wra\u017cenia z waporyzacji w stylu pla\u017cowym<\/li>\n<li><strong>Lemon Lime + Mr Blue:<\/strong> Cytrusowa \u015bwie\u017co\u015b\u0107 z ch\u0142odnym jagodowym finiszem<\/li>\n<li><strong>Cool Mint + Blueberry Ice:<\/strong> Czysta mi\u0119ta zmieszana z lodowymi jagodami<\/li>\n<\/ul>\n<h3>Najcz\u0119stsze pytania dotycz\u0105ce Bang Kinga 50 tys. \u2753<\/h3>\n<p><strong>Jak dzia\u0142a system smakowy 3 w 1?<\/strong><br \/>\nMo\u017cesz prze\u0142\u0105cza\u0107 si\u0119 mi\u0119dzy smakiem A, smakiem B lub cieszy\u0107 si\u0119 mieszanym trybem A+B, aby uzyska\u0107 niepowtarzalny smak.<\/p>\n<p><strong>Czy to urz\u0105dzenie mo\u017cna \u0142adowa\u0107?<\/strong><br \/>\nTak \ud83d\udc4d Jest wyposa\u017cony w akumulator o pojemno\u015bci 600 mAh z szybkim \u0142adowaniem typu C.<\/p>\n<p><strong>Czy Bang King Triple 50K nadaje si\u0119 do sprzeda\u017cy hurtowej?<\/strong><br \/>\nAbsolutnie. Dzi\u0119ki 10 sztukom w pude\u0142ku i du\u017cemu zapotrzebowaniu na rynku jest idealny dla dystrybutor\u00f3w i sklep\u00f3w vape.<\/p>\n<p><strong>Dla kogo ten waporyzator jest najlepszy?<\/strong><br \/>\nJest idealny dla intensywnych u\u017cytkownik\u00f3w, poszukiwaczy smak\u00f3w i ka\u017cdego, kto oczekuje d\u0142ugotrwa\u0142ej wydajno\u015bci z elastycznymi opcjami smakowymi.<\/p>\n<\/p>\n<p>Jednorazowy waporyzator Bang King Triple 50K puffs to doskona\u0142y wyb\u00f3r dla u\u017cytkownik\u00f3w, kt\u00f3rzy wymagaj\u0105 trwa\u0142o\u015bci, r\u00f3\u017cnorodno\u015bci smak\u00f3w i inteligentnego projektu. Niezale\u017cnie od tego, czy jeste\u015b osobistym u\u017cytkownikiem szukaj\u0105cym d\u0142ugotrwa\u0142ego waporyzatora, czy sklepem z waporyzatorami zaopatruj\u0105cym si\u0119 w niezawodne produkty hurtowe, to urz\u0105dzenie zapewnia wysok\u0105 wydajno\u015b\u0107 i doskona\u0142\u0105 warto\u015b\u0107. \ud83d\udc8e<\/p>\n","protected":false},"excerpt":{"rendered":"<p>Waporyzator jednorazowy Bang King Triple 50000 50 tys. Bang King Triple 50K zosta\u0142 stworzony dla waper\u00f3w, kt\u00f3rzy oczekuj\u0105 d\u0142ugotrwa\u0142ej wydajno\u015bci, elastycznych smak\u00f3w i najwy\u017cszej jako\u015bci pary w jednym wydajnym jednorazowym urz\u0105dzeniu. Dzi\u0119ki 50000 zaci\u0105gni\u0119\u0107, ogromnej pojemno\u015bci e-p\u0142ynu 35 ml i innowacyjnemu systemowi potr\u00f3jnego smaku A \/ B \/ A+B, to urz\u0105dzenie zapewnia swobod\u0119, smak i [&hellip;]<\/p>\n","protected":false},"featured_media":6893,"comment_status":"open","ping_status":"closed","template":"","meta":[],"product_brand":[],"product_cat":[348,630,701],"product_tag":[2183,1745,1601,1500,1534],"class_list":{"0":"post-21049","1":"product","2":"type-product","3":"status-publish","4":"has-post-thumbnail","6":"product_cat-bang","7":"product_cat-jednorazowy-waporyzator-o-pojemnosci-40000-zaciagniec","8":"product_cat-jednorazowy-waporyzator-o-pojemnosci-60000-zaciagniec","9":"product_tag-bang-king-50k-jednorazowy-waporyzator","10":"product_tag-hurtowy-jednorazowy-vape","11":"product_tag-jednorazowy-waporyzator-o-wysokim-zaciagnieciu","12":"product_tag-jednorazowy-waporyzator-smakowy-3-w-1","13":"product_tag-waporyzator-o-pojemnosci-50-000-zaciagniec","15":"first","16":"instock","17":"shipping-taxable","18":"purchasable","19":"product-type-variable","20":"has-default-attributes"},"tiered_pricing_type":"fixed","tiered_pricing_fixed_rules":{"30":7.839999999999999857891452847979962825775146484375,"50":6.29000000000000003552713678800500929355621337890625,"100":5.769999999999999573674358543939888477325439453125,"200":5.37999999999999989341858963598497211933135986328125,"400":4.79999999999999982236431605997495353221893310546875},"tiered_pricing_product_settings":{"layout":"default","base_unit_name":{"singular":null,"plural":null},"default_variation":null},"tiered_pricing_minimum_quantity":10,"tiered_pricing_roles_data":[],"tiered_pricing_percentage_rules":[],"tiered_pricing_maximum_quantity":null,"tiered_pricing_quantity_step":"10","_links":{"self":[{"href":"https:\/\/stage.jrfer.com\/pl\/wp-json\/wp\/v2\/product\/21049","targetHints":{"allow":["GET"]}}],"collection":[{"href":"https:\/\/stage.jrfer.com\/pl\/wp-json\/wp\/v2\/product"}],"about":[{"href":"https:\/\/stage.jrfer.com\/pl\/wp-json\/wp\/v2\/types\/product"}],"replies":[{"embeddable":true,"href":"https:\/\/stage.jrfer.com\/pl\/wp-json\/wp\/v2\/comments?post=21049"}],"wp:featuredmedia":[{"embeddable":true,"href":"https:\/\/stage.jrfer.com\/pl\/wp-json\/wp\/v2\/media\/6893"}],"wp:attachment":[{"href":"https:\/\/stage.jrfer.com\/pl\/wp-json\/wp\/v2\/media?parent=21049"}],"wp:term":[{"taxonomy":"product_brand","embeddable":true,"href":"https:\/\/stage.jrfer.com\/pl\/wp-json\/wp\/v2\/product_brand?post=21049"},{"taxonomy":"product_cat","embeddable":true,"href":"https:\/\/stage.jrfer.com\/pl\/wp-json\/wp\/v2\/product_cat?post=21049"},{"taxonomy":"product_tag","embeddable":true,"href":"https:\/\/stage.jrfer.com\/pl\/wp-json\/wp\/v2\/product_tag?post=21049"}],"curies":[{"name":"wp","href":"https:\/\/api.w.org\/{rel}","templated":true}]}}