{"id":21634,"date":"2025-10-21T03:02:24","date_gmt":"2025-10-21T03:02:24","guid":{"rendered":"https:\/\/stage.jrfer.com\/product\/potrojne-zaciagniecia-sie-uwin-tornado-60-tys-ladowalny-waporyzator-3-w-1-z-regulowanym-smakiem\/"},"modified":"2026-04-07T11:37:10","modified_gmt":"2026-04-07T11:37:10","slug":"uwin-tornado-triple-60k-puffs-3-in-1-adjustable-flavor-rechargeable-vape","status":"publish","type":"product","link":"https:\/\/stage.jrfer.com\/pl\/produkt\/uwin-tornado-triple-60k-puffs-3-in-1-adjustable-flavor-rechargeable-vape\/","title":{"rendered":"Potr\u00f3jne zaci\u0105gni\u0119cia si\u0119 Uwin Tornado 60 tys. | \u0141adowalny waporyzator 3 w 1 z regulowanym smakiem"},"content":{"rendered":"<h2>Potr\u00f3jne zaci\u0105gni\u0119cia si\u0119 Uwina Tornado na 60 tys. \ud83d\udca8 | \u0141adowalny waporyzator 3 w 1 o regulowanym smaku<\/h2>\n<h3>\ud83c\udf1f Dlaczego warto wybra\u0107 Uwin Tornado Triple 60K?<\/h3>\n<ul>\n<li>\ud83d\udd25 <strong>3 regulowane smaki<\/strong> \u2013 prze\u0142\u0105czaj si\u0119 mi\u0119dzy 3 wbudowanymi smakami w dowolnym miejscu i czasie.<\/li>\n<li>\ud83d\udca8 <strong>Ogromne 60 000 zaci\u0105gni\u0119\u0107<\/strong> \u2013 wyd\u0142u\u017cona \u017cywotno\u015b\u0107 waporyzacji dla intensywnych u\u017cytkownik\u00f3w i mi\u0142o\u015bnik\u00f3w smak\u00f3w.<\/li>\n<li>\u26a1 <strong>Grza\u0142ka z potr\u00f3jn\u0105 siatk\u0105<\/strong> \u2013 zapewnia g\u0142adsz\u0105 par\u0119 i silniejszy smak.<\/li>\n<li>\ud83d\udd0b <strong>Akumulator (650 mAh)<\/strong> \u2013 d\u0142ugotrwa\u0142y dzi\u0119ki szybkiemu \u0142adowaniu typu C.<\/li>\n<li>\ud83d\udcfa <strong>Ekran LED<\/strong> \u2013 wyra\u017anie pokazuje poziom baterii i e-p\u0142ynu.<\/li>\n<li>\ud83d\udca7 <strong>3 zbiorniki na olej<\/strong> \u2013 ka\u017cdy przeznaczony dla jednego smaku, zapewniaj\u0105cy czyst\u0105, czyst\u0105 zmian\u0119 smaku.<\/li>\n<li>\ud83c\udf08 <strong>Opcje nikotyny<\/strong> \u2013 wybierz nikotyn\u0119 o st\u0119\u017ceniu 2%, 3% lub 5%, aby dopasowa\u0107 j\u0105 do swoich preferencji.<\/li>\n<\/ul>\n<h3>\u2699\ufe0fSpecyfikacje<\/h3>\n<tr>\n<td><strong>Liczba zaci\u0105gni\u0119\u0107<\/strong><\/td>\n<td>Do 60 000 zaci\u0105gni\u0119\u0107<\/td>\n<\/tr>\n<tr>\n<td><strong>Si\u0142a nikotyny<\/strong><\/td>\n<td>2% \/ 3% \/ 5%<\/td>\n<\/tr>\n<tr>\n<td><strong>Tryby smakowe<\/strong><\/td>\n<td>3 regulowane smaki<\/td>\n<\/tr>\n<tr>\n<td><strong>Zbiornik oleju<\/strong><\/td>\n<td>3 oddzielne zbiorniki<\/td>\n<\/tr>\n<tr>\n<td><strong>Bateria<\/strong><\/td>\n<td>Akumulator 650 mAh<\/td>\n<\/tr>\n<tr>\n<td><strong>Cewka<\/strong><\/td>\n<td>Potr\u00f3jna cewka<\/td>\n<\/tr>\n<tr>\n<td><strong>Ekran LED<\/strong><\/td>\n<td>Tak<\/td>\n<\/tr>\n<tr>\n<td><strong>Port \u0142adowania<\/strong><\/td>\n<td>Typ C<\/td>\n<\/tr>\n<tr>\n<td><strong>Opakowanie<\/strong><\/td>\n<td>10 szt.\/opakowanie<\/td>\n<\/tr>\n<\/tbody>\n<h3>\ud83c\udf6d Kombinacje smak\u00f3w<\/h3>\n<ol>\n<li>Wi\u015bniowy l\u00f3d \u2022 Truskawkowy Red Bull \u2022 Jagodowo-Malinowy<\/li>\n<li>L\u00f3d jagodowy \u2022 Arbuz truskawkowy \u2022 L\u00f3d truskawkowo-malinowy<\/li>\n<li>R\u00f3\u017cowa lemoniada \u2022 L\u00f3d waniliowy \u2022 Cukierki truskawkowo-malinowe<\/li>\n<li>Truskawkowy Kiwi \u2022 Love 66 (Marakuja Melon) \u2022 Blue Razz Ice<\/li>\n<li>Cytryna Limonka \u2022 Truskawka Banan \u2022 Mieszanka Owoc\u00f3w<\/li>\n<li>L\u00f3d arbuzowy \u2022 L\u00f3d coli \u2022 Mr Blue<\/li>\n<li>Letni l\u00f3d brzoskwiniowy \u2022 Jagodowo-malinowy \u2022 Truskawkowy Red Bull<\/li>\n<li>Kiwi Marakuja Gujawa \u2022 Brzoskwinia Mango \u2022 Malinowy Arbuz<\/li>\n<li>Red Bull \u2022 Cherry Ice \u2022 Lemon Lime<\/li>\n<li>L\u00f3d truskawkowy \u2022 Letni l\u00f3d brzoskwiniowy \u2022 L\u00f3d winogronowy<\/li>\n<li>Mieszane jagody \u2022 L\u00f3d ze smoczych owoc\u00f3w \u2022 Truskawkowa guma balonowa z arbuzem<\/li>\n<li>Cola wi\u015bniowa \u2022 Cola truskawkowo-waniliowa \u2022 Jagoda winogronowa<\/li>\n<\/ol>\n<h3>\ud83d\udcac FAQ<\/h3>\n<p><strong>P: Jak zmieni\u0107 smak?<\/strong><br \/>\nOdp.: Wystarczy prze\u0142\u0105czy\u0107 selektor smaku, aby prze\u0142\u0105cza\u0107 si\u0119 pomi\u0119dzy trzema wbudowanymi zbiornikami.<\/p>\n<p><strong>P: Czy mog\u0119 go na\u0142adowa\u0107?<\/strong><br \/>\nO: Tak! Tornado Triple jest wyposa\u017cony w akumulator typu C o pojemno\u015bci 650 mAh.<\/p>\n<p><strong>P: Dla kogo to jest?<\/strong><br \/>\nOdp.: Idealny dla poszukiwaczy smaku, ci\u0119\u017ckich waporyzator\u00f3w i u\u017cytkownik\u00f3w, kt\u00f3rzy chc\u0105 r\u00f3\u017cnorodno\u015bci w jednym urz\u0105dzeniu.<\/p>\n<\/p>\n<p><strong>Uwin Tornado Triple 60K<\/strong> to co\u015b wi\u0119cej ni\u017c jednorazowy waporyzator \u2014 to Twoje osobiste laboratorium smakowe w kieszonkowym urz\u0105dzeniu. Zaprojektowany z my\u015bl\u0105 o d\u0142ugotrwa\u0142ej wydajno\u015bci, odwa\u017cnym smaku i elastycznym zastosowaniu, jest idealny zar\u00f3wno dla u\u017cytkownik\u00f3w indywidualnych, jak i sklep\u00f3w detalicznych w ca\u0142ej Europie.<\/p>\n","protected":false},"excerpt":{"rendered":"<p>Odkryj <strong>Uwin Tornado Triple 60K<\/strong> \u2013 pot\u0119\u017cny jednorazowy waporyzator 3 w 1 z maksymalnie 60 000 zaci\u0105gni\u0119\u0107, potr\u00f3jn\u0105 cewk\u0105 siatkow\u0105 i prze\u0142\u0105czanymi trybami smaku. Ciesz si\u0119 g\u0142adk\u0105 par\u0105, d\u0142ugim czasem pracy baterii i odwa\u017cnym smakiem przy ka\u017cdym zaci\u0105gni\u0119ciu.<\/p>\n","protected":false},"featured_media":6320,"comment_status":"open","ping_status":"closed","template":"","meta":[],"product_brand":[],"product_cat":[357,1927],"product_tag":[],"class_list":{"0":"post-21634","1":"product","2":"type-product","3":"status-publish","4":"has-post-thumbnail","6":"product_cat-uwina","7":"product_cat-nowy","9":"first","10":"instock","11":"shipping-taxable","12":"purchasable","13":"product-type-variable","14":"has-default-attributes"},"tiered_pricing_type":"fixed","tiered_pricing_fixed_rules":{"30":9.1400000000000005684341886080801486968994140625,"50":7.410000000000000142108547152020037174224853515625,"100":6.79000000000000003552713678800500929355621337890625,"200":6.29999999999999982236431605997495353221893310546875,"400":5.86000000000000031974423109204508364200592041015625},"tiered_pricing_product_settings":{"layout":"default","base_unit_name":{"singular":null,"plural":null},"default_variation":null},"tiered_pricing_minimum_quantity":10,"tiered_pricing_roles_data":[],"tiered_pricing_percentage_rules":[],"tiered_pricing_maximum_quantity":null,"tiered_pricing_quantity_step":"10","_links":{"self":[{"href":"https:\/\/stage.jrfer.com\/pl\/wp-json\/wp\/v2\/product\/21634","targetHints":{"allow":["GET"]}}],"collection":[{"href":"https:\/\/stage.jrfer.com\/pl\/wp-json\/wp\/v2\/product"}],"about":[{"href":"https:\/\/stage.jrfer.com\/pl\/wp-json\/wp\/v2\/types\/product"}],"replies":[{"embeddable":true,"href":"https:\/\/stage.jrfer.com\/pl\/wp-json\/wp\/v2\/comments?post=21634"}],"wp:featuredmedia":[{"embeddable":true,"href":"https:\/\/stage.jrfer.com\/pl\/wp-json\/wp\/v2\/media\/6320"}],"wp:attachment":[{"href":"https:\/\/stage.jrfer.com\/pl\/wp-json\/wp\/v2\/media?parent=21634"}],"wp:term":[{"taxonomy":"product_brand","embeddable":true,"href":"https:\/\/stage.jrfer.com\/pl\/wp-json\/wp\/v2\/product_brand?post=21634"},{"taxonomy":"product_cat","embeddable":true,"href":"https:\/\/stage.jrfer.com\/pl\/wp-json\/wp\/v2\/product_cat?post=21634"},{"taxonomy":"product_tag","embeddable":true,"href":"https:\/\/stage.jrfer.com\/pl\/wp-json\/wp\/v2\/product_tag?post=21634"}],"curies":[{"name":"wp","href":"https:\/\/api.w.org\/{rel}","templated":true}]}}