{"id":23096,"date":"2026-03-12T04:24:32","date_gmt":"2026-03-12T04:24:32","guid":{"rendered":"https:\/\/stage.jrfer.com\/product\/lider-bangu-85-tys-potrojny-smak-3-w-1-85-000-zaciagniec-70-ml-jednorazowy-waporyzator-zbiorczy\/"},"modified":"2026-04-07T10:23:21","modified_gmt":"2026-04-07T10:23:21","slug":"bang-leader-85k-3-in-1-triple-flavor-85000-puffs-70ml-bulk-disposable-vape","status":"publish","type":"product","link":"https:\/\/stage.jrfer.com\/pl\/produkt\/bang-leader-85k-3-in-1-triple-flavor-85000-puffs-70ml-bulk-disposable-vape\/","title":{"rendered":"Lider Bangu 85 tys. | Potr\u00f3jny smak 3 w 1, 85 000 zaci\u0105gni\u0119\u0107, 70 ml, jednorazowy waporyzator zbiorczy"},"content":{"rendered":"<p>Przedstawiamy <strong>Bang Leader 85000 Puffs<\/strong>, rewolucyjny jednorazowy waporyzator przeznaczony dla tych, kt\u00f3rzy wymagaj\u0105 wi\u0119cej. To nie jest zwyk\u0142y waporyzator; jest to urz\u0105dzenie o du\u017cej wydajno\u015bci, zbudowane z my\u015bl\u0105 o d\u0142ugowieczno\u015bci i satysfakcji. Dzi\u0119ki osza\u0142amiaj\u0105cemu <strong>70 ml zbiornikowi na e-liquid<\/strong> i wytrzyma\u0142emu <strong>akumulatorowi 850 mAh<\/strong> to urz\u0105dzenie sprawi, \u017ce sp\u0119dzisz wi\u0119cej czasu na wapowaniu, a mniej na martwieniu si\u0119, \u017ce si\u0119 wyczerpie. \ud83d\udd0b\u2728<\/p>\n<p>Wyr\u00f3\u017cniaj\u0105c\u0105 si\u0119 cech\u0105 jest innowacyjny <strong>System smakowy 3 w 1<\/strong>. Znudzi\u0142 Ci si\u0119 ten sam smak? Po prostu zmie\u0144 ustawienia, aby cieszy\u0107 si\u0119 trzema r\u00f3\u017cnymi smakami premium w jednym urz\u0105dzeniu! Zaprojektowany z <strong>cewk\u0105 siatkow\u0105 1,0 \u03a9<\/strong>, zapewnia sp\u00f3jn\u0105, g\u0142adk\u0105 i bogat\u0105 par\u0119 od pierwszego do ostatniego zaci\u0105gni\u0119cia. Idealny dla <strong>w\u0142a\u015bcicieli sklep\u00f3w z waporyzatorami<\/strong>, kt\u00f3rzy szukaj\u0105 gor\u0105co sprzedaj\u0105cego si\u0119 przedmiotu lub dla ci\u0119\u017ckich waporyzator\u00f3w poszukuj\u0105cych warto\u015bci. \ud83c\udfc6\ud83d\udce6<\/p>\n<h3>\ud83c\udf1f Dlaczego warto wybra\u0107 Bang Leader 85000?<\/h3>\n<ul>\n<li><strong>\ud83d\udd04 Technologia smak\u00f3w 3 w 1:<\/strong> Ciesz si\u0119 trzema r\u00f3\u017cnymi smakami w jednym kompaktowym urz\u0105dzeniu. Prze\u0142\u0105czaj natychmiast, aby dopasowa\u0107 si\u0119 do swojego nastroju!<\/li>\n<li><strong>\ud83d\udca7 Ogromna pojemno\u015b\u0107 70 ml:<\/strong> Jedna z najwi\u0119kszych pojemno\u015bci na rynku, mieszcz\u0105ca niesamowite 85 000 zaci\u0105gni\u0119\u0107.<\/li>\n<li><strong>\u26a1 Akumulator typu C:<\/strong> szybkie \u0142adowanie przez port typu C gwarantuje, \u017ce akumulator 850 mAh b\u0119dzie zawsze gotowy do pracy.<\/li>\n<li><strong>\u2601\ufe0f Zaawansowana cewka siatkowa:<\/strong> Cewka siatkowa o rezystancji 1,0 \u03a9 gwarantuje zwi\u0119kszon\u0105 czysto\u015b\u0107 smaku i wytwarzanie g\u0119stej chmury.<\/li>\n<li><strong>\ud83c\udf9a\ufe0f Elastyczne opcje nikotyny:<\/strong> Dost\u0119pne w st\u0119\u017ceniach 0%, 2%, 3% i 5%, aby zaspokoi\u0107 preferencje ka\u017cdego klienta.<\/li>\n<\/ul>\n<h3>\ud83d\udcca Dane techniczne Bang Leader 85K<\/h3>\n<tr>\nFunkcja<\/th>\n<p>Szczeg\u00f3\u0142y<\/th>\n<\/tr>\n<\/thead>\n<tr>\n<td><strong>Liczba zaci\u0105gni\u0119\u0107<\/strong><\/td>\n<td>Do 85 000 zaci\u0105gni\u0119\u0107<\/td>\n<\/tr>\n<tr>\n<td><strong>Pojemno\u015b\u0107 e-p\u0142ynu<\/strong><\/td>\n<td>70 ml<\/td>\n<\/tr>\n<tr>\n<td><strong>System smakowy<\/strong><\/td>\n<td>Potr\u00f3jny prze\u0142\u0105cznik smakowy 3 w 1<\/td>\n<\/tr>\n<tr>\n<td><strong>Bateria<\/strong><\/td>\n<td>850 mAh (akumulator)<\/td>\n<\/tr>\n<tr>\n<td><strong>\u0141adowanie<\/strong><\/td>\n<td>Port typu C<\/td>\n<\/tr>\n<tr>\n<td><strong>Cewka<\/strong><\/td>\n<td>Cewka siatkowa 1,0 \u03a9<\/td>\n<\/tr>\n<tr>\n<td><strong>Si\u0142a nikotyny<\/strong><\/td>\n<td>0% (0 mg), 2% (20 mg), 3% (30 mg), 5% (50 mg)<\/td>\n<\/tr>\n<\/tbody>\n<h3>\ud83c\udf6d Bang Leader 85 tys. kombinacji smak\u00f3w (3 smaki na urz\u0105dzenie)<\/h3>\n<p>Ka\u017cde urz\u0105dzenie Bang Leader zawiera trzy apetyczne smaki. Wybierz sw\u00f3j ulubiony miks:<\/p>\n<ul>\n<li>\ud83c\udf4c <strong>Mieszanka 1:<\/strong> l\u00f3d bananowy \/ arbuz truskawkowy \/ nied\u017awied\u017a gumowaty<\/li>\n<li>\ud83d\udc09 <strong>Mieszanka 2:<\/strong> l\u00f3d czarnego smoka \/ pianka ptasie mleczko \/ letni sen<\/li>\n<li>\ud83e\uded0 <strong>Mieszanka 3:<\/strong> l\u00f3d jagodowy \/ niebieska raz \/ pachn\u0105ca gruszka<\/li>\n<li>\ud83c\udf4d <strong>Mix 4:<\/strong> wi\u015bnia \u017curawina \/ brzoskwiniowe mango \/ ananas<\/li>\n<li>\ud83e\udd64 <strong>Mix 5:<\/strong> l\u00f3d koksowy \/ jab\u0142ko brzoskwinia \/ r\u00f3\u017cowa lemoniada<\/li>\n<li>\ud83e\udd5d <strong>Mieszanka 6:<\/strong> l\u00f3d winogronowy \/ truskawka kiwi \/ gujawa z marakuji<\/li>\n<li>\ud83d\udc9c <strong>Mix 7:<\/strong> kocham 666 \/ jagoda malina \/ vimto<\/li>\n<li>\ud83c\udf79 <strong>Mix 8:<\/strong> Mieszanka Owocowa \/ Brzoskwinia Mojito \/ Jagoda Malina<\/li>\n<li>\ud83c\udf53 <strong>Mix 9:<\/strong> l\u00f3d ananasowy \/ truskawkowy czerwony byk \/ mieszane jagody<\/li>\n<li>\ud83c\udf4e <strong>Mieszanka 10:<\/strong> l\u00f3d z czerwonych jab\u0142ek \/ arbuz malinowy \/ winogrono aloesowe<\/li>\n<li>\ud83c\udf66 <strong>Mix 11:<\/strong> czerwony byk \/ arbuz jagodowy \/ lody truskawkowe<\/li>\n<li>\ud83c\udf4a <strong>Mix 12:<\/strong> l\u00f3d truskawkowy \/ cytrynowa pomara\u0144cza \/ guma balonowa arbuzowa<\/li>\n<li>\ud83c\udf4c <strong>Mix 13:<\/strong> truskawka malina \/ czarna porzeczka \/ banan truskawkowy<\/li>\n<li>\ud83c\udf52 <strong>Mix 14:<\/strong> Truskawkowy Arbuz \/ Wi\u015bniowa Cola \/ Krem Truskawkowy<\/li>\n<li>\ud83e\udd6d <strong>Mix 15:<\/strong> l\u00f3d arbuzowy \/ brzoskwinia z mango \/ nap\u00f3j gazowany pomara\u0144czowy<\/li>\n<\/ul>\n<p><strong>Bang Leader 85000 Puffs<\/strong> wyznacza nowy standard dla jednorazowych waporyzator\u00f3w. Idealnie nadaje si\u0119 dla <strong>zaawansowanych u\u017cytkownik\u00f3w<\/strong>, kt\u00f3rzy oczekuj\u0105 wygody bez kompromis\u00f3w, oraz dla <strong>poszukiwaczy smak\u00f3w<\/strong>, kt\u00f3rzy kochaj\u0105 r\u00f3\u017cnorodno\u015b\u0107. Dla <strong>sprzedawc\u00f3w detalicznych i hurtownik\u00f3w<\/strong> to wydajne urz\u0105dzenie o wielu smakach to pozycja obowi\u0105zkowa, kt\u00f3ra przyci\u0105ga klient\u00f3w poszukuj\u0105cych najlepszej jako\u015bci i najnowszej technologii. Uaktualnij sw\u00f3j ekwipunek ju\u017c dzi\u015b! \ud83d\ude80\ud83d\uded2<\/p>\n<h3>\u2753 Cz\u0119sto zadawane pytania (FAQ)<\/h3>\n<p><strong>P: Jak zmieni\u0107 smak w Bang Leader 85K?<\/strong><br \/>\nOdp.: Urz\u0105dzenie posiada prosty mechanizm prze\u0142\u0105czaj\u0105cy, kt\u00f3ry umo\u017cliwia prze\u0142\u0105czanie pomi\u0119dzy trzema oddzielnymi zbiornikami cieczy znajduj\u0105cymi si\u0119 w \u015brodku. \ud83d\udd00<\/p>\n<p><strong>P: Czy akumulator mo\u017cna \u0142adowa\u0107?<\/strong><br \/>\nO: Tak! Jest wyposa\u017cony w akumulator o pojemno\u015bci 850 mAh, kt\u00f3ry mo\u017cna \u0142atwo na\u0142adowa\u0107 za pomoc\u0105 standardowego kabla \u0142aduj\u0105cego typu C. \ud83d\udd0c<\/p>\n<p><strong>P: Czy ten produkt nadaje si\u0119 do dystrybucji hurtowej?<\/strong><br \/>\nO: Absolutnie. Unikalny punkt sprzeda\u017cy 3 w 1 i du\u017ca liczba zaci\u0105gni\u0119\u0107 sprawiaj\u0105, \u017ce jest to bardzo atrakcyjny produkt dla nabywc\u00f3w B2B i sklep\u00f3w vape. \ud83c\udfed<\/p>\n<p><strong>P: Jak d\u0142ugo wystarcza 85 000 zaci\u0105gni\u0119\u0107?<\/strong><br \/>\nOdp.: Przy pojemno\u015bci 70 ml p\u0142ynu to urz\u0105dzenie mo\u017ce wystarczy\u0107 na kilka tygodni, w zale\u017cno\u015bci od Twoich nawyk\u00f3w u\u017cytkowania, co czyni je niezwykle op\u0142acalnym. \ud83d\uddd3\ufe0f<\/p>\n","protected":false},"excerpt":{"rendered":"<p>Ogromne 85 000 zaci\u0105gni\u0119\u0107, prze\u0142\u0105czanie smak\u00f3w 3 w 1 i pojemno\u015b\u0107 70 ml! Bang Leader 85K to trwa\u0142y, \u0142adowalny waporyzator dla hurtownik\u00f3w i poszukiwaczy smak\u00f3w. \ud83c\udf2c\ufe0f\ud83d\udca8<\/p>\n","protected":false},"featured_media":6804,"comment_status":"open","ping_status":"closed","template":"","meta":[],"product_brand":[],"product_cat":[348,772,701],"product_tag":[530,556,583,2172,503],"class_list":{"0":"post-23096","1":"product","2":"type-product","3":"status-publish","4":"has-post-thumbnail","6":"product_cat-bang","7":"product_cat-jednorazowy-vape-100-tys-puffow","8":"product_cat-jednorazowy-waporyzator-o-pojemnosci-60000-zaciagniec","9":"product_tag-85000-zaciagniec-jednorazowych","10":"product_tag-bang-leader-85000-zaciagniec","11":"product_tag-hurtownia-bang-vape","12":"product_tag-adowalny-vape","13":"product_tag-waporyzator-smakowy-3-w-1","15":"first","16":"instock","17":"shipping-taxable","18":"purchasable","19":"product-type-variable","20":"has-default-attributes"},"tiered_pricing_type":"fixed","tiered_pricing_fixed_rules":{"30":9.07000000000000028421709430404007434844970703125,"50":7.519999999999999573674358543939888477325439453125,"100":7,"200":6.61000000000000031974423109204508364200592041015625,"400":5.8300000000000000710542735760100185871124267578125},"tiered_pricing_product_settings":{"layout":"default","base_unit_name":{"singular":null,"plural":null},"default_variation":null},"tiered_pricing_minimum_quantity":10,"tiered_pricing_roles_data":[],"tiered_pricing_percentage_rules":[],"tiered_pricing_maximum_quantity":null,"tiered_pricing_quantity_step":"10","_links":{"self":[{"href":"https:\/\/stage.jrfer.com\/pl\/wp-json\/wp\/v2\/product\/23096","targetHints":{"allow":["GET"]}}],"collection":[{"href":"https:\/\/stage.jrfer.com\/pl\/wp-json\/wp\/v2\/product"}],"about":[{"href":"https:\/\/stage.jrfer.com\/pl\/wp-json\/wp\/v2\/types\/product"}],"replies":[{"embeddable":true,"href":"https:\/\/stage.jrfer.com\/pl\/wp-json\/wp\/v2\/comments?post=23096"}],"wp:featuredmedia":[{"embeddable":true,"href":"https:\/\/stage.jrfer.com\/pl\/wp-json\/wp\/v2\/media\/6804"}],"wp:attachment":[{"href":"https:\/\/stage.jrfer.com\/pl\/wp-json\/wp\/v2\/media?parent=23096"}],"wp:term":[{"taxonomy":"product_brand","embeddable":true,"href":"https:\/\/stage.jrfer.com\/pl\/wp-json\/wp\/v2\/product_brand?post=23096"},{"taxonomy":"product_cat","embeddable":true,"href":"https:\/\/stage.jrfer.com\/pl\/wp-json\/wp\/v2\/product_cat?post=23096"},{"taxonomy":"product_tag","embeddable":true,"href":"https:\/\/stage.jrfer.com\/pl\/wp-json\/wp\/v2\/product_tag?post=23096"}],"curies":[{"name":"wp","href":"https:\/\/api.w.org\/{rel}","templated":true}]}}