{"id":23822,"date":"2026-03-12T04:24:33","date_gmt":"2026-03-12T04:24:33","guid":{"rendered":"https:\/\/stage.jrfer.com\/product\/bang-legenda-140-000-potrojne-opcje-140000-zaciagniec-podwojna-siatka-ladowalny-jednorazowy-waporyzator-masowy\/"},"modified":"2026-04-07T07:07:03","modified_gmt":"2026-04-07T07:07:03","slug":"bang-legend-140k-triple-options-140000-puffs-dual-mesh-rechargeable-bulk-disposable-vape","status":"publish","type":"product","link":"https:\/\/stage.jrfer.com\/pl\/produkt\/bang-legend-140k-triple-options-140000-puffs-dual-mesh-rechargeable-bulk-disposable-vape\/","title":{"rendered":"BANG LEGENDA 140 000 | potr\u00f3jne opcje 140000 zaci\u0105gni\u0119\u0107, podw\u00f3jna siatka, \u0142adowalny, jednorazowy waporyzator masowy"},"content":{"rendered":"<h2>\ud83d\udd25 Dlaczego warto wybra\u0107 BANG LEGEND 140K?<\/h2>\n<ul>\n<li>\ud83d\udca5 Ogromna <strong>pojemno\u015b\u0107 zaci\u0105gni\u0119cia si\u0119 na 140 000<\/strong> \u2013 jeden z najwi\u0119kszych jednorazowych waporyzator\u00f3w na rynku<\/li>\n<li>\ud83c\udfa8 <strong>Potr\u00f3jne opcje (3 w 1)<\/strong> \u2013 prze\u0142\u0105czaj pomi\u0119dzy trzema smakami w jednym urz\u0105dzeniu<\/li>\n<li>\u2601\ufe0f <strong>Podw\u00f3jna cewka siatkowa<\/strong> \u2013 g\u0142adkie uderzenia, g\u0119ste chmury i stabilny efekt smakowy<\/li>\n<li>\ud83d\udd0b <strong>Akumulator 550 mAh<\/strong> z nowoczesnym szybkim \u0142adowaniem typu C<\/li>\n<li>\ud83d\udcb0 <strong>Idealny do zam\u00f3wie\u0144 hurtowych i masowych<\/strong> \u2013 idealny dla sklep\u00f3w i dystrybutor\u00f3w vape<\/li>\n<li>\ud83d\uded2 Wysoka retencja klient\u00f3w \u2013 mniej wymian, wi\u0119ksza satysfakcja<\/li>\n<\/ul>\n<p><godz. \/><\/p>\n<h3>\ud83d\udccb Dane techniczne BANG LEGEND 140K<\/h3>\n<p><tabela><br \/>\n<cia\u0142o><\/p>\n<tr>\n<td><strong>Nazwa produktu<\/strong><\/td>\n<td>BANG LEGEND Potr\u00f3jne opcje Jednorazowy Vape<\/td>\n<\/tr>\n<tr>\n<td><strong>Totalne zaci\u0105gni\u0119cia<\/strong><\/td>\n<td>Do 140 000 zaci\u0105gni\u0119\u0107<\/td>\n<\/tr>\n<tr>\n<td><strong>System smakowy<\/strong><\/td>\n<td>Potr\u00f3jne opcje 3 w 1<\/td>\n<\/tr>\n<tr>\n<td><strong>Typ cewki<\/strong><\/td>\n<td>Podw\u00f3jna cewka siatkowa 1,0 \u03a9<\/td>\n<\/tr>\n<tr>\n<td><strong>Pojemno\u015b\u0107 baterii<\/strong><\/td>\n<td>Akumulator 550 mAh<\/td>\n<\/tr>\n<tr>\n<td><strong>Port \u0142adowania<\/strong><\/td>\n<td>Szybkie \u0142adowanie typu C<\/td>\n<\/tr>\n<tr>\n<td><strong>Si\u0142a nikotyny<\/strong><\/td>\n<td>Dost\u0119pne w wielu opcjach (mo\u017cliwo\u015b\u0107 dostosowania do sprzeda\u017cy hurtowej)<\/td>\n<\/tr>\n<tr>\n<td><strong>Rynek docelowy<\/strong><\/td>\n<td>Hurtownia B2B, sklepy vape, dystrybutorzy<\/td>\n<\/tr>\n<\/tbody>\n<p><\/tabela><br \/>\n<godz. \/><\/p>\n<h3>\ud83c\udf08 BANG LEGEND 140 tys. opcji potr\u00f3jnego smaku (wprowadzenie smaku)<\/h3>\n<p><strong>Opcja pierwsza \ud83c\udf49\ud83c\udf6d<\/strong><br \/>\nS\u0142odka i zabawna mieszanka ze sch\u0142odzonym arbuzem, delikatnymi r\u00f3\u017cowymi owocami i s\u0142odycz\u0105 przypominaj\u0105c\u0105 cukierki.<\/p>\n<p><strong>Opcja druga \ud83c\udf51\ud83c\udf4b<\/strong><br \/>\nPuszysty l\u00f3d brzoskwiniowy, orze\u017awiaj\u0105cy melon jagodowy i jasne cytrusy z ch\u0142odnym finiszem.<\/p>\n<p><strong>Opcja trzecia \ud83c\udf47\ud83e\udd6d<\/strong><br \/>\nL\u00f3d z ciemnych winogron, tropikalne mango i mieszanka jag\u00f3d to odwa\u017cna owocowa podr\u00f3\u017c.<\/p>\n<p><strong>Opcja czwarta \ud83e\uded0\ud83c\udfdd\ufe0f<\/strong><br \/>\nLodowoniebieskie jagody, owoce tropikalne i s\u0142ynna mieszanka Love66.<\/p>\n<p><strong>Opcja pi\u0105ta \ud83e\udd65\ud83c\udf4d<\/strong><br \/>\nNiebiesko-czerwone jagody, tropikalne \u017c\u00f3\u0142te owoce i kremowa ucieczka od kokosowego ananasa.<\/p>\n<p><strong>Opcja sz\u00f3sta \ud83c\udf53\ud83c\udf4d<\/strong><br \/>\nMelon truskawkowy, brzoskwinia jagodowa i l\u00f3d ananasowy z g\u0142\u0119bokimi jagodami.<\/p>\n<p><strong>Opcja si\u00f3dma \ud83e\udd5d\ud83c\udf52<\/strong><br \/>\nMieszanka jag\u00f3d kiwi, musuj\u0105cego melona i po\u0142\u0105czenia wi\u015bni jagodowych.<\/p>\n<p><strong>Opcja \u00f3sma \ud83d\udc09\ud83c\udf47<\/strong><br \/>\nL\u00f3d z czarnego smoka, mieszane jagody i moc jag\u00f3d winogronowych.<\/p>\n<p><strong>Opcja dziewi\u0105ta \u26a1\ud83e\udd6d<\/strong><br \/>\nOwoce pomara\u0144czowe, energetyczne niebieskie jagody i wyrazista mieszanka zielono-fioletowych owoc\u00f3w.<\/p>\n<p><strong>Opcja dziesi\u0105ta \u2600\ufe0f\ud83c\udf4a<\/strong><br \/>\nPotr\u00f3jne nuty cytrusowe z jagodami i nutami ciemnoniebieskich owoc\u00f3w.<\/p>\n<p><strong>Opcja jedenasta \ud83c\udf4b\ud83c\udf48<\/strong><br \/>\nKombinacja \u015bwie\u017cych cytrus\u00f3w, zio\u0142owego melona i r\u00f3\u017cowego melona z owocami smoka.<\/p>\n<p><strong>Opcja dwunasta \ud83c\udf4c\ud83c\udf66<\/strong><br \/>\nSch\u0142odzone \u017c\u00f3\u0142te owoce, kremowe r\u00f3\u017cowe odcienie deser\u00f3w i finisz jagodowo-melonowy.<\/p>\n<p><godz. \/><\/p>\n<h3>\u2753 Cz\u0119sto zadawane pytania (FAQ) dotycz\u0105ce BANG LEGEND 140K<\/h3>\n<p><strong>P: Czym r\u00f3\u017cni si\u0119 BANG LEGEND 140K od zwyk\u0142ych wyrob\u00f3w jednorazowych?<\/strong><br \/>\nOdp.: Oferuje do 140 000 zaci\u0105gni\u0119\u0107 i trzech smak\u00f3w w jednym urz\u0105dzeniu, podczas gdy wi\u0119kszo\u015b\u0107 jednorazowych wytrzymuje tylko kilka dni.<\/p>\n<p><strong>P: Czy ten waporyzator jest odpowiedni dla intensywnych u\u017cytkownik\u00f3w?<\/strong><br \/>\nOdp.: Tak \ud83d\udc4d Jest przeznaczony dla intensywnych u\u017cytkownik\u00f3w, kt\u00f3rzy chc\u0105 d\u0142ugiego u\u017cytkowania bez cz\u0119stej wymiany.<\/p>\n<p><strong>P: Czy sklepy z waporyzatorami mog\u0105 zam\u00f3wi\u0107 to hurtowo?<\/strong><br \/>\nO: Absolutnie. Ten produkt jest zoptymalizowany pod k\u0105tem sprzeda\u017cy hurtowej, zakup\u00f3w hurtowych i dystrybucji na du\u017c\u0105 skal\u0119.<\/p>\n<p><strong>P: Czy jest trudny w u\u017cyciu?<\/strong><br \/>\nO: Wcale nie. Aby wapowa\u0107, wystarczy wdycha\u0107. Gdy poziom na\u0142adowania akumulatora jest niski, na\u0142aduj go za pomoc\u0105 kabla typu C.<\/p>\n<p><strong>P: Czy w przypadku zam\u00f3wie\u0144 B2B mo\u017cna dostosowa\u0107 smaki i moc nikotyny?<\/strong><br \/>\nO: Tak. Kupuj\u0105cy masowo mog\u0105 om\u00f3wi\u0107 opcje dostosowywania smak\u00f3w i poziom\u00f3w nikotyny.<\/p>\n<p><godz. \/><\/p>\n<p><strong>Jednorazowy waporyzator BANG LEGEND 140 tys. z potr\u00f3jnymi opcjami<\/strong> jest przeznaczony dla intensywnych u\u017cytkownik\u00f3w, poszukiwaczy smak\u00f3w i profesjonalnych sprzedawc\u00f3w vape. Dzi\u0119ki wyj\u0105tkowo du\u017cej liczbie zaci\u0105gni\u0119\u0107, potr\u00f3jnej elastyczno\u015bci smaku i wydajno\u015bci \u0142adowania, jest to dobry wyb\u00f3r dla sklep\u00f3w z waporyzatorami, hurtownik\u00f3w i dystrybutor\u00f3w, kt\u00f3rzy chc\u0105 zaoferowa\u0107 prawdziwie flagowe urz\u0105dzenie jednorazowe. \ud83d\udca8\ud83d\udcbc<\/p>\n<p><strong>Du\u017ce zapasy. Sprzedawaj m\u0105drze. Zosta\u0144 legend\u0105.<\/strong> \ud83c\udfc6<\/p>\n<p><img decoding=\"async\" class=\"alignnone size-full wp-image-96630\" src=\"https:\/\/aiviouvapes.com\/wp-content\/uploads\/2025\/12\/BANG-LEGEND-140K-13.jpg\" alt=\"BANG LEGEND 140K | potr\u00f3jne opcje 140000 zaci\u0105gni\u0119\u0107 jednorazowy waporyzator z podw\u00f3jn\u0105 siatk\u0105\" szeroko\u015b\u0107=\"1196\" wysoko\u015b\u0107=\"1920\" title=\"\"><\/p>\n","protected":false},"excerpt":{"rendered":"<p>\ud83d\udd25 Dlaczego warto wybra\u0107 BANG LEGEND 140K? \ud83d\udca5 Ogromna pojemno\u015b\u0107 zaci\u0105gni\u0119cia si\u0119 na 140 000 \u2013 jeden z najwi\u0119kszych jednorazowych waporyzator\u00f3w na rynku \ud83c\udfa8 Potr\u00f3jne opcje (3 w 1) \u2013 prze\u0142\u0105czaj pomi\u0119dzy trzema smakami w jednym urz\u0105dzeniu \u2601\ufe0f Podw\u00f3jna cewka siatkowa \u2013 g\u0142adkie uderzenia, g\u0119ste chmury i stabilny efekt smakowy \ud83d\udd0b Akumulator 550 mAh z [&hellip;]<\/p>\n","protected":false},"featured_media":6857,"comment_status":"open","ping_status":"closed","template":"","meta":[],"product_brand":[],"product_cat":[348],"product_tag":[1141,1180,1745,1251,2196],"class_list":{"0":"post-23822","1":"product","2":"type-product","3":"status-publish","4":"has-post-thumbnail","6":"product_cat-bang","7":"product_tag-140-000-zaciagniec-vape","8":"product_tag-bang-legend-140k-jednorazowy-waporyzator","9":"product_tag-hurtowy-jednorazowy-vape","10":"product_tag-jednorazowy-waporyzator-o-potrojnym-smaku","11":"product_tag-jednorazowy-waporyzator-wielokrotnego-ladowania-do-sprzedazy-hurtowej","13":"first","14":"instock","15":"shipping-taxable","16":"purchasable","17":"product-type-variable","18":"has-default-attributes"},"tiered_pricing_type":"fixed","tiered_pricing_fixed_rules":{"30":8.1699999999999999289457264239899814128875732421875,"50":6.61000000000000031974423109204508364200592041015625,"100":6.089999999999999857891452847979962825775146484375,"200":5.70000000000000017763568394002504646778106689453125,"400":5.12000000000000010658141036401502788066864013671875},"tiered_pricing_product_settings":{"layout":"default","base_unit_name":{"singular":null,"plural":null},"default_variation":null},"tiered_pricing_minimum_quantity":10,"tiered_pricing_roles_data":[],"tiered_pricing_percentage_rules":[],"tiered_pricing_maximum_quantity":null,"tiered_pricing_quantity_step":"10","_links":{"self":[{"href":"https:\/\/stage.jrfer.com\/pl\/wp-json\/wp\/v2\/product\/23822","targetHints":{"allow":["GET"]}}],"collection":[{"href":"https:\/\/stage.jrfer.com\/pl\/wp-json\/wp\/v2\/product"}],"about":[{"href":"https:\/\/stage.jrfer.com\/pl\/wp-json\/wp\/v2\/types\/product"}],"replies":[{"embeddable":true,"href":"https:\/\/stage.jrfer.com\/pl\/wp-json\/wp\/v2\/comments?post=23822"}],"wp:featuredmedia":[{"embeddable":true,"href":"https:\/\/stage.jrfer.com\/pl\/wp-json\/wp\/v2\/media\/6857"}],"wp:attachment":[{"href":"https:\/\/stage.jrfer.com\/pl\/wp-json\/wp\/v2\/media?parent=23822"}],"wp:term":[{"taxonomy":"product_brand","embeddable":true,"href":"https:\/\/stage.jrfer.com\/pl\/wp-json\/wp\/v2\/product_brand?post=23822"},{"taxonomy":"product_cat","embeddable":true,"href":"https:\/\/stage.jrfer.com\/pl\/wp-json\/wp\/v2\/product_cat?post=23822"},{"taxonomy":"product_tag","embeddable":true,"href":"https:\/\/stage.jrfer.com\/pl\/wp-json\/wp\/v2\/product_tag?post=23822"}],"curies":[{"name":"wp","href":"https:\/\/api.w.org\/{rel}","templated":true}]}}