{"id":25009,"date":"2025-07-07T09:21:41","date_gmt":"2025-07-07T09:21:41","guid":{"rendered":"https:\/\/stage.jrfer.com\/product\/okso-shisha-max-40k-jednorazowy-waporyzator-z-cewka-siatkowa-o-pojemnosci-40000-zaciagniec-i-regulowana-moca\/"},"modified":"2026-04-07T12:55:16","modified_gmt":"2026-04-07T12:55:16","slug":"okso-shisha-max-40000","status":"publish","type":"product","link":"https:\/\/stage.jrfer.com\/pl\/produkt\/okso-shisha-max-40000\/","title":{"rendered":"OKSO Shisha Max 40K | Jednorazowy waporyzator z cewk\u0105 siatkow\u0105 o pojemno\u015bci 40000 zaci\u0105gni\u0119\u0107 i regulowan\u0105 moc\u0105"},"content":{"rendered":"<h2>Dlaczego warto wybra\u0107 OKSO Shisha Max 40K?<\/h2>\n<ul>\n<li><strong>40 000 zaci\u0105gni\u0119\u0107:<\/strong> Wyj\u0105tkowo d\u0142uga \u017cywotno\u015b\u0107 zapewniaj\u0105ca nieprzerwane wapowanie \ud83d\udd25<\/li>\n<li><strong>Cewka siatkowa 0,6 \u03a9:<\/strong> Sp\u00f3jne, bogate i aromatyczne hity \ud83c\udf2c\ufe0f<\/li>\n<li><strong>36 ml E-liquidu:<\/strong> Du\u017cy zbiornik zapewniaj\u0105cy trwa\u0142\u0105 przyjemno\u015b\u0107 \ud83d\udca7<\/li>\n<li><strong>Elastyczno\u015b\u0107 nikotynowa:<\/strong> wybierz spo\u015br\u00f3d 0%, 2%, 3% lub 5% \ud83d\udc4d<\/li>\n<li><strong>Akumulator 800 mAh:<\/strong> niezawodna moc dzi\u0119ki \u0142adowaniu typu C \ud83d\udd0b<\/li>\n<li><strong>Wy\u015bwietlacz LED:<\/strong> Wyczy\u015b\u0107 monitorowanie zaci\u0105gni\u0119cia i baterii \ud83d\udcca<\/li>\n<li><strong>Regulowana moc i przep\u0142yw powietrza:<\/strong> Dostosuj sw\u00f3j waporyzator na sw\u00f3j spos\u00f3b \u2699\ufe0f<\/li>\n<li><strong>Blokada rodzicielska:<\/strong> Bezpieczniejsze u\u017cytkowanie dzi\u0119ki wbudowanej ochronie \ud83d\udd12<\/li>\n<li><strong>Gotowy do sprzeda\u017cy hurtowej:<\/strong> Idealny dla kupuj\u0105cych B2B i sklep\u00f3w z vape \ud83d\udce6<\/li>\n<\/ul>\n<h3>Specyfikacje<\/h3>\n<tr>\n<td><strong>Wydajno\u015b\u0107 zaci\u0105gni\u0119cia:<\/strong><\/td>\n<td>40 000 zaci\u0105gni\u0119\u0107<\/td>\n<\/tr>\n<tr>\n<td><strong>Obj\u0119to\u015b\u0107 e-p\u0142ynu:<\/strong><\/td>\n<td>36 ml wst\u0119pnie nape\u0142nione<\/td>\n<\/tr>\n<tr>\n<td><strong>Typ cewki:<\/strong><\/td>\n<td>Cewka siatkowa 0,6 \u03a9<\/td>\n<\/tr>\n<tr>\n<td><strong>Bateria:<\/strong><\/td>\n<td>Akumulator 800 mAh, \u0142adowanie typu C<\/td>\n<\/tr>\n<tr>\n<td><strong>Opcje nikotynowe:<\/strong><\/td>\n<td>0%, 2%, 3%, 5%<\/td>\n<\/tr>\n<tr>\n<td><strong>Wy\u015bwietlacz:<\/strong><\/td>\n<td>Ekran LED pokazuj\u0105cy informacje o baterii i zaci\u0105gni\u0119ciu<\/td>\n<\/tr>\n<tr>\n<td><strong>Przep\u0142yw powietrza i moc:<\/strong><\/td>\n<td>W pe\u0142ni regulowane ustawienia<\/td>\n<\/tr>\n<tr>\n<td><strong>Bezpiecze\u0144stwo:<\/strong><\/td>\n<td>Funkcja blokady rodzicielskiej<\/td>\n<\/tr>\n<\/tbody>\n<h3>Wyb\u00f3r smaku<\/h3>\n<p><strong>OKSO Shisha Max 40K<\/strong> to odwa\u017cna mieszanka klasycznych i egzotycznych smak\u00f3w, kt\u00f3ra zaspokoi wszelkie preferencje smakowe:<\/p>\n<ul>\n<li><strong>Dwa Jab\u0142ka:<\/strong> Klasyczna szisza o chrupi\u0105cej s\u0142odyczy jab\u0142ek \ud83c\udf4f\ud83c\udf4e<\/li>\n<li><strong>Mi\u0119ta winogronowa:<\/strong> Soczyste winogrona zr\u00f3wnowa\u017cone ch\u0142odn\u0105 mi\u0119t\u0105 \ud83c\udf47\ud83c\udf3f<\/li>\n<li><strong>Wi\u015bniowa Fiesta:<\/strong> S\u0142odko-pikantny wi\u015bniowy podmuch \ud83c\udf52<\/li>\n<li><strong>Brzoskwiniowy l\u00f3d:<\/strong> Soczysta brzoskwinia z lodowym orze\u017awieniem \ud83c\udf51\u2744\ufe0f<\/li>\n<li><strong>Magiczna mi\u0142o\u015b\u0107:<\/strong> Egzotyczna owocowa mieszanka z akcentem w stylu shishy \ud83d\udc95<\/li>\n<li><strong>Truskawkowy poncz:<\/strong> S\u0142odka truskawka z mocnym finiszem \ud83c\udf53\ud83e\udd4a<\/li>\n<li><strong>Niebieski Razz L\u00f3d:<\/strong> Pikantnie niebieska malina z lodowatym kopni\u0119ciem \ud83e\uded0\u2744\ufe0f<\/li>\n<li><strong>Bujny l\u00f3d:<\/strong> S\u0142odycz arbuza z ch\u0142odz\u0105cym mentolem \ud83c\udf49\u2744\ufe0f<\/li>\n<li><strong>Truskawkowy Arbuz:<\/strong> Soczyste po\u0142\u0105czenie truskawek i melona \ud83c\udf53\ud83c\udf49<\/li>\n<li><strong>Jagoda Mi\u0119ta:<\/strong> Mieszanka jag\u00f3d z balansem \u015bwie\u017cej mi\u0119ty \ud83c\udf53\ud83e\uded0\ud83c\udf3f<\/li>\n<\/ul>\n<h3>Idealny dla du\u017cych u\u017cytkownik\u00f3w i dystrybucji hurtowej<\/h3>\n<p> <strong>OKSO Shisha Max 40K<\/strong> jest przeznaczona dla <strong>intensywnych waper\u00f3w, \u0142owc\u00f3w smak\u00f3w i sprzedawc\u00f3w w sklepach vape<\/strong>. Dzi\u0119ki <strong>du\u017cej liczbie zaci\u0105gni\u0119\u0107, najwy\u017cszej jako\u015bci technologii cewek i wszechstronnym opcjom nikotynowym<\/strong> doskonale nadaje si\u0119 do <strong>zam\u00f3wie\u0144 hurtowych i dystrybucji hurtowej<\/strong>. \ud83d\ude80\ud83d\udcaf<\/p>\n<h3>Cz\u0119sto zadawane pytania<\/h3>\n<ul>\n<li><strong>Jak d\u0142ugo wystarcza jedno urz\u0105dzenie?<\/strong><br \/>\nDo 40 000 zaci\u0105gni\u0119\u0107, w zale\u017cno\u015bci od nawyk\u00f3w u\u017cytkowania.<\/li>\n<li><strong>Czy mo\u017cna go \u0142adowa\u0107?<\/strong><br \/>\nTak, jest wyposa\u017cony w akumulator 800 mAh i \u0142adowanie typu C.<\/li>\n<li><strong>Czy mog\u0119 wapowa\u0107 bez nikotyny?<\/strong><br \/>\nTak, jest dost\u0119pny w wersji 0% nikotyny oraz w wersjach 2%, 3% i 5%.<\/li>\n<li><strong>Czy ma regulowany przep\u0142yw powietrza?<\/strong><br \/>\nTak, mo\u017cesz dostosowa\u0107 zar\u00f3wno przep\u0142yw powietrza, jak i moc, aby uzyska\u0107 spersonalizowane wra\u017cenia.<\/li>\n<li><strong>Czy jest to dobre dla odbiorc\u00f3w hurtowych?<\/strong><br \/>\nAbsolutnie, jego du\u017ca liczba zaci\u0105gni\u0119\u0107 i r\u00f3\u017cnorodno\u015b\u0107 smak\u00f3w sprawiaj\u0105, \u017ce jest to idealne rozwi\u0105zanie dla sklep\u00f3w i dystrybutor\u00f3w vape.<\/li>\n<\/ul>\n","protected":false},"excerpt":{"rendered":"<p> <strong>OKSO Shisha Max 40K<\/strong> \ud83d\udca8 zapewnia <strong>40 000 zaci\u0105gni\u0119\u0107<\/strong> o g\u0142adkim smaku dzi\u0119ki <strong>cewce z siatk\u0105 0,6 \u03a9<\/strong>, 36 ml soku premium i regulowanym ustawieniom. Idealny dla <strong>dystrybutor\u00f3w hurtowych, sklep\u00f3w z waporyzatorami i intensywnych u\u017cytkownik\u00f3w<\/strong> poszukuj\u0105cych niezawodnej wydajno\u015bci w d\u0142u\u017cszej perspektywie.<\/p>\n","protected":false},"featured_media":1737,"comment_status":"open","ping_status":"closed","template":"","meta":[],"product_brand":[],"product_cat":[630,1854],"product_tag":[],"class_list":{"0":"post-25009","1":"product","2":"type-product","3":"status-publish","4":"has-post-thumbnail","6":"product_cat-jednorazowy-waporyzator-o-pojemnosci-40000-zaciagniec","7":"product_cat-okso","9":"first","10":"instock","11":"shipping-taxable","12":"purchasable","13":"product-type-variable","14":"has-default-attributes"},"tiered_pricing_type":"fixed","tiered_pricing_fixed_rules":{"30":7.62999999999999989341858963598497211933135986328125,"50":5.9000000000000003552713678800500929355621337890625,"100":5.28000000000000024868995751603506505489349365234375,"200":4.910000000000000142108547152020037174224853515625,"400":4.480000000000000426325641456060111522674560546875},"tiered_pricing_product_settings":{"layout":"default","base_unit_name":{"singular":null,"plural":null},"default_variation":null},"tiered_pricing_minimum_quantity":10,"tiered_pricing_roles_data":[],"tiered_pricing_percentage_rules":[],"tiered_pricing_maximum_quantity":null,"tiered_pricing_quantity_step":"10","_links":{"self":[{"href":"https:\/\/stage.jrfer.com\/pl\/wp-json\/wp\/v2\/product\/25009","targetHints":{"allow":["GET"]}}],"collection":[{"href":"https:\/\/stage.jrfer.com\/pl\/wp-json\/wp\/v2\/product"}],"about":[{"href":"https:\/\/stage.jrfer.com\/pl\/wp-json\/wp\/v2\/types\/product"}],"replies":[{"embeddable":true,"href":"https:\/\/stage.jrfer.com\/pl\/wp-json\/wp\/v2\/comments?post=25009"}],"wp:featuredmedia":[{"embeddable":true,"href":"https:\/\/stage.jrfer.com\/pl\/wp-json\/wp\/v2\/media\/1737"}],"wp:attachment":[{"href":"https:\/\/stage.jrfer.com\/pl\/wp-json\/wp\/v2\/media?parent=25009"}],"wp:term":[{"taxonomy":"product_brand","embeddable":true,"href":"https:\/\/stage.jrfer.com\/pl\/wp-json\/wp\/v2\/product_brand?post=25009"},{"taxonomy":"product_cat","embeddable":true,"href":"https:\/\/stage.jrfer.com\/pl\/wp-json\/wp\/v2\/product_cat?post=25009"},{"taxonomy":"product_tag","embeddable":true,"href":"https:\/\/stage.jrfer.com\/pl\/wp-json\/wp\/v2\/product_tag?post=25009"}],"curies":[{"name":"wp","href":"https:\/\/api.w.org\/{rel}","templated":true}]}}