{"id":25934,"date":"2025-10-21T03:02:23","date_gmt":"2025-10-21T03:02:23","guid":{"rendered":"https:\/\/stage.jrfer.com\/product\/waspe-aiviou-6-w-1-150000-ptysiow-najtrwalszy-jednorazowy-waporyzator-z-wyswietlaczem-led\/"},"modified":"2026-04-07T11:45:56","modified_gmt":"2026-04-07T11:45:56","slug":"waspe-aiviou-6-in-1-150000-puffs-longest-lasting-disposable-vape-with-led-display","status":"publish","type":"product","link":"https:\/\/stage.jrfer.com\/pl\/produkt\/waspe-aiviou-6-in-1-150000-puffs-longest-lasting-disposable-vape-with-led-display\/","title":{"rendered":"WASPE AIVIOU 6 w 1 150000 Ptysi\u00f3w | najtrwalszy jednorazowy waporyzator z wy\u015bwietlaczem LED"},"content":{"rendered":"<h2>WASPE AIVIOU 6 w 1 150000 puf\u00f3w \ud83d\udca8 | najtrwalszy jednorazowy waporyzator z wy\u015bwietlaczem LED<\/h2>\n<h3>\ud83d\udd25 Dlaczego warto wybra\u0107 WASPE 150k 6 w 1?<\/h3>\n<ul>\n<li style=\"list-style-type: none\">\n<ul>\n<li>\ud83d\udda5\ufe0f <strong>Inteligentny wy\u015bwietlacz LED:<\/strong> Wyra\u017anie pokazuje poziom baterii i e-p\u0142ynu.<\/li>\n<li>\ud83c\udf0d <strong>Opcje nikotynowe:<\/strong> Dost\u0119pne w mocach 0%, 2% lub 5%.<\/li>\n<li>\ud83d\udca8 <strong>150 000 zaci\u0105gni\u0119\u0107:<\/strong> Wi\u0119ksza moc waporyzacji zapewniaj\u0105ca d\u0142ugotrwa\u0142\u0105 przyjemno\u015b\u0107.<\/li>\n<li>\ud83c\udf08 <strong>System smakowy 6 w 1:<\/strong> p\u0142ynnie prze\u0142\u0105czaj si\u0119 pomi\u0119dzy sze\u015bcioma fabrycznie nape\u0142nionymi smakami w jednym urz\u0105dzeniu.<\/li>\n<li>\u2699\ufe0f <strong>Grza\u0142ka z potr\u00f3jn\u0105 siatk\u0105 (1,0 \u03a9):<\/strong> Zapewnia g\u0142adsz\u0105 par\u0119 i mocniejszy smak.<\/li>\n<li>\ud83d\udd0b <strong>Akumulator 650 mAh:<\/strong> \u0142adowanie typu C zapewnia niezawodne dzia\u0142anie.<\/li>\n<li>\ud83e\uddc3 <strong>Ogromna pojemno\u015b\u0107 64 ml e-liquidu:<\/strong> Zaprojektowany z my\u015bl\u0105 o trwa\u0142o\u015bci i konsystencji smaku.<\/li>\n<\/ul>\n<\/li>\n<\/ul>\n<h3>\u2699\ufe0fSpecyfikacje<\/h3>\n<tr>\n<td><strong>Liczba zaci\u0105gni\u0119\u0107<\/strong><\/td>\n<td>150 000<\/td>\n<\/tr>\n<tr>\n<td><strong>Cewka<\/strong><\/td>\n<td>Cewka siatkowa 1,0 \u03a9 x 3<\/td>\n<\/tr>\n<tr>\n<td><strong>Pojemno\u015b\u0107 e-p\u0142ynu<\/strong><\/td>\n<td>64ml<\/td>\n<\/tr>\n<tr>\n<td><strong>Bateria<\/strong><\/td>\n<td>Akumulator 650 mAh<\/td>\n<\/tr>\n<tr>\n<td><strong>\u0141adowanie<\/strong><\/td>\n<td>Szybkie \u0142adowanie typu C<\/td>\n<\/tr>\n<tr>\n<td><strong>Wy\u015bwietlacz<\/strong><\/td>\n<td>Wska\u017anik LED baterii i e-p\u0142ynu<\/td>\n<\/tr>\n<tr>\n<td><strong>Si\u0142a nikotyny<\/strong><\/td>\n<td>0% \/ 2% \/ 5%<\/td>\n<\/tr>\n<\/tbody>\n<h3>\ud83c\udf53 Kombinacje smak\u00f3w<\/h3>\n<ol>\n<li>L\u00f3d arbuzowy \u2022 Cytrynowo-limonkowy \u2022 Cytrynowo-brzoskwiniowy<\/li>\n<li>L\u00f3d jagodowy \u2022 Kiwi truskawkowy \u2022 L\u00f3d wi\u015bniowo-truskawkowy<\/li>\n<li>Red Bull Ice \u2022 Malinowy Pompon \u2022 Kwa\u015bna Truskawka Mango<\/li>\n<li>Truskawkowy arbuz \u2022 Soczysty l\u00f3d brzoskwiniowy \u2022 Potr\u00f3jny l\u00f3d jagodowy<\/li>\n<li>L\u00f3d wi\u015bniowo-colowy \u2022 Truskawkowy l\u00f3d Red Bull \u2022 Arbuzowy, malinowy<\/li>\n<li>L\u00f3d winogronowy \u2022 Blue Razz Cherry \u2022 L\u00f3d truskawkowy<\/li>\n<li>Mieszane jagody \u2022 Lody z czarnego smoka \u2022 Truskawkowa cola wi\u015bniowa<\/li>\n<li>L\u00f3d gazowany cola \u2022 Nap\u00f3j energetyczny \u2022 L\u00f3d wi\u015bniowy<\/li>\n<li>Truskawka Banan \u2022 Kiwi Arbuz \u2022 Kokos Truskawka<\/li>\n<li>Red Bull Cola Ice \u2022 Truskawka Malina Wi\u015bnia \u2022 Je\u017cyna Smoczy Owoc<\/li>\n<li>Truskawkowa guma balonowa z arbuzem \u2022 L\u00f3d z kwa\u015bnego mango \u2022 L\u00f3d truskawkowo-winogronowy<\/li>\n<li>Melon Marakuja \u2022 Lody je\u017cynowe \u2022 Jab\u0142ko Kiwi<\/li>\n<\/ol>\n<h3>\ud83d\udcac FAQ<\/h3>\n<p><strong>P:<\/strong> Czy mog\u0119 \u0142atwo zmienia\u0107 smaki?<br \/>\n<strong>O:<\/strong> Tak! Wbudowany selektor umo\u017cliwia szybk\u0105 zmian\u0119 smaku bez wyciek\u00f3w i mieszania.<\/p>\n<p><strong>P:<\/strong> Jak go na\u0142adowa\u0107?<br \/>\n<strong>O:<\/strong> U\u017cyj dowolnego kabla typu C \u2014 wska\u017anik LED poka\u017ce post\u0119p \u0142adowania.<\/p>\n<\/p>\n<p><strong>WASPE AIVIOU 6 w 1 150 000 puszek<\/strong> to najlepszy jednorazowy waporyzator dla zaawansowanych u\u017cytkownik\u00f3w, \u0142owc\u00f3w smak\u00f3w i sprzedawc\u00f3w B2B. Ciesz si\u0119 najd\u0142u\u017csz\u0105 wydajno\u015bci\u0105 i r\u00f3\u017cnorodno\u015bci\u0105 w jednym kompaktowym, krystalicznie czystym urz\u0105dzeniu.<\/p>\n<p><img decoding=\"async\" style=\"max-width: 100%\" src=\"https:\/\/stage.jrfer.com\/wp-content\/uploads\/2025\/10\/\u573a\u666f080000-\u62f7\u8d1d.jpg\" alt=\"WASPE AIVIOU 6-w-1 150000 puf\u00f3w\" title=\"\"><\/p>\n","protected":false},"excerpt":{"rendered":"<p>Odkryj <strong>WASPE AIVIOU 6 w 1<\/strong> \u2014 jednorazowy waporyzator nowej generacji oferuj\u0105cy <strong>150 000 zaci\u0105gni\u0119\u0107<\/strong>, sze\u015b\u0107 pysznych smak\u00f3w w jednym urz\u0105dzeniu i przejrzysty ekran LED do \u015bledzenia baterii i e-liquidu. Idealny dla entuzjast\u00f3w vape i u\u017cytkownik\u00f3w d\u0142ugoterminowych!<\/p>\n","protected":false},"featured_media":6306,"comment_status":"open","ping_status":"closed","template":"","meta":[],"product_brand":[],"product_cat":[394,772,1163,1927,1198],"product_tag":[731,975,1048,877,695,763,2191,807,940,909,1008],"class_list":{"0":"post-25934","1":"product","2":"type-product","3":"status-publish","4":"has-post-thumbnail","6":"product_cat-waspe","7":"product_cat-jednorazowy-vape-100-tys-puffow","8":"product_cat-najlepsze-jednorazowe-waporyzatory","9":"product_cat-nowy","10":"product_cat-tanie-jednorazowe-waporyzatory-z-akumulatorem","11":"product_tag-hurtownia-150000-zaciagniec-jednorazowych-waporyzatorow","12":"product_tag-hurtownia-jednorazowych-waporyzatorow-o-wielu-smakach-w-europie","13":"product_tag-hurtowy-dostawca-jednorazowych-waporyzatorow-w-europie","14":"product_tag-jednorazowe-e-papierosy-o-duzej-pojemnosci","15":"product_tag-jednorazowy-waporyzator-o-pojemnosci-150-000-zaciagniec","16":"product_tag-jednorazowy-waporyzator-o-wielu-smakach-6-w-1","17":"product_tag-jednorazowy-waporyzator-w-wielu-smakach","18":"product_tag-jednorazowy-waporyzator-z-wyswietlaczem-led","19":"product_tag-najtrwalszy-jednorazowy-waporyzator-150-000-zaciagniec","20":"product_tag-waporyzator-jednorazowy-o-najwiekszej-liczbie-zaciagniec","21":"product_tag-wyjatkowo-d-ugotrwa-y-waporyzator","23":"first","24":"instock","25":"shipping-taxable","26":"purchasable","27":"product-type-variable","28":"has-default-attributes"},"tiered_pricing_type":"fixed","tiered_pricing_fixed_rules":{"30":9.3800000000000007815970093361102044582366943359375,"50":7.6500000000000003552713678800500929355621337890625,"100":7.30999999999999960920149533194489777088165283203125,"200":6.519999999999999573674358543939888477325439453125,"400":6.230000000000000426325641456060111522674560546875},"tiered_pricing_product_settings":{"layout":"default","base_unit_name":{"singular":null,"plural":null},"default_variation":null},"tiered_pricing_minimum_quantity":10,"tiered_pricing_roles_data":[],"tiered_pricing_percentage_rules":[],"tiered_pricing_maximum_quantity":null,"tiered_pricing_quantity_step":"10","_links":{"self":[{"href":"https:\/\/stage.jrfer.com\/pl\/wp-json\/wp\/v2\/product\/25934","targetHints":{"allow":["GET"]}}],"collection":[{"href":"https:\/\/stage.jrfer.com\/pl\/wp-json\/wp\/v2\/product"}],"about":[{"href":"https:\/\/stage.jrfer.com\/pl\/wp-json\/wp\/v2\/types\/product"}],"replies":[{"embeddable":true,"href":"https:\/\/stage.jrfer.com\/pl\/wp-json\/wp\/v2\/comments?post=25934"}],"wp:featuredmedia":[{"embeddable":true,"href":"https:\/\/stage.jrfer.com\/pl\/wp-json\/wp\/v2\/media\/6306"}],"wp:attachment":[{"href":"https:\/\/stage.jrfer.com\/pl\/wp-json\/wp\/v2\/media?parent=25934"}],"wp:term":[{"taxonomy":"product_brand","embeddable":true,"href":"https:\/\/stage.jrfer.com\/pl\/wp-json\/wp\/v2\/product_brand?post=25934"},{"taxonomy":"product_cat","embeddable":true,"href":"https:\/\/stage.jrfer.com\/pl\/wp-json\/wp\/v2\/product_cat?post=25934"},{"taxonomy":"product_tag","embeddable":true,"href":"https:\/\/stage.jrfer.com\/pl\/wp-json\/wp\/v2\/product_tag?post=25934"}],"curies":[{"name":"wp","href":"https:\/\/api.w.org\/{rel}","templated":true}]}}