{"id":27453,"date":"2025-07-07T09:21:41","date_gmt":"2025-07-07T09:21:41","guid":{"rendered":"https:\/\/stage.jrfer.com\/product\/okso-magiczne-lustro-50k-jednorazowy-waporyzator-o-pojemnosci-50000-zaciagniec-w-kolorze-lustrzanym-rgb\/"},"modified":"2026-04-07T12:58:26","modified_gmt":"2026-04-07T12:58:26","slug":"okso-magic-mirror-50000","status":"publish","type":"product","link":"https:\/\/stage.jrfer.com\/pl\/produkt\/okso-magic-mirror-50000\/","title":{"rendered":"OKSO Magiczne lustro 50K | Jednorazowy waporyzator o pojemno\u015bci 50000 zaci\u0105gni\u0119\u0107 w kolorze lustrzanym RGB"},"content":{"rendered":"<h2>Dlaczego warto wybra\u0107 OKSO Magic Mirror 50K?<\/h2>\n<ul>\n<li><strong>Ogromne 50 000 zaci\u0105gni\u0119\u0107:<\/strong> d\u0142ugotrwa\u0142e sesje z mniejsz\u0105 liczb\u0105 wymian \ud83d\udd25<\/li>\n<li><strong>Podw\u00f3jna cewka siatkowa:<\/strong> G\u0142adka para, bogaty smak i g\u0119ste chmury \ud83c\udf2c\ufe0f<\/li>\n<li><strong>40 ml wst\u0119pnie nape\u0142nionego e-liquidu:<\/strong> Niezawodne, d\u0142ugotrwa\u0142e u\u017cytkowanie \ud83d\udca7<\/li>\n<li><strong>Opcje nikotyny:<\/strong> 0%, 2%, 3% i 5% dla r\u00f3\u017cnych potrzeb \ud83d\udc4d<\/li>\n<li><strong>Akumulator 850 mAh:<\/strong> z szybkim \u0142adowaniem typu C \ud83d\udd0b<\/li>\n<li><strong>Lustrzane wyko\u0144czenie + o\u015bwietlenie RGB:<\/strong> Stylowy i przyci\u0105gaj\u0105cy wzrok \ud83c\udf08<\/li>\n<li><strong>Wy\u015bwietlacz LED:<\/strong> \u015bledzenie zaci\u0105gni\u0119cia i baterii w czasie rzeczywistym \ud83d\udcca<\/li>\n<li><strong>Blokada rodzicielska:<\/strong> Bezpieczniejsza konstrukcja zapewniaj\u0105ca spok\u00f3j ducha \ud83d\udd12<\/li>\n<li><strong>Gotowe do sprzeda\u017cy hurtowej:<\/strong> Opakowanie zbiorcze idealne dla nabywc\u00f3w B2B \ud83d\udce6<\/li>\n<\/ul>\n<h3>Specyfikacje<\/h3>\n<tr>\n<td><strong>Wydajno\u015b\u0107 zaci\u0105gni\u0119cia:<\/strong><\/td>\n<td>Do 50 000 zaci\u0105gni\u0119\u0107<\/td>\n<\/tr>\n<tr>\n<td><strong>Pojemno\u015b\u0107 e-p\u0142ynu:<\/strong><\/td>\n<td>40 ml<\/td>\n<\/tr>\n<tr>\n<td><strong>Bateria:<\/strong><\/td>\n<td>Akumulator 850 mAh, \u0142adowanie typu C<\/td>\n<\/tr>\n<tr>\n<td><strong>Typ cewki:<\/strong><\/td>\n<td>Podw\u00f3jna cewka siatkowa<\/td>\n<\/tr>\n<tr>\n<td><strong>Opcje nikotynowe:<\/strong><\/td>\n<td>0%, 2%, 3%, 5%<\/td>\n<\/tr>\n<tr>\n<td><strong>Projekt:<\/strong><\/td>\n<td>Lustrzane wyko\u0144czenie z efektami LED RGB<\/td>\n<\/tr>\n<tr>\n<td><strong>Wy\u015bwietlacz:<\/strong><\/td>\n<td>\u015aledzenie baterii i zaci\u0105gni\u0119\u0107 LED<\/td>\n<\/tr>\n<tr>\n<td><strong>Bezpiecze\u0144stwo:<\/strong><\/td>\n<td>Wbudowana blokada dzieci\u0119ca<\/td>\n<\/tr>\n<\/tbody>\n<h3>Wyb\u00f3r smaku<\/h3>\n<p><strong>OKSO Magic Mirror 50K<\/strong> jest dost\u0119pny w 10 ekscytuj\u0105cych smakach, ka\u017cdy zaprojektowany tak, aby zaspokoi\u0107 r\u00f3\u017cne preferencje smakowe:<\/p>\n<ul>\n<li><strong>Niebieski l\u00f3d Razz:<\/strong> Pikantna niebieska malina z lodowat\u0105 \u015bwie\u017co\u015bci\u0105 \ud83e\uded0\u2744\ufe0f<\/li>\n<li><strong>Bujny l\u00f3d:<\/strong> Klasyczny arbuz z mro\u017anym kopni\u0119ciem \ud83c\udf49\u2744\ufe0f<\/li>\n<li><strong>L\u00f3d Truskawkowy:<\/strong> S\u0142odkie truskawki zmieszane z mentolem \ud83c\udf53\u2744\ufe0f<\/li>\n<li><strong>L\u00f3d winogronowy:<\/strong> Odwa\u017cny smak winogron z mro\u017c\u0105cym finiszem \ud83c\udf47\u2744\ufe0f<\/li>\n<li><strong>MI\u0141O\u015a\u0106 66:<\/strong> Egzotyczna owocowa mieszanka z akcentem w stylu shishy \ud83d\udc95<\/li>\n<li><strong>Pani Killa:<\/strong> Smak inspirowany tropikalnym koktajlem \ud83c\udf79<\/li>\n<li><strong>Mint L\u00f3d:<\/strong> czysta, orze\u017awiaj\u0105ca mi\u0119ta z dodatkiem ch\u0142odz\u0105cym \ud83c\udf3f\u2744\ufe0f<\/li>\n<li><strong>Truskawkowy Arbuz:<\/strong> Soczyste po\u0142\u0105czenie truskawek i melona \ud83c\udf53\ud83c\udf49<\/li>\n<li><strong>Kiwi Marakuja:<\/strong> S\u0142odki, pikantny tropikalny duet \ud83e\udd5d\ud83e\udd6d<\/li>\n<li><strong>Mieszane jagody:<\/strong> mieszanka wyrazistej s\u0142odyczy jag\u00f3d \ud83c\udf53\ud83e\uded0\ud83c\udf52<\/li>\n<\/ul>\n<h3>Idealny dla intensywnych u\u017cytkownik\u00f3w i odbiorc\u00f3w hurtowych<\/h3>\n<p><strong>OKSO Magic Mirror 50K<\/strong> to najlepszy wyb\u00f3r dla <strong>intensywnych waper\u00f3w, mi\u0142o\u015bnik\u00f3w smak\u00f3w i dystrybutor\u00f3w sklep\u00f3w z waporyzatorami<\/strong>. D\u0142ugotrwa\u0142a liczba zaci\u0105gni\u0119\u0107, doskona\u0142a konstrukcja i wszechstronne opcje nikotynowe sprawiaj\u0105, \u017ce jest to doskona\u0142y dodatek do <strong>dystrybucji hurtowej<\/strong>. \ud83d\udcaf\ud83d\ude80<\/p>\n<h3>Cz\u0119sto zadawane pytania<\/h3>\n<ul>\n<li><strong>Jak d\u0142ugo to trwa?<\/strong><br \/>\nWystarcza na nawet 50 000 zaci\u0105gni\u0119\u0107, w zale\u017cno\u015bci od u\u017cytkowania.<\/li>\n<li><strong>Czy mo\u017cna go \u0142adowa\u0107?<\/strong><br \/>\nTak, ma bateri\u0119 850 mAh z szybkim \u0142adowaniem typu C.<\/li>\n<li><strong>Czy obs\u0142uguje wapowanie bez nikotyny?<\/strong><br \/>\nTak, dost\u0119pna jest nikotyna 0% wraz z moc\u0105 2%, 3% i 5%.<\/li>\n<li><strong>Co czyni go wyj\u0105tkowym?<\/strong><br \/>\nLustrzane wyko\u0144czenie, o\u015bwietlenie RGB i cewka z podw\u00f3jn\u0105 siatk\u0105 wyr\u00f3\u017cniaj\u0105 go.<\/li>\n<li><strong>Czy to dobre dla sprzeda\u017cy hurtowej?<\/strong><br \/>\nAbsolutnie. Wysoka liczba zaci\u0105gni\u0119\u0107 i r\u00f3\u017cnorodno\u015b\u0107 smak\u00f3w sprawiaj\u0105, \u017ce jest to silny sprzedawca w sklepach z e-papierosami i na rynkach B2B.<\/li>\n<\/ul>\n","protected":false},"excerpt":{"rendered":"<p><strong>OKSO Magic Mirror 50K<\/strong> \u2728 zapewnia <strong>do 50 000 zaci\u0105gni\u0119\u0107<\/strong> dzi\u0119ki wysokiej jako\u015bci <strong>cewce z podw\u00f3jn\u0105 siatk\u0105<\/strong>, masywnemu e-liquidowi o pojemno\u015bci 40 ml i stylowemu lustrzanemu wyko\u0144czeniu z o\u015bwietleniem RGB. Idealny dla <strong>kupc\u00f3w hurtowych, dystrybutor\u00f3w i intensywnych u\u017cytkownik\u00f3w<\/strong> poszukuj\u0105cych d\u0142ugotrwa\u0142ej wydajno\u015bci i odwa\u017cnych smak\u00f3w.<\/p>\n","protected":false},"featured_media":1667,"comment_status":"open","ping_status":"closed","template":"","meta":[],"product_brand":[],"product_cat":[630,1854],"product_tag":[],"class_list":{"0":"post-27453","1":"product","2":"type-product","3":"status-publish","4":"has-post-thumbnail","6":"product_cat-jednorazowy-waporyzator-o-pojemnosci-40000-zaciagniec","7":"product_cat-okso","9":"first","10":"instock","11":"shipping-taxable","12":"purchasable","13":"product-type-variable","14":"has-default-attributes"},"tiered_pricing_type":"fixed","tiered_pricing_fixed_rules":{"30":9.5,"60":8.9000000000000003552713678800500929355621337890625,"100":8.300000000000000710542735760100185871124267578125,"200":7.9000000000000003552713678800500929355621337890625},"tiered_pricing_product_settings":{"layout":"default","base_unit_name":{"singular":null,"plural":null},"default_variation":null},"tiered_pricing_minimum_quantity":10,"tiered_pricing_roles_data":[],"tiered_pricing_percentage_rules":[],"tiered_pricing_maximum_quantity":null,"tiered_pricing_quantity_step":"10","_links":{"self":[{"href":"https:\/\/stage.jrfer.com\/pl\/wp-json\/wp\/v2\/product\/27453","targetHints":{"allow":["GET"]}}],"collection":[{"href":"https:\/\/stage.jrfer.com\/pl\/wp-json\/wp\/v2\/product"}],"about":[{"href":"https:\/\/stage.jrfer.com\/pl\/wp-json\/wp\/v2\/types\/product"}],"replies":[{"embeddable":true,"href":"https:\/\/stage.jrfer.com\/pl\/wp-json\/wp\/v2\/comments?post=27453"}],"wp:featuredmedia":[{"embeddable":true,"href":"https:\/\/stage.jrfer.com\/pl\/wp-json\/wp\/v2\/media\/1667"}],"wp:attachment":[{"href":"https:\/\/stage.jrfer.com\/pl\/wp-json\/wp\/v2\/media?parent=27453"}],"wp:term":[{"taxonomy":"product_brand","embeddable":true,"href":"https:\/\/stage.jrfer.com\/pl\/wp-json\/wp\/v2\/product_brand?post=27453"},{"taxonomy":"product_cat","embeddable":true,"href":"https:\/\/stage.jrfer.com\/pl\/wp-json\/wp\/v2\/product_cat?post=27453"},{"taxonomy":"product_tag","embeddable":true,"href":"https:\/\/stage.jrfer.com\/pl\/wp-json\/wp\/v2\/product_tag?post=27453"}],"curies":[{"name":"wp","href":"https:\/\/api.w.org\/{rel}","templated":true}]}}