{"id":27640,"date":"2025-10-16T07:40:42","date_gmt":"2025-10-16T07:40:42","guid":{"rendered":"https:\/\/stage.jrfer.com\/product\/fihp-120000-6w1-wielosmakowy-jednorazowy-waporyzator-o-pojemnosci-120-000-zaciagniec\/"},"modified":"2026-04-07T11:49:57","modified_gmt":"2026-04-07T11:49:57","slug":"fihp-120k-6-in-1-120000-puffs-led-screen-multi-flavor-64ml-high-puff-count-bulk-disposable-vape","status":"publish","type":"product","link":"https:\/\/stage.jrfer.com\/pl\/produkt\/fihp-120k-6-in-1-120000-puffs-led-screen-multi-flavor-64ml-high-puff-count-bulk-disposable-vape\/","title":{"rendered":"FiHP 120000 6w1 wielosmakowy | Jednorazowy waporyzator o pojemno\u015bci 120 000 zaci\u0105gni\u0119\u0107"},"content":{"rendered":"<h2>FiHP 120000 6w1 wielosmakowy | Jednorazowy waporyzator o pojemno\u015bci 120 000 zaci\u0105gni\u0119\u0107<\/h2>\n<h3>Szybkie najwa\u017cniejsze informacje<\/h3>\n<ul>\n<li>\ud83d\udd0b Akumulator 650 mAh + \u0142adowanie typu C.<\/li>\n<li>\ud83c\udf21\ufe0f Podw\u00f3jna cewka siatkowa zapewniaj\u0105ca g\u0142adk\u0105, aromatyczn\u0105 par\u0119.<\/li>\n<li>\ud83d\udcfaEkran LED wy\u015bwietlaj\u0105cy informacje o baterii i u\u017cytkowaniu.<\/li>\n<li>\ud83d\udce6 10 sztuk w pude\u0142ku \u2014 idealne zar\u00f3wno do sprzeda\u017cy detalicznej, jak i pobierania pr\u00f3bek.<\/li>\n<li>\ud83d\udca5 120 000 zaci\u0105gni\u0119\u0107 \u2014 pojemno\u015b\u0107 na poziomie maratonu.<\/li>\n<li>\ud83c\udf79 Smaki 6 w 1 \u2014 w\u0142\u0105cz zapotrzebowanie na r\u00f3\u017cnorodno\u015b\u0107.<\/li>\n<\/ul>\n<p>Jednorazowy waporyzator FiHP 120000 6w1 Multiple Flavour zosta\u0142 stworzony z my\u015bl\u0105 o mi\u0142o\u015bnikach smaku, kt\u00f3rzy nie chc\u0105 rezygnowa\u0107 z d\u0142ugowieczno\u015bci. Dzi\u0119ki ogromnej pojemno\u015bci <strong>64 ml<\/strong> e-liquidu i a\u017c do <strong>120 000 zaci\u0105gni\u0119\u0107<\/strong> to wszechstronne urz\u0105dzenie podtrzymuje dobre czasy. Wybieraj spo\u015br\u00f3d lodowych owoc\u00f3w, mieszanek tropikalnych, klasycznych cukierk\u00f3w i nie tylko \u2014 sze\u015b\u0107 grup smakowych z sze\u015bcioma opcjami ka\u017cda sprawi, \u017ce ka\u017cde pty\u015b b\u0119dzie nowym odkryciem. Akumulator <strong>650 mAh<\/strong> (USB typu C) i podw\u00f3jna cewka siatkowa zapewniaj\u0105 sta\u0142\u0105 wydajno\u015b\u0107, a ekran LED informuje u\u017cytkownik\u00f3w o wszystkich informacjach na pierwszy rzut oka.<\/p>\n<h3>Specyfikacje<\/h3>\n<tr>\n<th>Funkcja<\/th>\n<th>Specyfikacja<\/th>\n<\/tr>\n<tr>\n<td>Model<\/td>\n<td>FiHP 120000 6w1 o wielu smakach<\/td>\n<\/tr>\n<tr>\n<td>Funkcja<\/td>\n<td>Z ekranem LED, oferuje 6 smak\u00f3w<\/td>\n<\/tr>\n<tr>\n<td>Puffy<\/td>\n<td>120000 PUF\u00d3W<\/td>\n<\/tr>\n<tr>\n<td>Obj\u0119to\u015b\u0107 cieczy<\/td>\n<td>64 ml<\/td>\n<\/tr>\n<tr>\n<td>Interfejs \u0142adowania<\/td>\n<td>Typ C<\/td>\n<\/tr>\n<tr>\n<td>Pojemno\u015b\u0107 baterii<\/td>\n<td>650 mAh<\/td>\n<\/tr>\n<tr>\n<td>Typ cewki<\/td>\n<td>Podw\u00f3jna cewka siatkowa<\/td>\n<\/tr>\n<tr>\n<td>Nikotyna<\/td>\n<td>2% \/ 5%<\/td>\n<\/tr>\n<tr>\n<td>Opakowanie<\/td>\n<td>10 szt. w opakowaniu<\/td>\n<\/tr>\n<\/tbody>\n<h3>Grupy smak\u00f3w \u2014 kr\u00f3tki przewodnik po smakach<\/h3>\n<ul>\n<li><strong>Grupa 01:<\/strong> L\u00f3d arbuzowy \/ L\u00f3d jagodowy \/ Red Bull \/ Truskawkowy Kiwi \/ Cytrynowo-limonkowy \/ Truskawkowy arbuz.<\/li>\n<li><strong>Grupa 02:<\/strong> Truskawka Banan \/ Podw\u00f3jne Jab\u0142ko \/ Arbuz Malina \/ Ananas Kwa\u015bny Mango \/ Owoc Tropikalny \/ Brzoskwinia Cytrynowa.<\/li>\n<li><strong>Grupa 03:<\/strong> Ananas Kokos \/ Blue Razz \/ Mieszanka Jag\u00f3d \/ Mango Brzoskwinia \/ Jagoda Malina \/ Truskawkowo-Waniliowa Cola.<\/li>\n<li><strong>Grupa 04:<\/strong> l\u00f3d winogronowy \/ l\u00f3d czarnego smoka \/ musuj\u0105cy l\u00f3d wi\u015bniowy \/ jagoda brzoskwiniowa \/ potr\u00f3jny melon \/ \u017celkowy mi\u015b.<\/li>\n<li><strong>Grupa 05:<\/strong> l\u00f3d wi\u015bniowo-cola \/ l\u00f3d mango \/ l\u00f3d brzoskwiniowy \/ t\u0119czowe cukierki \/ Love 666 \/ jagodowa wata cukrowa.<\/li>\n<li><strong>Grupa 06:<\/strong> Aloesowy l\u00f3d liczi \/ L\u00f3d lodowcowy \/ L\u00f3d z czarnej porzeczki \/ R\u00f3\u017cowa cytryna \/ Ig\u0142a sosnowa i mi\u0119ta \/ Arbuz Cytryna.<\/li>\n<\/ul>\n<p><strong>Dla kogo to jest?<\/strong> Intensywni waporyzatorzy, \u0142owcy smak\u00f3w, sklepy i dystrybutorzy vape \u2014 wszyscy, kt\u00f3rzy ceni\u0105 r\u00f3\u017cnorodno\u015b\u0107, d\u0142ugowieczno\u015b\u0107 i \u0142atwe \u0142adowanie. Idealny jako wyr\u00f3\u017cniony artyku\u0142 na p\u00f3\u0142ce lub bestseller online. \ud83c\udfaf<\/p>\n<h3>FAQ (zabawne i proste)<\/h3>\n<ul>\n<li>\u2753 <strong>Jak d\u0142ugo to trwa?<\/strong> \u2014 Do 120 000 zaci\u0105gni\u0119\u0107 na urz\u0105dzenie.<\/li>\n<li>\ud83d\udd04 <strong>Czy mog\u0119 zmienia\u0107 smaki w po\u0142owie u\u017cycia?<\/strong> \u2014 Tak, system 6 w 1 umo\u017cliwia prze\u0142\u0105czanie pomi\u0119dzy sze\u015bcioma fabrycznie za\u0142adowanymi smakami.<\/li>\n<li>\ud83d\udd0c <strong>Jak \u0142adowa\u0107?<\/strong> \u2014 u\u017cyj portu USB typu C, aby na\u0142adowa\u0107 bateri\u0119 650 mAh.<\/li>\n<li>\ud83d\udca7 <strong>Ilo\u015b\u0107 p\u0142ynu?<\/strong> \u2014 64 ml e-liquidu na urz\u0105dzenie.<\/li>\n<li>\ud83e\uddfe <strong>Wielko\u015b\u0107 opakowania?<\/strong> \u2014 10 sztuk w pude\u0142ku do u\u017cytku hurtowego lub detalicznego.<\/li>\n<\/ul>\n<p><img decoding=\"async\" style=\"max-width: 100%\" src=\"https:\/\/stage.jrfer.com\/wp-content\/uploads\/2025\/10\/Y76-20001.jpg\" alt=\"FiHP 120000 6w1 Multi-Flavor\" title=\"\"><\/p>\n","protected":false},"excerpt":{"rendered":"<p>Spr\u00f3buj wi\u0119cej, no\u015b mniej \u2014 <strong>120 000 puszek<\/strong> i <strong>6 wymiennych smak\u00f3w<\/strong> w jednym urz\u0105dzeniu z mo\u017cliwo\u015bci\u0105 \u0142adowania. Zabawne, owocowe, lodowe i cukierkowe opcje na ka\u017cdy nastr\u00f3j. \ud83c\udf53\u2744\ufe0f\ud83c\udf6c<\/p>\n","protected":false},"featured_media":6257,"comment_status":"open","ping_status":"closed","template":"","meta":[],"product_brand":[],"product_cat":[1873,772,701,1927],"product_tag":[413,570,483,449,663,515,597,627,547,464,432],"class_list":{"0":"post-27640","1":"product","2":"type-product","3":"status-publish","4":"has-post-thumbnail","6":"product_cat-fihp","7":"product_cat-jednorazowy-vape-100-tys-puffow","8":"product_cat-jednorazowy-waporyzator-o-pojemnosci-60000-zaciagniec","9":"product_cat-nowy","10":"product_tag-120-000-zaciagniec-vape","11":"product_tag-d-ugotrwa-y-vape-europa","12":"product_tag-fihp-120-tys","13":"product_tag-hurtowa-sprzedaz-vape-w-ue","14":"product_tag-inteligentny-wyswietlacz-vape","15":"product_tag-jednorazowy-waporyzator-o-duzej-liczbie-zaciagniec","16":"product_tag-jednorazowy-waporyzator-o-wielu-smakach","17":"product_tag-jednorazowy-waporyzator-wielokrotnego-adowania","18":"product_tag-vape-z-ekranem-led","19":"product_tag-vape-z-podwojna-cewka-siatkowa","20":"product_tag-waporyzator-smakowy-6-w-1","22":"first","23":"instock","24":"shipping-taxable","25":"purchasable","26":"product-type-variable","27":"has-default-attributes"},"tiered_pricing_type":"fixed","tiered_pricing_fixed_rules":{"30":10.1199999999999992184029906638897955417633056640625,"50":8.269999999999999573674358543939888477325439453125,"100":7.9900000000000002131628207280300557613372802734375,"200":7.410000000000000142108547152020037174224853515625,"400":6.839999999999999857891452847979962825775146484375},"tiered_pricing_product_settings":{"layout":"default","base_unit_name":{"singular":null,"plural":null},"default_variation":null},"tiered_pricing_minimum_quantity":10,"tiered_pricing_roles_data":[],"tiered_pricing_percentage_rules":[],"tiered_pricing_maximum_quantity":null,"tiered_pricing_quantity_step":"10","_links":{"self":[{"href":"https:\/\/stage.jrfer.com\/pl\/wp-json\/wp\/v2\/product\/27640","targetHints":{"allow":["GET"]}}],"collection":[{"href":"https:\/\/stage.jrfer.com\/pl\/wp-json\/wp\/v2\/product"}],"about":[{"href":"https:\/\/stage.jrfer.com\/pl\/wp-json\/wp\/v2\/types\/product"}],"replies":[{"embeddable":true,"href":"https:\/\/stage.jrfer.com\/pl\/wp-json\/wp\/v2\/comments?post=27640"}],"wp:featuredmedia":[{"embeddable":true,"href":"https:\/\/stage.jrfer.com\/pl\/wp-json\/wp\/v2\/media\/6257"}],"wp:attachment":[{"href":"https:\/\/stage.jrfer.com\/pl\/wp-json\/wp\/v2\/media?parent=27640"}],"wp:term":[{"taxonomy":"product_brand","embeddable":true,"href":"https:\/\/stage.jrfer.com\/pl\/wp-json\/wp\/v2\/product_brand?post=27640"},{"taxonomy":"product_cat","embeddable":true,"href":"https:\/\/stage.jrfer.com\/pl\/wp-json\/wp\/v2\/product_cat?post=27640"},{"taxonomy":"product_tag","embeddable":true,"href":"https:\/\/stage.jrfer.com\/pl\/wp-json\/wp\/v2\/product_tag?post=27640"}],"curies":[{"name":"wp","href":"https:\/\/api.w.org\/{rel}","templated":true}]}}