{"id":29358,"date":"2025-09-11T12:58:17","date_gmt":"2025-09-11T12:58:17","guid":{"rendered":"https:\/\/stage.jrfer.com\/product\/bangbox-80k-3-w-1-80000-zaciagniec-mega-jednorazowy-waporyzator-o-potrojnym-smaku\/"},"modified":"2026-04-07T11:54:03","modified_gmt":"2026-04-07T11:54:03","slug":"bangbox-80k-3-in-1-80000-puffs-triple-flavor-bulk-disposable-vape","status":"publish","type":"product","link":"https:\/\/stage.jrfer.com\/pl\/produkt\/bangbox-80k-3-in-1-80000-puffs-triple-flavor-bulk-disposable-vape\/","title":{"rendered":"BANGBOX 80K 3 w 1 80000 zaci\u0105gni\u0119\u0107 | Mega jednorazowy waporyzator o potr\u00f3jnym smaku"},"content":{"rendered":"<h2>Dlaczego warto wybra\u0107 BANGBOX 80K?<\/h2>\n<ul>\n<li>\ud83d\udca8 <strong>Bardzo du\u017ca liczba zaci\u0105gni\u0119\u0107:<\/strong> do 80 000 zaci\u0105gni\u0119\u0107 na urz\u0105dzenie \u2013 stworzone z my\u015bl\u0105 o d\u0142ugotrwa\u0142ej satysfakcji.<\/li>\n<li>\ud83d\udd0b <strong>Pot\u0119\u017cna bateria:<\/strong> 17350 850 mAh czystej baterii kobaltowej z roz\u0142adowaniem 5 A zapewniaj\u0105ca sta\u0142\u0105 wydajno\u015b\u0107.<\/li>\n<li>\ud83c\udfaf <strong>Potr\u00f3jne kapsu\u0142ki smakowe:<\/strong> Zmieniaj smaki w dowolnym momencie dzi\u0119ki systemowi kapsu\u0142ek 3 w 1 \u2013 nigdy wi\u0119cej zm\u0119czenia smakiem!<\/li>\n<li>\ud83d\udcca <strong>Inteligentny wy\u015bwietlacz:<\/strong> wska\u017aniki poziomu baterii i e-p\u0142ynu, dzi\u0119ki kt\u00f3rym nigdy nie zabraknie Ci niespodziewanie.<\/li>\n<li>\u26a1 <strong>Szybkie \u0142adowanie:<\/strong> szybkie \u0142adowanie typu C \u2013 sp\u0119dzaj wi\u0119cej czasu na wapowaniu, a mniej na czekaniu.<\/li>\n<li>\ud83d\uded2 <strong>Gotowy do sprzeda\u017cy hurtowej:<\/strong> Idealny dla sklep\u00f3w z waporyzatorami i nabywc\u00f3w B2B poszukuj\u0105cych opcji hurtowych.<\/li>\n<\/ul>\n<h3>Specyfikacje<\/h3>\n<table border=\"1\" cellpadding=\"5\">\n<tr>\n<td><strong>Liczba zaci\u0105gni\u0119\u0107<\/strong><\/td>\n<td>Do 80 000 zaci\u0105gni\u0119\u0107<\/td>\n<\/tr>\n<tr>\n<td><strong>Bateria<\/strong><\/td>\n<td>17350-850mAh czystego kobaltu, wy\u0142adowanie 5A<\/td>\n<\/tr>\n<tr>\n<td><strong>Pojemno\u015b\u0107 e-p\u0142ynu<\/strong><\/td>\n<td>60 ml fabrycznie nape\u0142nione<\/td>\n<\/tr>\n<tr>\n<td><strong>Cewka<\/strong><\/td>\n<td>Cewka z potr\u00f3jn\u0105 siatk\u0105 0,8 \u03a9<\/td>\n<\/tr>\n<tr>\n<td><strong>System smakowy<\/strong><\/td>\n<td>Potr\u00f3jne kapsu\u0142ki smakowe 3 w 1<\/td>\n<\/tr>\n<tr>\n<td><strong>Wska\u017aniki<\/strong><\/td>\n<td>Wy\u015bwietlanie poziomu baterii i e-p\u0142ynu<\/td>\n<\/tr>\n<tr>\n<td><strong>\u0141adowanie<\/strong><\/td>\n<td>Szybkie \u0142adowanie typu C<\/td>\n<\/tr>\n<tr>\n<td><strong>Si\u0142a nikotyny<\/strong><\/td>\n<td>0% \/ 2% \/ 3% \/ 5%<\/td>\n<\/tr>\n<tr>\n<td><strong>Opakowanie<\/strong><\/td>\n<td>Gotowe do sprzeda\u017cy hurtowej<\/td>\n<\/tr>\n<\/tbody>\n<h3>Dost\u0119pne smaki \ud83c\udf6d<\/h3>\n<ul>\n<li>\ud83c\udf53\ud83c\udf4c Truskawka Banan &amp; Malina Arbuz &amp; Mi\u0142o\u015b\u0107 666<\/li>\n<li>\ud83e\udd6d\ud83c\udf51 Owoce tropikalne i truskawka Arbuz i cytryna brzoskwinia<\/li>\n<li>\ud83c\udf53\ud83e\udd64 Truskawkowa Wanilia Cola &amp; Kwa\u015bne Jab\u0142ko Malina &amp; Cytryna Limonka<\/li>\n<li>\ud83c\udf47\ud83c\udf53 Podw\u00f3jny l\u00f3d winogronowo-truskawkowy, mango i jagodowo-kwa\u015bny, malinowy<\/li>\n<li>\ud83c\udf49\u2744\ufe0f Lody arbuzowe, lody truskawkowe i potr\u00f3jny melon<\/li>\n<li>\ud83e\udd64\ud83c\udf49 Soda cytrynowa, guma arbuzowa i l\u00f3d Czarny Smok<\/li>\n<li>\ud83c\udf53\ud83e\uded0 Potr\u00f3jny l\u00f3d jagodowy i mango, brzoskwinia i truskawka, kiwi<\/li>\n<li>\ud83c\udf53\ud83c\udf4d L\u00f3d truskawkowy i truskawka Arbuz i ananas Mango Brzoskwinia<\/li>\n<li>\ud83e\udd65\ud83c\udf53 Lody ananasowo-kokosowo-truskawkowe i lody Blue Razz<\/li>\n<li>\ud83c\udf4b\ud83e\udd6d Cytryna, Limonka i Mango Brzoskwinia, Arbuz i L\u00f3d Jagodowy<\/li>\n<li>\ud83c\udf49\u26a1 Lody arbuzowe, Red Bull i Truskawkowe Kiwi<\/li>\n<li>\ud83c\udf53\ud83e\udd6d Truskawka Kiwi i Kwa\u015bne Mango Ananas i Truskawka Red Bull<\/li>\n<\/ul>\n<h3>Idealny dla<\/h3>\n<p>To urz\u0105dzenie jest idealne dla ci\u0119\u017ckich waper\u00f3w, \u0142owc\u00f3w smak\u00f3w, sklep\u00f3w z waporyzatorami i dystrybucji hurtowej. Kupuj\u0105cy hurtowo mog\u0105 cieszy\u0107 si\u0119 \u0142atwym uzupe\u0142nianiem zapas\u00f3w i zadowolonymi klientami dzi\u0119ki ogromnej liczbie zaci\u0105gni\u0119\u0107 i doskona\u0142ym smakom. \ud83c\udfea\ud83d\udce6<\/p>\n<h3>Cz\u0119sto zadawane pytania \ud83e\udd14<\/h3>\n<p><strong>P: Jak d\u0142ugo wytrzymuje jeden BANGBOX 80K?<\/strong><br \/>\nOdp.: Do 80 000 zaci\u0105gni\u0119\u0107 mo\u017ce wystarczy\u0107 na tygodnie lub nawet miesi\u0105ce, w zale\u017cno\u015bci od u\u017cytkowania.<\/p>\n<p><strong>P: Czy mog\u0119 go na\u0142adowa\u0107?<\/strong><br \/>\nO: Tak! Jest wyposa\u017cony w szybkie \u0142adowanie typu C, dzi\u0119ki czemu mo\u017cesz kontynuowa\u0107 wapowanie bez d\u0142ugich przestoj\u00f3w.<\/p>\n<p><strong>P: Czy istniej\u0105 opcje bez nikotyny?<\/strong><br \/>\nOdp.: Oczywi\u015bcie \u2013 mo\u017cesz wybra\u0107 pomi\u0119dzy 0%, 2%, 3% lub 5% zawarto\u015bci nikotyny.<\/p>\n<p><strong>P: Czy to jest dobre dla sklep\u00f3w z vape?<\/strong><br \/>\nOdp.: Tak \u2013 jest przeznaczony do opakowa\u0144 gotowych do sprzeda\u017cy hurtowej i jest idealny dla klient\u00f3w B2B.<\/p>\n<p><strong>P: Jak zmieni\u0107 smak?<\/strong><br \/>\nOdp.: Po prostu zamie\u0144 kapsu\u0142ki o potr\u00f3jnym smaku 3 w 1 \u2013 bez ba\u0142aganu i bez uzupe\u0142niania.<\/p>\n<p>\ud83d\ude80 Przygotuj si\u0119 na zaopatrzenie w jeden z <strong>jednorazowych vape\u00f3w o najwi\u0119kszej liczbie zaci\u0105gni\u0119\u0107<\/strong> na rynku. BANGBOX 80K zapewnia ogromn\u0105 pojemno\u015b\u0107, doskona\u0142\u0105 konstrukcj\u0119 i niesamowite smaki \u2013 idealny wyb\u00f3r zar\u00f3wno dla sprzedawc\u00f3w, jak i mi\u0142o\u015bnik\u00f3w vape!<\/p>\n","protected":false},"excerpt":{"rendered":"<p>\ud83d\udd25 Do\u015bwiadcz <strong>80 000 masywnych zaci\u0105gni\u0119\u0107<\/strong> o potr\u00f3jnych smakach w jednym urz\u0105dzeniu \u2013 idealne dla mi\u0142o\u015bnik\u00f3w vape, intensywnych u\u017cytkownik\u00f3w i odbiorc\u00f3w hurtowych! \ud83d\ude80<\/p>\n","protected":false},"featured_media":5883,"comment_status":"open","ping_status":"closed","template":"","meta":[],"product_brand":[],"product_cat":[348,1927],"product_tag":[],"class_list":{"0":"post-29358","1":"product","2":"type-product","3":"status-publish","4":"has-post-thumbnail","6":"product_cat-bang","7":"product_cat-nowy","9":"first","10":"instock","11":"shipping-taxable","12":"purchasable","13":"product-type-variable","14":"has-default-attributes"},"tiered_pricing_type":"fixed","tiered_pricing_fixed_rules":{"30":8.6400000000000005684341886080801486968994140625,"50":6.910000000000000142108547152020037174224853515625,"100":6.6699999999999999289457264239899814128875732421875,"200":6.04999999999999982236431605997495353221893310546875,"400":5.7400000000000002131628207280300557613372802734375},"tiered_pricing_product_settings":{"layout":"default","base_unit_name":{"singular":null,"plural":null},"default_variation":null},"tiered_pricing_minimum_quantity":10,"tiered_pricing_roles_data":[],"tiered_pricing_percentage_rules":[],"tiered_pricing_maximum_quantity":null,"tiered_pricing_quantity_step":"10","_links":{"self":[{"href":"https:\/\/stage.jrfer.com\/pl\/wp-json\/wp\/v2\/product\/29358","targetHints":{"allow":["GET"]}}],"collection":[{"href":"https:\/\/stage.jrfer.com\/pl\/wp-json\/wp\/v2\/product"}],"about":[{"href":"https:\/\/stage.jrfer.com\/pl\/wp-json\/wp\/v2\/types\/product"}],"replies":[{"embeddable":true,"href":"https:\/\/stage.jrfer.com\/pl\/wp-json\/wp\/v2\/comments?post=29358"}],"wp:featuredmedia":[{"embeddable":true,"href":"https:\/\/stage.jrfer.com\/pl\/wp-json\/wp\/v2\/media\/5883"}],"wp:attachment":[{"href":"https:\/\/stage.jrfer.com\/pl\/wp-json\/wp\/v2\/media?parent=29358"}],"wp:term":[{"taxonomy":"product_brand","embeddable":true,"href":"https:\/\/stage.jrfer.com\/pl\/wp-json\/wp\/v2\/product_brand?post=29358"},{"taxonomy":"product_cat","embeddable":true,"href":"https:\/\/stage.jrfer.com\/pl\/wp-json\/wp\/v2\/product_cat?post=29358"},{"taxonomy":"product_tag","embeddable":true,"href":"https:\/\/stage.jrfer.com\/pl\/wp-json\/wp\/v2\/product_tag?post=29358"}],"curies":[{"name":"wp","href":"https:\/\/api.w.org\/{rel}","templated":true}]}}