{"id":29548,"date":"2025-07-07T09:21:41","date_gmt":"2025-07-07T09:21:41","guid":{"rendered":"https:\/\/stage.jrfer.com\/product\/okso-crystal-bar-800-ptysi-kompaktowy-jednorazowy-waporyzator-z-cewka-siatkowa\/"},"modified":"2026-04-07T13:00:37","modified_gmt":"2026-04-07T13:00:37","slug":"okso-crystal-bar-800","status":"publish","type":"product","link":"https:\/\/stage.jrfer.com\/pl\/produkt\/okso-crystal-bar-800\/","title":{"rendered":"OKSO Crystal Bar 800 Ptysi | Kompaktowy jednorazowy waporyzator z cewk\u0105 siatkow\u0105"},"content":{"rendered":"<h2>Dlaczego warto wybra\u0107 OKSO Crystal Bar 800?<\/h2>\n<ul>\n<li><strong>800 Puffs:<\/strong> D\u0142ugotrwa\u0142a wydajno\u015b\u0107 jak na sw\u00f3j rozmiar \ud83d\udd25<\/li>\n<li><strong>Technologia Mesh Coil:<\/strong> Bogaty, sp\u00f3jny smak od pierwszego zaci\u0105gni\u0119cia do ostatniego \ud83c\udf2c\ufe0f<\/li>\n<li><strong>2 ml wst\u0119pnie nape\u0142nionego e-liquidu:<\/strong> bez konieczno\u015bci uzupe\u0142niania, bez k\u0142opot\u00f3w \u2705<\/li>\n<li><strong>Elastyczno\u015b\u0107 nikotyny:<\/strong> Dost\u0119pna w st\u0119\u017ceniach 0%, 2%, 3% i 5% dla wszystkich typ\u00f3w waper\u00f3w \ud83d\udca7<\/li>\n<li><strong>Bateria 400 mAh:<\/strong> Niezawodna moc wystarczaj\u0105ca na wszystkie 800 zaci\u0105gni\u0119\u0107 \ud83d\udd0b<\/li>\n<li><strong>O\u015bwietlenie LED RGB:<\/strong> Stylowy efekt \u015bwietlny przy ka\u017cdym zaci\u0105gni\u0119ciu \ud83c\udf08<\/li>\n<li><strong>Ultralekka konstrukcja:<\/strong> tylko 36 g \u2014 \u0142atwa do przenoszenia, dyskretna i przyjazna w podr\u00f3\u017cy \ud83c\udf92<\/li>\n<li><strong>Gotowy do sprzeda\u017cy hurtowej:<\/strong> Idealny dla sklep\u00f3w z e-papierosami, dystrybutor\u00f3w i nabywc\u00f3w B2B \ud83c\udfea<\/li>\n<\/ul>\n<h3>Specyfikacje<\/h3>\n<tr>\n<td><strong>Wydajno\u015b\u0107 zaci\u0105gni\u0119cia:<\/strong><\/td>\n<td>800 zaci\u0105gni\u0119\u0107<\/td>\n<\/tr>\n<tr>\n<td><strong>Pojemno\u015b\u0107 e-liquidu:<\/strong><\/td>\n<td>2 ml<\/td>\n<\/tr>\n<tr>\n<td><strong>Typ cewki:<\/strong><\/td>\n<td>Cewka siatkowa<\/td>\n<\/tr>\n<tr>\n<td><strong>Bateria:<\/strong><\/td>\n<td>400 mAh<\/td>\n<\/tr>\n<tr>\n<td><strong>Opcje nikotynowe:<\/strong><\/td>\n<td>0%, 2%, 3%, 5%<\/td>\n<\/tr>\n<tr>\n<td><strong>O\u015bwietlenie:<\/strong><\/td>\n<td>Efekt LED RGB<\/td>\n<\/tr>\n<tr>\n<td><strong>Waga:<\/strong><\/td>\n<td>36 g (ultralekki)<\/td>\n<\/tr>\n<\/tbody>\n<h3>Wyb\u00f3r smaku<\/h3>\n<p> <strong>OKSO Crystal Bar 800<\/strong> jest dost\u0119pny w szerokiej gamie orze\u017awiaj\u0105cych i odwa\u017cnych smak\u00f3w, kt\u00f3re zaspokoj\u0105 wszelkie preferencje:<\/p>\n<ul>\n<li><strong>Mi\u0119ta:<\/strong> Ostry i orze\u017awiaj\u0105cy podmuch mentolu \u2744\ufe0f<\/li>\n<li><strong>Brzoskwiniowy l\u00f3d:<\/strong> Soczysta brzoskwinia z mro\u017anym wyko\u0144czeniem \ud83c\udf51\u2744\ufe0f<\/li>\n<li><strong>R\u00f3\u017cowa cytryna:<\/strong> S\u0142odka i pikantna mieszanka cytrus\u00f3w \ud83c\udf4b\u2728<\/li>\n<li><strong>Krew Tygrysa:<\/strong> Egzotyczna owocowa fuzja z odwa\u017cnym uderzeniem \ud83d\udc05\ud83c\udf53\ud83c\udf49<\/li>\n<li><strong>Lody winogronowe:<\/strong> Klasyczne winogrona z lodowatym kopni\u0119ciem \ud83c\udf47\u2744\ufe0f<\/li>\n<li><strong>L\u00f3d arbuzowy:<\/strong> Ch\u0142odny i soczysty arbuz \ud83c\udf49\u2744\ufe0f<\/li>\n<li><strong>Niebieski Razz L\u00f3d:<\/strong> Tarta niebieska malina z orze\u017awiaj\u0105cym ch\u0142odem \ud83e\uded0\u2744\ufe0f<\/li>\n<li><strong>Peach Mango Arbuz:<\/strong> Mieszanka owoc\u00f3w tropikalnych do s\u0142odkiego vape \ud83c\udf51\ud83e\udd6d\ud83c\udf49<\/li>\n<li><strong>Wi\u015bniowy l\u00f3d:<\/strong> S\u0142odka wi\u015bnia zmieszana z ch\u0142odnym lodem \ud83c\udf52\u2744\ufe0f<\/li>\n<li><strong>L\u00f3d Truskawkowy:<\/strong> \u015awie\u017ce truskawki z ch\u0142odn\u0105 nut\u0105 \ud83c\udf53\u2744\ufe0f<\/li>\n<\/ul>\n<h3>Idealny do codziennego u\u017cytku i sprzeda\u017cy hurtowej<\/h3>\n<p><strong>OKSO Crystal Bar 800<\/strong> to idealny wyb\u00f3r dla <strong>zwyk\u0142ych u\u017cytkownik\u00f3w, pocz\u0105tkuj\u0105cych i vaper\u00f3w w podr\u00f3\u017cy<\/strong>. Dzi\u0119ki lekkiej konstrukcji i stylowemu o\u015bwietleniu RGB jest zar\u00f3wno funkcjonalny, jak i zabawny. W przypadku <strong>hurtownik\u00f3w i sklep\u00f3w z waporyzatorami<\/strong> format 800 zaci\u0105gni\u0119\u0107 i r\u00f3\u017cne dawki nikotyny sprawia, \u017ce \u200b\u200bjest to popularny i szybko sprzedaj\u0105cy si\u0119 produkt jednorazowy. \ud83d\udce6\ud83d\udcaf<\/p>\n<h3>Cz\u0119sto zadawane pytania<\/h3>\n<ul>\n<li><strong>Jak d\u0142ugo wystarcza OKSO Crystal Bar 800?<\/strong><br \/>\nZapewnia do 800 zaci\u0105gni\u0119\u0107, kt\u00f3re zwykle wystarczaj\u0105 na kilka dni, w zale\u017cno\u015bci od u\u017cytkowania.<\/li>\n<li><strong>Czy mo\u017cna go \u0142adowa\u0107?<\/strong><br \/>\nNie, jest fabrycznie na\u0142adowany i przeznaczony do wygodnego jednorazowego u\u017cytku.<\/li>\n<li><strong>Czy jest dost\u0119pny w wersjach bez nikotyny?<\/strong><br \/>\nTak, oferuje moc nikotyny 0%, 2%, 3% i 5%.<\/li>\n<li><strong>Czy to dobre dla sprzeda\u017cy hurtowej?<\/strong><br \/>\nTak, jego kompaktowa konstrukcja, wiele smak\u00f3w i popularna liczba zaci\u0105gni\u0119\u0107 sprawiaj\u0105, \u017ce jest to idealne rozwi\u0105zanie dla kupuj\u0105cych B2B i sklep\u00f3w detalicznych.<\/li>\n<li><strong>Co czyni go wyj\u0105tkowym?<\/strong><br \/>\nLekka, krystalicznie przejrzysta konstrukcja, cewka z siateczki zapewniaj\u0105ca smak i stylowe o\u015bwietlenie RGB wyr\u00f3\u017cniaj\u0105 go spo\u015br\u00f3d innych wyrob\u00f3w jednorazowego u\u017cytku.<\/li>\n<\/ul>\n","protected":false},"excerpt":{"rendered":"<p><strong>OKSO Crystal Bar 800<\/strong> \ud83d\udca8 to lekki, aromatyczny jednorazowy waporyzator przeznaczony dla zwyk\u0142ych i umiarkowanych u\u017cytkownik\u00f3w. Dzi\u0119ki <strong>technologii cewki mesh<\/strong> i a\u017c do <strong>800 zaci\u0105gni\u0119\u0107<\/strong> zapewnia g\u0142adkie uderzenia i odwa\u017cny smak w eleganckiej, mieszcz\u0105cej si\u0119 w kieszeni obudowie.<\/p>\n","protected":false},"featured_media":1656,"comment_status":"open","ping_status":"closed","template":"","meta":[],"product_brand":[],"product_cat":[736,1854],"product_tag":[],"class_list":{"0":"post-29548","1":"product","2":"type-product","3":"status-publish","4":"has-post-thumbnail","6":"product_cat-jednorazowy-waporyzator-o-pojemnosci-800-zaciagniec","7":"product_cat-okso","9":"first","10":"instock","11":"shipping-taxable","12":"purchasable","13":"product-type-variable","14":"has-default-attributes"},"tiered_pricing_type":"fixed","tiered_pricing_fixed_rules":{"30":4.57000000000000028421709430404007434844970703125,"50":2.839999999999999857891452847979962825775146484375,"100":2.279999999999999804600747665972448885440826416015625,"200":2.100000000000000088817841970012523233890533447265625,"400":1.729999999999999982236431605997495353221893310546875},"tiered_pricing_product_settings":{"layout":"default","base_unit_name":{"singular":null,"plural":null},"default_variation":null},"tiered_pricing_minimum_quantity":10,"tiered_pricing_roles_data":[],"tiered_pricing_percentage_rules":[],"tiered_pricing_maximum_quantity":null,"tiered_pricing_quantity_step":"10","_links":{"self":[{"href":"https:\/\/stage.jrfer.com\/pl\/wp-json\/wp\/v2\/product\/29548","targetHints":{"allow":["GET"]}}],"collection":[{"href":"https:\/\/stage.jrfer.com\/pl\/wp-json\/wp\/v2\/product"}],"about":[{"href":"https:\/\/stage.jrfer.com\/pl\/wp-json\/wp\/v2\/types\/product"}],"replies":[{"embeddable":true,"href":"https:\/\/stage.jrfer.com\/pl\/wp-json\/wp\/v2\/comments?post=29548"}],"wp:featuredmedia":[{"embeddable":true,"href":"https:\/\/stage.jrfer.com\/pl\/wp-json\/wp\/v2\/media\/1656"}],"wp:attachment":[{"href":"https:\/\/stage.jrfer.com\/pl\/wp-json\/wp\/v2\/media?parent=29548"}],"wp:term":[{"taxonomy":"product_brand","embeddable":true,"href":"https:\/\/stage.jrfer.com\/pl\/wp-json\/wp\/v2\/product_brand?post=29548"},{"taxonomy":"product_cat","embeddable":true,"href":"https:\/\/stage.jrfer.com\/pl\/wp-json\/wp\/v2\/product_cat?post=29548"},{"taxonomy":"product_tag","embeddable":true,"href":"https:\/\/stage.jrfer.com\/pl\/wp-json\/wp\/v2\/product_tag?post=29548"}],"curies":[{"name":"wp","href":"https:\/\/api.w.org\/{rel}","templated":true}]}}