{"id":30399,"date":"2026-03-12T04:24:30","date_gmt":"2026-03-12T04:24:30","guid":{"rendered":"https:\/\/stage.jrfer.com\/product\/uzy-bang-digital-15k-dlugotrwaly-15000-zaciagniec-20-ml-wyswietlacz-led-masowy-jednorazowy-waporyzator\/"},"modified":"2026-04-07T10:49:08","modified_gmt":"2026-04-07T10:49:08","slug":"uzy-bang-digital-15k-long-lasting-15000-puffs-20ml-led-display-bulk-disposable-vape","status":"publish","type":"product","link":"https:\/\/stage.jrfer.com\/pl\/produkt\/uzy-bang-digital-15k-long-lasting-15000-puffs-20ml-led-display-bulk-disposable-vape\/","title":{"rendered":"UZY Bang Digital 15K | d\u0142ugotrwa\u0142y 15000 zaci\u0105gni\u0119\u0107 20 ml wy\u015bwietlacz LED masowy jednorazowy waporyzator"},"content":{"rendered":"<p>Poczuj mocne i d\u0142ugotrwa\u0142e wapowanie dzi\u0119ki jednorazowemu waporyzatorowi UZY Bang Digital 15000 puffs \u2014 wyposa\u017conemu w inteligentny wy\u015bwietlacz LED, du\u017cy zbiornik o pojemno\u015bci 20 ml i zawarto\u015b\u0107 nikotyny w zakresie 0\u20135% dla ka\u017cdego typu u\u017cytkownika. Idealny do sklep\u00f3w detalicznych i zam\u00f3wie\u0144 masowych. \ud83d\udd25<\/p>\n<h2>Dlaczego warto wybra\u0107 Vape z wy\u015bwietlaczem LED UZY Bang Digital 15000 Puffs? \ud83d\udca1<\/h2>\n<ul>\n<li>\u2b50 <strong>Ogromne 15 000 zaci\u0105gni\u0119\u0107<\/strong> dla d\u0142ugotrwa\u0142ego u\u017cytkowania i wi\u0119kszej warto\u015bci.<\/li>\n<li>\ud83d\udd0b <strong>Akumulator 850 mAh<\/strong> zapewnia stabiln\u0105 i sta\u0142\u0105 prac\u0119.<\/li>\n<li>\ud83e\uddc3 <strong>Du\u017cy zbiornik na e-liquid o pojemno\u015bci 20 ml<\/strong> wype\u0142niony bogatymi, najwy\u017cszej jako\u015bci smakami.<\/li>\n<li>\ud83d\udcfa <strong>Inteligentny wy\u015bwietlacz LED<\/strong> pokazuje w czasie rzeczywistym poziom na\u0142adowania baterii i e-soku.<\/li>\n<li>\ud83d\udca8 <strong>Wiele opcji nikotyny<\/strong> (0%, 2%, 3%, 5%) odpowiednie dla pocz\u0105tkuj\u0105cych i ci\u0119\u017ckich vaper\u00f3w.<\/li>\n<li>\ud83d\udc4c <strong>Gotowa do u\u017cycia, bezobs\u0142ugowa<\/strong> konstrukcja zapewniaj\u0105ca maksymaln\u0105 wygod\u0119.<\/li>\n<li>\ud83d\udce6 Idealny dla <strong>hurtowni, sklep\u00f3w detalicznych i dystrybutor\u00f3w<\/strong> poszukuj\u0105cych produkt\u00f3w o du\u017cym popycie.<\/li>\n<\/ul>\n<h3>Dane techniczne UZY Bang Digital 15000 \ud83d\udccb<\/h3>\n<p>\n<\/p>\n<tr>\n<td><strong>Liczba zaci\u0105gni\u0119\u0107<\/strong><\/td>\n<td>Do 15 000 zaci\u0105gni\u0119\u0107<\/td>\n<\/tr>\n<tr>\n<td><strong>Bateria<\/strong><\/td>\n<td>Akumulator 850 mAh<\/td>\n<\/tr>\n<tr>\n<td><strong>Pojemno\u015b\u0107 e-p\u0142ynu<\/strong><\/td>\n<td>20 ml<\/td>\n<\/tr>\n<tr>\n<td><strong>Si\u0142a nikotyny<\/strong><\/td>\n<td>0%, 2%, 3%, 5%<\/td>\n<\/tr>\n<tr>\n<td><strong>Wy\u015bwietlacz<\/strong><\/td>\n<td>Wska\u017anik LED baterii i e-soku<\/td>\n<\/tr>\n<tr>\n<td><strong>Typ cewki<\/strong><\/td>\n<td>Wysokowydajna cewka siatkowa<\/td>\n<\/tr>\n<tr>\n<td><strong>Typ \u0142adowania<\/strong><\/td>\n<td>USB typu C<\/td>\n<\/tr>\n<\/tbody>\n<h3>UZY Bang Digital 15 tys. dost\u0119pnych smak\u00f3w \ud83c\udf53\ud83c\udf47\ud83c\udf4d<\/h3>\n<p>Ka\u017cdy smak zosta\u0142 stworzony z my\u015bl\u0105 o pe\u0142nym smaku i g\u0142adkiej chmurze:<\/p>\n<ul>\n<li><strong>Truskawkowy arbuz<\/strong> \u2013 s\u0142odki, orze\u017awiaj\u0105cy i owocowy.<\/li>\n<li><strong>Jagoda na lodzie<\/strong> \u2013 ch\u0142odny, chrupi\u0105cy mr\u00f3z jagodowy.<\/li>\n<li><strong>Peach Mango Ananas<\/strong> \u2013 tropikalne trio pe\u0142ne soku.<\/li>\n<li><strong>Lody winogronowe<\/strong> \u2013 Odwa\u017cne winogrona o lodowatej \u015bwie\u017co\u015bci.<\/li>\n<li><strong>Arbuzowy l\u00f3d<\/strong> \u2013 czysty, sch\u0142odzony smak arbuza.<\/li>\n<li><strong>Brzoskwiniowy l\u00f3d<\/strong> \u2013 G\u0142adka brzoskwinia z mro\u017anym finiszem.<\/li>\n<li><strong>Truskawkowe Kiwi<\/strong> \u2013 s\u0142odka jagoda zmieszana z pikantnym kiwi.<\/li>\n<li><strong>Malina jagodowa<\/strong> \u2013 bogactwo podw\u00f3jnych jag\u00f3d.<\/li>\n<li><strong>Kiwi Marakuja<\/strong> \u2013 egzotyczna, soczysta i orze\u017awiaj\u0105ca.<\/li>\n<li><strong>Panie Niebieski<\/strong> \u2013 fajny klasyk z mieszank\u0105 jag\u00f3d.<\/li>\n<li><strong>Potr\u00f3jny l\u00f3d z mango<\/strong> \u2013 pe\u0142ny smak mango z lodowymi warstwami.<\/li>\n<li><strong>Czerwony l\u00f3d energetyczny<\/strong> \u2013 Nap\u00f3j energetyczny z dodatkiem ch\u0142odnej mi\u0119ty.<\/li>\n<\/ul>\n<h3>Idealny dla \u2714\ufe0f<\/h3>\n<p>Ci\u0119\u017ccy u\u017cytkownicy, kt\u00f3rzy potrzebuj\u0105 d\u0142ugotrwa\u0142ej wydajno\u015bci, poszukiwacze smak\u00f3w, kt\u00f3rzy chc\u0105 bogatego smaku, sklepy z waporyzatorami poszukuj\u0105ce szybko dost\u0119pnych produkt\u00f3w i dystrybutorzy poszukuj\u0105cy niezawodnych zapas\u00f3w hurtowych.<br \/>\nUZY Bang Digital 15000 Puffs oferuje du\u017c\u0105 atrakcyjno\u015b\u0107 rynkow\u0105, wysoki popyt i doskona\u0142\u0105 satysfakcj\u0119 klienta.<\/p>\n<h3>FAQ \u2753<\/h3>\n<p><strong>P: Czy urz\u0105dzenie mo\u017cna \u0142adowa\u0107?<\/strong><br \/>\nTak! Zawiera akumulator 850 mAh, kt\u00f3ry pozwala zmaksymalizowa\u0107 pojemno\u015b\u0107 15000 zaci\u0105gni\u0119\u0107.<\/p>\n<p><strong>P: Czy wycieka?<\/strong><br \/>\nNie, urz\u0105dzenie zosta\u0142o zaprojektowane w spos\u00f3b zapobiegaj\u0105cy wyciekom, co zapewnia czyste i bezpieczne u\u017cytkowanie.<\/p>\n<p><strong>P: Jak sprawdzi\u0107 poziom baterii lub e-soku?<\/strong><br \/>\nWy\u015bwietlacz LED wyra\u017anie pokazuje oba poziomy, dzi\u0119ki czemu zawsze wiesz, kiedy nale\u017cy na\u0142adowa\u0107 bateri\u0119.<\/p>\n<p><strong>P: Jaka moc nikotyny jest dobra dla pocz\u0105tkuj\u0105cych?<\/strong><br \/>\nDla pocz\u0105tkuj\u0105cych zalecane s\u0105 warto\u015bci 0% i 2%, natomiast dla do\u015bwiadczonych u\u017cytkownik\u00f3w odpowiednie s\u0105 warto\u015bci 3% i 5%.<\/p>\n<p><strong>P: Czy nadaje si\u0119 to do zam\u00f3wie\u0144 hurtowych?<\/strong><br \/>\nAbsolutnie \u2014 du\u017ca liczba zaci\u0105gni\u0119\u0107, wiele smak\u00f3w i du\u017cy popyt sprawiaj\u0105, \u017ce jest to bestseller w sprzeda\u017cy detalicznej i dystrybucji.<\/p>\n","protected":false},"excerpt":{"rendered":"<p>Poczuj mocne i d\u0142ugotrwa\u0142e wapowanie dzi\u0119ki jednorazowemu waporyzatorowi UZY Bang Digital 15000 puffs \u2014 wyposa\u017conemu w inteligentny wy\u015bwietlacz LED, du\u017cy zbiornik o pojemno\u015bci 20 ml i zawarto\u015b\u0107 nikotyny w zakresie 0\u20135% dla ka\u017cdego typu u\u017cytkownika. Idealny do sklep\u00f3w detalicznych i zam\u00f3wie\u0144 masowych. \ud83d\udd25 Dlaczego warto wybra\u0107 Vape z wy\u015bwietlaczem LED UZY Bang Digital 15000 Puffs? [&hellip;]<\/p>\n","protected":false},"featured_media":6713,"comment_status":"open","ping_status":"closed","template":"","meta":[],"product_brand":[],"product_cat":[1416,1613,1383,1555,1450,422,1892],"product_tag":[1872,1925,1889,1906,1945],"class_list":{"0":"post-30399","1":"product","2":"type-product","3":"status-publish","4":"has-post-thumbnail","6":"product_cat-jednorazowe-vapes-na-wegrzech","7":"product_cat-jednorazowe-vapes-w-hiszpanii","8":"product_cat-jednorazowe-vapes-w-niemczech","9":"product_cat-jednorazowe-vapes-w-polsce","10":"product_cat-jednorazowe-vapes-we-w-oszech","11":"product_cat-jednorazowy-waporyzator-o-pojemnosci-15000-zaciagniec","12":"product_cat-uzy","13":"product_tag-0-2-3-5-nikotyna-jednorazowa","14":"product_tag-d-ugotrwa-y-waporyzator-20ml","15":"product_tag-jednorazowe-zaciagniecie-15000-zaciagniec","16":"product_tag-sprzedaz-hurtowa-wyswietlaczy-led","17":"product_tag-waporyzator-uzy-bang-digital","19":"first","20":"instock","21":"shipping-taxable","22":"purchasable","23":"product-type-variable","24":"has-default-attributes"},"tiered_pricing_type":"fixed","tiered_pricing_fixed_rules":{"30":7.28000000000000024868995751603506505489349365234375,"50":5.92999999999999971578290569595992565155029296875,"100":5.45999999999999996447286321199499070644378662109375,"200":5.160000000000000142108547152020037174224853515625,"400":4.13999999999999968025576890795491635799407958984375},"tiered_pricing_product_settings":{"layout":"default","base_unit_name":{"singular":null,"plural":null},"default_variation":null},"tiered_pricing_minimum_quantity":10,"tiered_pricing_roles_data":[],"tiered_pricing_percentage_rules":[],"tiered_pricing_maximum_quantity":null,"tiered_pricing_quantity_step":"10","_links":{"self":[{"href":"https:\/\/stage.jrfer.com\/pl\/wp-json\/wp\/v2\/product\/30399","targetHints":{"allow":["GET"]}}],"collection":[{"href":"https:\/\/stage.jrfer.com\/pl\/wp-json\/wp\/v2\/product"}],"about":[{"href":"https:\/\/stage.jrfer.com\/pl\/wp-json\/wp\/v2\/types\/product"}],"replies":[{"embeddable":true,"href":"https:\/\/stage.jrfer.com\/pl\/wp-json\/wp\/v2\/comments?post=30399"}],"wp:featuredmedia":[{"embeddable":true,"href":"https:\/\/stage.jrfer.com\/pl\/wp-json\/wp\/v2\/media\/6713"}],"wp:attachment":[{"href":"https:\/\/stage.jrfer.com\/pl\/wp-json\/wp\/v2\/media?parent=30399"}],"wp:term":[{"taxonomy":"product_brand","embeddable":true,"href":"https:\/\/stage.jrfer.com\/pl\/wp-json\/wp\/v2\/product_brand?post=30399"},{"taxonomy":"product_cat","embeddable":true,"href":"https:\/\/stage.jrfer.com\/pl\/wp-json\/wp\/v2\/product_cat?post=30399"},{"taxonomy":"product_tag","embeddable":true,"href":"https:\/\/stage.jrfer.com\/pl\/wp-json\/wp\/v2\/product_tag?post=30399"}],"curies":[{"name":"wp","href":"https:\/\/api.w.org\/{rel}","templated":true}]}}