{"id":32443,"date":"2025-07-07T09:21:41","date_gmt":"2025-07-07T09:21:41","guid":{"rendered":"https:\/\/stage.jrfer.com\/product\/okso-shisha-szisza-mega-50k-jednorazowy-waporyzator-o-pojemnosci-50000-zaciagniec-z-potrojna-siatka\/"},"modified":"2026-04-07T13:02:20","modified_gmt":"2026-04-07T13:02:20","slug":"okso-shisha-hookah-mega-50000","status":"publish","type":"product","link":"https:\/\/stage.jrfer.com\/pl\/produkt\/okso-shisha-hookah-mega-50000\/","title":{"rendered":"OKSO Shisha Szisza Mega 50K | Jednorazowy waporyzator o pojemno\u015bci 50000 zaci\u0105gni\u0119\u0107 z potr\u00f3jn\u0105 siatk\u0105"},"content":{"rendered":"<h2>Dlaczego warto wybra\u0107 OKSO Shisha Hookah Mega 50000?<\/h2>\n<ul>\n<li><strong>Ogromna pojemno\u015b\u0107 zaci\u0105gni\u0119cia:<\/strong> do 50 000 zaci\u0105gni\u0119\u0107 podczas bardzo d\u0142ugich sesji \ud83d\ude80<\/li>\n<li><strong>Grza\u0142ka z potr\u00f3jn\u0105 siatk\u0105:<\/strong> G\u0119sta para i odwa\u017cne smaki w ka\u017cdym zaci\u0105gni\u0119ciu \ud83c\udf2c\ufe0f<\/li>\n<li><strong>Ogromny zbiornik na e-liquid o pojemno\u015bci 40 ml:<\/strong> Wst\u0119pnie nape\u0142niony na tygodnie nieprzerwanego wapowania \ud83d\udce6<\/li>\n<li><strong>Elastyczne opcje nikotyny:<\/strong> Dost\u0119pne w st\u0119\u017ceniach 0%, 2%, 3% i 5% dla wszystkich preferencji \ud83d\udca7<\/li>\n<li><strong>Akumulator 1100 mAh:<\/strong> \u0142adowanie typu C zapewnia szybkie i niezawodne zasilanie \ud83d\udd0b\u26a1<\/li>\n<li><strong>Inteligentny ekran LED:<\/strong> \u015bled\u017a poziom baterii i e-p\u0142ynu w czasie rzeczywistym \ud83d\udcca<\/li>\n<li><strong>Regulowany przep\u0142yw powietrza:<\/strong> dostosuj op\u00f3r zaci\u0105gania, aby uzyska\u0107 wra\u017cenia przypominaj\u0105ce fajk\u0119 wodn\u0105 \ud83c\udfaf<\/li>\n<li><strong>Projekt premium:<\/strong> Kompaktowy korpus o wadze 141 g, wygodny do noszenia i u\u017cywania w dowolnym miejscu \ud83d\udc5c<\/li>\n<li><strong>Gotowy do sprzeda\u017cy hurtowej:<\/strong> Opakowanie zbiorcze sprawia, \u017ce jest idealny dla dystrybutor\u00f3w i sprzedawc\u00f3w detalicznych \ud83c\udfea<\/li>\n<\/ul>\n<h3>Specyfikacje<\/h3>\n<tr>\n<td><strong>Wydajno\u015b\u0107 zaci\u0105gni\u0119cia:<\/strong><\/td>\n<td>Do 50 000 zaci\u0105gni\u0119\u0107<\/td>\n<\/tr>\n<tr>\n<td><strong>Pojemno\u015b\u0107 e-liquidu:<\/strong><\/td>\n<td>40 ml<\/td>\n<\/tr>\n<tr>\n<td><strong>Typ cewki:<\/strong><\/td>\n<td>Potr\u00f3jna cewka<\/td>\n<\/tr>\n<tr>\n<td><strong>Bateria:<\/strong><\/td>\n<td>Akumulator 1100 mAh, \u0142adowanie typu C<\/td>\n<\/tr>\n<tr>\n<td><strong>Opcje nikotynowe:<\/strong><\/td>\n<td>0%, 2%, 3%, 5%<\/td>\n<\/tr>\n<tr>\n<td><strong>Wy\u015bwietlacz:<\/strong><\/td>\n<td>Inteligentny ekran LED (poziom baterii i e-p\u0142ynu)<\/td>\n<\/tr>\n<tr>\n<td><strong>Przep\u0142yw powietrza:<\/strong><\/td>\n<td>Regulowany op\u00f3r ci\u0105gnienia<\/td>\n<\/tr>\n<tr>\n<td><strong>Waga i rozmiar:<\/strong><\/td>\n<td>141g | 43 \u00d7 43 \u00d7 135 mm<\/td>\n<\/tr>\n<\/tbody>\n<h3>Wyb\u00f3r smaku<\/h3>\n<p><strong>OKSO Shisha Hookah Mega 50K<\/strong> oferuje smaki w stylu sziszy w odwa\u017cnych, orze\u017awiaj\u0105cych mieszankach. Oto najwa\u017cniejsze informacje:<\/p>\n<ul>\n<li><strong>Bujny l\u00f3d:<\/strong> S\u0142odki arbuz z lodowat\u0105, ch\u0142odn\u0105 nut\u0105 \ud83c\udf49\u2744\ufe0f<\/li>\n<li><strong>Dwa Jab\u0142ka:<\/strong> Klasyczny smak sziszy z podw\u00f3jnym jab\u0142kiem \ud83c\udf4f\ud83c\udf4e<\/li>\n<li><strong>Truskawkowa guma balonowa z arbuzem:<\/strong> Owocowa, soczysta i s\u0142odka z nut\u0105 cukierka \ud83c\udf53\ud83c\udf49\ud83c\udf6c<\/li>\n<li><strong>L\u00f3d brzoskwiniowy:<\/strong> Soczysta brzoskwinia zr\u00f3wnowa\u017cona orze\u017awiaj\u0105cym lodem \ud83c\udf51\u2744\ufe0f<\/li>\n<li><strong>Jagoda Malina Wi\u015bnia:<\/strong> Potr\u00f3jna eksplozja jag\u00f3d \ud83e\uded0\ud83c\udf47\ud83c\udf52<\/li>\n<li><strong>Mi\u0142o\u015b\u0107 66:<\/strong> Egzotyczna mieszanka inspirowana shish\u0105 z owocowym kopni\u0119ciem \ud83d\udc95\ud83c\udf4d<\/li>\n<li><strong>Lody Mango:<\/strong> Tropikalne mango w po\u0142\u0105czeniu z lodowym wyko\u0144czeniem \ud83e\udd6d\u2744\ufe0f<\/li>\n<li><strong>Truskawkowy Kiwi:<\/strong> S\u0142odki i pikantny, orze\u017awiaj\u0105cy duet \ud83c\udf53\ud83e\udd5d<\/li>\n<li><strong>Pani Killa:<\/strong> Odwa\u017cne, tropikalne po\u0142\u0105czenie z g\u0142adk\u0105 s\u0142odycz\u0105 \ud83c\udf34\ud83c\udf53<\/li>\n<li><strong>L\u00f3d winogronowy:<\/strong> Klasyczny smak winogron z mro\u017an\u0105 nut\u0105 \ud83c\udf47\u2744\ufe0f<\/li>\n<\/ul>\n<h3>Idealny dla waper\u00f3w i dystrybutor\u00f3w<\/h3>\n<p><strong>OKSO Shisha Hookah Mega 50K<\/strong> jest przeznaczona dla <strong>intensywnych u\u017cytkownik\u00f3w, entuzjast\u00f3w smak\u00f3w i fan\u00f3w sziszy<\/strong>. Dzi\u0119ki pojemno\u015bci 50 000 zaci\u0105gni\u0119\u0107, cewce z potr\u00f3jn\u0105 siatk\u0105 i szerokiej ofercie nikotyny jest to idealny wyb\u00f3r dla sklep\u00f3w z waporyzatorami, dystrybutor\u00f3w i hurtownik\u00f3w, kt\u00f3rzy chc\u0105 zaopatrzy\u0107 si\u0119 w produkty o wysokim popycie. \ud83d\udce6\ud83d\udcaf<\/p>\n<h3>Cz\u0119sto zadawane pytania<\/h3>\n<ul>\n<li><strong>Jak d\u0142ugo wystarcza OKSO 50K?<\/strong><br \/>\nDo 50 000 zaci\u0105gni\u0119\u0107 i 40 ml e-liquidu wystarcza na tygodnie, w zale\u017cno\u015bci od u\u017cycia.<\/li>\n<li><strong>Czy dost\u0119pne s\u0105 opcje bez nikotyny?<\/strong><br \/>\nTak, wyst\u0119puje w poziomach nikotyny 0%, 2%, 3% i 5%.<\/li>\n<li><strong>Czy mo\u017cna go \u0142adowa\u0107?<\/strong><br \/>\nTak, ma mocny akumulator 1100 mAh z \u0142adowaniem typu C.<\/li>\n<li><strong>Co odr\u00f3\u017cnia go od innych wyrob\u00f3w jednorazowego u\u017cytku?<\/strong><br \/>\nCewka z potr\u00f3jn\u0105 siatk\u0105, kontrola przep\u0142ywu powietrza, ekran LED i ogromna liczba zaci\u0105gni\u0119\u0107 sprawiaj\u0105, \u017ce jest to opcja premium.<\/li>\n<li><strong>Czy to dobre dla sprzeda\u017cy hurtowej?<\/strong><br \/>\nAbsolutnie! Gotowa do sprzeda\u017cy hurtowej i popularna w\u015br\u00f3d mi\u0142o\u015bnik\u00f3w smaku sziszy, idealnie nadaje si\u0119 na p\u00f3\u0142ki detaliczne i dystrybutor\u00f3w.<\/li>\n<\/ul>\n","protected":false},"excerpt":{"rendered":"<p><strong>OKSO Shisha Hookah Mega 50000<\/strong> \ud83d\udca8 to pot\u0119\u017cny jednorazowy waporyzator z ogromn\u0105 liczb\u0105 zaci\u0105gni\u0119\u0107, wydajno\u015bci\u0105 potr\u00f3jnej cewki i najwy\u017cszej jako\u015bci aromatami inspirowanymi shish\u0105. Idealny dla ci\u0119\u017ckich waper\u00f3w, sklep\u00f3w z waporyzatorami i odbiorc\u00f3w hurtowych.<\/p>\n","protected":false},"featured_media":1612,"comment_status":"open","ping_status":"closed","template":"","meta":[],"product_brand":[],"product_cat":[630,1854],"product_tag":[],"class_list":{"0":"post-32443","1":"product","2":"type-product","3":"status-publish","4":"has-post-thumbnail","6":"product_cat-jednorazowy-waporyzator-o-pojemnosci-40000-zaciagniec","7":"product_cat-okso","9":"first","10":"instock","11":"shipping-taxable","12":"purchasable","13":"product-type-variable","14":"has-default-attributes"},"tiered_pricing_type":"fixed","tiered_pricing_fixed_rules":{"30":9.5,"50":8.9000000000000003552713678800500929355621337890625,"100":7.9000000000000003552713678800500929355621337890625,"200":7.20000000000000017763568394002504646778106689453125},"tiered_pricing_product_settings":{"layout":"default","base_unit_name":{"singular":null,"plural":null},"default_variation":null},"tiered_pricing_minimum_quantity":10,"tiered_pricing_roles_data":[],"tiered_pricing_percentage_rules":[],"tiered_pricing_maximum_quantity":null,"tiered_pricing_quantity_step":"10","_links":{"self":[{"href":"https:\/\/stage.jrfer.com\/pl\/wp-json\/wp\/v2\/product\/32443","targetHints":{"allow":["GET"]}}],"collection":[{"href":"https:\/\/stage.jrfer.com\/pl\/wp-json\/wp\/v2\/product"}],"about":[{"href":"https:\/\/stage.jrfer.com\/pl\/wp-json\/wp\/v2\/types\/product"}],"replies":[{"embeddable":true,"href":"https:\/\/stage.jrfer.com\/pl\/wp-json\/wp\/v2\/comments?post=32443"}],"wp:featuredmedia":[{"embeddable":true,"href":"https:\/\/stage.jrfer.com\/pl\/wp-json\/wp\/v2\/media\/1612"}],"wp:attachment":[{"href":"https:\/\/stage.jrfer.com\/pl\/wp-json\/wp\/v2\/media?parent=32443"}],"wp:term":[{"taxonomy":"product_brand","embeddable":true,"href":"https:\/\/stage.jrfer.com\/pl\/wp-json\/wp\/v2\/product_brand?post=32443"},{"taxonomy":"product_cat","embeddable":true,"href":"https:\/\/stage.jrfer.com\/pl\/wp-json\/wp\/v2\/product_cat?post=32443"},{"taxonomy":"product_tag","embeddable":true,"href":"https:\/\/stage.jrfer.com\/pl\/wp-json\/wp\/v2\/product_tag?post=32443"}],"curies":[{"name":"wp","href":"https:\/\/api.w.org\/{rel}","templated":true}]}}