{"id":34001,"date":"2025-09-11T12:58:16","date_gmt":"2025-09-11T12:58:16","guid":{"rendered":"https:\/\/stage.jrfer.com\/product\/bang-legend-120k-5-w-1-120-000-zaciagniec-jednorazowy-waporyzator-5-trybowy-do-sprzedazy-hurtowej\/"},"modified":"2026-04-07T12:01:56","modified_gmt":"2026-04-07T12:01:56","slug":"bang-legend-120k-5-in-1-120000-puffs-mega-disposable-vape-with-5-flavor-modes","status":"publish","type":"product","link":"https:\/\/stage.jrfer.com\/pl\/produkt\/bang-legend-120k-5-in-1-120000-puffs-mega-disposable-vape-with-5-flavor-modes\/","title":{"rendered":"Bang Legend 120K 5 w 1 120 000 zaci\u0105gni\u0119\u0107 | Jednorazowy waporyzator 5-trybowy do sprzeda\u017cy hurtowej"},"content":{"rendered":"<h2>Dlaczego warto wybra\u0107 Bang Legend 120K?<\/h2>\n<ul>\n<li>\ud83d\udca8 <strong>Ogromna pojemno\u015b\u0107 zaci\u0105gni\u0119cia<\/strong> \u2014 do 120 000 zaci\u0105gni\u0119\u0107 na tygodnie ci\u0105g\u0142ego wapowania.<\/li>\n<li>\ud83c\udfaf <strong>5 niezale\u017cnych smak\u00f3w<\/strong> \u2014 ka\u017cdy zbiornik ma w\u0142asn\u0105 w\u0119\u017cownic\u0119 siatkow\u0105 zapewniaj\u0105c\u0105 czysty, niezmieszany smak.<\/li>\n<li>\ud83d\udd04 <strong>\u0141atwa zmiana smaku<\/strong> \u2014 obr\u00f3\u0107 ustnik, aby natychmiast prze\u0142\u0105czy\u0107 si\u0119 na inny zbiornik smaku.<\/li>\n<li>\ud83d\udd0b <strong>Akumulator<\/strong> \u2014 akumulator 850 mAh z szybkim \u0142adowaniem typu C zapewniaj\u0105cym minimalne przestoje.<\/li>\n<li>\ud83d\udcdf <strong>Inteligentny ekran LED<\/strong> \u2014 wy\u015bwietla poziom na\u0142adowania baterii, liczb\u0119 zaci\u0105gni\u0119\u0107 i aktualnie wybrany smak.<\/li>\n<li>\u2699\ufe0f <strong>Projekt premium<\/strong> \u2014 pi\u0119\u0107 cewek z siateczk\u0105 zapewnia g\u0142adkie, aromatyczne chmury przy ka\u017cdym zaci\u0105gni\u0119ciu.<\/li>\n<li>\ud83d\udce6 <strong>Gotowy do sprzeda\u017cy hurtowej<\/strong> \u2014 pakowany po 10 sztuk w pude\u0142ku dla dystrybutor\u00f3w, sklep\u00f3w z waporyzatorami i odbiorc\u00f3w hurtowych.<\/li>\n<li>\u2705 <strong>Wiele opcji nikotynowych<\/strong> \u2014 dost\u0119pne w st\u0119\u017ceniach nikotyny 2%, 3% i 5%.<\/li>\n<\/ul>\n<h3>Specyfikacje<\/h3>\n<table border=\"1\" cellpadding=\"6\">\n<tr>\n<td><strong>Nazwa produktu<\/strong><\/td>\n<td>Bang Legend 120 tys.<\/td>\n<\/tr>\n<tr>\n<td><strong>Liczba zaci\u0105gni\u0119\u0107<\/strong><\/td>\n<td>Do 120 000<\/td>\n<\/tr>\n<tr>\n<td><strong>Si\u0142a nikotyny<\/strong><\/td>\n<td>2% \/ 3% \/ 5%<\/td>\n<\/tr>\n<tr>\n<td><strong>Tryby smakowe<\/strong><\/td>\n<td>5 niezale\u017cnych smak\u00f3w (prze\u0142\u0105czanie poprzez obrotowy ustnik)<\/td>\n<\/tr>\n<tr>\n<td><strong>Zbiornik oleju<\/strong><\/td>\n<td>5 oddzielnych zbiornik\u00f3w<\/td>\n<\/tr>\n<tr>\n<td><strong>Cewka<\/strong><\/td>\n<td>5 cewek siatkowych<\/td>\n<\/tr>\n<tr>\n<td><strong>Bateria<\/strong><\/td>\n<td>Akumulator 850 mAh<\/td>\n<\/tr>\n<tr>\n<td><strong>Ekran LED<\/strong><\/td>\n<td>Tak \u2014 bateria, liczba zaci\u0105gni\u0119\u0107, wska\u017anik aktywnego smaku<\/td>\n<\/tr>\n<tr>\n<td><strong>Port \u0142adowania<\/strong><\/td>\n<td>Szybkie \u0142adowanie typu C<\/td>\n<\/tr>\n<tr>\n<td><strong>Opakowanie<\/strong><\/td>\n<td>10 szt.\/opakowanie (gotowe do sprzeda\u017cy hurtowej)<\/td>\n<\/tr>\n<\/tbody>\n<h3>Dost\u0119pne smaki \ud83c\udf53\ud83c\udf49<\/h3>\n<p>Ka\u017cda pozycja na ustniku aktywuje pojedynczy, oddzielny zbiornik. Oto niekt\u00f3re dost\u0119pne kombinacje smak\u00f3w premium:<\/p>\n<ul>\n<li>Nap\u00f3j energetyczny \u2022 Wi\u015bnia jagodowa \u2022 Winogrono jab\u0142kowe \u2022 Arbuz Smoczy Owoc \u2022 Mamba<\/li>\n<li>Nap\u00f3j energetyczny \u2022 L\u00f3d brzoskwiniowy \u2022 L\u00f3d mango \u2022 Winogrona \u017curawinowe \u2022 Czarna porzeczka<\/li>\n<li>Malina jagodowa \u2022 Arbuz brzoskwiniowo-mango \u2022 Cola wi\u015bniowa \u2022 Lody winogronowe je\u017cynowe \u2022 Mango Brzoskwiniowo-morelowa<\/li>\n<li>Malina jagodowa \u2022 Lody czarnego smoka \u2022 T\u0119czowe cukierki \u2022 Lody Fuji \u2022 Arbuz Kwa\u015bna brzoskwinia<\/li>\n<li>L\u00f3d jagodowy \u2022 Kiwi Marakuja Gujawa \u2022 Potr\u00f3jny melon \u2022 Brzoskwiniowy ananas \u2022 Nami\u0119tny poca\u0142unek<\/li>\n<li>L\u00f3d jagodowy \u2022 Guma balonowa arbuzowa \u2022 Kwa\u015bne jab\u0142ko Malina \u2022 Owoc lotosu Mango Melon \u2022 Marakuja Kiwi Limonka<\/li>\n<li>L\u00f3d arbuzowy \u2022 Mieszane jagody \u2022 Jab\u0142ko Gruszka \u2022 Jagoda Mi\u0119ta \u2022 Czas letni<\/li>\n<li>L\u00f3d arbuzowy \u2022 Truskawkowe Mango \u2022 Wi\u015bnia kalifornijska \u2022 L\u00f3d jagodowo-brzoskwiniowy \u2022 Lody jagodowe<\/li>\n<li>Arbuz truskawkowy \u2022 L\u00f3d winogronowy \u2022 Czerwone Mojito \u2022 L\u00f3d bananowy \u2022 Cytryna i limonka<\/li>\n<li>Truskawkowy Arbuz \u2022 Jab\u0142ko Kantalupa \u2022 Lodowa Cola \u2022 Mango Brzoskwinia \u2022 Mi\u0142o\u015b\u0107 66<\/li>\n<li>Truskawka Kiwi \u2022 Truskawka Banan \u2022 L\u00f3d liczi \u2022 Jagoda arbuza \u2022 Marakuja Mango<\/li>\n<li>Truskawkowe Kiwi \u2022 Jagodowy Arbuz \u2022 Kr\u00f3wka Nied\u017awiedzia \u2022 Jagodowa Guma Balonowa \u2022 Kwa\u015bny Ananas Mango<\/li>\n<\/ul>\n<h3>Jak to dzia\u0142a<\/h3>\n<ul>\n<li>\ud83d\udd04 <strong>Prze\u0142\u0105cz smak:<\/strong> Obr\u00f3\u0107 g\u00f3rny ustnik, a\u017c zatrza\u015bnie si\u0119 na swoim miejscu, aby aktywowa\u0107 nowy zbiornik.<\/li>\n<li>\ud83d\udee2\ufe0f <strong>Separacja smak\u00f3w:<\/strong> Ka\u017cdy z 5 zbiornik\u00f3w jest w pe\u0142ni niezale\u017cny i ma w\u0142asn\u0105 w\u0119\u017cownic\u0119, co zapewnia brak mieszania smak\u00f3w.<\/li>\n<li>\ud83d\udcdf <strong>Monitoruj sw\u00f3j Vape:<\/strong> Ekran LED pokazuje poziom na\u0142adowania baterii, liczb\u0119 zaci\u0105gni\u0119\u0107 i kt\u00f3ry zbiornik jest aktywny.<\/li>\n<li>\ud83d\udd0c <strong>\u0141atwo \u0142aduj:<\/strong> u\u017cyj portu Type-C, aby szybko na\u0142adowa\u0107 i kontynuowa\u0107 wapowanie.<\/li>\n<\/ul>\n<h3>Idealny dla<\/h3>\n<p>Bang Legend 120K to najlepszy wyb\u00f3r dla <strong>intensywnych u\u017cytkownik\u00f3w<\/strong>, kt\u00f3rzy oczekuj\u0105 d\u0142ugotrwa\u0142ej wydajno\u015bci, <strong>poszukiwaczy smak\u00f3w<\/strong>, kt\u00f3rzy kochaj\u0105 r\u00f3\u017cnorodno\u015b\u0107, oraz <strong>sklep\u00f3w lub hurtowni vape<\/strong>, kt\u00f3rzy potrzebuj\u0105 niezawodnych produkt\u00f3w o wysokiej mar\u017cy na stanie. \ud83c\udfea\ud83d\udce6<\/p>\n<h3>Cz\u0119sto zadawane pytania \ud83e\udd14<\/h3>\n<p><strong>P: Czy mog\u0119 miesza\u0107 smaki?<\/strong><br \/>\nOdp.: Nie. Bang Legend 120K ma 5 oddzielnych zbiornik\u00f3w \u2013 smaki pozostaj\u0105 niezale\u017cne. Zmieniasz smaki, obracaj\u0105c ustnik.<\/p>\n<p><strong>P: Jak prze\u0142\u0105cza\u0107 si\u0119 mi\u0119dzy smakami?<\/strong><br \/>\nOdp.: Obr\u00f3\u0107 g\u00f3rny ustnik, a\u017c zatrza\u015bnie si\u0119 w odpowiedniej pozycji \u2014 ekran LED poka\u017ce, kt\u00f3ry zbiornik na smak jest aktywny.<\/p>\n<p><strong>P: Czy mo\u017cna go \u0142adowa\u0107?<\/strong><br \/>\nOdp.: tak, ma akumulator 850 mAh z szybkim \u0142adowaniem typu C.<\/p>\n<p><strong>P: Jak d\u0142ugo wystarczy 120 000 zaci\u0105gni\u0119\u0107?<\/strong><br \/>\nOdp.: to zale\u017cy od sposobu u\u017cytkowania. Umiarkowani u\u017cytkownicy mog\u0105 cieszy\u0107 si\u0119 nim przez tygodnie lub miesi\u0105ce. Licznik zaci\u0105gni\u0119\u0107 pomaga \u015bledzi\u0107.<\/p>\n<p><strong>P: Jakie moce nikotyny s\u0105 dost\u0119pne?<\/strong><br \/>\nOdp.: Wybierz 2%, 3% lub 5% w zale\u017cno\u015bci od rynku lub osobistych preferencji.<\/p>\n<p><strong>P: Jakie jest opakowanie w przypadku sprzeda\u017cy hurtowej?<\/strong><br \/>\nOdp.: Ka\u017cde pude\u0142ko zawiera 10 sztuk, idealne do ekspozycji detalicznych i zam\u00f3wie\u0144 hurtowych.<\/p>\n<p><strong>P: Jak mam to przechowywa\u0107?<\/strong><br \/>\nOdp.: Przechowuj w ch\u0142odnym, suchym miejscu z dala od bezpo\u015bredniego \u015bwiat\u0142a s\u0142onecznego, aby uzyska\u0107 najlepsz\u0105 jako\u015b\u0107 smaku.<\/p>\n<h3>Gotowe do przechowywania<\/h3>\n<p>Przynie\u015b do swojego sklepu <strong>Bang Legend 120K<\/strong> \u2014 trwa\u0142y, \u0142adowalny, wielozadaniowy produkt jednorazowy, kt\u00f3ry mo\u017cna obraca\u0107 i prze\u0142\u0105cza\u0107, kt\u00f3ry zadowoli zar\u00f3wno zwyk\u0142ych, jak i intensywnych u\u017cytkownik\u00f3w. Zam\u00f3w hurtowo ju\u017c dzi\u015b i spraw, aby Twoi klienci wracali! \ud83d\ude9a\ud83d\udcbc<\/p>\n","protected":false},"excerpt":{"rendered":"<p>\ud83d\udd25 <strong>Do 120 000 zaci\u0105gni\u0119\u0107<\/strong> z 5 niezale\u017cnymi zbiornikami na smak \u2014 wystarczy obr\u00f3ci\u0107 g\u00f3rny ustnik, aby zmieni\u0107 smak. Mo\u017cliwo\u015b\u0107 \u0142adowania, ekran LED i opakowanie gotowe do sprzeda\u017cy hurtowej sprawiaj\u0105, \u017ce jest to idealne rozwi\u0105zanie dla sklep\u00f3w z waporyzatorami i intensywnych u\u017cytkownik\u00f3w. \ud83d\ude80<\/p>\n","protected":false},"featured_media":5856,"comment_status":"open","ping_status":"closed","template":"","meta":[],"product_brand":[],"product_cat":[348,1927],"product_tag":[],"class_list":{"0":"post-34001","1":"product","2":"type-product","3":"status-publish","4":"has-post-thumbnail","6":"product_cat-bang","7":"product_cat-nowy","9":"first","10":"instock","11":"shipping-taxable","12":"purchasable","13":"product-type-variable","14":"has-default-attributes"},"tiered_pricing_type":"fixed","tiered_pricing_fixed_rules":{"30":11.300000000000000710542735760100185871124267578125,"50":8.269999999999999573674358543939888477325439453125,"100":8.019999999999999573674358543939888477325439453125,"200":7.410000000000000142108547152020037174224853515625,"400":7.04000000000000003552713678800500929355621337890625},"tiered_pricing_product_settings":{"layout":"default","base_unit_name":{"singular":null,"plural":null},"default_variation":null},"tiered_pricing_minimum_quantity":10,"tiered_pricing_roles_data":[],"tiered_pricing_percentage_rules":[],"tiered_pricing_maximum_quantity":null,"tiered_pricing_quantity_step":"10","_links":{"self":[{"href":"https:\/\/stage.jrfer.com\/pl\/wp-json\/wp\/v2\/product\/34001","targetHints":{"allow":["GET"]}}],"collection":[{"href":"https:\/\/stage.jrfer.com\/pl\/wp-json\/wp\/v2\/product"}],"about":[{"href":"https:\/\/stage.jrfer.com\/pl\/wp-json\/wp\/v2\/types\/product"}],"replies":[{"embeddable":true,"href":"https:\/\/stage.jrfer.com\/pl\/wp-json\/wp\/v2\/comments?post=34001"}],"wp:featuredmedia":[{"embeddable":true,"href":"https:\/\/stage.jrfer.com\/pl\/wp-json\/wp\/v2\/media\/5856"}],"wp:attachment":[{"href":"https:\/\/stage.jrfer.com\/pl\/wp-json\/wp\/v2\/media?parent=34001"}],"wp:term":[{"taxonomy":"product_brand","embeddable":true,"href":"https:\/\/stage.jrfer.com\/pl\/wp-json\/wp\/v2\/product_brand?post=34001"},{"taxonomy":"product_cat","embeddable":true,"href":"https:\/\/stage.jrfer.com\/pl\/wp-json\/wp\/v2\/product_cat?post=34001"},{"taxonomy":"product_tag","embeddable":true,"href":"https:\/\/stage.jrfer.com\/pl\/wp-json\/wp\/v2\/product_tag?post=34001"}],"curies":[{"name":"wp","href":"https:\/\/api.w.org\/{rel}","templated":true}]}}