{"id":34593,"date":"2025-07-07T09:21:14","date_gmt":"2025-07-07T09:21:14","guid":{"rendered":"https:\/\/stage.jrfer.com\/product\/bang-blaze-4-w-1-60000-pufow-jednorazowy-waporyzator-o-wielu-smakach-dostepny-w-sprzedazy-hurtowej\/"},"modified":"2026-04-07T13:07:05","modified_gmt":"2026-04-07T13:07:05","slug":"bang-blaze-4-in-1-60000","status":"publish","type":"product","link":"https:\/\/stage.jrfer.com\/pl\/produkt\/bang-blaze-4-in-1-60000\/","title":{"rendered":"Bang Blaze 4 w 1 60000 puf\u00f3w | Jednorazowy waporyzator o wielu smakach, dost\u0119pny w sprzeda\u017cy hurtowej"},"content":{"rendered":"<h2>Dlaczego warto wybra\u0107 Bang Blaze 4 w 1 60 000 zaci\u0105gni\u0119\u0107?<\/h2>\n<ul>\n<li><strong>60 000 zaci\u0105gni\u0119\u0107:<\/strong> wyj\u0105tkowo d\u0142uga \u017cywotno\u015b\u0107 oznacza mniej wymian i lepsz\u0105 warto\u015b\u0107 \ud83d\udd25<\/li>\n<li><strong>Prze\u0142\u0105cznik smak\u00f3w 4 w 1:<\/strong> natychmiast prze\u0142\u0105czaj si\u0119 mi\u0119dzy czterema unikalnymi smakami w jednym urz\u0105dzeniu \ud83c\udf49\ud83c\udf52\ud83c\udf4a<\/li>\n<li><strong>60 ml wst\u0119pnie nape\u0142nionego e-liquidu:<\/strong> Ogromny zbiornik na d\u0142u\u017csze sesje bez konieczno\u015bci uzupe\u0142niania \ud83e\udd64<\/li>\n<li><strong>Inteligentny wy\u015bwietlacz cyfrowy:<\/strong> \u015bledzenie baterii i e-p\u0142yn\u00f3w w czasie rzeczywistym \ud83d\udcca<\/li>\n<li><strong>Akumulator:<\/strong> szybkie \u0142adowanie typu C 650 mAh zapewnia zasilanie, gdziekolwiek jeste\u015b \u26a1<\/li>\n<li><strong>Cewka siatkowa 1,0 \u03a9:<\/strong> G\u0142adka para, odwa\u017cny smak i sp\u00f3jne chmury \ud83c\udf2c\ufe0f<\/li>\n<li><strong>Opcje nikotyny:<\/strong> Dost\u0119pne w st\u0119\u017ceniu 0%, 2%, 3% lub 5%, aby zaspokoi\u0107 wszystkie potrzeby \ud83d\udcaf<\/li>\n<li><strong>Przyjazny dla sprzeda\u017cy hurtowej:<\/strong> Zaprojektowany dla sklep\u00f3w, dystrybutor\u00f3w i odbiorc\u00f3w hurtowych \ud83d\udce6<\/li>\n<\/ul>\n<h3>Specyfikacje<\/h3>\n<tr>\n<td><strong>Wydajno\u015b\u0107 zaci\u0105gni\u0119cia:<\/strong><\/td>\n<td>Do 60 000 zaci\u0105gni\u0119\u0107<\/td>\n<\/tr>\n<tr>\n<td><strong>Pojemno\u015b\u0107 e-p\u0142ynu:<\/strong><\/td>\n<td>60 ml wst\u0119pnie nape\u0142nione<\/td>\n<\/tr>\n<tr>\n<td><strong>Bateria:<\/strong><\/td>\n<td>Akumulator 650 mAh (szybkie \u0142adowanie typu C)<\/td>\n<\/tr>\n<tr>\n<td><strong>Cewka:<\/strong><\/td>\n<td>Cewka siatkowa 1,0 \u03a9<\/td>\n<\/tr>\n<tr>\n<td><strong>Mocne strony nikotyny:<\/strong><\/td>\n<td>0%, 2%, 3%, 5%<\/td>\n<\/tr>\n<tr>\n<td><strong>Wy\u015bwietlacz:<\/strong><\/td>\n<td>Inteligentny ekran cyfrowy (poziom oleju i akumulatora)<\/td>\n<\/tr>\n<tr>\n<td><strong>Smaki na urz\u0105dzenie:<\/strong><\/td>\n<td>4 fabrycznie za\u0142adowane smaki (prze\u0142\u0105czanie w dowolnym momencie)<\/td>\n<\/tr>\n<\/tbody>\n<h3>Opcje smakowe<\/h3>\n<p>Ka\u017cde urz\u0105dzenie <strong>Bang Blaze 4 w 1<\/strong> jest dost\u0119pne w <strong>czterech r\u00f3\u017cnych wersjach<\/strong>, wi\u0119c nigdy si\u0119 nie znudzisz \ud83c\udf89. Oto smaczne kombinacje:<\/p>\n<ul>\n<li><strong>Arbuzowy l\u00f3d \/ Jagoda Mi\u0119ta \/ Lody Fud\u017ci \/ Limonkowy romans:<\/strong> Ch\u0142odny, owocowy i orze\u017awiaj\u0105cy \ud83c\udf49\ud83e\uded0\ud83c\udf4b<\/li>\n<li><strong>Arbuzowy l\u00f3d \/ Jagoda Wi\u015bnia \/ Czas letni \/ Kwa\u015bny Ananas Mango:<\/strong> Tropikalna s\u0142odycz z kwa\u015bn\u0105 nut\u0105 \ud83c\udfdd\ufe0f<\/li>\n<li><strong>Lody jagodowe \/ Brzoskwiniowy l\u00f3d \/ T\u0119czowy Cukierek \/ Cytryna Kwa\u015bna Pomara\u0144cza:<\/strong> Owocowe, s\u0142odkie i pikantne wszystko w jednym \ud83c\udf6c\ud83c\udf51\ud83c\udf4b<\/li>\n<li><strong>L\u00f3d jagodowy \/ Arbuz brzoskwiniowo-mango \/ Poca\u0142unek nami\u0119tno\u015bci \/ Jab\u0142ko melonowe:<\/strong> Soczyste egzotyczne mieszanki \ud83c\udf4e\ud83e\udd6d\ud83c\udf49<\/li>\n<li><strong>Jagoda Malina \/ Mieszana jagoda \/ Wi\u015bnia Kalifornijska \/ Mango z marakuji:<\/strong> Jagodowy podmuch z tropikalnymi akcentami \ud83e\uded0\ud83c\udf52\ud83e\udd6d<\/li>\n<li><strong>Jagoda Malina \/ Lody winogronowe \/ Jagodowy l\u00f3d \/ Aloes Mango Melon:<\/strong> \u015awie\u017ce owoce o lodowatej g\u0142adko\u015bci \u2744\ufe0f\ud83c\udf47<\/li>\n<li><strong>Nap\u00f3j energetyczny \/ Truskawkowy Banan \/ Mango Brzoskwinia Morela \/ Marakuja Kiwi Limonka:<\/strong> Energetyzuj\u0105cy i owocowy \u26a1\ud83c\udf4c\ud83e\udd5d<\/li>\n<li><strong>Nap\u00f3j energetyczny \/ Arbuz jagodowy \/ Malina z kwa\u015bnego jab\u0142ka \/ Gumowaty mi\u015b:<\/strong> Zabawny, gazowany i przypominaj\u0105cy cukierek \ud83c\udf6c\ud83c\udf4f<\/li>\n<li><strong>Truskawkowe Mango \/ Arbuzowa Guma Balonowa \/ Czerwone Mojito \/ Mi\u0142o\u015b\u010766:<\/strong> Odwa\u017cne owocowe mieszanki z mi\u0119tow\u0105 nut\u0105 \ud83c\udf53\ud83c\udf49<\/li>\n<li><strong>Truskawkowe Mango \/ Truskawkowe Kiwi \/ Jab\u0142ko Winogrono \/ Arbuzowy Smoczy Owoc:<\/strong> Egzotyczna s\u0142odycz z orze\u017awiaj\u0105c\u0105 atmosfer\u0105 \ud83d\udc09\ud83c\udf47<\/li>\n<li><strong>Truskawkowy arbuz \/ Czarny l\u00f3d \/ Trzyna\u015bcie melon\u00f3w \/ Winogrona \u017curawinowe:<\/strong> Bogate mieszanki owoc\u00f3w i lodowatego ch\u0142odu \u2744\ufe0f\ud83c\udf47<\/li>\n<li><strong>Truskawkowy arbuz \/ Kiwi Marakuja Gujawa \/ L\u00f3d z mango \/ Arbuz Kwa\u015bna brzoskwinia:<\/strong> S\u0142odki, pikantny i tropikalny \ud83c\udf51\ud83e\udd6d\ud83e\udd5d<\/li>\n<\/ul>\n<h3>Idealny dla intensywnych u\u017cytkownik\u00f3w i odbiorc\u00f3w hurtowych<\/h3>\n<p> <strong>Bang Blaze 4 w 1 60000 puff\u00f3w<\/strong> jest idealny dla <strong>poszukiwaczy smak\u00f3w, ci\u0119\u017ckich waper\u00f3w, sklep\u00f3w z waporyzacj\u0105 i dystrybutor\u00f3w hurtowych<\/strong>. Dzi\u0119ki <strong>ogromnej pojemno\u015bci zaci\u0105gni\u0119cia, wygodzie w zakresie wielu smak\u00f3w i inteligentnym funkcjom<\/strong>, to urz\u0105dzenie zapewnia niezr\u00f3wnan\u0105 warto\u015b\u0107 i atrakcyjno\u015b\u0107 dla klient\u00f3w. \ud83d\udce6\ud83d\udd25<\/p>\n<h3>Cz\u0119sto zadawane pytania<\/h3>\n<ul>\n<li><strong>Ile smak\u00f3w mie\u015bci si\u0119 w jednym urz\u0105dzeniu?<\/strong><br \/>\nKa\u017cde urz\u0105dzenie zawiera 4 fabrycznie za\u0142adowane smaki, kt\u00f3re mo\u017cesz prze\u0142\u0105cza\u0107 w dowolnym momencie.<\/li>\n<li><strong>Czy mo\u017cna go \u0142adowa\u0107?<\/strong><br \/>\nTak, z bateri\u0105 650 mAh i szybkim \u0142adowaniem typu C.<\/li>\n<li><strong>Jak d\u0142ugo to trwa?<\/strong><br \/>\nDo 60 000 zaci\u0105gni\u0119\u0107, w zale\u017cno\u015bci od stylu wapowania.<\/li>\n<li><strong>Jakie moce nikotyny s\u0105 dost\u0119pne?<\/strong><br \/>\nWybierz warto\u015b\u0107 0%, 2%, 3% lub 5%, aby dopasowa\u0107 j\u0105 do swoich preferencji.<\/li>\n<li><strong>Czy to dobre dla sprzeda\u017cy hurtowej?<\/strong><br \/>\nTak! Zaprojektowane z my\u015bl\u0105 o opakowaniach zbiorczych i du\u017cym popycie \u2014 idealne dla sprzedawc\u00f3w detalicznych i dystrybutor\u00f3w.<\/li>\n<\/ul>\n","protected":false},"excerpt":{"rendered":"<p> <strong>Bang Blaze 4 w 1 60 000 zaci\u0105gni\u0119\u0107<\/strong> \ud83d\udca8 oferuje <strong>ogromn\u0105 pojemno\u015b\u0107 zaci\u0105gni\u0119cia, prze\u0142\u0105czanie smak\u00f3w 4 w 1 i inteligentny wy\u015bwietlacz<\/strong> \u2014 idealny dla sklep\u00f3w z waporyzatorami, dystrybutor\u00f3w i intensywnych u\u017cytkownik\u00f3w poszukuj\u0105cych du\u017cej wydajno\u015bci.<\/p>\n","protected":false},"featured_media":1582,"comment_status":"open","ping_status":"closed","template":"","meta":[],"product_brand":[],"product_cat":[348,701],"product_tag":[],"class_list":{"0":"post-34593","1":"product","2":"type-product","3":"status-publish","4":"has-post-thumbnail","6":"product_cat-bang","7":"product_cat-jednorazowy-waporyzator-o-pojemnosci-60000-zaciagniec","9":"first","10":"instock","11":"shipping-taxable","12":"purchasable","13":"product-type-variable","14":"has-default-attributes"},"tiered_pricing_type":"fixed","tiered_pricing_fixed_rules":{"30":8.7599999999999997868371792719699442386627197265625,"50":7.53000000000000024868995751603506505489349365234375,"100":6.79000000000000003552713678800500929355621337890625,"200":6.4199999999999999289457264239899814128875732421875,"400":5.86000000000000031974423109204508364200592041015625},"tiered_pricing_product_settings":{"layout":"default","base_unit_name":{"singular":null,"plural":null},"default_variation":null},"tiered_pricing_minimum_quantity":10,"tiered_pricing_roles_data":[],"tiered_pricing_percentage_rules":[],"tiered_pricing_maximum_quantity":null,"tiered_pricing_quantity_step":"10","_links":{"self":[{"href":"https:\/\/stage.jrfer.com\/pl\/wp-json\/wp\/v2\/product\/34593","targetHints":{"allow":["GET"]}}],"collection":[{"href":"https:\/\/stage.jrfer.com\/pl\/wp-json\/wp\/v2\/product"}],"about":[{"href":"https:\/\/stage.jrfer.com\/pl\/wp-json\/wp\/v2\/types\/product"}],"replies":[{"embeddable":true,"href":"https:\/\/stage.jrfer.com\/pl\/wp-json\/wp\/v2\/comments?post=34593"}],"wp:featuredmedia":[{"embeddable":true,"href":"https:\/\/stage.jrfer.com\/pl\/wp-json\/wp\/v2\/media\/1582"}],"wp:attachment":[{"href":"https:\/\/stage.jrfer.com\/pl\/wp-json\/wp\/v2\/media?parent=34593"}],"wp:term":[{"taxonomy":"product_brand","embeddable":true,"href":"https:\/\/stage.jrfer.com\/pl\/wp-json\/wp\/v2\/product_brand?post=34593"},{"taxonomy":"product_cat","embeddable":true,"href":"https:\/\/stage.jrfer.com\/pl\/wp-json\/wp\/v2\/product_cat?post=34593"},{"taxonomy":"product_tag","embeddable":true,"href":"https:\/\/stage.jrfer.com\/pl\/wp-json\/wp\/v2\/product_tag?post=34593"}],"curies":[{"name":"wp","href":"https:\/\/api.w.org\/{rel}","templated":true}]}}